{"id":8724,"date":"2025-10-01T11:15:25","date_gmt":"2025-10-01T09:15:25","guid":{"rendered":"https:\/\/ubucha.pl\/palacio-zel-do-masazu-z-jadem-pszczelim-w-tubie-200ml\/"},"modified":"2026-04-29T22:54:44","modified_gmt":"2026-04-29T20:54:44","slug":"palacio-massage-gel-with-bee-venom-in-a-200ml-tube","status":"publish","type":"product","link":"https:\/\/ubucha.pl\/en\/palacio-zel-do-masazu-z-jadem-pszczelim-w-tubie-200ml\/","title":{"rendered":"PALACIO Massage gel with bee venom in a 200ml tube"},"content":{"rendered":"","protected":false},"excerpt":{"rendered":"<ul>\n<li>Massage gel with bee venom, PALACIO brand<\/li>\n<li>200 ml tube \u2013 enough capacity for regular massages<\/li>\n<li>Supports regeneration and relieves muscle tension<\/li>\n<li>Free shipping from 49 PLN<\/li>\n<\/ul>","protected":false},"featured_media":9625,"comment_status":"open","ping_status":"open","template":"","meta":{"_acf_changed":false,"_gspb_post_css":"","rank_math_title":"PALACIO \u017cel do masa\u017cu z jadem pszczelim 200 ml | u Bucha","rank_math_description":"PALACIO \u017cel do masa\u017cu z jadem pszczelim w tubie 200 ml. \u0141agodzi napi\u0119cie i wspiera regeneracj\u0119 mi\u0119\u015bni po wysi\u0142ku, codzienna piel\u0119gnacja po treningu.","rank_math_focus_keyword":"\u017cel do masa\u017cu z jadem pszczelim","rank_math_facebook_title":"PALACIO \u017cel z jadem pszczelim \u2013 200 ml","rank_math_facebook_description":"\u017bel do masa\u017cu z jadem pszczelim w tubie 200 ml. Wsparcie regeneracji i \u0142agodzenie napi\u0119cia po wysi\u0142ku.","rank_math_twitter_title":"PALACIO \u017cel z jadem pszczelim 200 ml","rank_math_twitter_description":"\u017bel do masa\u017cu z jadem pszczelim, tuba 200 ml. PALACIO."},"product_brand":[148],"product_cat":[334],"product_tag":[],"woo-feed-brand":[],"class_list":{"0":"post-8724","1":"product","2":"type-product","3":"status-publish","4":"has-post-thumbnail","6":"product_brand-palacio","7":"product_cat-zele","9":"first","10":"instock","11":"purchasable","12":"product-type-simple"},"ct_brands":[{"id":148,"name":"Palacio","slug":"palace"}],"acf":[],"_links":{"self":[{"href":"https:\/\/ubucha.pl\/en\/wp-json\/wp\/v2\/product\/8724","targetHints":{"allow":["GET"]}}],"collection":[{"href":"https:\/\/ubucha.pl\/en\/wp-json\/wp\/v2\/product"}],"about":[{"href":"https:\/\/ubucha.pl\/en\/wp-json\/wp\/v2\/types\/product"}],"replies":[{"embeddable":true,"href":"https:\/\/ubucha.pl\/en\/wp-json\/wp\/v2\/comments?post=8724"}],"wp:featuredmedia":[{"embeddable":true,"href":"https:\/\/ubucha.pl\/en\/wp-json\/wp\/v2\/media\/9625"}],"wp:attachment":[{"href":"https:\/\/ubucha.pl\/en\/wp-json\/wp\/v2\/media?parent=8724"}],"wp:term":[{"taxonomy":"product_brand","embeddable":true,"href":"https:\/\/ubucha.pl\/en\/wp-json\/wp\/v2\/product_brand?post=8724"},{"taxonomy":"product_cat","embeddable":true,"href":"https:\/\/ubucha.pl\/en\/wp-json\/wp\/v2\/product_cat?post=8724"},{"taxonomy":"product_tag","embeddable":true,"href":"https:\/\/ubucha.pl\/en\/wp-json\/wp\/v2\/product_tag?post=8724"},{"taxonomy":"woo-feed-brand","embeddable":true,"href":"https:\/\/ubucha.pl\/en\/wp-json\/wp\/v2\/woo-feed-brand?post=8724"}],"curies":[{"name":"wp","href":"https:\/\/api.w.org\/{rel}","templated":true}]}}