{"id":8710,"date":"2025-10-01T11:15:14","date_gmt":"2025-10-01T09:15:14","guid":{"rendered":"https:\/\/ubucha.pl\/palacio-reishi-cebede-krem-do-rak-100ml\/"},"modified":"2026-04-29T22:54:25","modified_gmt":"2026-04-29T20:54:25","slug":"palacio-reishi-cebede-hand-cream-100ml","status":"publish","type":"product","link":"https:\/\/ubucha.pl\/en\/palacio-reishi-cebede-krem-do-rak-100ml\/","title":{"rendered":"PALACIO Reishi C\u00e9B\u00e9D\u00e9 Hand cream 100ml"},"content":{"rendered":"","protected":false},"excerpt":{"rendered":"<ul>\n<li>Hand cream with CBD and reishi extract, brand PALACIO<\/li>\n<li>Capacity 100 ml - daily hand care<\/li>\n<li>Moisturizing and regenerating the skin of your hands<\/li>\n<li>Free shipping from 49 PLN<\/li>\n<\/ul>","protected":false},"featured_media":9621,"comment_status":"open","ping_status":"open","template":"","meta":{"_acf_changed":false,"_gspb_post_css":"","rank_math_title":"PALACIO krem do r\u0105k CBD i reishi \u2013 100 ml | u Bucha","rank_math_description":"Krem do r\u0105k CBD i reishi PALACIO \u2013 100 ml. Nawil\u017ca i regeneruje sk\u00f3r\u0119 d\u0142oni dzi\u0119ki po\u0142\u0105czeniu CBD z ekstraktem z reishi, codzienna piel\u0119gnacja.","rank_math_focus_keyword":"krem do r\u0105k CBD","rank_math_facebook_title":"PALACIO krem do r\u0105k z CBD i reishi","rank_math_facebook_description":"Nawil\u017caj\u0105cy krem do r\u0105k \u0142\u0105cz\u0105cy CBD i ekstrakt z reishi. 100 ml, codzienna piel\u0119gnacja sk\u00f3ry d\u0142oni.","rank_math_twitter_title":"Krem do r\u0105k CBD + reishi 100 ml","rank_math_twitter_description":"PALACIO \u2013 krem do r\u0105k z CBD i reishi, 100 ml."},"product_brand":[148],"product_cat":[314],"product_tag":[],"woo-feed-brand":[],"class_list":{"0":"post-8710","1":"product","2":"type-product","3":"status-publish","4":"has-post-thumbnail","6":"product_brand-palacio","7":"product_cat-kremy","9":"first","10":"instock","11":"purchasable","12":"product-type-simple"},"ct_brands":[{"id":148,"name":"Palacio","slug":"palace"}],"acf":[],"_links":{"self":[{"href":"https:\/\/ubucha.pl\/en\/wp-json\/wp\/v2\/product\/8710","targetHints":{"allow":["GET"]}}],"collection":[{"href":"https:\/\/ubucha.pl\/en\/wp-json\/wp\/v2\/product"}],"about":[{"href":"https:\/\/ubucha.pl\/en\/wp-json\/wp\/v2\/types\/product"}],"replies":[{"embeddable":true,"href":"https:\/\/ubucha.pl\/en\/wp-json\/wp\/v2\/comments?post=8710"}],"wp:featuredmedia":[{"embeddable":true,"href":"https:\/\/ubucha.pl\/en\/wp-json\/wp\/v2\/media\/9621"}],"wp:attachment":[{"href":"https:\/\/ubucha.pl\/en\/wp-json\/wp\/v2\/media?parent=8710"}],"wp:term":[{"taxonomy":"product_brand","embeddable":true,"href":"https:\/\/ubucha.pl\/en\/wp-json\/wp\/v2\/product_brand?post=8710"},{"taxonomy":"product_cat","embeddable":true,"href":"https:\/\/ubucha.pl\/en\/wp-json\/wp\/v2\/product_cat?post=8710"},{"taxonomy":"product_tag","embeddable":true,"href":"https:\/\/ubucha.pl\/en\/wp-json\/wp\/v2\/product_tag?post=8710"},{"taxonomy":"woo-feed-brand","embeddable":true,"href":"https:\/\/ubucha.pl\/en\/wp-json\/wp\/v2\/woo-feed-brand?post=8710"}],"curies":[{"name":"wp","href":"https:\/\/api.w.org\/{rel}","templated":true}]}}