{"id":8668,"date":"2025-10-01T11:15:03","date_gmt":"2025-10-01T09:15:03","guid":{"rendered":"https:\/\/ubucha.pl\/palacio-cbd-calidum-zel-do-masazu-rozgrzewajacy-200ml\/"},"modified":"2026-04-29T22:53:45","modified_gmt":"2026-04-29T20:53:45","slug":"palacio-cbd-calidum-warming-massage-gel-200ml","status":"publish","type":"product","link":"https:\/\/ubucha.pl\/en\/palacio-cbd-calidum-zel-do-masazu-rozgrzewajacy-200ml\/","title":{"rendered":"PALACIO CBD Calidum Warming Massage Gel 200ml"},"content":{"rendered":"","protected":false},"excerpt":{"rendered":"<ul>\n<li>Warming massage gel with CBD, PALACIO Calidum line<\/li>\n<li>200 ml tube \u2013 convenient, everyday use<\/li>\n<li>Relieves muscle tension after exercise or on cold days<\/li>\n<li>Free shipping from 49 PLN<\/li>\n<\/ul>","protected":false},"featured_media":9490,"comment_status":"open","ping_status":"open","template":"","meta":{"_acf_changed":false,"_gspb_post_css":"","rank_math_title":"PALACIO Calidum \u2013 rozgrzewaj\u0105cy \u017cel z CBD 200 ml | u Bucha","rank_math_description":"Rozgrzewaj\u0105cy \u017cel z CBD Calidum PALACIO \u2013 200 ml. \u0141agodzi napi\u0119cie mi\u0119\u015bniowe, wygodna tuba na codzienne stosowanie w ch\u0142odne dni i wieczory.","rank_math_focus_keyword":"rozgrzewaj\u0105cy \u017cel z CBD","rank_math_facebook_title":"PALACIO CBD Calidum \u2013 rozgrzewaj\u0105cy \u017cel 200 ml","rank_math_facebook_description":"Rozgrzewaj\u0105cy \u017cel do masa\u017cu z CBD. 200 ml \u2013 \u0142agodzi napi\u0119cie mi\u0119\u015bniowe i wspiera regeneracj\u0119.","rank_math_twitter_title":"PALACIO CBD Calidum 200 ml","rank_math_twitter_description":"Rozgrzewaj\u0105cy \u017cel do masa\u017cu z CBD, tuba 200 ml."},"product_brand":[148],"product_cat":[334],"product_tag":[],"woo-feed-brand":[],"class_list":{"0":"post-8668","1":"product","2":"type-product","3":"status-publish","4":"has-post-thumbnail","6":"product_brand-palacio","7":"product_cat-zele","9":"first","10":"instock","11":"purchasable","12":"product-type-simple"},"ct_brands":[{"id":148,"name":"Palacio","slug":"palace"}],"acf":[],"_links":{"self":[{"href":"https:\/\/ubucha.pl\/en\/wp-json\/wp\/v2\/product\/8668","targetHints":{"allow":["GET"]}}],"collection":[{"href":"https:\/\/ubucha.pl\/en\/wp-json\/wp\/v2\/product"}],"about":[{"href":"https:\/\/ubucha.pl\/en\/wp-json\/wp\/v2\/types\/product"}],"replies":[{"embeddable":true,"href":"https:\/\/ubucha.pl\/en\/wp-json\/wp\/v2\/comments?post=8668"}],"wp:featuredmedia":[{"embeddable":true,"href":"https:\/\/ubucha.pl\/en\/wp-json\/wp\/v2\/media\/9490"}],"wp:attachment":[{"href":"https:\/\/ubucha.pl\/en\/wp-json\/wp\/v2\/media?parent=8668"}],"wp:term":[{"taxonomy":"product_brand","embeddable":true,"href":"https:\/\/ubucha.pl\/en\/wp-json\/wp\/v2\/product_brand?post=8668"},{"taxonomy":"product_cat","embeddable":true,"href":"https:\/\/ubucha.pl\/en\/wp-json\/wp\/v2\/product_cat?post=8668"},{"taxonomy":"product_tag","embeddable":true,"href":"https:\/\/ubucha.pl\/en\/wp-json\/wp\/v2\/product_tag?post=8668"},{"taxonomy":"woo-feed-brand","embeddable":true,"href":"https:\/\/ubucha.pl\/en\/wp-json\/wp\/v2\/woo-feed-brand?post=8668"}],"curies":[{"name":"wp","href":"https:\/\/api.w.org\/{rel}","templated":true}]}}