{"id":8360,"date":"2025-09-29T11:06:52","date_gmt":"2025-09-29T09:06:52","guid":{"rendered":"https:\/\/ubucha.pl\/bialko-konopne-bio-200-g\/"},"modified":"2025-10-20T14:01:23","modified_gmt":"2025-10-20T12:01:23","slug":"organic-hemp-protein-200-g","status":"publish","type":"product","link":"https:\/\/ubucha.pl\/en\/bialko-konopne-bio-200-g\/","title":{"rendered":"Organic hemp protein 200 g"},"content":{"rendered":"<div id=\"headlessui-disclosure-panel-:r1:\" data-headlessui-state=\"open\">\n<div class=\"styles_content__d_7Hu __className_c45b3e\">\n<h2><strong>Bia\u0142ko konopne BIO 200 g<\/strong><\/h2>\n<div>\n<p>Bia\u0142ko konopne z Kombinatu Konopnego to naturalny i niezwykle warto\u015bciowy sk\u0142adnik od\u017cywczy pochodz\u0105cy z ziaren konopi siewnych (<em>Cannabis sativa<\/em>).<\/p>\n<p>Wyr\u00f3\u017cnia si\u0119 doskona\u0142ym profilem aminokwasowym i bogactwem innych sk\u0142adnik\u00f3w od\u017cywczych, co sprawia, \u017ce staje si\u0119 \u015bwietnym wyborem dla os\u00f3b poszukuj\u0105cych \u017ar\u00f3d\u0142a zdrowego bia\u0142ka ro\u015blinnego lub zamiennika bia\u0142ka zwierz\u0119cego.<\/p>\n<p>Jest to bia\u0142ko zawieraj\u0105ce 8 aminokwas\u00f3w egzogennych, co jest szczeg\u00f3lnie cenne dla wegan, wegetarian oraz os\u00f3b, kt\u00f3re preferuj\u0105 bia\u0142ka ro\u015blinne. Ponadto jest dobrze przyswajalne przez organizm, co pozwala na efektywne wykorzystanie zawartych w nim sk\u0142adnik\u00f3w od\u017cywczych.<\/p>\n<p>Dzi\u0119ki pe\u0142nemu profilowi aminokwas\u00f3w bia\u0142ko konopne mo\u017ce pom\u00f3c w odbudowie i regeneracji mi\u0119\u015bni po intensywnym treningu. Ponadto pomaga w utrzymaniu uczucia syto\u015bci, dzi\u0119ki czemu polecane jest szczeg\u00f3lnie osobom dbaj\u0105cym o prawid\u0142ow\u0105 mas\u0119 cia\u0142a.<\/p>\n<p>Opr\u00f3cz aminokwas\u00f3w bia\u0142ko konopne zawiera r\u00f3wnie\u017c istotne mikroelementy, takie jak magnez, \u017celazo, cynk i witaminy E oraz C. Dodatkowo, zawiera du\u017ce ilo\u015bci b\u0142onnika, kt\u00f3ry wspiera trawienie i wp\u0142ywa korzystnie na zdrowie jelit.<\/p>\n<p>Dodaj bia\u0142ko konopne do swojego smoothie, potrawy, koktajlu czy jogurtu i ciesz si\u0119 w\u0142a\u015bciwo\u015bciami, jakie niesie ze sob\u0105 ziarno konopne!<\/p>\n<p><strong>Cena za 100g\u00a0 \u2013 17,50 z\u0142<\/strong><\/p>\n<h4><strong>Dowiedz si\u0119 wi\u0119cej o bia\u0142ku konopnym:<\/strong><\/h4>\n<p><iframe loading=\"lazy\" id=\"892205218\" title=\"Herbaty I bia\u0142ko konopne\" src=\"https:\/\/www.youtube.com\/embed\/fbqvq_jLzFQ?feature=oembed&amp;enablejsapi=1&amp;origin=https:\/\/kombinatkonopny.pl\" width=\"980\" height=\"551\" frameborder=\"0\" allowfullscreen=\"allowfullscreen\" data-gtm-yt-inspected-7=\"true\" data-mce-fragment=\"1\"><\/iframe><\/p>\n<\/div>\n<div>\n<hr \/>\n<p>&nbsp;<\/p>\n<table width=\"1353\">\n<thead>\n<tr>\n<th>Sk\u0142adniki od\u017cywcze<\/th>\n<th>Warto\u015b\u0107 od\u017cywcza w 100 g<\/th>\n<th>Warto\u015b\u0107 od\u017cywcza w 10 g<\/th>\n<th>RWS* w porcji 10 g [%]<\/th>\n<\/tr>\n<\/thead>\n<tbody>\n<tr>\n<td>Warto\u015b\u0107 energetyczna<\/td>\n<td>1674 KJ\/ 399 kcal<\/td>\n<td>167 KJ\/ 40 kcal<\/td>\n<td>2%<\/td>\n<\/tr>\n<tr>\n<td><strong>T\u0142uszcze w tym:<\/strong><\/td>\n<td>13 g<\/td>\n<td>1,3 g<\/td>\n<td>2%<\/td>\n<\/tr>\n<tr>\n<td>kwasy t\u0142uszczowe nasycone<\/td>\n<td>1,5 g<\/td>\n<td>0,15 g<\/td>\n<td>1%<\/td>\n<\/tr>\n<tr>\n<td>kwasy t\u0142uszczowe jednonienasycone<\/td>\n<td>1,4 g<\/td>\n<td>0,14 g<\/td>\n<td>\u2013<\/td>\n<\/tr>\n<tr>\n<td>kwasy t\u0142uszczowe wielonasycone<\/td>\n<td>9,75 g<\/td>\n<td>0,97 g<\/td>\n<td>\u2013<\/td>\n<\/tr>\n<tr>\n<td><strong>W\u0119glowodany w tym:<\/strong><\/td>\n<td>12 g<\/td>\n<td>1,2 g<\/td>\n<td>0%<\/td>\n<\/tr>\n<tr>\n<td>Cukier<\/td>\n<td>0,7 g<\/td>\n<td>0,07 g<\/td>\n<td>0%<\/td>\n<\/tr>\n<tr>\n<td>B\u0142onnik<\/td>\n<td>5 g<\/td>\n<td>0,5 g<\/td>\n<td>\u2013<\/td>\n<\/tr>\n<tr>\n<td>Bia\u0142ko<\/td>\n<td>55 g<\/td>\n<td>5,5 g<\/td>\n<td>11%<\/td>\n<\/tr>\n<tr>\n<td>S\u00f3l<\/td>\n<td>0 g<\/td>\n<td>0 g<\/td>\n<td>0%<\/td>\n<\/tr>\n<\/tbody>\n<\/table>\n<p>*RWS \u2013 Referencyjne Warto\u015bci\u00a0 Spo\u017cycia przeci\u0119tnej osoby doros\u0142ej (8400 kJ\/2000 kcal).<\/p>\n<p>&nbsp;<\/p>\n<\/div>\n<\/div>\n<\/div>\n<p><button id=\"headlessui-disclosure-button-:r2:\" class=\"__className_c45b3e styles_label__rjP9J\" type=\"button\" aria-expanded=\"true\" data-headlessui-state=\"open\" aria-controls=\"headlessui-disclosure-panel-:r3:\">Zalecana dzienna porcja<img loading=\"lazy\" decoding=\"async\" title=\"Bia\u0142ko konopne BIO 200 g - Bia\u0142ka\" class=\"styles_chevron__2lhVR styles_rotated__pWGXn\" src=\"https:\/\/kombinatkonopny.pl\/_next\/static\/media\/darkChevronDownIcon.bd9149c7.svg\" alt=\"Bia\u0142ko konopne BIO 200 g - Bia\u0142ka\" width=\"36\" height=\"36\" data-nimg=\"1\" \/><\/button><\/p>\n<div id=\"headlessui-disclosure-panel-:r3:\" data-headlessui-state=\"open\">\n<div class=\"styles_content__d_7Hu __className_c45b3e\">\n<p>10-20 g<\/p>\n<p>Przechowywa\u0107 w temperaturze poni\u017cej 25\u00b0C, w miejscu suchym i niedost\u0119pnym dla dzieci. Chroni\u0107 przed promieniami s\u0142onecznymi.<\/p>\n<\/div>\n<\/div>\n<p><button id=\"headlessui-disclosure-button-:r4:\" class=\"__className_c45b3e styles_label__rjP9J\" type=\"button\" aria-expanded=\"true\" data-headlessui-state=\"open\" aria-controls=\"headlessui-disclosure-panel-:r5:\">Sk\u0142adniki<img loading=\"lazy\" decoding=\"async\" title=\"Bia\u0142ko konopne BIO 200 g - Bia\u0142ka\" class=\"styles_chevron__2lhVR styles_rotated__pWGXn\" src=\"https:\/\/kombinatkonopny.pl\/_next\/static\/media\/darkChevronDownIcon.bd9149c7.svg\" alt=\"Bia\u0142ko konopne BIO 200 g - Bia\u0142ka\" width=\"36\" height=\"36\" data-nimg=\"1\" \/><\/button><\/p>\n<div id=\"headlessui-disclosure-panel-:r5:\" data-headlessui-state=\"open\">\n<div class=\"styles_content__d_7Hu __className_c45b3e\">\n<ul>\n<li>sproszkowane bia\u0142ko konopne<\/li>\n<\/ul>\n<\/div>\n<\/div>\n","protected":false},"excerpt":{"rendered":"<p>Organic hemp protein 200 g<\/p>","protected":false},"featured_media":9198,"comment_status":"open","ping_status":"closed","template":"","meta":{"_acf_changed":false,"_gspb_post_css":"","rank_math_title":"","rank_math_description":"","rank_math_focus_keyword":"","rank_math_facebook_title":"","rank_math_facebook_description":"","rank_math_twitter_title":"","rank_math_twitter_description":""},"product_brand":[127],"product_cat":[300],"product_tag":[],"woo-feed-brand":[],"class_list":{"0":"post-8360","1":"product","2":"type-product","3":"status-publish","4":"has-post-thumbnail","6":"product_brand-kombinat-konopny","7":"product_cat-bialka","9":"first","10":"outofstock","11":"purchasable","12":"product-type-simple"},"ct_brands":[{"id":127,"name":"Hemp Combine","slug":"hemp-plant"}],"acf":[],"_links":{"self":[{"href":"https:\/\/ubucha.pl\/en\/wp-json\/wp\/v2\/product\/8360","targetHints":{"allow":["GET"]}}],"collection":[{"href":"https:\/\/ubucha.pl\/en\/wp-json\/wp\/v2\/product"}],"about":[{"href":"https:\/\/ubucha.pl\/en\/wp-json\/wp\/v2\/types\/product"}],"replies":[{"embeddable":true,"href":"https:\/\/ubucha.pl\/en\/wp-json\/wp\/v2\/comments?post=8360"}],"wp:featuredmedia":[{"embeddable":true,"href":"https:\/\/ubucha.pl\/en\/wp-json\/wp\/v2\/media\/9198"}],"wp:attachment":[{"href":"https:\/\/ubucha.pl\/en\/wp-json\/wp\/v2\/media?parent=8360"}],"wp:term":[{"taxonomy":"product_brand","embeddable":true,"href":"https:\/\/ubucha.pl\/en\/wp-json\/wp\/v2\/product_brand?post=8360"},{"taxonomy":"product_cat","embeddable":true,"href":"https:\/\/ubucha.pl\/en\/wp-json\/wp\/v2\/product_cat?post=8360"},{"taxonomy":"product_tag","embeddable":true,"href":"https:\/\/ubucha.pl\/en\/wp-json\/wp\/v2\/product_tag?post=8360"},{"taxonomy":"woo-feed-brand","embeddable":true,"href":"https:\/\/ubucha.pl\/en\/wp-json\/wp\/v2\/woo-feed-brand?post=8360"}],"curies":[{"name":"wp","href":"https:\/\/api.w.org\/{rel}","templated":true}]}}