{"id":52935,"date":"2025-10-29T10:24:18","date_gmt":"2025-10-29T09:24:18","guid":{"rendered":"https:\/\/ubucha.pl\/kapsulki-cbd-vegan-450mg-30szt-full-spectrum-piperyna\/"},"modified":"2026-04-29T09:21:13","modified_gmt":"2026-04-29T07:21:13","slug":"vegan-cbd-capsules-450mg-30pcs-full-spectrum-piperine","status":"publish","type":"product","link":"https:\/\/ubucha.pl\/en\/kapsulki-cbd-vegan-450mg-30szt-full-spectrum-piperyna\/","title":{"rendered":"CBD Vegan Capsules 450mg 30pcs \u2013 Full Spectrum (+ Piperine)"},"content":{"rendered":"","protected":false},"excerpt":{"rendered":"<ul>\n<li>30 Full Spectrum CBD Capsules \u2013 450 mg CBD per pack (15 mg per capsule)<\/li>\n<li>Enriched with piperine \u2013 pepper extract supports absorption<\/li>\n<li>Vegan formula, convenient for daily dosing<\/li>\n<li>Consulting \u2013 we will help you choose the dosage, write or call<\/li>\n<\/ul>","protected":false},"featured_media":52937,"comment_status":"open","ping_status":"closed","template":"","meta":{"_acf_changed":false,"_gspb_post_css":"","rank_math_title":"Kapsu\u0142ki CBD vegan 450 mg \u2013 30 szt FS pieprz | u Bucha","rank_math_description":"Kapsu\u0142ki CBD vegan 450 mg \u2013 30 sztuk pe\u0142ne spektrum z piperyn\u0105. 15 mg CBD na kapsu\u0142k\u0119, ekstrakt z pieprzu wspiera wch\u0142anianie i biodost\u0119pno\u015b\u0107.","rank_math_focus_keyword":"kapsu\u0142ki CBD vegan","rank_math_facebook_title":"Kapsu\u0142ki CBD vegan 450 mg \u2013 30 szt","rank_math_facebook_description":"Pe\u0142ne spektrum CBD w wega\u0144skich kapsu\u0142kach. 15 mg CBD na kapsu\u0142k\u0119, wzbogacone piperyn\u0105 dla lepszej biodost\u0119pno\u015bci.","rank_math_twitter_title":"Kapsu\u0142ki CBD vegan 450 mg FS","rank_math_twitter_description":"30 kapsu\u0142ek po 15 mg CBD pe\u0142ne spektrum z piperyn\u0105. Forma wega\u0144ska."},"product_brand":[475],"product_cat":[311],"product_tag":[],"woo-feed-brand":[],"class_list":{"0":"post-52935","1":"product","2":"type-product","3":"status-publish","4":"has-post-thumbnail","6":"product_brand-reakiro","7":"product_cat-kapsulki","9":"first","10":"instock","11":"purchasable","12":"product-type-simple"},"ct_brands":[{"id":475,"name":"reakiro","slug":"reakiro"}],"acf":[],"_links":{"self":[{"href":"https:\/\/ubucha.pl\/en\/wp-json\/wp\/v2\/product\/52935","targetHints":{"allow":["GET"]}}],"collection":[{"href":"https:\/\/ubucha.pl\/en\/wp-json\/wp\/v2\/product"}],"about":[{"href":"https:\/\/ubucha.pl\/en\/wp-json\/wp\/v2\/types\/product"}],"replies":[{"embeddable":true,"href":"https:\/\/ubucha.pl\/en\/wp-json\/wp\/v2\/comments?post=52935"}],"wp:featuredmedia":[{"embeddable":true,"href":"https:\/\/ubucha.pl\/en\/wp-json\/wp\/v2\/media\/52937"}],"wp:attachment":[{"href":"https:\/\/ubucha.pl\/en\/wp-json\/wp\/v2\/media?parent=52935"}],"wp:term":[{"taxonomy":"product_brand","embeddable":true,"href":"https:\/\/ubucha.pl\/en\/wp-json\/wp\/v2\/product_brand?post=52935"},{"taxonomy":"product_cat","embeddable":true,"href":"https:\/\/ubucha.pl\/en\/wp-json\/wp\/v2\/product_cat?post=52935"},{"taxonomy":"product_tag","embeddable":true,"href":"https:\/\/ubucha.pl\/en\/wp-json\/wp\/v2\/product_tag?post=52935"},{"taxonomy":"woo-feed-brand","embeddable":true,"href":"https:\/\/ubucha.pl\/en\/wp-json\/wp\/v2\/woo-feed-brand?post=52935"}],"curies":[{"name":"wp","href":"https:\/\/api.w.org\/{rel}","templated":true}]}}