{"id":9696,"date":"2025-10-09T14:50:26","date_gmt":"2025-10-09T12:50:26","guid":{"rendered":"https:\/\/ubucha.pl\/mazidlo-rozgrzewajace-z-muchomora-czerwonego-amanita-muscaria-200g\/"},"modified":"2026-05-10T15:25:55","modified_gmt":"2026-05-10T13:25:55","slug":"amanita-muscaria-roter-fliegenpilz-warmende-lotion-200g","status":"publish","type":"product","link":"https:\/\/ubucha.pl\/de\/mazidlo-rozgrzewajace-z-muchomora-czerwonego-amanita-muscaria-200g\/","title":{"rendered":"Rote Pilze W\u00e4rmelabyrinth | Amanita Muscaria 200g"},"content":{"rendered":"<h2>W\u00e4rmendes Labyrinth mit rotem Fliegenf\u00e4ngerextrakt 200ml - Nat\u00fcrliche Linderung und Regeneration<\/h2>\n<p>Suchen Sie nach einer wirksamen und nat\u00fcrlichen Methode zur Linderung von Muskel- und Gelenkschmerzen? Molpharma Warming Maze mit Fliegenpilzextrakt ist ein Produkt, das die traditionelle Weisheit der Volksmedizin mit moderner Technologie verbindet, um eine sichere und wirksame Unterst\u00fctzung f\u00fcr Ihren K\u00f6rper zu bieten. Wussten Sie, dass dieser ungew\u00f6hnliche Pilz, der f\u00fcr seine einzigartigen Eigenschaften bekannt ist, Linderung bringen kann, wo andere Pr\u00e4parate versagen?<\/p>\n<h3>Warum Mazid\u0142o mit dem Extrakt der Roten Fliegenfalle w\u00e4hlen?<\/h3>\n<p>Der rote Fliegenpilz, der seit Jahrhunderten in der traditionellen Medizin Europas und Sibiriens bekannt ist, wird zwar gemeinhin mit Toxizit\u00e4t in Verbindung gebracht, hat aber bei richtiger Verarbeitung au\u00dfergew\u00f6hnliche entz\u00fcndungshemmende und w\u00e4rmende Eigenschaften. In unserem Abstrich hat sein Extrakt eine multidirektionale Wirkung:<\/p>\n<ul>\n<li>Es lindert Osteoarthritis und chronische Entz\u00fcndungen, reduziert Schmerzen und Schwellungen.<\/li>\n<li>Es entlastet die verspannten Muskeln und f\u00f6rdert die Entspannung nach intensiver k\u00f6rperlicher Bet\u00e4tigung.<\/li>\n<li>Es verbessert die Mikrozirkulation dank seiner w\u00e4rmenden Wirkung, die die Regeneration des Gewebes beschleunigt.<\/li>\n<li>Es tr\u00e4gt zur Verringerung von Steifheit bei und f\u00f6rdert den Bewegungskomfort, insbesondere bei aktiven und \u00e4lteren Menschen.<\/li>\n<\/ul>\n<h3>Bei welchen Beschwerden wird Molpharma Mazide empfohlen?<\/h3>\n<p>Wenn Sie unter Rheuma, Arthritis, Muskelschmerzen nach dem Training leiden oder einfach eine nat\u00fcrliche Unterst\u00fctzung f\u00fcr Ihren Bewegungsapparat suchen, ist dieses Gleitmittel die ideale Wahl. Dank seiner einzigartigen Formel, die Fliegenpilzextrakt mit \u00e4therischen \u00d6len und Pflanzenextrakten kombiniert, ist das Produkt auch perfekt zum Aufw\u00e4rmen und Entspannen nach einem langen, stressigen Tag.<\/p>\n<h3>Wie funktioniert die einzigartige Gleitmittelformel?<\/h3>\n<p>Unser Gleitmittel wurde so formuliert, dass die Wirkstoffe tief in die Haut eindringen und die Quelle von Schmerzen und Verspannungen erreichen k\u00f6nnen. Die w\u00e4rmende und durchblutungsf\u00f6rdernde Wirkung unterst\u00fctzt die nat\u00fcrlichen Regenerationsprozesse des K\u00f6rpers und sorgt f\u00fcr schnelle und lang anhaltende Ergebnisse. Die regelm\u00e4\u00dfige Anwendung des Gleitmittels tr\u00e4gt dazu bei, Muskeln und Gelenke in Topform zu halten, was sowohl f\u00fcr k\u00f6rperlich aktive Menschen als auch f\u00fcr Menschen mit chronischen Beschwerden \u00e4u\u00dferst wichtig ist.<\/p>\n<h3>Wirkstoffe im Abstrich - ein Reichtum der Natur f\u00fcr Ihre Gesundheit<\/h3>\n<table style=\"border-collapse: collapse;width: 100%\" border=\"1\" cellspacing=\"0\" cellpadding=\"8\">\n<thead>\n<tr>\n<th>Komponente<\/th>\n<th>Funktion und Merkmale<\/th>\n<\/tr>\n<\/thead>\n<tbody>\n<tr>\n<td>Aqua<\/td>\n<td>Als wesentlicher Tr\u00e4ger von Inhaltsstoffen sorgt er f\u00fcr die richtige Konsistenz.<\/td>\n<\/tr>\n<tr>\n<td>Cannabis-Sativa-Samen\u00f6l<\/td>\n<td>Hanf\u00f6l mit feuchtigkeitsspendenden und regenerierenden Eigenschaften f\u00fcr die Haut.<\/td>\n<\/tr>\n<tr>\n<td>Alkohol denat.<\/td>\n<td>Hilft den Wirkstoffen, tief in die Haut einzudringen.<\/td>\n<\/tr>\n<tr>\n<td>Propylenglykol<\/td>\n<td>Erh\u00f6ht die Absorption und befeuchtet die Haut.<\/td>\n<\/tr>\n<tr>\n<td>Glycerylstearat, Cetylalkohol, Cetearylalkohol<\/td>\n<td>Emulgatoren und Feuchtigkeitsspender, die die Konsistenz und den Komfort der Anwendung verbessern.<\/td>\n<\/tr>\n<tr>\n<td>Amanita Muscaria Pilz-Extrakt<\/td>\n<td>Roter Fliegenpilzextrakt - ein wichtiger Inhaltsstoff mit w\u00e4rmender und entz\u00fcndungshemmender Wirkung.<\/td>\n<\/tr>\n<tr>\n<td>Butyrospermum Parkii-Butter<\/td>\n<td>Sheabutter - n\u00e4hrt und regeneriert die Haut.<\/td>\n<\/tr>\n<tr>\n<td>Terpentin, Eukalyptus-Globulus-Blatt\u00f6l, Eugenia-Caryophyllus-Blatt\u00f6l, Cinnamomum-Cassia-Blatt\u00f6l<\/td>\n<td>\u00c4therische \u00d6le mit w\u00e4rmenden und antiseptischen Eigenschaften.<\/td>\n<\/tr>\n<tr>\n<td>Vanillyl-Butyl-Ether<\/td>\n<td>Der Inhaltsstoff, der f\u00fcr die angenehm w\u00e4rmende Wirkung verantwortlich ist.<\/td>\n<\/tr>\n<tr>\n<td>Tocopherol<\/td>\n<td>Vitamin E zum Schutz der Haut vor freien Radikalen.<\/td>\n<\/tr>\n<tr>\n<td>Lavandula Angustifolia \u00d6l<\/td>\n<td>Lavendel\u00f6l f\u00fcr eine entspannende und beruhigende Wirkung.<\/td>\n<\/tr>\n<tr>\n<td>Capsicum Frutescens Frucht-Extrakt<\/td>\n<td>Chilipfeffer-Extrakt, der die w\u00e4rmende Wirkung verst\u00e4rkt und die Durchblutung f\u00f6rdert.<\/td>\n<\/tr>\n<tr>\n<td>Glyzerin<\/td>\n<td>Spendet intensiv Feuchtigkeit und macht die Haut geschmeidig.<\/td>\n<\/tr>\n<tr>\n<td>Phenoxyethanol, Ethylhexylglycerin<\/td>\n<td>Nat\u00fcrliche Konservierungsstoffe zur Gew\u00e4hrleistung der Produktsicherheit.<\/td>\n<\/tr>\n<tr>\n<td>Methylsalicylat, Eugenol, Cinnamal, Limonen, Linalool, Cumarin<\/td>\n<td>Duftstoffe und zus\u00e4tzliche Inhaltsstoffe zur F\u00f6rderung einer w\u00e4rmenden und schmerzlindernden Wirkung.<\/td>\n<\/tr>\n<\/tbody>\n<\/table>\n<h3>Wie verwendet man Molpharma Warming Maze?<\/h3>\n<p>Die besten Ergebnisse erzielen Sie, wenn Sie das Gleitmittel 2 bis 4 Mal t\u00e4glich auf die Haut auftragen. Tragen Sie einfach eine kleine Menge des Produkts auf die Haut auf und massieren Sie es sanft ein, bis es vollst\u00e4ndig eingezogen ist. Auf diese Weise k\u00f6nnen die Wirkstoffe tief einwirken und ein sofortiges und lang anhaltendes Gef\u00fchl von W\u00e4rme und Linderung von Muskelschmerzen und Verspannungen bewirken.<\/p>\n<h3>Sicherheit bei Gebrauch und Lagerung<\/h3>\n<p>Die Salbe ist nur zur \u00e4u\u00dferlichen Anwendung bestimmt. Bei bestimmungsgem\u00e4\u00dfem Gebrauch ist der Kontakt mit den Augen und verletzter Haut zu vermeiden. Bewahren Sie das Produkt an einem trockenen, k\u00fchlen Ort und au\u00dferhalb der Reichweite von Kindern auf. Dank seiner nat\u00fcrlichen Zusammensetzung und der sorgf\u00e4ltigen Herstellung ist das Labyrinth sicher und f\u00fcr den t\u00e4glichen Gebrauch geeignet.<\/p>\n<h3>Nutzerbewertungen - was sagen sie \u00fcber Molpharma Warming Mazide?<\/h3>\n<p>\u201eDas Gleitmittel mit Fliegenpilzextrakt ist eine Entdeckung f\u00fcr mich! Nach dem Sport lindert es schnell die Muskelschmerzen und hilft zu entspannen.\u201d - Anna K.<\/p>\n<p>\u201eIch leide an Rheuma und sp\u00fcre dank dieses Produkts eine deutliche Linderung. Es zieht leicht ein und h\u00e4lt die W\u00e4rmewirkung lange aufrecht.\u201d - Marek S.<\/p>\n<p>\u201eIdeal f\u00fcr kalte Tage, wenn ich kalte Extremit\u00e4ten habe. Die regelm\u00e4\u00dfige Anwendung hat meinen Kreislauf und mein Wohlbefinden verbessert.\u201d - Catherine M.<\/p>\n<h3>Zus\u00e4tzliche Informationen und Beispiele f\u00fcr die Verwendung<\/h3>\n<p>Die w\u00e4rmende Salbe ist ideal zur Unterst\u00fctzung bei der Rehabilitation nach Verletzungen, bei der Sportmassage und bei der t\u00e4glichen Muskel- und Gelenkpflege. Sie kann sowohl vor dem Sport zur Vorbereitung des K\u00f6rpers auf die Aktivit\u00e4t als auch danach zur Beschleunigung der Genesung verwendet werden. Die nat\u00fcrlichen Inhaltsstoffe haben eine beruhigende Wirkung auf die Haut und sorgen gleichzeitig f\u00fcr einen effektiven W\u00e4rmeeffekt.<\/p>\n<p>Mit dem Molpharma W\u00e4rmelabyrinth mit Fliegenpilzextrakt gewinnen Sie auf nat\u00fcrliche und sichere Weise Bewegungskomfort zur\u00fcck, lindern Schmerzen und sorgen f\u00fcr die Gesundheit Ihrer Muskeln und Gelenke.<\/p>","protected":false},"excerpt":{"rendered":"<ul>\n<li>KANNAMOL \u2014 mazid\u0142o rozgrzewaj\u0105ce z ekstraktem z muchomora czerwonego, 200 g<\/li>\n<li>Wi\u0119kszy zapas dla regularnych u\u017cytkownik\u00f3w (200 g)<\/li>\n<li>Amanita Muscaria w przetworzonej formie + olejki eteryczne rozgrzewaj\u0105ce<\/li>\n<li>Wspiera codzienn\u0105 piel\u0119gnacj\u0119 sk\u00f3ry, d\u0142ugotrwa\u0142e uczucie ciep\u0142a<\/li>\n<li>Marka Molpharma \u2014 tradycyjna receptura ludowa w nowoczesnej formule<\/li>\n<\/ul>","protected":false},"featured_media":9731,"comment_status":"open","ping_status":"closed","template":"","meta":{"_acf_changed":false,"_gspb_post_css":"","rank_math_title":"KANNAMOL mazid\u0142o rozgrzewaj\u0105ce z muchomora 200 g | u Bucha","rank_math_description":"KANNAMOL mazid\u0142o rozgrzewaj\u0105ce z muchomora czerwonego 200 g \u2014 wi\u0119kszy zapas, tradycyjny sk\u0142adnik ludowej medycyny + naturalne olejki rozgrzewaj\u0105ce sk\u00f3r\u0119.","rank_math_focus_keyword":"mazid\u0142o rozgrzewaj\u0105ce z muchomora","rank_math_facebook_title":"KANNAMOL muchomor rozgrzewaj\u0105cy 200 g","rank_math_facebook_description":"Mazid\u0142o rozgrzewaj\u0105ce z ekstraktem z muchomora czerwonego, 200 g. Wi\u0119kszy zapas dla regularnych u\u017cytkownik\u00f3w.","rank_math_twitter_title":"KANNAMOL muchomor rozgrzewaj\u0105cy 200 g","rank_math_twitter_description":"Mazid\u0142o z ekstraktem z muchomora, 200 g. KANNAMOL Molpharma."},"product_brand":[420],"product_cat":[318],"product_tag":[],"woo-feed-brand":[],"class_list":{"0":"post-9696","1":"product","2":"type-product","3":"status-publish","4":"has-post-thumbnail","6":"product_brand-molpharma","7":"product_cat-masci","9":"first","10":"outofstock","11":"purchasable","12":"product-type-simple"},"ct_brands":[{"id":420,"name":"molpharma","slug":"molpharma"}],"acf":[],"_links":{"self":[{"href":"https:\/\/ubucha.pl\/de\/wp-json\/wp\/v2\/product\/9696","targetHints":{"allow":["GET"]}}],"collection":[{"href":"https:\/\/ubucha.pl\/de\/wp-json\/wp\/v2\/product"}],"about":[{"href":"https:\/\/ubucha.pl\/de\/wp-json\/wp\/v2\/types\/product"}],"replies":[{"embeddable":true,"href":"https:\/\/ubucha.pl\/de\/wp-json\/wp\/v2\/comments?post=9696"}],"wp:featuredmedia":[{"embeddable":true,"href":"https:\/\/ubucha.pl\/de\/wp-json\/wp\/v2\/media\/9731"}],"wp:attachment":[{"href":"https:\/\/ubucha.pl\/de\/wp-json\/wp\/v2\/media?parent=9696"}],"wp:term":[{"taxonomy":"product_brand","embeddable":true,"href":"https:\/\/ubucha.pl\/de\/wp-json\/wp\/v2\/product_brand?post=9696"},{"taxonomy":"product_cat","embeddable":true,"href":"https:\/\/ubucha.pl\/de\/wp-json\/wp\/v2\/product_cat?post=9696"},{"taxonomy":"product_tag","embeddable":true,"href":"https:\/\/ubucha.pl\/de\/wp-json\/wp\/v2\/product_tag?post=9696"},{"taxonomy":"woo-feed-brand","embeddable":true,"href":"https:\/\/ubucha.pl\/de\/wp-json\/wp\/v2\/woo-feed-brand?post=9696"}],"curies":[{"name":"wp","href":"https:\/\/api.w.org\/{rel}","templated":true}]}}