{"id":8848,"date":"2025-10-01T11:15:59","date_gmt":"2025-10-01T09:15:59","guid":{"rendered":"https:\/\/ubucha.pl\/palacio-szampon-z-olejem-arganowym-500ml\/"},"modified":"2025-10-20T14:10:47","modified_gmt":"2025-10-20T12:10:47","slug":"palacio-arganol-shampoo-500ml","status":"publish","type":"product","link":"https:\/\/ubucha.pl\/de\/palacio-szampon-z-olejem-arganowym-500ml\/","title":{"rendered":"PALACIO Argan\u00f6l Shampoo 500ml"},"content":{"rendered":"","protected":false},"excerpt":{"rendered":"<p>N\u00e4hrendes Shampoo mit Argan\u00f6l \u2013 st\u00e4rkt das Haar und verleiht ihm Glanz.<\/p>","protected":false},"featured_media":9483,"comment_status":"open","ping_status":"open","template":"","meta":{"_acf_changed":false,"_gspb_post_css":"","rank_math_title":"","rank_math_description":"","rank_math_focus_keyword":"","rank_math_facebook_title":"","rank_math_facebook_description":"","rank_math_twitter_title":"","rank_math_twitter_description":""},"product_brand":[148],"product_cat":[330],"product_tag":[],"woo-feed-brand":[],"class_list":{"0":"post-8848","1":"product","2":"type-product","3":"status-publish","4":"has-post-thumbnail","6":"product_brand-palacio","7":"product_cat-szampony","9":"first","10":"outofstock","11":"purchasable","12":"product-type-simple"},"ct_brands":[{"id":148,"name":"Palacio","slug":"palacio"}],"acf":[],"_links":{"self":[{"href":"https:\/\/ubucha.pl\/de\/wp-json\/wp\/v2\/product\/8848","targetHints":{"allow":["GET"]}}],"collection":[{"href":"https:\/\/ubucha.pl\/de\/wp-json\/wp\/v2\/product"}],"about":[{"href":"https:\/\/ubucha.pl\/de\/wp-json\/wp\/v2\/types\/product"}],"replies":[{"embeddable":true,"href":"https:\/\/ubucha.pl\/de\/wp-json\/wp\/v2\/comments?post=8848"}],"wp:featuredmedia":[{"embeddable":true,"href":"https:\/\/ubucha.pl\/de\/wp-json\/wp\/v2\/media\/9483"}],"wp:attachment":[{"href":"https:\/\/ubucha.pl\/de\/wp-json\/wp\/v2\/media?parent=8848"}],"wp:term":[{"taxonomy":"product_brand","embeddable":true,"href":"https:\/\/ubucha.pl\/de\/wp-json\/wp\/v2\/product_brand?post=8848"},{"taxonomy":"product_cat","embeddable":true,"href":"https:\/\/ubucha.pl\/de\/wp-json\/wp\/v2\/product_cat?post=8848"},{"taxonomy":"product_tag","embeddable":true,"href":"https:\/\/ubucha.pl\/de\/wp-json\/wp\/v2\/product_tag?post=8848"},{"taxonomy":"woo-feed-brand","embeddable":true,"href":"https:\/\/ubucha.pl\/de\/wp-json\/wp\/v2\/woo-feed-brand?post=8848"}],"curies":[{"name":"wp","href":"https:\/\/api.w.org\/{rel}","templated":true}]}}