{"id":8728,"date":"2025-10-01T11:15:25","date_gmt":"2025-10-01T09:15:25","guid":{"rendered":"https:\/\/ubucha.pl\/palacio-serum-regenerujace-przeciwzmarszczkowe-z-jadem-weza-50ml\/"},"modified":"2026-04-29T22:55:05","modified_gmt":"2026-04-29T20:55:05","slug":"palacio-anti-falten-regenerierendes-serum-mit-schlangengift-50-ml","status":"publish","type":"product","link":"https:\/\/ubucha.pl\/de\/palacio-serum-regenerujace-przeciwzmarszczkowe-z-jadem-weza-50ml\/","title":{"rendered":"PALACIO Regenerierendes Anti-Falten-Serum mit Schlangengift 50ml"},"content":{"rendered":"","protected":false},"excerpt":{"rendered":"<ul>\n<li>Anti-Falten-Serum mit Schlangengift, Marke PALACIO<\/li>\n<li>Inhalt 50 ml \u2013 f\u00fcr die t\u00e4gliche Gesichtspflege<\/li>\n<li>Unterst\u00fctzt die Regeneration und reduziert Falten<\/li>\n<li>Kostenloser Versand ab 49 PLN<\/li>\n<\/ul>","protected":false},"featured_media":9508,"comment_status":"open","ping_status":"open","template":"","meta":{"_acf_changed":false,"_gspb_post_css":"","rank_math_title":"PALACIO serum z jadem w\u0119\u017ca 50 ml na twarz | u Bucha","rank_math_description":"PALACIO serum z jadem w\u0119\u017ca 50 ml \u2013 kosmetyk przeciwzmarszczkowy do regeneracji sk\u00f3ry twarzy. Codzienna piel\u0119gnacja w wygodnym formacie 50 ml.","rank_math_focus_keyword":"serum z jadem w\u0119\u017ca","rank_math_facebook_title":"PALACIO serum z jadem w\u0119\u017ca \u2013 50 ml","rank_math_facebook_description":"Przeciwzmarszczkowe serum z jadem w\u0119\u017ca. Pojemno\u015b\u0107 50 ml, codzienna piel\u0119gnacja regeneracyjna sk\u00f3ry twarzy.","rank_math_twitter_title":"PALACIO serum z jadem w\u0119\u017ca 50 ml","rank_math_twitter_description":"Kosmetyk przeciwzmarszczkowy z jadem w\u0119\u017ca. 50 ml."},"product_brand":[148],"product_cat":[328],"product_tag":[],"woo-feed-brand":[],"class_list":{"0":"post-8728","1":"product","2":"type-product","3":"status-publish","4":"has-post-thumbnail","6":"product_brand-palacio","7":"product_cat-serum","9":"first","10":"instock","11":"purchasable","12":"product-type-simple"},"ct_brands":[{"id":148,"name":"Palacio","slug":"palacio"}],"acf":[],"_links":{"self":[{"href":"https:\/\/ubucha.pl\/de\/wp-json\/wp\/v2\/product\/8728","targetHints":{"allow":["GET"]}}],"collection":[{"href":"https:\/\/ubucha.pl\/de\/wp-json\/wp\/v2\/product"}],"about":[{"href":"https:\/\/ubucha.pl\/de\/wp-json\/wp\/v2\/types\/product"}],"replies":[{"embeddable":true,"href":"https:\/\/ubucha.pl\/de\/wp-json\/wp\/v2\/comments?post=8728"}],"wp:featuredmedia":[{"embeddable":true,"href":"https:\/\/ubucha.pl\/de\/wp-json\/wp\/v2\/media\/9508"}],"wp:attachment":[{"href":"https:\/\/ubucha.pl\/de\/wp-json\/wp\/v2\/media?parent=8728"}],"wp:term":[{"taxonomy":"product_brand","embeddable":true,"href":"https:\/\/ubucha.pl\/de\/wp-json\/wp\/v2\/product_brand?post=8728"},{"taxonomy":"product_cat","embeddable":true,"href":"https:\/\/ubucha.pl\/de\/wp-json\/wp\/v2\/product_cat?post=8728"},{"taxonomy":"product_tag","embeddable":true,"href":"https:\/\/ubucha.pl\/de\/wp-json\/wp\/v2\/product_tag?post=8728"},{"taxonomy":"woo-feed-brand","embeddable":true,"href":"https:\/\/ubucha.pl\/de\/wp-json\/wp\/v2\/woo-feed-brand?post=8728"}],"curies":[{"name":"wp","href":"https:\/\/api.w.org\/{rel}","templated":true}]}}