{"id":8672,"date":"2025-10-01T11:15:03","date_gmt":"2025-10-01T09:15:03","guid":{"rendered":"https:\/\/ubucha.pl\/palacio-cebede-fortis-zel-do-masazu-200ml\/"},"modified":"2026-03-23T10:22:51","modified_gmt":"2026-03-23T09:22:51","slug":"palacio-cebede-fortis-massage-gel-200ml","status":"publish","type":"product","link":"https:\/\/ubucha.pl\/de\/palacio-cebede-fortis-zel-do-masazu-200ml\/","title":{"rendered":"PALACIO C\u00e9B\u00e9D\u00e9 Fortis Massage Gel 200ml"},"content":{"rendered":"<h2>Palacio Cannabis CeBeDe Massagegel mit Kollagen 200 ml - nat\u00fcrliche Entlastung und Entspannung f\u00fcr Muskeln und Haut<\/h2>\n<p>Palacio Cannabis CeBeDe Massage Gel ist ein einzigartiges Kosmetikprodukt f\u00fcr alle, die eine nat\u00fcrliche Pflege und wirksame Unterst\u00fctzung f\u00fcr Muskeln und Gelenke suchen. Dieses Produkt enth\u00e4lt Hanf\u00f6l, Cannabidiol (CBD) und Hanfextrakt, angereichert mit nat\u00fcrlichem Kollagen aus Sojaextrakt, und bietet Erleichterung nach dem Sport, l\u00f6st Verspannungen und verbessert die Elastizit\u00e4t der Haut.<\/p>\n<h3>Warum das Palacio CeBeDe-Massagegel w\u00e4hlen?<\/h3>\n<p>Tr\u00e4umen Sie von einem Moment der Entspannung nach einem anstrengenden Tag oder einem intensiven Workout? Palacio CeBeDe Gel wurde speziell entwickelt, um m\u00fcde Muskeln und Gelenke zu entspannen. Seine einzigartige Formel hat nicht nur eine schmerzlindernde Wirkung, sondern f\u00f6rdert auch die Hautregeneration, spendet der Haut Feuchtigkeit und macht sie weich und geschmeidig.<\/p>\n<p>Dar\u00fcber hinaus zieht das Gel leicht ein, ohne einen Fettfilm zu hinterlassen, und sein zarter Duft nach s\u00fc\u00dfer Minze mit Noten von Kr\u00e4utern, Menthol und Karamell verst\u00e4rkt das Massageerlebnis und schafft eine Atmosph\u00e4re der Entspannung und des Genusses.<\/p>\n<h3>Die wichtigsten Eigenschaften von CeBeDe's Palacio Cannabis Massage-Gel:<\/h3>\n<ul>\n<li>Lindert Muskel- und Gelenkschmerzen und verschafft Erleichterung nach dem Sport<\/li>\n<li>Verbessert die lokale Blutzufuhr zur Haut, was die Geweberegeneration f\u00f6rdert<\/li>\n<li>Erfrischt, entspannt und verleiht der Haut Elastizit\u00e4t<\/li>\n<li>Enth\u00e4lt nat\u00fcrliches Sojakollagen, das die Haut intensiv mit Feuchtigkeit versorgt und regeneriert<\/li>\n<li>Sicher und sanft - auch f\u00fcr Kinder unter 3 Jahren geeignet<\/li>\n<li>Dermatologisch getestetes Produkt<\/li>\n<li>Einzigartiger, angenehmer Duft von Kr\u00e4utern, Menthol und Karamell<\/li>\n<li>Leicht und schnell einziehendes Gel<\/li>\n<\/ul>\n<h3>Wirkstoffe und ihre Wirkungen<\/h3>\n<table style=\"border-collapse: collapse; width: 100%;\" border=\"1\" cellspacing=\"0\" cellpadding=\"6\">\n<thead>\n<tr>\n<th>Komponente<\/th>\n<th>Rolle und Vorteile<\/th>\n<\/tr>\n<\/thead>\n<tbody>\n<tr>\n<td>Hanf\u00f6l (5%)<\/td>\n<td>Es ist reich an Omega-3- und Omega-6-S\u00e4uren und hat eine n\u00e4hrende, feuchtigkeitsspendende und entz\u00fcndungshemmende Wirkung auf Haut und Muskeln.<\/td>\n<\/tr>\n<tr>\n<td>Cannabidiol (CBD)<\/td>\n<td>Ein nat\u00fcrlicher Cannabis-Inhaltsstoff, der Entz\u00fcndungen lindert, Schmerzen reduziert und die Geweberegeneration f\u00f6rdert.<\/td>\n<\/tr>\n<tr>\n<td>Hanf-Extrakt<\/td>\n<td>Es hat eine beruhigende Wirkung und unterst\u00fctzt die nat\u00fcrlichen Regenerationsprozesse von Haut und Muskeln.<\/td>\n<\/tr>\n<tr>\n<td>Kampfer<\/td>\n<td>Es verbessert die Durchblutung, wirkt erfrischend und w\u00e4rmend und hilft, Muskelschmerzen zu lindern.<\/td>\n<\/tr>\n<tr>\n<td>Menthol<\/td>\n<td>Es wirkt k\u00fchlend, schmerzlindernd und entspannend auf die Haut.<\/td>\n<\/tr>\n<tr>\n<td>Kr\u00e4uterextrakte<\/td>\n<td>Sie verst\u00e4rken die beruhigende und pflegende Wirkung und versorgen die Haut mit nat\u00fcrlichen N\u00e4hrstoffen.<\/td>\n<\/tr>\n<tr>\n<td>Sojaextrakt (Quelle von Kollagen)<\/td>\n<td>Nat\u00fcrliches Kollagen f\u00f6rdert die Hydratation, Elastizit\u00e4t und Regeneration der Haut.<\/td>\n<\/tr>\n<tr>\n<td>Karamell<\/td>\n<td>Es verleiht dem Gel seine charakteristische s\u00fc\u00dfe Farbe und sein zartes Aroma.<\/td>\n<\/tr>\n<\/tbody>\n<\/table>\n<h3>Wie verwende ich das Palacio CeBeDe Massagegel?<\/h3>\n<p>Um beste Ergebnisse zu erzielen, tragen Sie eine angemessene Menge des Gels auf ausgew\u00e4hlte K\u00f6rperstellen auf, insbesondere auf Muskeln und Gelenke nach dem Sport oder bei Muskelverspannungen. Massieren Sie das Gel sanft in kreisenden Bewegungen ein, bis es vollst\u00e4ndig eingezogen ist. Sie k\u00f6nnen es auch w\u00e4hrend einer Entspannungsmassage verwenden, um das Gef\u00fchl der Entspannung zu verst\u00e4rken. Das Produkt ist f\u00fcr die t\u00e4gliche Anwendung geeignet und auch f\u00fcr Kinder ab 3 Jahren unbedenklich.<\/p>\n<h3>Sicherheit und Lagerung<\/h3>\n<p>Das Gel ist nur zur \u00e4u\u00dferlichen Anwendung bestimmt. Kontakt mit Augen und Schleimh\u00e4uten vermeiden - falls es in die Augen gelangt, sofort mit viel Wasser aussp\u00fclen. Nicht auf gereizter, gesch\u00e4digter oder kranker Haut anwenden. Es ist ratsam, vor der ersten Anwendung einen Sensibilisierungstest an einem kleinen St\u00fcck Haut durchzuf\u00fchren. Lagern Sie das Produkt an einem trockenen und k\u00fchlen Ort, fern von W\u00e4rmequellen und direkter Sonneneinstrahlung. Au\u00dferhalb der Reichweite von Kindern aufbewahren.<\/p>\n<h3>Nutzerbewertungen<\/h3>\n<p>Obwohl das Produkt noch keine Bewertungen auf unserer Website hat, sch\u00e4tzen die Nutzer seine nat\u00fcrliche Formulierung, die einfache Anwendung und die schnelle Wirkung zur Linderung von Muskelschmerzen und Verspannungen. Sie betonen auch oft den angenehmen, einzigartigen Duft und die Wirksamkeit nach t\u00e4glicher Anwendung.<\/p>\n<h3>Beispiele f\u00fcr die Anwendung des Palacio CeBeDe Massagegels<\/h3>\n<ul>\n<li>Nach intensivem Sporttraining zur schnelleren Erholung von Muskeln und Gelenken<\/li>\n<li>Bei chronischen Muskelverspannungen infolge von Computerarbeit oder Stress<\/li>\n<li>Als Teil einer entspannenden Massage nach einem anstrengenden Tag zur Beruhigung von K\u00f6rper und Geist<\/li>\n<li>F\u00fcr Kinder ab 3 Jahren - als sanftes Pflegemittel und zur L\u00f6sung von Muskelverspannungen<\/li>\n<\/ul>\n<h3>Zus\u00e4tzliche Informationen \u00fcber Inhaltsstoffe<\/h3>\n<p>Das im Gel verwendete Hanf\u00f6l ist eine reiche Quelle nat\u00fcrlicher Omega-Fetts\u00e4uren, die die Hautregeneration f\u00f6rdern und entz\u00fcndungshemmend wirken. Cannabidiol (CBD) hat stark schmerzlindernde und entz\u00fcndungshemmende Eigenschaften, was es zu einem idealen Inhaltsstoff f\u00fcr Hautpflegeprodukte f\u00fcr aktive Menschen macht. Soja-Kollagen hilft, die Elastizit\u00e4t der Haut wiederherzustellen, w\u00e4hrend Kampfer und Menthol f\u00fcr angenehme K\u00fchlung sorgen und die Mikrozirkulation verbessern.<\/p>\n<h3>Hinweise zur Lagerung und Verwendung<\/h3>\n<ul>\n<li>Lagern Sie das Gel bei Raumtemperatur und vermeiden Sie Feuchtigkeit und direkte Sonneneinstrahlung.<\/li>\n<li>Regelm\u00e4\u00dfige Anwendung zur Unterst\u00fctzung der Muskelregeneration und zur Erhaltung der Haut in gutem Zustand<\/li>\n<li>Beim Auftreten von Reizungen oder allergischen Reaktionen die Anwendung sofort abbrechen und einen Arzt aufsuchen<\/li>\n<li>Nicht auf offenen Wunden oder verletzter Haut anwenden<\/li>\n<li>Nach der Anwendung immer gr\u00fcndlich die H\u00e4nde waschen<\/li>\n<\/ul>\n<p>Wenn Sie sich f\u00fcr Palacio Cannabis CeBeDe Massage-Gel mit Kollagen entscheiden, investieren Sie in eine nat\u00fcrliche, sichere und wirksame Pflege, die Ihnen hilft, sich t\u00e4glich zu entspannen und die Erholung nach dem Sport zu f\u00f6rdern.<\/p>","protected":false},"excerpt":{"rendered":"<p>Entdecken Sie die Kraft der nat\u00fcrlichen Pflege mit Palacio CeBeDe Massagegel mit Hanf\u00f6l, CBD und Kollagen! Dieses einzigartige Gel spendet intensiv Feuchtigkeit, regeneriert und strafft die Haut und bringt Erleichterung f\u00fcr m\u00fcde Muskeln und Gelenke nach dem Sport.<\/p>\n<p>Dank seiner einzigartigen Formel mit nat\u00fcrlichem Sojakollagen und Kr\u00e4uterextrakten, Kampfer und Menthol wirkt das Gel entspannend, schmerzlindernd und durchblutungsf\u00f6rdernd. Die leichte Textur zieht schnell ein und der angenehme Duft nach s\u00fc\u00dfer Minze beruhigt die Sinne.<\/p>\n<p>Das Produkt ist f\u00fcr die ganze Familie, auch f\u00fcr Kinder ab 3 Jahren, geeignet und dermatologisch getestet. Die ideale Wahl f\u00fcr die t\u00e4gliche Entspannung und Regeneration - bestellen Sie noch heute und sp\u00fcren Sie den Unterschied!<\/p>","protected":false},"featured_media":9492,"comment_status":"open","ping_status":"closed","template":"","meta":{"_acf_changed":false,"_gspb_post_css":""},"product_brand":[148],"product_cat":[334],"product_tag":[],"woo-feed-brand":[],"class_list":{"0":"post-8672","1":"product","2":"type-product","3":"status-publish","4":"has-post-thumbnail","6":"product_brand-palacio","7":"product_cat-zele","9":"first","10":"instock","11":"purchasable","12":"product-type-simple"},"ct_brands":[{"id":148,"name":"Palacio","slug":"palacio"}],"acf":[],"_links":{"self":[{"href":"https:\/\/ubucha.pl\/de\/wp-json\/wp\/v2\/product\/8672","targetHints":{"allow":["GET"]}}],"collection":[{"href":"https:\/\/ubucha.pl\/de\/wp-json\/wp\/v2\/product"}],"about":[{"href":"https:\/\/ubucha.pl\/de\/wp-json\/wp\/v2\/types\/product"}],"replies":[{"embeddable":true,"href":"https:\/\/ubucha.pl\/de\/wp-json\/wp\/v2\/comments?post=8672"}],"wp:featuredmedia":[{"embeddable":true,"href":"https:\/\/ubucha.pl\/de\/wp-json\/wp\/v2\/media\/9492"}],"wp:attachment":[{"href":"https:\/\/ubucha.pl\/de\/wp-json\/wp\/v2\/media?parent=8672"}],"wp:term":[{"taxonomy":"product_brand","embeddable":true,"href":"https:\/\/ubucha.pl\/de\/wp-json\/wp\/v2\/product_brand?post=8672"},{"taxonomy":"product_cat","embeddable":true,"href":"https:\/\/ubucha.pl\/de\/wp-json\/wp\/v2\/product_cat?post=8672"},{"taxonomy":"product_tag","embeddable":true,"href":"https:\/\/ubucha.pl\/de\/wp-json\/wp\/v2\/product_tag?post=8672"},{"taxonomy":"woo-feed-brand","embeddable":true,"href":"https:\/\/ubucha.pl\/de\/wp-json\/wp\/v2\/woo-feed-brand?post=8672"}],"curies":[{"name":"wp","href":"https:\/\/api.w.org\/{rel}","templated":true}]}}