{"id":8656,"date":"2025-10-01T11:15:03","date_gmt":"2025-10-01T09:15:03","guid":{"rendered":"https:\/\/ubucha.pl\/palacio-zel-do-masazu-z-konopi-z-kasztanowcem-600ml\/"},"modified":"2026-03-23T10:23:26","modified_gmt":"2026-03-23T09:23:26","slug":"palacio-hanf-massagegel-mit-rosskastanie-600ml","status":"publish","type":"product","link":"https:\/\/ubucha.pl\/de\/palacio-zel-do-masazu-z-konopi-z-kasztanowcem-600ml\/","title":{"rendered":"PALACIO Hanf-Massagegel mit Rosskastanie 600ml"},"content":{"rendered":"<h2>Palacio Cannabis - Massagegel mit Pferdesalbe 600 ml<\/h2>\n<p>Lernen Sie das einzigartige Massagegel der Marke kennen <strong>Palacio Cannabis<\/strong>, Das Gel mit Pferdesalbe und kaltgepresstem Hanf\u00f6l kombiniert die Kraft nat\u00fcrlicher Inhaltsstoffe, um Muskel- und Gelenkschmerzen zu lindern und die Erholung nach dem Sport zu unterst\u00fctzen. Dieses Gel mit Pferdesalbe und kaltgepresstem Hanf\u00f6l ist eine ausgezeichnete Wahl f\u00fcr alle, die eine wirksame und nat\u00fcrliche Unterst\u00fctzung f\u00fcr den Bewegungsapparat suchen.<\/p>\n<h3>Warum Palacio Cannabis-Gel mit Pferdesalbe w\u00e4hlen?<\/h3>\n<p>K\u00e4mpfen Sie mit Muskelverspannungen, Gelenkschmerzen oder einem Gef\u00fchl von Schwere in den Beinen? Diese <em>Massage-Gel<\/em> ist die Antwort auf Ihre Bed\u00fcrfnisse! Die einzigartige Kombination aus Pferdesalbe und Hanf\u00f6l sorgt f\u00fcr eine schnelle und effektive schmerzlindernde und entz\u00fcndungshemmende Wirkung.<\/p>\n<p>Au\u00dferdem enth\u00e4lt die Produktformel so viel wie <strong>95.1% von Zutaten nat\u00fcrlichen Ursprungs<\/strong>, mit wertvollem Rosskastanienextrakt, der die Blutgef\u00e4\u00dfe st\u00e4rkt und eine anti\u00f6demat\u00f6se Wirkung hat. Nat\u00fcrliches, kaltgepresstes Hanf\u00f6l pflegt die Haut, lindert Reizungen und f\u00f6rdert die Regeneration der Haut, macht das Gel geschmeidig und beruhigt.<\/p>\n<h3>Die wichtigsten Eigenschaften und Vorteile von Palacio Cannabis-Massagegel<\/h3>\n<ul>\n<li><strong>Intensive Regeneration<\/strong> - unterst\u00fctzt wirksam die Erholung der Muskeln nach dem Training.<\/li>\n<li><strong>Linderung von Schmerzen und Verspannungen<\/strong> - hat eine entz\u00fcndungshemmende und entspannende Wirkung auf Muskeln und Gelenke.<\/li>\n<li><strong>Verbesserung der Hautelastizit\u00e4t<\/strong> - Bei regelm\u00e4\u00dfiger Anwendung werden Elastizit\u00e4t und Komfort wiederhergestellt.<\/li>\n<li><strong>Schnelle Absorption<\/strong> - Das Gel zieht leicht ein, ohne einen fettigen Film zu hinterlassen.<\/li>\n<li><strong>Kardiovaskul\u00e4re Unterst\u00fctzung<\/strong> - Rosskastanienextrakt hilft, die Blutgef\u00e4\u00dfe abzudichten und Schwellungen zu reduzieren.<\/li>\n<li><strong>Dermatologisch getestet<\/strong> - sicher f\u00fcr die Haut, auch bei regelm\u00e4\u00dfiger Anwendung.<\/li>\n<\/ul>\n<h3>Wirkstoffe von Palacio Cannabis Gel<\/h3>\n<p>Die Gelformel basiert auf nat\u00fcrlichen Substanzen mit nachgewiesener Wirkung:<\/p>\n<table style=\"border-collapse: collapse; width: 100%;\" border=\"1\" cellspacing=\"0\" cellpadding=\"8\">\n<thead>\n<tr style=\"background-color: #f2f2f2;\">\n<th>Komponente<\/th>\n<th>Beschreibung und Betrieb<\/th>\n<\/tr>\n<\/thead>\n<tbody>\n<tr>\n<td>Kaltgepresstes Hanf\u00f6l<\/td>\n<td>Reich an Omega-3- und Omega-6-S\u00e4uren, Vitaminen A und B und Aminos\u00e4uren. Spendet Feuchtigkeit, n\u00e4hrt, hat eine entz\u00fcndungshemmende und regenerierende Wirkung.<\/td>\n<\/tr>\n<tr>\n<td>Rosskastanienextrakt<\/td>\n<td>Es st\u00e4rkt und verschlie\u00dft die Blutgef\u00e4\u00dfe, reduziert Schwellungen und wirkt entz\u00fcndungshemmend.<\/td>\n<\/tr>\n<tr>\n<td>Pferde-Salbe<\/td>\n<td>Bekannt f\u00fcr seine w\u00e4rmenden Eigenschaften und die Linderung von Muskelverspannungen und Gelenkschmerzen.<\/td>\n<\/tr>\n<tr>\n<td>Menthol<\/td>\n<td>Es hat eine k\u00fchlende und schmerzlindernde Wirkung und verschafft sofortige Linderung.<\/td>\n<\/tr>\n<tr>\n<td>Glyzerin<\/td>\n<td>Spendet intensiv Feuchtigkeit und gl\u00e4ttet die Haut.<\/td>\n<\/tr>\n<tr>\n<td>Eukalyptus\u00f6l<\/td>\n<td>F\u00f6rdert die Blutzirkulation und hat eine erfrischende Wirkung.<\/td>\n<\/tr>\n<tr>\n<td>Ausz\u00fcge aus seltenen Kr\u00e4utern und \u00e4therischen \u00d6len<\/td>\n<td>Dar\u00fcber hinaus pflegen und st\u00e4rken sie die Haut und verleihen ihr einen angenehmen Duft.<\/td>\n<\/tr>\n<\/tbody>\n<\/table>\n<h3>Wie wird das Palacio Cannabis-Massagegel verwendet?<\/h3>\n<p>Die Anwendung ist einfach und bequem. Tragen Sie einfach eine angemessene Menge des Gels auf schmerzhafte oder verspannte Bereiche wie Muskeln, Gelenke oder R\u00fccken auf und massieren Sie es sanft ein, bis es vollst\u00e4ndig eingezogen ist. Es wird empfohlen, das Gel regelm\u00e4\u00dfig aufzutragen, insbesondere nach k\u00f6rperlicher Anstrengung oder bei Unwohlsein.<\/p>\n<p>Dank seiner schnell einziehenden Formel hinterl\u00e4sst das Gel keinen \u00f6ligen Film, so dass Sie sich sofort nach der Massage anziehen k\u00f6nnen.<\/p>\n<h3>Zus\u00e4tzliche Informationen \u00fcber Sicherheit und Lagerung<\/h3>\n<ul>\n<li>Das Produkt ist nur zur \u00e4u\u00dferen Anwendung bestimmt.<\/li>\n<li>Kontakt mit Augen und Schleimh\u00e4uten vermeiden; falls das Produkt in die Augen gelangt, mit viel Wasser aussp\u00fclen.<\/li>\n<li>Nicht auf gereizter, besch\u00e4digter oder kranker Haut anwenden.<\/li>\n<li>Es wird empfohlen, vor der ersten Anwendung einen Sensibilisierungstest auf einer kleinen Hautpartie durchzuf\u00fchren.<\/li>\n<li>Trocken und k\u00fchl, vor W\u00e4rmequellen und direkter Sonneneinstrahlung gesch\u00fctzt lagern.<\/li>\n<li>Au\u00dferhalb der Reichweite von Kindern aufbewahren.<\/li>\n<li>Das Produkt ist nicht zum Verzehr bestimmt.<\/li>\n<li>Wenn allergische Reaktionen oder Reizungen auftreten, beenden Sie die Einnahme und suchen Sie einen Arzt auf.<\/li>\n<\/ul>\n<h3>Nutzerbewertungen<\/h3>\n<p>Obwohl es derzeit an Bewertungen mangelt, sch\u00e4tzen die Nutzer die Produkte von Palacio Cannabis wegen ihrer nat\u00fcrlichen Zusammensetzung, ihrer Wirksamkeit und ihrer angenehmen Anwendung. Das Pferdesalben-Gel wird oft f\u00fcr seine schnelle schmerzlindernde Wirkung und den Komfort nach dem Auftragen gelobt, was es zu einem idealen Produkt f\u00fcr k\u00f6rperlich aktive Menschen und solche macht, die mit chronischen Muskel- und Gelenkbeschwerden zu k\u00e4mpfen haben.<\/p>\n<h3>Beispiele f\u00fcr die Verwendung des Produkts<\/h3>\n<ul>\n<li>Linderung von Muskelkater nach intensivem Training oder k\u00f6rperlicher Arbeit.<\/li>\n<li>Linderung von Verspannungen und Steifheit in R\u00fccken und Gelenken.<\/li>\n<li>Unterst\u00fctzung der Anti-\u00d6dem- und Regenerationstherapie bei Schweregef\u00fchl in den Beinen.<\/li>\n<li>T\u00e4gliche Pflege f\u00fcr die Haut, die zus\u00e4tzliche Feuchtigkeit und Elastizit\u00e4t ben\u00f6tigt.<\/li>\n<\/ul>\n<h3>Zusammenfassung<\/h3>\n<p>Palacio Cannabis-Pferdesalbe und Hanf\u00f6l-Massagegel ist ein Produkt, das die Kraft der Natur mit einer modernen Formel verbindet, um eine umfassende Pflege und Linderung f\u00fcr Muskeln und Gelenke zu bieten. Seine nat\u00fcrliche Zusammensetzung, reich an aktiven Extrakten und \u00d6len, macht es zu einer ausgezeichneten Wahl f\u00fcr alle, die eine wirksame und sichere Unterst\u00fctzung f\u00fcr die t\u00e4gliche Regeneration und Hautpflege suchen.<\/p>\n<p>Entscheiden Sie sich f\u00fcr Palacio Cannabis Gel und sp\u00fcren Sie den Unterschied, den die nat\u00fcrliche Kraft von Hanf und Pferdesalbe ausmachen kann!<\/p>","protected":false},"excerpt":{"rendered":"<p>Entdecken Sie nat\u00fcrliche Linderung mit Palacio Cannabis Massage Gel mit Pferdesalbe und kaltgepresstem Hanf\u00f6l. Mit 95,1% nat\u00fcrlich gewonnenen Inhaltsstoffen lindert es effektiv Muskel-, Gelenk- und R\u00fcckenschmerzen und beschleunigt die Erholung nach dem Sport.<\/p>\n<p>Die mit Rosskastanienextrakt angereicherte Formel verbessert die Durchblutung und wirkt entz\u00fcndungshemmend, w\u00e4hrend die Pferdesalbe verspannte Muskeln entspannt. Die leichte Textur zieht leicht ein und hinterl\u00e4sst die Haut geschmeidig und gen\u00e4hrt.<\/p>\n<p>Ideal f\u00fcr den t\u00e4glichen Gebrauch - bringen Sie Ihrem K\u00f6rper noch heute Erleichterung und Komfort!<\/p>","protected":false},"featured_media":53401,"comment_status":"open","ping_status":"closed","template":"","meta":{"_acf_changed":false,"_gspb_post_css":""},"product_brand":[148],"product_cat":[334],"product_tag":[],"woo-feed-brand":[],"class_list":{"0":"post-8656","1":"product","2":"type-product","3":"status-publish","4":"has-post-thumbnail","6":"product_brand-palacio","7":"product_cat-zele","9":"first","10":"instock","11":"purchasable","12":"product-type-simple"},"ct_brands":[{"id":148,"name":"Palacio","slug":"palacio"}],"acf":[],"_links":{"self":[{"href":"https:\/\/ubucha.pl\/de\/wp-json\/wp\/v2\/product\/8656","targetHints":{"allow":["GET"]}}],"collection":[{"href":"https:\/\/ubucha.pl\/de\/wp-json\/wp\/v2\/product"}],"about":[{"href":"https:\/\/ubucha.pl\/de\/wp-json\/wp\/v2\/types\/product"}],"replies":[{"embeddable":true,"href":"https:\/\/ubucha.pl\/de\/wp-json\/wp\/v2\/comments?post=8656"}],"wp:featuredmedia":[{"embeddable":true,"href":"https:\/\/ubucha.pl\/de\/wp-json\/wp\/v2\/media\/53401"}],"wp:attachment":[{"href":"https:\/\/ubucha.pl\/de\/wp-json\/wp\/v2\/media?parent=8656"}],"wp:term":[{"taxonomy":"product_brand","embeddable":true,"href":"https:\/\/ubucha.pl\/de\/wp-json\/wp\/v2\/product_brand?post=8656"},{"taxonomy":"product_cat","embeddable":true,"href":"https:\/\/ubucha.pl\/de\/wp-json\/wp\/v2\/product_cat?post=8656"},{"taxonomy":"product_tag","embeddable":true,"href":"https:\/\/ubucha.pl\/de\/wp-json\/wp\/v2\/product_tag?post=8656"},{"taxonomy":"woo-feed-brand","embeddable":true,"href":"https:\/\/ubucha.pl\/de\/wp-json\/wp\/v2\/woo-feed-brand?post=8656"}],"curies":[{"name":"wp","href":"https:\/\/api.w.org\/{rel}","templated":true}]}}