{"id":8616,"date":"2025-10-01T11:14:52","date_gmt":"2025-10-01T09:14:52","guid":{"rendered":"https:\/\/ubucha.pl\/palacio-zel-do-masazu-z-konopi-flex-chlodzacy-380ml\/"},"modified":"2026-04-28T15:01:37","modified_gmt":"2026-04-28T13:01:37","slug":"palacio-hanf-flex-kuhlendes-massagegel-380ml","status":"publish","type":"product","link":"https:\/\/ubucha.pl\/de\/palacio-zel-do-masazu-z-konopi-flex-chlodzacy-380ml\/","title":{"rendered":"PALACIO Flex Hanf-Massage-Gel k\u00fchlend 380ml"},"content":{"rendered":"<h2>Palacio Cannabis Flex Gel Cooling 380 ml - Schnelle Linderung und nat\u00fcrliche Regeneration<\/h2>\n<p>Sind Sie auf der Suche nach einem wirksamen und nat\u00fcrlichen k\u00fchlenden Gel, um m\u00fcde Muskeln nach intensivem Training zu lindern? Palacio Cannabis Flex Gel ist ein innovatives Produkt, das f\u00fcr aktive Menschen entwickelt wurde, die eine schnelle Linderung und Regeneration ben\u00f6tigen. Die Formel des Gels basiert auf <strong>94.2% Zutaten nat\u00fcrlichen Ursprungs<\/strong>, auch auf den wertvollen <strong>kaltgepresstes Bio-Hanf\u00f6l<\/strong> und Menthol, so dass es sowohl k\u00fchlend als auch belebend wirkt.<\/p>\n<h3>Warum Palacio Flex Gel w\u00e4hlen?<\/h3>\n<p>Palacio Flex Gel ist nicht nur ein k\u00fchlendes Gel, sondern auch ein echter Verb\u00fcndeter im Kampf gegen Muskelschmerzen und Gelenksteifheit. Wissen Sie, was dieses Produkt von den anderen abhebt?<\/p>\n<ul>\n<li><strong>Die nat\u00fcrliche Kraft von Hanf und 19 Kr\u00e4utern:<\/strong> Das Gel enth\u00e4lt eine einzigartige Mischung aus Extrakten von 19 Kr\u00e4utern, die die Regeneration f\u00f6rdern, Verspannungen lindern und die Regeneration beschleunigen.<\/li>\n<li><strong>Wirksame K\u00fchlwirkung:<\/strong> Menthol und Kampfer sorgen f\u00fcr ein Gef\u00fchl der Frische, das M\u00fcdigkeit und Unwohlsein schnell vertreibt.<\/li>\n<li><strong>Unterst\u00fctzung nach dem Training:<\/strong> Flex Gel ist ideal f\u00fcr die Massage der Muskeln nach dem Training und eignet sich auch hervorragend als Alternative zu herk\u00f6mmlichen K\u00fchlpacks bei Verletzungen.<\/li>\n<li><strong>Dermatologisch getestet:<\/strong> Sicher f\u00fcr die Haut, auch f\u00fcr empfindliche Haut, ohne Risiko von Irritationen.<\/li>\n<\/ul>\n<h3>Produktzusammensetzung - nat\u00fcrliche Kraft in jedem Tropfen<\/h3>\n<p>Palacio Flex Gel ist eine harmonische Kombination von Inhaltsstoffen, die zusammenwirken, um den Komfort von Muskeln und Haut zu verbessern:<\/p>\n<table style=\"border-collapse: collapse; width: 100%; max-width: 600px;\" border=\"1\" cellspacing=\"0\" cellpadding=\"8\">\n<thead>\n<tr>\n<th>Komponente<\/th>\n<th>Beschreibung und Vorteile<\/th>\n<\/tr>\n<\/thead>\n<tbody>\n<tr>\n<td>Kaltgepresstes Hanf\u00f6l<\/td>\n<td>Es ist reich an Omega-3- und Omega-6-S\u00e4uren, Aminos\u00e4uren und den Vitaminen A und B und hat eine n\u00e4hrende und regenerierende Wirkung auf Haut und Muskeln.<\/td>\n<\/tr>\n<tr>\n<td>Glyzerin<\/td>\n<td>Spendet intensiv Feuchtigkeit, verhindert das Austrocknen der Haut und macht sie weich und geschmeidig.<\/td>\n<\/tr>\n<tr>\n<td>Kampfer<\/td>\n<td>Es f\u00f6rdert die Durchblutung, wirkt schmerzlindernd und entz\u00fcndungshemmend und verst\u00e4rkt die k\u00fchlende Wirkung.<\/td>\n<\/tr>\n<tr>\n<td>Menthol<\/td>\n<td>Es bietet sofortige Erfrischung und ein k\u00fchlendes Gef\u00fchl, das m\u00fcde Muskeln beruhigt.<\/td>\n<\/tr>\n<tr>\n<td>Auszug aus 19 Kr\u00e4utern<\/td>\n<td>Eine Kr\u00e4utermischung mit beruhigenden und st\u00e4rkenden Eigenschaften, die eine schnelle Muskelentspannung und -entlastung f\u00f6rdert.<\/td>\n<\/tr>\n<tr>\n<td>\u00c4therisches \u00d6l der Kiefer<\/td>\n<td>Es wirkt beruhigend und entspannend und unterst\u00fctzt den Regenerationsprozess.<\/td>\n<\/tr>\n<\/tbody>\n<\/table>\n<h3>Wie verwendet man Palacio Cannabis Flex Gel?<\/h3>\n<p>Schnelle Linderung und Erfrischung gef\u00e4llig? Hier erfahren Sie, wie Sie das Potenzial von Flex Gel optimal aussch\u00f6pfen k\u00f6nnen:<\/p>\n<ol>\n<li>Tragen Sie eine kleine Menge des Gels auf schmerzende oder erm\u00fcdete Muskel- und Gelenkbereiche auf.<\/li>\n<li>Sanft in kreisenden Bewegungen einmassieren, bis das Produkt vollst\u00e4ndig eingezogen ist.<\/li>\n<li>Nach Bedarf anwenden, insbesondere nach intensiver k\u00f6rperlicher Bet\u00e4tigung, um die Regeneration zu beschleunigen.<\/li>\n<li>Vermeiden Sie den Kontakt mit Augen und Schleimh\u00e4uten.<\/li>\n<\/ol>\n<p>Palacio Flex Gel eignet sich auch hervorragend f\u00fcr die Massage m\u00fcder F\u00fc\u00dfe nach einem anstrengenden Tag und sorgt f\u00fcr sp\u00fcrbare Erleichterung und Entspannung.<\/p>\n<h3>Sicherheit und Lagerung<\/h3>\n<p>Das Produkt ist nur zur \u00e4u\u00dferlichen Anwendung bestimmt. Vermeiden Sie den Kontakt mit den Augen und verwenden Sie es nicht auf besch\u00e4digter oder gereizter Haut. Vor der ersten Anwendung wird ein Sensibilisierungstest auf einer kleinen Hautpartie empfohlen. Beim Auftreten von Nebenwirkungen ist die Anwendung sofort abzubrechen und ein Arzt aufzusuchen.<\/p>\n<p>Trocken und k\u00fchl, fern von W\u00e4rmequellen und direkter Sonneneinstrahlung lagern. Au\u00dferhalb der Reichweite von Kindern aufbewahren.<\/p>\n<h3>Nutzerbewertungen<\/h3>\n<p>Kunden sch\u00e4tzen Palacio Cannabis Flex Gel f\u00fcr:<\/p>\n<ul>\n<li>Ein sofortiges k\u00fchlendes und beruhigendes Gef\u00fchl nach der Massage.<\/li>\n<li>Wirksame Schmerzlinderung nach dem Training und einem langen Arbeitstag.<\/li>\n<li>Nat\u00fcrliche Zusammensetzung und eine angenehme, leichte Textur, die schnell einzieht.<\/li>\n<li>Keine Reizung, auch nicht bei empfindlicher Haut.<\/li>\n<\/ul>\n<p>\u201eTolles Produkt! Ich sp\u00fcre sofortige Linderung bei Muskelkater, nachdem ich es benutzt habe. Ich w\u00fcrde es jedem empfehlen, der eine nat\u00fcrliche Unterst\u00fctzung f\u00fcr seinen K\u00f6rper sucht.\u201d - Anna K.<\/p>\n<h3>Zusammenfassung - Palacio Cannabis Flex Gel ist Ihr nat\u00fcrlicher Verb\u00fcndeter<\/h3>\n<p>Wenn Sie ein wirksames, nat\u00fcrliches K\u00fchlgel suchen, das schnell Linderung verschafft und die Muskelerholung beschleunigt, w\u00e4hlen Sie Palacio Cannabis Flex Gel 380 ml. Seine einzigartige Formel mit kaltgepresstem Hanf\u00f6l, Menthol und Extrakten aus 19 Kr\u00e4utern sorgt f\u00fcr eine k\u00fchlende, belebende und beruhigende Wirkung nach dem Sport. Dar\u00fcber hinaus ist das Produkt sicher f\u00fcr die Haut und leicht aufzutragen - perfekt f\u00fcr die t\u00e4gliche Pflege von Muskeln und m\u00fcden F\u00fc\u00dfen.<\/p>\n<p>Lassen Sie sich verw\u00f6hnen und pflegen Sie Ihren K\u00f6rper mit Palacio, einer Naturkosmetik f\u00fcr Gesundheit und Wohlbefinden.<\/p>","protected":false},"excerpt":{"rendered":"<p>Palacio Cannabis Flex Gel ist ein k\u00fchlendes Massagegel mit einem Fassungsverm\u00f6gen von 380 ml, angereichert mit nat\u00fcrlichem kaltgepresstem Hanf\u00f6l und Menthol. Dank seiner einzigartigen Formel mit einem Extrakt aus 19 Kr\u00e4utern, bringt es schnelle Linderung f\u00fcr m\u00fcde Muskeln und Gelenke nach dem Training.<\/p>\n<p>Das Gel hat eine k\u00fchlende und belebende Wirkung, beseitigt das Gef\u00fchl der M\u00fcdigkeit und f\u00f6rdert die Regeneration. Ideal f\u00fcr die Massage von schmerzenden K\u00f6rperteilen und m\u00fcden F\u00fc\u00dfen. Es enth\u00e4lt bis zu 94,2% Inhaltsstoffe nat\u00fcrlichen Ursprungs und ist dermatologisch getestet.<\/p>\n<p>Entscheiden Sie sich f\u00fcr Palacio Flex Gel und sp\u00fcren Sie schon nach der ersten Anwendung Frische und Erleichterung!<\/p>","protected":false},"featured_media":9552,"comment_status":"open","ping_status":"closed","template":"","meta":{"_acf_changed":false,"_gspb_post_css":"","rank_math_title":"","rank_math_description":"","rank_math_focus_keyword":"","rank_math_facebook_title":"","rank_math_facebook_description":"","rank_math_twitter_title":"","rank_math_twitter_description":""},"product_brand":[148],"product_cat":[334],"product_tag":[],"woo-feed-brand":[],"class_list":{"0":"post-8616","1":"product","2":"type-product","3":"status-publish","4":"has-post-thumbnail","6":"product_brand-palacio","7":"product_cat-zele","9":"first","10":"instock","11":"purchasable","12":"product-type-simple"},"ct_brands":[{"id":148,"name":"Palacio","slug":"palacio"}],"acf":[],"_links":{"self":[{"href":"https:\/\/ubucha.pl\/de\/wp-json\/wp\/v2\/product\/8616","targetHints":{"allow":["GET"]}}],"collection":[{"href":"https:\/\/ubucha.pl\/de\/wp-json\/wp\/v2\/product"}],"about":[{"href":"https:\/\/ubucha.pl\/de\/wp-json\/wp\/v2\/types\/product"}],"replies":[{"embeddable":true,"href":"https:\/\/ubucha.pl\/de\/wp-json\/wp\/v2\/comments?post=8616"}],"wp:featuredmedia":[{"embeddable":true,"href":"https:\/\/ubucha.pl\/de\/wp-json\/wp\/v2\/media\/9552"}],"wp:attachment":[{"href":"https:\/\/ubucha.pl\/de\/wp-json\/wp\/v2\/media?parent=8616"}],"wp:term":[{"taxonomy":"product_brand","embeddable":true,"href":"https:\/\/ubucha.pl\/de\/wp-json\/wp\/v2\/product_brand?post=8616"},{"taxonomy":"product_cat","embeddable":true,"href":"https:\/\/ubucha.pl\/de\/wp-json\/wp\/v2\/product_cat?post=8616"},{"taxonomy":"product_tag","embeddable":true,"href":"https:\/\/ubucha.pl\/de\/wp-json\/wp\/v2\/product_tag?post=8616"},{"taxonomy":"woo-feed-brand","embeddable":true,"href":"https:\/\/ubucha.pl\/de\/wp-json\/wp\/v2\/woo-feed-brand?post=8616"}],"curies":[{"name":"wp","href":"https:\/\/api.w.org\/{rel}","templated":true}]}}