{"id":8614,"date":"2025-10-01T11:14:52","date_gmt":"2025-10-01T09:14:52","guid":{"rendered":"https:\/\/ubucha.pl\/palacio-zel-do-masazu-z-konopi-380ml\/"},"modified":"2026-04-06T13:25:15","modified_gmt":"2026-04-06T11:25:15","slug":"palacio-hanf-massage-gel-380ml","status":"publish","type":"product","link":"https:\/\/ubucha.pl\/de\/palacio-zel-do-masazu-z-konopi-380ml\/","title":{"rendered":"PALACIO Hanf Massage K\u00fchlendes Gel 380 ml"},"content":{"rendered":"<h2>PALACIO Cannabis-Massagegel mit Hanf\u00f6l 380 ml<\/h2>\n<p>Entdecken Sie das nat\u00fcrliche Massagegel der Marke <strong>PALACIO Cannabis<\/strong>, das dank seiner einzigartigen Formel mit kaltgepresstem Hanf\u00f6l, Menthol, Kampfer und Kr\u00e4uterextrakten wie Rosskastanie und Rosmarin m\u00fcde Muskeln und Gelenke lindert.<\/p>\n<h3>Warum das Cannabis-Massagegel von PALACIO w\u00e4hlen?<\/h3>\n<p>Hatten Sie schon einmal Muskelschmerzen oder Gelenksteifheit nach intensivem Sport? Dieses nat\u00fcrliche Gel ist die ideale L\u00f6sung, die nicht nur die Beschwerden lindert, sondern auch die Genesung beschleunigt und die lokale Blutversorgung der Haut verbessert.<\/p>\n<p>Eine Formel, die auf so viel wie <strong>94.1% von Zutaten nat\u00fcrlichen Ursprungs<\/strong> garantiert eine sichere und wirksame Anwendung, auch bei der t\u00e4glichen Pflege.<\/p>\n<h3>Wichtige Produktmerkmale und Vorteile<\/h3>\n<ul>\n<li><strong>Kaltgepresstes Hanf\u00f6l (5%)<\/strong> - bekannt f\u00fcr seine n\u00e4hrenden und regenerierenden Eigenschaften, f\u00f6rdert die Muskelentspannung und erh\u00f6ht die Elastizit\u00e4t der Haut.<\/li>\n<li><strong>Menthol und Kampfer<\/strong> - haben eine erfrischende und k\u00fchlende Wirkung, die m\u00fcde Muskeln und Gelenke sofort entlastet.<\/li>\n<li><strong>Rosskastanien- und Rosmarinextrakt<\/strong> - die Durchblutung und die Geweberegeneration zu verbessern.<\/li>\n<li><strong>Leichte Absorption<\/strong> - Das Gel zieht schnell ein und hinterl\u00e4sst keinen fettigen Film, so dass es auch vor k\u00f6rperlicher Anstrengung bequem aufgetragen werden kann.<\/li>\n<li><strong>Beschleunigt die Erholung nach dem Training<\/strong> - reduziert das Gef\u00fchl schwerer Beine und Muskelsteifheit.<\/li>\n<li><strong>Dermatologisch getestet<\/strong> - sicher auch f\u00fcr empfindliche Haut, jedoch nicht f\u00fcr Kinder unter 3 Jahren empfohlen.<\/li>\n<\/ul>\n<h3>Zusammensetzung des Produkts<\/h3>\n<p>Das Gel enth\u00e4lt bis zu 94,1% Inhaltsstoffe nat\u00fcrlichen Ursprungs, darunter:<\/p>\n<ul>\n<li>5% kaltgepresstes Hanf\u00f6l<\/li>\n<li>Menthol<\/li>\n<li>Kampfer<\/li>\n<li>Rosskastanienextrakt<\/li>\n<li>Harzknochen-Extrakt<\/li>\n<li>Zus\u00e4tzliche nat\u00fcrliche pflanzliche Inhaltsstoffe zur F\u00f6rderung der Regeneration und der Blutzirkulation<\/li>\n<\/ul>\n<h3>Wie verwendet man PALACIO Cannabis-Gel?<\/h3>\n<p>Die Anwendung des Gels ist \u00e4u\u00dferst einfach und bequem. Tragen Sie eine kleine Menge des Produkts auf die Haut in Bereichen m\u00fcder Muskeln, Gelenke oder Sehnen auf. Massieren Sie es sanft ein, bis es vollst\u00e4ndig eingezogen ist. Das Gel kann sowohl vor als auch nach dem Sport verwendet werden, um Verspannungen zu l\u00f6sen und die Erholung zu beschleunigen.<\/p>\n<h3>Produktspezifikationen<\/h3>\n<table border=\"1\" cellspacing=\"0\" cellpadding=\"6\">\n<thead>\n<tr>\n<th>Eigenschaften<\/th>\n<th>Einzelheiten<\/th>\n<\/tr>\n<\/thead>\n<tbody>\n<tr>\n<td>Hersteller<\/td>\n<td>PALACIO<\/td>\n<\/tr>\n<tr>\n<td>Kapazit\u00e4t<\/td>\n<td>380 ml<\/td>\n<\/tr>\n<tr>\n<td>Gehalt an Hanf\u00f6l<\/td>\n<td>5%<\/td>\n<\/tr>\n<tr>\n<td>Prozentualer Anteil nat\u00fcrlicher Inhaltsstoffe<\/td>\n<td>94,1%<\/td>\n<\/tr>\n<tr>\n<td>Zweck<\/td>\n<td>Massage f\u00fcr erm\u00fcdete Muskeln, Gelenke und Sehnen<\/td>\n<\/tr>\n<tr>\n<td>Dermatologisch getestet<\/td>\n<td>Ja<\/td>\n<\/tr>\n<tr>\n<td>Warnungen<\/td>\n<td>Nicht bei Kindern unter 3 Jahren anwenden, Kontakt mit Augen und verletzter Haut vermeiden<\/td>\n<\/tr>\n<\/tbody>\n<\/table>\n<h3>Zus\u00e4tzliche Informationen<\/h3>\n<p>PALACIO Cannabis-Massage-Gel ist das perfekte Produkt f\u00fcr k\u00f6rperlich aktive Menschen, Sportler und alle, die t\u00e4glich mit Muskelverspannungen oder dem Gef\u00fchl schwerer Beine zu k\u00e4mpfen haben. Seine nat\u00fcrliche Formel auf der Basis von Hanf\u00f6l und Pflanzenextrakten sorgt f\u00fcr eine wirksame Linderung ohne das Risiko von Reizungen oder Sensibilisierung.<\/p>\n<p>Das Produkt eignet sich f\u00fcr die Massage des gesamten K\u00f6rpers, insbesondere f\u00fcr Bereiche, die eine intensive Regeneration und eine verbesserte Blutzirkulation ben\u00f6tigen. Dank seiner einfachen Anwendung und schnellen Absorption k\u00f6nnen Sie es sogar mehrmals t\u00e4glich f\u00fcr Komfort und Entspannung verwenden.<\/p>\n<h3>Sicherheit im Einsatz<\/h3>\n<ul>\n<li>Das Produkt ist nur zur \u00e4u\u00dferen Anwendung bestimmt.<\/li>\n<li>Vermeiden Sie den Kontakt mit Augen und Schleimh\u00e4uten - falls das Gel in die Augen gelangt, sp\u00fclen Sie sie sofort mit viel Wasser aus.<\/li>\n<li>Nicht auf gereizter, besch\u00e4digter oder kranker Haut anwenden.<\/li>\n<li>Trocken und k\u00fchl, vor W\u00e4rmequellen und direkter Sonneneinstrahlung gesch\u00fctzt lagern.<\/li>\n<li>Au\u00dferhalb der Reichweite von Kindern aufbewahren.<\/li>\n<li>Vor der ersten Anwendung wird ein Sensibilisierungstest auf einer kleinen Hautpartie empfohlen.<\/li>\n<li>Im Falle einer allergischen Reaktion oder einer Reizung ist die Einnahme sofort abzubrechen und ein Arzt aufzusuchen.<\/li>\n<\/ul>\n<h3>Nutzerbewertungen<\/h3>\n<p>Die Anwender sch\u00e4tzen PALACIO Cannabis-Gel wegen seiner nat\u00fcrlichen Zusammensetzung und seiner wirksamen schmerzlindernden und regenerierenden Wirkung. Viele betonen die schnelle k\u00fchlende Wirkung des Menthols und das erfrischende Gef\u00fchl, das nach einem anstrengenden Tag oder einem intensiven Training zur Entspannung beitr\u00e4gt.<\/p>\n<p>Die wiederholte Anwendung verbessert die Elastizit\u00e4t der Haut und verringert die Muskelsteifheit, wie die positiven Bewertungen und Empfehlungen zufriedener Kunden best\u00e4tigen.<\/p>\n<h3>Hinweise zur Lagerung und Verwendung<\/h3>\n<ul>\n<li>Lagern Sie das Gel bei Raumtemperatur und vermeiden Sie Bereiche, die Hitze und direktem Sonnenlicht ausgesetzt sind.<\/li>\n<li>Regelm\u00e4\u00dfige Anwendung f\u00fcr optimale Erholung und Schmerzlinderung.<\/li>\n<li>Ideal f\u00fcr die Anwendung nach k\u00f6rperlicher Bet\u00e4tigung, bei Massagen oder im Alltag, um Muskelverspannungen zu l\u00f6sen.<\/li>\n<\/ul>\n<p>Wenn Sie sich f\u00fcr PALACIO Cannabis-Massage-Gel entscheiden, investieren Sie in eine nat\u00fcrliche Pflege und wirksame Unterst\u00fctzung Ihres Bewegungsapparates mit der Kraft von Hanf\u00f6l und sorgf\u00e4ltig ausgew\u00e4hlten Pflanzenextrakten.<\/p>","protected":false},"excerpt":{"rendered":"<p>Entdecken Sie die nat\u00fcrliche Linderung mit Massagegel <strong>PALACIO Cannabis<\/strong> mit kaltgepresstem Hanf\u00f6l. Dieses leichte, schnell einziehende Gel enth\u00e4lt bis zu 94,1% nat\u00fcrlich gewonnene Inhaltsstoffe, darunter 5% Hanf\u00f6l sowie beruhigendes Menthol und Kampfer.<\/p>\n<p>Es ist ideal, um verspannte Muskeln und steife Gelenke zu beruhigen, beschleunigt die Regeneration nach dem Sport, verbessert die Blutzirkulation und sorgt f\u00fcr ein sofortiges Gef\u00fchl der Frische. Dar\u00fcber hinaus unterst\u00fctzt es die Elastizit\u00e4t der Haut und lindert das Gef\u00fchl schwerer Beine.<\/p>\n<p>W\u00e4hlen Sie nat\u00fcrliche Pflege, die funktioniert - siehe <strong>PALACIO Cannabis-Massage-Gel 380 ml<\/strong> und sp\u00fcren Sie den Unterschied noch heute!<\/p>","protected":false},"featured_media":9452,"comment_status":"open","ping_status":"closed","template":"","meta":{"_acf_changed":false,"_gspb_post_css":""},"product_brand":[148],"product_cat":[334],"product_tag":[],"woo-feed-brand":[],"class_list":{"0":"post-8614","1":"product","2":"type-product","3":"status-publish","4":"has-post-thumbnail","6":"product_brand-palacio","7":"product_cat-zele","9":"first","10":"instock","11":"purchasable","12":"product-type-simple"},"ct_brands":[{"id":148,"name":"Palacio","slug":"palacio"}],"acf":[],"_links":{"self":[{"href":"https:\/\/ubucha.pl\/de\/wp-json\/wp\/v2\/product\/8614","targetHints":{"allow":["GET"]}}],"collection":[{"href":"https:\/\/ubucha.pl\/de\/wp-json\/wp\/v2\/product"}],"about":[{"href":"https:\/\/ubucha.pl\/de\/wp-json\/wp\/v2\/types\/product"}],"replies":[{"embeddable":true,"href":"https:\/\/ubucha.pl\/de\/wp-json\/wp\/v2\/comments?post=8614"}],"wp:featuredmedia":[{"embeddable":true,"href":"https:\/\/ubucha.pl\/de\/wp-json\/wp\/v2\/media\/9452"}],"wp:attachment":[{"href":"https:\/\/ubucha.pl\/de\/wp-json\/wp\/v2\/media?parent=8614"}],"wp:term":[{"taxonomy":"product_brand","embeddable":true,"href":"https:\/\/ubucha.pl\/de\/wp-json\/wp\/v2\/product_brand?post=8614"},{"taxonomy":"product_cat","embeddable":true,"href":"https:\/\/ubucha.pl\/de\/wp-json\/wp\/v2\/product_cat?post=8614"},{"taxonomy":"product_tag","embeddable":true,"href":"https:\/\/ubucha.pl\/de\/wp-json\/wp\/v2\/product_tag?post=8614"},{"taxonomy":"woo-feed-brand","embeddable":true,"href":"https:\/\/ubucha.pl\/de\/wp-json\/wp\/v2\/woo-feed-brand?post=8614"}],"curies":[{"name":"wp","href":"https:\/\/api.w.org\/{rel}","templated":true}]}}