{"id":8612,"date":"2025-10-01T11:14:52","date_gmt":"2025-10-01T09:14:52","guid":{"rendered":"https:\/\/ubucha.pl\/palacio-zel-do-masazu-z-konopi-flex-cieply-380ml\/"},"modified":"2026-04-28T15:01:46","modified_gmt":"2026-04-28T13:01:46","slug":"palacio-hanf-flex-warmes-massagegel-380ml","status":"publish","type":"product","link":"https:\/\/ubucha.pl\/de\/palacio-zel-do-masazu-z-konopi-flex-cieply-380ml\/","title":{"rendered":"PALACIO Hanf Massage Gel Flex warm 380ml"},"content":{"rendered":"<h2>PALACIO Cannabis Flex - W\u00e4rmendes Massage-Gel 380 ml<\/h2>\n<p>Entdecken Sie die Kraft der nat\u00fcrlichen Pflege mit <strong>Palacio Cannabis Flex W\u00e4rmendes Massage-Gel<\/strong>, das dank 5% kaltgepresstem Hanf\u00f6l und Chili-Extrakt verspannte Muskeln und Gelenke wirksam w\u00e4rmt und entspannt.<\/p>\n<h3>Warum Palacio Cannabis Flex Gel w\u00e4hlen?<\/h3>\n<p>Sp\u00fcren Sie nach einem intensiven Training oder einem langen Tag Muskelverspannungen? Palacio Flex Gel wurde entwickelt, um Ihrem K\u00f6rper Linderung zu verschaffen und den Bewegungskomfort zu verbessern. Seine einzigartige Formel f\u00f6rdert die lokale Blutzirkulation, was zu einer schnelleren Erholung und einer Verringerung des Schweregef\u00fchls in den Beinen f\u00fchrt.<\/p>\n<p>Das Gel w\u00e4rmt nicht nur, sondern hat auch eine belebende Wirkung und lindert Steifheit im Skelettsystem. Au\u00dferdem zieht es schnell ein und hinterl\u00e4sst keinen Fettfilm, so dass Sie sich schnell wieder Ihren t\u00e4glichen Aktivit\u00e4ten widmen k\u00f6nnen.<\/p>\n<h3>Nat\u00fcrliche Inhaltsstoffe f\u00fcr maximale Wirksamkeit<\/h3>\n<p>Palacio Flex Gel ist so viel <strong>94.2% von Zutaten nat\u00fcrlichen Ursprungs<\/strong>. Zus\u00e4tzlich zu Hanf\u00f6l und Chili-Extrakt enth\u00e4lt das Gel:<\/p>\n<ul>\n<li>Sonnenblumen\u00f6l - ein ausgezeichneter Feuchtigkeitsspender und Conditioner f\u00fcr die Haut,<\/li>\n<li>Kampfer - bekannt f\u00fcr seine w\u00e4rmenden und schmerzlindernden Eigenschaften,<\/li>\n<li>Extrakt aus 19 sorgf\u00e4ltig ausgew\u00e4hlten Kr\u00e4utern, die eine beruhigende und regenerierende Wirkung haben,<\/li>\n<li>\u00c4therisches Kiefern\u00f6l - erfrischt und f\u00f6rdert die Muskelentspannung.<\/li>\n<\/ul>\n<h4>Produktzusammensetzung (INCI):<\/h4>\n<p><em>Oleum Cannabis Sativa Seed (5%), Capsicum Annuum Fruit Extract, Helianthus Annuus Seed Oil, Campher, Extrakte aus 19 Kr\u00e4utern, Pinus Sylvestris Oil und andere Inhaltsstoffe nat\u00fcrlichen Ursprungs.<\/em><\/p>\n<h3>Wie verwendet man das Palacio Cannabis Flex W\u00e4rmegel?<\/h3>\n<p>Tragen Sie das Gel \u00f6rtlich auf, indem Sie eine kleine Menge auf schmerzende oder beanspruchte Muskel- und Gelenkpartien auftragen. Massieren Sie es sanft ein, bis es vollst\u00e4ndig eingezogen ist. Das Gel ist ideal nach intensivem Sport oder wenn Sie das Bed\u00fcrfnis haben, Ihren K\u00f6rper zu entspannen.<\/p>\n<p><strong>Achtung!<\/strong> Das Produkt ist nur zur \u00e4u\u00dferlichen Anwendung bestimmt. Vermeiden Sie den Kontakt mit Augen und Schleimh\u00e4uten. Nicht auf besch\u00e4digter oder gereizter Haut anwenden.<\/p>\n<h3>Tabelle der wichtigsten Produktmerkmale<\/h3>\n<table style=\"border-collapse: collapse; width: 100%;\" border=\"1\" cellspacing=\"0\" cellpadding=\"8\">\n<thead>\n<tr>\n<th>Eigenschaften<\/th>\n<th>Einzelheiten<\/th>\n<\/tr>\n<\/thead>\n<tbody>\n<tr>\n<td>Kapazit\u00e4t<\/td>\n<td>380 ml<\/td>\n<\/tr>\n<tr>\n<td>Gehalt an Hanf\u00f6l<\/td>\n<td>5%<\/td>\n<\/tr>\n<tr>\n<td>Prozentualer Anteil nat\u00fcrlicher Inhaltsstoffe<\/td>\n<td>94,2%<\/td>\n<\/tr>\n<tr>\n<td>Aktion<\/td>\n<td>Erw\u00e4rmung, Linderung von Muskel- und Gelenksteifheit, Verbesserung der Blutzirkulation<\/td>\n<\/tr>\n<tr>\n<td>Aktive Bestandteile<\/td>\n<td>Hanf\u00f6l, Chili-Extrakt, Kampfer, Extrakt aus 19 Kr\u00e4utern, Kiefern\u00f6l<\/td>\n<\/tr>\n<tr>\n<td>Dermatologisch getestet<\/td>\n<td>Ja<\/td>\n<\/tr>\n<\/tbody>\n<\/table>\n<h3>Sicherheit und Empfehlungen f\u00fcr die Verwendung<\/h3>\n<p>Das Produkt wurde in \u00dcbereinstimmung mit den europ\u00e4ischen Kosmetikstandards (EG-Verordnung 1223\/2009) entwickelt, was seine Sicherheit garantiert. Wir empfehlen, vor der ersten Anwendung einen Allergietest durchzuf\u00fchren. Wenn eine Reizung oder eine allergische Reaktion auftritt, stellen Sie die Anwendung ein und suchen Sie einen Arzt auf.<\/p>\n<p>Lagern Sie das Gel an einem trockenen, k\u00fchlen Ort, vor direkter Sonneneinstrahlung gesch\u00fctzt und au\u00dferhalb der Reichweite von Kindern.<\/p>\n<h3>Nutzerbewertungen<\/h3>\n<p>Die Benutzer von Palacio Cannabis Flex Gel betonen seine Wirksamkeit bei der Linderung von Muskelschmerzen und seine bequeme, schnelle Aufnahme. Viele sch\u00e4tzen auch die nat\u00fcrliche Zusammensetzung und den angenehmen, zarten Duft von Kiefern- und Chili-\u00d6l, der das w\u00e4rmende Gef\u00fchl zus\u00e4tzlich unterst\u00fctzt.<\/p>\n<h3>Beispiele f\u00fcr die Verwendung des Produkts<\/h3>\n<ul>\n<li>Nach dem Sport f\u00fcr eine schnellere Erholung der Muskeln.<\/li>\n<li>Bei Muskelverspannungen, die durch langes Sitzen oder Stress verursacht werden.<\/li>\n<li>Wenn Sie nach einem Tag auf den Beinen schwere, m\u00fcde Beine haben.<\/li>\n<li>Zur Unterst\u00fctzung bei der Linderung von rheumatischen und Gelenkschmerzen.<\/li>\n<\/ul>\n<h3>Zus\u00e4tzliche Anleitung<\/h3>\n<p>Die regelm\u00e4\u00dfige Anwendung des Gels in Verbindung mit einer Massage erh\u00f6ht die Wirksamkeit und beschleunigt die Erholung der Muskeln. Vermeiden Sie die Anwendung auf offenen Wunden und konsultieren Sie bei starken Schmerzen Ihren Arzt.<\/p>\n<p>Investieren Sie in Ihre Gesundheit und Ihren Bewegungskomfort mit <strong>Palacio Cannabis Flex w\u00e4rmendes Massagegel<\/strong> - nat\u00fcrliche Unterst\u00fctzung f\u00fcr Ihre Muskeln und Gelenke!<\/p>","protected":false},"excerpt":{"rendered":"<p>PALACIO Cannabis Flex ist ein w\u00e4rmendes Massagegel mit einem Fassungsverm\u00f6gen von 380 ml, angereichert mit 5% kaltgepresstem Hanf\u00f6l und Chili-Extrakt. Dank seiner nat\u00fcrlichen Inhaltsstoffe (94,2% nat\u00fcrlichen Ursprungs) w\u00e4rmt es effektiv und f\u00f6rdert die Durchblutung der Haut, lindert Schmerzen und Verspannungen in Muskeln und Gelenken.<\/p>\n<p>Das Gel beschleunigt die Erholung nach dem Sport, wirkt entspannend, reduziert Steifheit und das Gef\u00fchl schwerer Beine. Es wird leicht absorbiert, ohne ein fettiges Gef\u00fchl zu hinterlassen. Ideal f\u00fcr die t\u00e4gliche Massage, bietet es Erleichterung und Komfort, um einen aktiven Lebensstil zu unterst\u00fctzen.<\/p>\n<p>Bestellen Sie jetzt und sp\u00fcren Sie die Kraft der nat\u00fcrlichen Erw\u00e4rmung mit der einzigartigen Formel von Palacio - schnell, effektiv und sicher!<\/p>","protected":false},"featured_media":9553,"comment_status":"open","ping_status":"closed","template":"","meta":{"_acf_changed":false,"_gspb_post_css":"","rank_math_title":"","rank_math_description":"","rank_math_focus_keyword":"","rank_math_facebook_title":"","rank_math_facebook_description":"","rank_math_twitter_title":"","rank_math_twitter_description":""},"product_brand":[148],"product_cat":[334],"product_tag":[],"woo-feed-brand":[],"class_list":{"0":"post-8612","1":"product","2":"type-product","3":"status-publish","4":"has-post-thumbnail","6":"product_brand-palacio","7":"product_cat-zele","9":"first","10":"instock","11":"purchasable","12":"product-type-simple"},"ct_brands":[{"id":148,"name":"Palacio","slug":"palacio"}],"acf":[],"_links":{"self":[{"href":"https:\/\/ubucha.pl\/de\/wp-json\/wp\/v2\/product\/8612","targetHints":{"allow":["GET"]}}],"collection":[{"href":"https:\/\/ubucha.pl\/de\/wp-json\/wp\/v2\/product"}],"about":[{"href":"https:\/\/ubucha.pl\/de\/wp-json\/wp\/v2\/types\/product"}],"replies":[{"embeddable":true,"href":"https:\/\/ubucha.pl\/de\/wp-json\/wp\/v2\/comments?post=8612"}],"wp:featuredmedia":[{"embeddable":true,"href":"https:\/\/ubucha.pl\/de\/wp-json\/wp\/v2\/media\/9553"}],"wp:attachment":[{"href":"https:\/\/ubucha.pl\/de\/wp-json\/wp\/v2\/media?parent=8612"}],"wp:term":[{"taxonomy":"product_brand","embeddable":true,"href":"https:\/\/ubucha.pl\/de\/wp-json\/wp\/v2\/product_brand?post=8612"},{"taxonomy":"product_cat","embeddable":true,"href":"https:\/\/ubucha.pl\/de\/wp-json\/wp\/v2\/product_cat?post=8612"},{"taxonomy":"product_tag","embeddable":true,"href":"https:\/\/ubucha.pl\/de\/wp-json\/wp\/v2\/product_tag?post=8612"},{"taxonomy":"woo-feed-brand","embeddable":true,"href":"https:\/\/ubucha.pl\/de\/wp-json\/wp\/v2\/woo-feed-brand?post=8612"}],"curies":[{"name":"wp","href":"https:\/\/api.w.org\/{rel}","templated":true}]}}