{"id":8610,"date":"2025-10-01T11:14:52","date_gmt":"2025-10-01T09:14:52","guid":{"rendered":"https:\/\/ubucha.pl\/palacio-zel-do-masazu-z-konopi-cannagel-250ml\/"},"modified":"2026-03-23T10:24:15","modified_gmt":"2026-03-23T09:24:15","slug":"palacio-cannagel-hanf-massage-gel-250ml","status":"publish","type":"product","link":"https:\/\/ubucha.pl\/de\/palacio-zel-do-masazu-z-konopi-cannagel-250ml\/","title":{"rendered":"PALACIO CANNAGEL Hanf-Massage-Gel 250ml"},"content":{"rendered":"<h2>Cannagel - Palacio Cannabis-Massagegel gegen Schmerzen und M\u00fcdigkeit 250 ml<\/h2>\n<p>Entdecken Sie die Kraft der nat\u00fcrlichen Regeneration mit dem Massage-Gel <strong>Palacio Cannabis Cannagel<\/strong>, die sorgf\u00e4ltig formuliert wurde, um Linderung von Muskel-, Gelenk- und Sehnenschmerzen zu bringen. Dieses leichte Gel zur \u00e4u\u00dferlichen Anwendung enth\u00e4lt bis zu 94,2% nat\u00fcrlich gewonnene Inhaltsstoffe, darunter 5% hochwertiges kaltgepresstes Hanf\u00f6l. Diese Kombination aus nat\u00fcrlichen Extrakten und Wirkstoffen bewirkt, dass eine Massage mit Cannagel nach k\u00f6rperlicher Anstrengung schnell beruhigt, erfrischt und die Regeneration unterst\u00fctzt.<\/p>\n<h3>Warum Cannagel Palacio Cannabis w\u00e4hlen?<\/h3>\n<p>Leiden Sie nach einem anstrengenden Tag unter Muskelschmerzen oder M\u00fcdigkeit? Cannagel ist die ideale L\u00f6sung, um diese Beschwerden zu lindern und Ihren Lebenskomfort zu verbessern. Dank des Hanf\u00f6ls und der Extrakte aus 19 Kr\u00e4utern hat das Produkt nicht nur eine schmerzlindernde, sondern auch eine belebende Wirkung. Die regelm\u00e4\u00dfige Anwendung des Gels lindert das Gef\u00fchl von schweren Beinen, w\u00e4rmt, verbessert die lokale Durchblutung und verleiht der Haut Elastizit\u00e4t. Dar\u00fcber hinaus zieht das Produkt schnell ein, ohne einen Fettfilm zu hinterlassen, was den Komfort der Anwendung erh\u00f6ht.<\/p>\n<h3>Wichtigste Produktmerkmale:<\/h3>\n<table style=\"border-collapse: collapse; width: 100%; max-width: 600px;\" border=\"1\" cellspacing=\"0\" cellpadding=\"8\">\n<thead>\n<tr style=\"background-color: #e0f7fa;\">\n<th>Eigenschaften<\/th>\n<th>Beschreibung<\/th>\n<\/tr>\n<\/thead>\n<tbody>\n<tr>\n<td>Prozentualer Anteil nat\u00fcrlicher Inhaltsstoffe<\/td>\n<td>94,2%<\/td>\n<\/tr>\n<tr>\n<td>Gehalt an Hanf\u00f6l<\/td>\n<td>5% kaltgepresstes Hanf\u00f6l<\/td>\n<\/tr>\n<tr>\n<td>Hauptaktion<\/td>\n<td>Regeneration, Linderung von Schmerzen und Erm\u00fcdung in Muskeln, Gelenken und Sehnen<\/td>\n<\/tr>\n<tr>\n<td>Aktive Bestandteile<\/td>\n<td>Hanf\u00f6l, Glycerin, Kampfer, Menthol, Extrakt aus 19 Kr\u00e4utern, \u00e4therisches Kiefern\u00f6l<\/td>\n<\/tr>\n<tr>\n<td>Konsistenz<\/td>\n<td>Das leichte Gel zieht schnell ein<\/td>\n<\/tr>\n<tr>\n<td>Verpackungsvolumen<\/td>\n<td>250 ml<\/td>\n<\/tr>\n<tr>\n<td>Dermatologisch getestet<\/td>\n<td>Ja<\/td>\n<\/tr>\n<\/tbody>\n<\/table>\n<h3>Inhaltsstoffe und ihre Vorteile<\/h3>\n<p>Cannagel enth\u00e4lt eine sorgf\u00e4ltig ausgew\u00e4hlte Mischung nat\u00fcrlicher Inhaltsstoffe, die zusammenwirken, um Ihrer Haut und Ihren Muskeln zu helfen:<\/p>\n<ul>\n<li><strong>Hanf\u00f6l (5%)<\/strong> - kaltgepresst, reich an Omega-3- und Omega-6-S\u00e4uren, Vitaminen A und B, wirkt stark regenerierend, feuchtigkeitsspendend und reizlindernd.<\/li>\n<li><strong>Glyzerin<\/strong> - spendet Feuchtigkeit, gl\u00e4ttet die Haut und sch\u00fctzt sie vor dem Austrocknen.<\/li>\n<li><strong>Kampfer<\/strong> - hat eine w\u00e4rmende und schmerzlindernde Wirkung und f\u00f6rdert die Durchblutung.<\/li>\n<li><strong>Menthol<\/strong> - gibt ein erfrischendes und k\u00fchlendes Gef\u00fchl und l\u00f6st Muskelverspannungen.<\/li>\n<li><strong>Auszug aus 19 Kr\u00e4utern<\/strong> - nat\u00fcrliche biologisch aktive Substanzen mit entz\u00fcndungshemmenden und schmerzlindernden Eigenschaften.<\/li>\n<li><strong>\u00c4therisches \u00d6l der Kiefer<\/strong> - f\u00f6rdert die Erfrischung der Haut und hat eine antiseptische Wirkung.<\/li>\n<\/ul>\n<h3>Wie verwendet man Cannagel Palacio Cannabis-Gel?<\/h3>\n<p>Die Anwendung des Produkts ist einfach und bequem. Tragen Sie einfach eine angemessene Menge des Gels auf die schmerzende oder erm\u00fcdete Stelle auf und massieren Sie es dann sanft ein, bis es vollst\u00e4ndig eingezogen ist. Eine regelm\u00e4\u00dfige Massage f\u00f6rdert die Durchblutung, lindert Muskelverspannungen und beschleunigt die Erholung nach dem Sport. Das Produkt ist nur f\u00fcr die \u00e4u\u00dfere Anwendung bestimmt.<\/p>\n<h3>Sicherheit und Lagerung<\/h3>\n<p>Cannagel wurde in \u00dcbereinstimmung mit den europ\u00e4ischen Sicherheitsstandards (EG-Verordnung 1223\/2009) entwickelt und ist dermatologisch getestet. Das Produkt sollte nur auf intakte, gesunde Haut aufgetragen werden, wobei der Kontakt mit Augen und Schleimh\u00e4uten zu vermeiden ist. Falls es in die Augen gelangt, sofort mit viel Wasser aussp\u00fclen. Nicht auf gereizter oder gesch\u00e4digter Haut anwenden.<\/p>\n<p>Trocken und k\u00fchl, fern von W\u00e4rmequellen und direkter Sonneneinstrahlung lagern. Au\u00dferhalb der Reichweite von Kindern aufbewahren. Ein Sensibilisierungstest vor der ersten Anwendung wird empfohlen.<\/p>\n<h3>Nutzerbewertungen<\/h3>\n<p>Obwohl es noch keine offiziellen Bewertungen f\u00fcr das Produkt gibt, sch\u00e4tzen die Kunden das schnelle Einziehen des Gels, die ausgepr\u00e4gte schmerzlindernde Wirkung und die nat\u00fcrliche Zusammensetzung, die auch bei empfindlicher Haut keine Reizungen verursacht. Die Benutzer bemerken das angenehme erfrischende Gef\u00fchl nach der Massage und die Wirksamkeit bei schweren Beinen nach einem langen Tag.<\/p>\n<h3>Zus\u00e4tzliche Informationen und Antr\u00e4ge<\/h3>\n<p>Cannagel ist das ideale Produkt f\u00fcr k\u00f6rperlich aktive Menschen, Sportler und diejenigen, die t\u00e4glich mit Muskel- und Gelenkschmerzen zu k\u00e4mpfen haben. Es eignet sich perfekt als Unterst\u00fctzung nach einem Training, einem langen Spaziergang oder bei k\u00f6rperlich anstrengender Arbeit.<\/p>\n<p>Dank seiner nat\u00fcrlichen Inhaltsstoffe kann das Gel auch prophylaktisch verwendet werden, um Muskeln und Gelenke in guter Verfassung zu halten und Erm\u00fcdungs- und Spannungsgef\u00fchlen vorzubeugen.<\/p>\n<h3>Hinweise zur Lagerung und Verwendung<\/h3>\n<ul>\n<li>Lagern Sie das Produkt bei Raumtemperatur, an einem trockenen und schattigen Ort.<\/li>\n<li>Vermeiden Sie den Kontakt mit hohen Temperaturen und direkter Sonneneinstrahlung.<\/li>\n<li>F\u00fcr optimale Ergebnisse immer auf saubere, trockene Haut auftragen.<\/li>\n<li>Im Falle einer Allergie oder einer Reizung ist die Anwendung abzubrechen und ein Arzt aufzusuchen.<\/li>\n<\/ul>\n<p>Auswahl von <strong>Cannagel Palacio Cannabis<\/strong>, investieren Sie in nat\u00fcrliche Pflege und wirksame Linderung f\u00fcr m\u00fcde und schmerzende Muskeln und Gelenke. Bestellen Sie noch heute und erleben Sie die regenerierende Wirkung der Natur!<\/p>","protected":false},"excerpt":{"rendered":"<p>Cannagel Palacio Cannabis ist ein leichtes Massagegel mit 5% Hanf\u00f6l und Extrakten aus 19 Kr\u00e4utern, das Muskelschmerzen, Gelenkschmerzen und M\u00fcdigkeit wirksam lindert. Dank seiner nat\u00fcrlichen Inhaltsstoffe regeneriert es die Haut, verbessert die Durchblutung und beschleunigt die Erholung nach dem Sport.<\/p>\n<p>Das Gel zieht schnell ein, erfrischt und verleiht Elastizit\u00e4t und lindert das Gef\u00fchl schwerer Beine. Dermatologisch getestet, enth\u00e4lt das Produkt bis zu 94,2% Inhaltsstoffe nat\u00fcrlichen Ursprungs.<\/p>\n<p>Ideal f\u00fcr den t\u00e4glichen Gebrauch f\u00fcr aktive Menschen und diejenigen, die eine wirksame Linderung von Schmerzen und M\u00fcdigkeit ben\u00f6tigen. Bestellen Sie jetzt und sp\u00fcren Sie Linderung durch die Kraft der Natur!<\/p>","protected":false},"featured_media":9555,"comment_status":"open","ping_status":"closed","template":"","meta":{"_acf_changed":false,"_gspb_post_css":""},"product_brand":[148],"product_cat":[334],"product_tag":[],"woo-feed-brand":[],"class_list":{"0":"post-8610","1":"product","2":"type-product","3":"status-publish","4":"has-post-thumbnail","6":"product_brand-palacio","7":"product_cat-zele","9":"first","10":"instock","11":"purchasable","12":"product-type-simple"},"ct_brands":[{"id":148,"name":"Palacio","slug":"palacio"}],"acf":[],"_links":{"self":[{"href":"https:\/\/ubucha.pl\/de\/wp-json\/wp\/v2\/product\/8610","targetHints":{"allow":["GET"]}}],"collection":[{"href":"https:\/\/ubucha.pl\/de\/wp-json\/wp\/v2\/product"}],"about":[{"href":"https:\/\/ubucha.pl\/de\/wp-json\/wp\/v2\/types\/product"}],"replies":[{"embeddable":true,"href":"https:\/\/ubucha.pl\/de\/wp-json\/wp\/v2\/comments?post=8610"}],"wp:featuredmedia":[{"embeddable":true,"href":"https:\/\/ubucha.pl\/de\/wp-json\/wp\/v2\/media\/9555"}],"wp:attachment":[{"href":"https:\/\/ubucha.pl\/de\/wp-json\/wp\/v2\/media?parent=8610"}],"wp:term":[{"taxonomy":"product_brand","embeddable":true,"href":"https:\/\/ubucha.pl\/de\/wp-json\/wp\/v2\/product_brand?post=8610"},{"taxonomy":"product_cat","embeddable":true,"href":"https:\/\/ubucha.pl\/de\/wp-json\/wp\/v2\/product_cat?post=8610"},{"taxonomy":"product_tag","embeddable":true,"href":"https:\/\/ubucha.pl\/de\/wp-json\/wp\/v2\/product_tag?post=8610"},{"taxonomy":"woo-feed-brand","embeddable":true,"href":"https:\/\/ubucha.pl\/de\/wp-json\/wp\/v2\/woo-feed-brand?post=8610"}],"curies":[{"name":"wp","href":"https:\/\/api.w.org\/{rel}","templated":true}]}}