{"id":8592,"date":"2025-10-01T11:14:41","date_gmt":"2025-10-01T09:14:41","guid":{"rendered":"https:\/\/ubucha.pl\/palacio-zel-do-masazu-z-konopi-forte-w-tubie-200ml\/"},"modified":"2026-03-23T10:26:03","modified_gmt":"2026-03-23T09:26:03","slug":"palacio-hanf-forte-massage-gel-in-der-tube-200ml","status":"publish","type":"product","link":"https:\/\/ubucha.pl\/de\/palacio-zel-do-masazu-z-konopi-forte-w-tubie-200ml\/","title":{"rendered":"PALACIO Hanf Massage Gel Forte in der Tube 200ml"},"content":{"rendered":"<h2>Palacio Cannabis - Massage-Gel mit Hanf\u00f6l Forte 200 ml<\/h2>\n<p>Entdecken Sie die nat\u00fcrliche Kraft der Regeneration und Linderung mit Palacio Cannabis Forte Massage Gel, angereichert mit 5% kaltgepresstem Hanf\u00f6l und Extrakten aus 19 sorgf\u00e4ltig ausgew\u00e4hlten Kr\u00e4utern. Dieses Kr\u00e4utergel ist das perfekte Mittel, um m\u00fcde, steife Muskeln, Gelenke und Sehnen nach einem intensiven Training oder einem langen Tag zu beruhigen.<\/p>\n<h3>Was macht Palacio Cannabis Gel Forte so besonders?<\/h3>\n<p>Sind Sie auf der Suche nach einem Produkt, das nicht nur Schmerzen lindert, sondern auch die Genesung beschleunigt? Palacio Cannabis Forte ist ein Kosmetikprodukt, das dank einer Kombination aus Hanf\u00f6l, Menthol, Kampfer und einem reichhaltigen Extrakt aus 19 Kr\u00e4utern eine umfassende Wirkung auf Muskeln und Gelenke hat. Das Gel regeneriert intensiv, revitalisiert und verschafft ein Gef\u00fchl der Erleichterung, w\u00e4hrend es die Haut erfrischt und ihr Elastizit\u00e4t verleiht.<\/p>\n<p>Die Formel enth\u00e4lt bis zu 94,2% Inhaltsstoffe nat\u00fcrlichen Ursprungs, die eine hohe Wirksamkeit garantieren und gleichzeitig sicher f\u00fcr die Haut sind. Das Produkt wurde dermatologisch getestet, was seine Sanftheit auch f\u00fcr empfindliche Haut best\u00e4tigt.<\/p>\n<h3>Vorteile der Verwendung von Palacio Cannabis Forte Gel:<\/h3>\n<ul>\n<li>Beschleunigt die Erholung nach dem Sport und verringert das Gef\u00fchl der Muskel- und Gelenkerm\u00fcdung.<\/li>\n<li>Enth\u00e4lt 5% hochwertiges kaltgepresstes Hanf\u00f6l, das f\u00fcr seine beruhigenden und pflegenden Eigenschaften bekannt ist.<\/li>\n<li>Lindert Muskel- und R\u00fcckenverspannungen und f\u00f6rdert die Entspannung des Bewegungsapparats.<\/li>\n<li>Menthol und Kampfer haben eine k\u00fchlende und schmerzlindernde Wirkung, die schnell beruhigt.<\/li>\n<li>Ein Extrakt aus 19 Kr\u00e4utern unterst\u00fctzt auf nat\u00fcrliche Weise den Regenerationsprozess und verbessert die Blutzirkulation.<\/li>\n<li>Es zieht leicht ein, ohne einen fettigen Film zu hinterlassen.<\/li>\n<li>Es befreit von schweren Beinen und unterst\u00fctzt den t\u00e4glichen Komfort.<\/li>\n<\/ul>\n<h3>Wirkstoffe in Palacio Cannabis Forte Gel:<\/h3>\n<table style=\"border-collapse: collapse; width: 100%; max-width: 600px;\" border=\"1\" cellspacing=\"0\" cellpadding=\"5\">\n<thead>\n<tr style=\"background-color: #f0f0f0;\">\n<th>Komponente<\/th>\n<th>Beschreibung und Betrieb<\/th>\n<\/tr>\n<\/thead>\n<tbody>\n<tr>\n<td>Hanf\u00f6l (5%)<\/td>\n<td>Ein nat\u00fcrliches, kaltgepresstes \u00d6l, das reich an Omega-3- und Omega-6-S\u00e4uren, Vitaminen A und B sowie Aminos\u00e4uren ist, die Haut und Muskeln n\u00e4hren und regenerieren.<\/td>\n<\/tr>\n<tr>\n<td>Menthol<\/td>\n<td>Es hat eine k\u00fchlende und schmerzlindernde Wirkung und bringt sofortige Erleichterung f\u00fcr verspannte Muskeln.<\/td>\n<\/tr>\n<tr>\n<td>Kampfer<\/td>\n<td>Es regt den Blutkreislauf an, w\u00e4rmt und lindert Muskelschmerzen.<\/td>\n<\/tr>\n<tr>\n<td>Auszug aus 19 Kr\u00e4utern<\/td>\n<td>Eine nat\u00fcrliche Kr\u00e4utermischung mit entz\u00fcndungshemmenden, schmerzstillenden und belebenden Eigenschaften.<\/td>\n<\/tr>\n<tr>\n<td>\u00c4therisches \u00d6l der Kiefer<\/td>\n<td>Es verst\u00e4rkt die entz\u00fcndungshemmende und erfrischende Wirkung und verleiht einen angenehmen nat\u00fcrlichen Duft.<\/td>\n<\/tr>\n<tr>\n<td>Glyzerin<\/td>\n<td>Spendet Feuchtigkeit, macht die Haut weich und f\u00f6rdert die Hautregeneration.<\/td>\n<\/tr>\n<\/tbody>\n<\/table>\n<h3>Wie verwende ich das Massagegel von Palacio Cannabis Forte?<\/h3>\n<p>Sie fragen sich, wie Sie dieses Gel am besten nutzen k\u00f6nnen? Das ist ganz einfach! Tragen Sie eine kleine Menge des Gels auf den Bereich Ihres K\u00f6rpers auf, der Linderung ben\u00f6tigt - Muskeln, Gelenke oder Sehnen. Massieren Sie es sanft in kreisenden Bewegungen ein, bis es vollst\u00e4ndig eingezogen ist. Die besten Ergebnisse erzielen Sie, wenn Sie das Gel t\u00e4glich anwenden, insbesondere nach dem Sport oder einem langen Tag im Stehen.<\/p>\n<p>Dank seiner leichten Textur und seines schnellen Einziehens hinterl\u00e4sst das Gel keinen klebrigen Film, so dass Sie Ihren t\u00e4glichen Aktivit\u00e4ten sofort wieder nachgehen k\u00f6nnen.<\/p>\n<h3>Sicherheit und Lagerung<\/h3>\n<ul>\n<li>Das Produkt ist nur zur \u00e4u\u00dferen Anwendung bestimmt.<\/li>\n<li>Kontakt mit Augen und Schleimh\u00e4uten vermeiden - mit viel Wasser aussp\u00fclen, falls es in die Augen gelangt.<\/li>\n<li>Nicht auf gereizter, besch\u00e4digter oder kranker Haut anwenden.<\/li>\n<li>Trocken und k\u00fchl, vor W\u00e4rmequellen und direkter Sonneneinstrahlung gesch\u00fctzt lagern.<\/li>\n<li>Au\u00dferhalb der Reichweite von Kindern aufbewahren.<\/li>\n<li>Es wird empfohlen, vor der ersten Anwendung einen Sensibilisierungstest auf einer kleinen Hautpartie durchzuf\u00fchren.<\/li>\n<li>Im Falle einer allergischen Reaktion oder einer Reizung ist die Einnahme abzubrechen und ein Arzt aufzusuchen.<\/li>\n<\/ul>\n<h3>Nutzerbewertungen<\/h3>\n<p>Obwohl Palacio Cannabis Forte Gel noch keine offiziellen Bewertungen in unserem Shop hat, sch\u00e4tzen die Benutzer es f\u00fcr seine nat\u00fcrliche Zusammensetzung, seine Wirksamkeit bei der Linderung von Muskelschmerzen und sein angenehmes k\u00fchlendes und erfrischendes Gef\u00fchl. Viele Kunden heben auch seine schnelle Absorption und das Fehlen eines Fettfilms hervor, was es ideal f\u00fcr den t\u00e4glichen Gebrauch macht.<\/p>\n<h3>Zus\u00e4tzliche Informationen und Antr\u00e4ge<\/h3>\n<p>Palacio Cannabis Forte Massage-Gel ist ein vielseitiges Produkt, das sowohl f\u00fcr k\u00f6rperlich aktive Menschen und Sportler als auch f\u00fcr diejenigen geeignet ist, die t\u00e4glich Beschwerden in ihren Muskeln und Gelenken haben. Es eignet sich hervorragend f\u00fcr die Massage nach dem Training, um die Regeneration zu beschleunigen und um Muskelverspannungen zu l\u00f6sen, die durch Stress oder langes Stehen in einer Position verursacht werden.<\/p>\n<p>Dank seiner nat\u00fcrlichen Inhaltsstoffe kann das Gel auch als Unterst\u00fctzung bei der t\u00e4glichen Hautpflege verwendet werden, indem es Feuchtigkeit, Elastizit\u00e4t und ein gesundes Aussehen unterst\u00fctzt. Die Produkte von Palacio Cannabis sind die ideale Wahl f\u00fcr alle, die Wert auf nat\u00fcrliche, sichere und wirksame kosmetische L\u00f6sungen legen.<\/p>\n<h3>Zusammenfassung<\/h3>\n<p>Palacio Cannabis - Massage Gel mit Hanf\u00f6l Forte 200 ml ist ein Muss in jeder Hausapotheke und Schminktasche. Dank seiner einzigartigen Formel, die reich an nat\u00fcrlichen Inhaltsstoffen ist, darunter 5% Hanf\u00f6l, bringt es Linderung f\u00fcr m\u00fcde Muskeln und Gelenke, beschleunigt die Regeneration und erfrischt die Haut. Bei regelm\u00e4\u00dfiger Anwendung unterst\u00fctzt es die Gesundheit des Bewegungsapparates und verbessert das t\u00e4gliche Wohlbefinden.<\/p>\n<p>Investieren Sie in die nat\u00fcrliche Kraft von Cannabis und sp\u00fcren Sie den Unterschied mit Palacio Cannabis Forte!<\/p>","protected":false},"excerpt":{"rendered":"<p>Palacio Cannabis Forte ist ein intensives Massagegel mit 5%-Hanf\u00f6l, Menthol und Kampfer, das schnell Linderung bei Muskel-, Gelenk- und Sehnenschmerzen verschafft.<\/p>\n<p>Die nat\u00fcrliche Formel mit einem Extrakt aus 19 Kr\u00e4utern und 94,2% nat\u00fcrlich gewonnenen Inhaltsstoffen l\u00f6st wirksam Verspannungen und beschleunigt die Erholung nach dem Sport.<\/p>\n<p>Die leichte Textur zieht schnell ein, erfrischt und verleiht der Haut Elastizit\u00e4t und mindert das Gef\u00fchl schwerer Beine. Dermatologisch getestetes Produkt - ideal f\u00fcr die t\u00e4gliche Anwendung.<\/p>\n<p>Bestellen Sie noch heute und sp\u00fcren Sie die nat\u00fcrliche Kraft von Cannabis, um Schmerzen und M\u00fcdigkeit zu bek\u00e4mpfen!<\/p>","protected":false},"featured_media":9557,"comment_status":"open","ping_status":"closed","template":"","meta":{"_acf_changed":false,"_gspb_post_css":""},"product_brand":[148],"product_cat":[334],"product_tag":[],"woo-feed-brand":[],"class_list":{"0":"post-8592","1":"product","2":"type-product","3":"status-publish","4":"has-post-thumbnail","6":"product_brand-palacio","7":"product_cat-zele","9":"first","10":"instock","11":"purchasable","12":"product-type-simple"},"ct_brands":[{"id":148,"name":"Palacio","slug":"palacio"}],"acf":[],"_links":{"self":[{"href":"https:\/\/ubucha.pl\/de\/wp-json\/wp\/v2\/product\/8592","targetHints":{"allow":["GET"]}}],"collection":[{"href":"https:\/\/ubucha.pl\/de\/wp-json\/wp\/v2\/product"}],"about":[{"href":"https:\/\/ubucha.pl\/de\/wp-json\/wp\/v2\/types\/product"}],"replies":[{"embeddable":true,"href":"https:\/\/ubucha.pl\/de\/wp-json\/wp\/v2\/comments?post=8592"}],"wp:featuredmedia":[{"embeddable":true,"href":"https:\/\/ubucha.pl\/de\/wp-json\/wp\/v2\/media\/9557"}],"wp:attachment":[{"href":"https:\/\/ubucha.pl\/de\/wp-json\/wp\/v2\/media?parent=8592"}],"wp:term":[{"taxonomy":"product_brand","embeddable":true,"href":"https:\/\/ubucha.pl\/de\/wp-json\/wp\/v2\/product_brand?post=8592"},{"taxonomy":"product_cat","embeddable":true,"href":"https:\/\/ubucha.pl\/de\/wp-json\/wp\/v2\/product_cat?post=8592"},{"taxonomy":"product_tag","embeddable":true,"href":"https:\/\/ubucha.pl\/de\/wp-json\/wp\/v2\/product_tag?post=8592"},{"taxonomy":"woo-feed-brand","embeddable":true,"href":"https:\/\/ubucha.pl\/de\/wp-json\/wp\/v2\/woo-feed-brand?post=8592"}],"curies":[{"name":"wp","href":"https:\/\/api.w.org\/{rel}","templated":true}]}}