{"id":8588,"date":"2025-10-01T11:14:41","date_gmt":"2025-10-01T09:14:41","guid":{"rendered":"https:\/\/ubucha.pl\/palacio-zel-do-masazu-z-konopi-cannacool-chlodzacy-w-tubie-200ml\/"},"modified":"2026-03-23T10:26:10","modified_gmt":"2026-03-23T09:26:10","slug":"palacio-cannacool-kuhlendes-massagegel-in-der-tube-200ml","status":"publish","type":"product","link":"https:\/\/ubucha.pl\/de\/palacio-zel-do-masazu-z-konopi-cannacool-chlodzacy-w-tubie-200ml\/","title":{"rendered":"PALACIO CANNACOOL k\u00fchlendes Hanf-Massagegel in der Tube 200ml"},"content":{"rendered":"<h2>Cannacool Palacio Cannabis-K\u00fchlgel 200 ml - Nat\u00fcrliche Linderung f\u00fcr m\u00fcde Muskeln<\/h2>\n<p>Haben Sie nach einem intensiven Training oder einem langen Tag Schmerzen oder Steifheit in Ihren Muskeln und Gelenken? K\u00fchlendes Gel <strong>Cannacool Palacio Cannabis<\/strong> ist die perfekte L\u00f6sung, die sofortige Linderung bringt und die Regeneration Ihres K\u00f6rpers unterst\u00fctzt. Dieses innovative Produkt kombiniert nat\u00fcrliche Inhaltsstoffe mit einer effektiven K\u00fchlwirkung, um Ihre Massage nicht nur angenehm, sondern auch effektiv zu gestalten.<\/p>\n<h3>Was macht das Cannacool Palacio Cannabis-K\u00fchlgel anders?<\/h3>\n<p>Cannacool Gel wurde f\u00fcr aktive Menschen und alle, die eine nat\u00fcrliche Hilfe bei Muskel-, Gelenk- oder R\u00fcckenschmerzen suchen, entwickelt. Es enth\u00e4lt so viel wie <strong>5% Hanfsamen\u00f6l<\/strong>, das f\u00fcr seine n\u00e4hrenden und regenerierenden Eigenschaften bekannt ist, sowie eine einzigartige Mischung aus Extrakten aus der <strong>19 Kr\u00e4uter<\/strong> und k\u00fchlendes Menthol, das sofort erfrischt und m\u00fcde K\u00f6rper beruhigt.<\/p>\n<p>Warum auf dieses Produkt setzen? Weil es so viel ist <strong>94.2% von Zutaten nat\u00fcrlichen Ursprungs<\/strong>, was nicht nur die Wirksamkeit, sondern auch die Sicherheit der Anwendung garantiert. Hanf\u00f6l ist reich an Omega-3- und Omega-6-S\u00e4uren, Vitaminen und Aminos\u00e4uren, die die nat\u00fcrliche Regeneration und Hydratation der Haut f\u00f6rdern und gleichzeitig Reizungen lindern.<\/p>\n<h3>Hauptmerkmale und Vorteile:<\/h3>\n<ul>\n<li><strong>K\u00fchlende Wirkung<\/strong> - bringt schnelle Erleichterung und Erfrischung nach Anstrengung oder Verletzung.<\/li>\n<li><strong>Wiederbelebungsma\u00dfnahmen<\/strong> - regeneriert m\u00fcde Muskeln und Gelenke und verbessert deren Beweglichkeit.<\/li>\n<li><strong>Unterst\u00fctzung des Muskel-Skelett-Systems<\/strong> - lindert Steifheit und Muskelverspannungen.<\/li>\n<li><strong>Alternative zum K\u00fchlpack<\/strong> - bequemen und praktischen Einsatz anstelle der traditionellen Methoden.<\/li>\n<li><strong>Hautpflege<\/strong> - Pflegt m\u00fcde F\u00fc\u00dfe und K\u00f6rper, macht die Haut geschmeidig und spendet ihr Feuchtigkeit.<\/li>\n<\/ul>\n<h3>Aktive Bestandteile<\/h3>\n<table style=\"border-collapse: collapse; width: 100%; max-width: 600px;\" border=\"1\" cellspacing=\"0\" cellpadding=\"8\">\n<thead>\n<tr style=\"background-color: #f0f0f0;\">\n<th>Komponente<\/th>\n<th>Beschreibung und Betrieb<\/th>\n<\/tr>\n<\/thead>\n<tbody>\n<tr>\n<td>Hanfsamen\u00f6l (5%)<\/td>\n<td>Sie ist eine nat\u00fcrliche Quelle von Omega-3- und Omega-6-S\u00e4uren sowie der Vitamine A und B, regeneriert und befeuchtet die Haut und lindert Reizungen.<\/td>\n<\/tr>\n<tr>\n<td>Menthol<\/td>\n<td>Es wirkt k\u00fchlend, erfrischend und beruhigt schmerzende Muskeln und Gelenke.<\/td>\n<\/tr>\n<tr>\n<td>Auszug aus 19 Kr\u00e4utern<\/td>\n<td>Nat\u00fcrliche Substanzen, die die Regeneration f\u00f6rdern, entz\u00fcndungshemmend und entspannend wirken.<\/td>\n<\/tr>\n<tr>\n<td>Glyzerin<\/td>\n<td>Es hilft, die Haut mit Feuchtigkeit zu versorgen und sie vor dem Austrocknen zu bewahren.<\/td>\n<\/tr>\n<tr>\n<td>Kampfer<\/td>\n<td>F\u00f6rdert eine w\u00e4rmende und schmerzlindernde Wirkung und erh\u00f6ht die Durchblutung der Haut.<\/td>\n<\/tr>\n<tr>\n<td>\u00c4therisches \u00d6l der Kiefer<\/td>\n<td>Es verst\u00e4rkt die k\u00fchlende Wirkung und hat eine beruhigende Wirkung auf das Nervensystem der Haut.<\/td>\n<\/tr>\n<\/tbody>\n<\/table>\n<h3>Wie wird Cannacool K\u00fchlgel verwendet?<\/h3>\n<p>Die Anwendung des Gels ist \u00e4u\u00dferst einfach und bequem. Tragen Sie einfach eine kleine Menge des Produkts auf schmerzende oder m\u00fcde K\u00f6rperstellen auf - Muskeln, Gelenke, R\u00fccken oder F\u00fc\u00dfe. Massieren Sie das Gel sanft ein, bis es vollst\u00e4ndig eingezogen ist. Das Produkt kann nach k\u00f6rperlicher Anstrengung, Verletzungen oder als t\u00e4gliche Pflege f\u00fcr m\u00fcde K\u00f6rperteile verwendet werden. Das Gel kann auch anstelle von herk\u00f6mmlichen K\u00fchlkompressen verwendet werden.<\/p>\n<h3>Sicherheit im Einsatz<\/h3>\n<ul>\n<li>Das Produkt ist nur zur \u00e4u\u00dferen Anwendung bestimmt.<\/li>\n<li>Vermeiden Sie den Kontakt mit Augen und Schleimh\u00e4uten.<\/li>\n<li>Nicht auf gereizter oder gesch\u00e4digter Haut anwenden.<\/li>\n<li>Trocken, k\u00fchl, vor Licht und Kindern gesch\u00fctzt lagern.<\/li>\n<li>Bei allergischen Reaktionen ist die Einnahme abzubrechen und der Arzt zu konsultieren.<\/li>\n<\/ul>\n<h3>Zus\u00e4tzliche Informationen und praktische Tipps<\/h3>\n<p><strong>Beispiele f\u00fcr die Verwendung:<\/strong> Cannacool Gel ist das ideale Produkt f\u00fcr Sportler, Menschen, die Sport treiben, sowie f\u00fcr Menschen, die einen sitzenden Lebensstil f\u00fchren und unter Muskelverspannungen leiden. Es wirkt auch gut nach Verletzungen und als Teil einer t\u00e4glichen Erhaltungsmassage.<\/p>\n<p><strong>Erweiterte Zusammensetzung:<\/strong> Die Kombination von Hanf\u00f6l mit Extrakten aus 19 Kr\u00e4utern sowie Menthol und \u00e4therischen \u00d6len erzeugt eine umfassende Wirkung - k\u00fchlend, entz\u00fcndungshemmend, regenerierend und erfrischend.<\/p>\n<p><strong>Sicherheit und Qualit\u00e4t:<\/strong> Das Produkt wurde in \u00dcbereinstimmung mit den europ\u00e4ischen Kosmetikstandards entwickelt und ist frei von sch\u00e4dlichen Chemikalien und Parabenen. Die regelm\u00e4\u00dfige Anwendung bringt Linderung und unterst\u00fctzt die nat\u00fcrliche Regeneration von Haut und Muskeln.<\/p>\n<p><strong>Benutzerbewertungen:<\/strong> Die Kunden sch\u00e4tzen das Gel f\u00fcr seine schnelle k\u00fchlende Wirkung und seine angenehme, nicht fettende Textur, die leicht einzieht. Viele betonen, dass die Verwendung des Gels ihnen hilft, das Gef\u00fchl von M\u00fcdigkeit und Anspannung nach einem langen Tag zu verringern.<\/p>\n<p><strong>Lagerung:<\/strong> Um die volle Wirksamkeit und Frische zu erhalten, wird empfohlen, das Produkt bei Raumtemperatur und vor direkter Sonneneinstrahlung und W\u00e4rmequellen gesch\u00fctzt zu lagern. Denken Sie daran, die Verpackung nach Gebrauch immer zu verschlie\u00dfen.<\/p>\n<p>Auswahl von <strong>Cannacool Palacio Cannabis-K\u00fchlgel 200 ml<\/strong>, Sie greifen nach einer nat\u00fcrlichen, wirksamen und sicheren Formel, die Ihnen hilft, f\u00fcr das Wohlbefinden und die Gesundheit Ihrer Muskeln und Gelenke zu sorgen. Entspannen Sie sich und lassen Sie Ihren K\u00f6rper sich erholen - mit Hilfe der Kraft der Natur, die in jeder Tube Cannacool enthalten ist.<\/p>","protected":false},"excerpt":{"rendered":"<p>Entdecken Sie die Kraft der nat\u00fcrlichen Frische mit Cannacool Palacio Cannabis Hanf K\u00fchlgel! Es enth\u00e4lt 5% Hanfsamen\u00f6l sowie Extrakte aus 19 Kr\u00e4utern und Menthol. Es reduziert effektiv M\u00fcdigkeit und lindert Muskel-, Gelenk- und R\u00fcckenschmerzen.<\/p>\n<p>Das Gel eignet sich hervorragend zum K\u00fchlen, Entspannen und Revitalisieren des K\u00f6rpers nach intensiver sportlicher Bet\u00e4tigung und verbessert die Beweglichkeit und den Komfort. Ideal f\u00fcr Massagen und als Ersatz f\u00fcr K\u00fchlpacks nach Verletzungen.<\/p>\n<p>Die nat\u00fcrliche Formel mit 94,2% pflanzlichen Inhaltsstoffen sorgt f\u00fcr eine sichere Pflege, die die Haut erfrischt und voller Vitalit\u00e4t l\u00e4sst.<\/p>\n<p>Bestellen Sie jetzt 200 ml Cannacool-Gel und sp\u00fcren Sie die Erleichterung, die Ihr K\u00f6rper braucht!<\/p>","protected":false},"featured_media":9554,"comment_status":"open","ping_status":"closed","template":"","meta":{"_acf_changed":false,"_gspb_post_css":"","rank_math_title":"","rank_math_description":"","rank_math_focus_keyword":"","rank_math_facebook_title":"","rank_math_facebook_description":"","rank_math_twitter_title":"","rank_math_twitter_description":""},"product_brand":[148],"product_cat":[334],"product_tag":[],"woo-feed-brand":[],"class_list":{"0":"post-8588","1":"product","2":"type-product","3":"status-publish","4":"has-post-thumbnail","6":"product_brand-palacio","7":"product_cat-zele","9":"first","10":"instock","11":"purchasable","12":"product-type-simple"},"ct_brands":[{"id":148,"name":"Palacio","slug":"palacio"}],"acf":[],"_links":{"self":[{"href":"https:\/\/ubucha.pl\/de\/wp-json\/wp\/v2\/product\/8588","targetHints":{"allow":["GET"]}}],"collection":[{"href":"https:\/\/ubucha.pl\/de\/wp-json\/wp\/v2\/product"}],"about":[{"href":"https:\/\/ubucha.pl\/de\/wp-json\/wp\/v2\/types\/product"}],"replies":[{"embeddable":true,"href":"https:\/\/ubucha.pl\/de\/wp-json\/wp\/v2\/comments?post=8588"}],"wp:featuredmedia":[{"embeddable":true,"href":"https:\/\/ubucha.pl\/de\/wp-json\/wp\/v2\/media\/9554"}],"wp:attachment":[{"href":"https:\/\/ubucha.pl\/de\/wp-json\/wp\/v2\/media?parent=8588"}],"wp:term":[{"taxonomy":"product_brand","embeddable":true,"href":"https:\/\/ubucha.pl\/de\/wp-json\/wp\/v2\/product_brand?post=8588"},{"taxonomy":"product_cat","embeddable":true,"href":"https:\/\/ubucha.pl\/de\/wp-json\/wp\/v2\/product_cat?post=8588"},{"taxonomy":"product_tag","embeddable":true,"href":"https:\/\/ubucha.pl\/de\/wp-json\/wp\/v2\/product_tag?post=8588"},{"taxonomy":"woo-feed-brand","embeddable":true,"href":"https:\/\/ubucha.pl\/de\/wp-json\/wp\/v2\/woo-feed-brand?post=8588"}],"curies":[{"name":"wp","href":"https:\/\/api.w.org\/{rel}","templated":true}]}}