{"id":8570,"date":"2025-10-01T11:14:41","date_gmt":"2025-10-01T09:14:41","guid":{"rendered":"https:\/\/ubucha.pl\/palacio-olejek-do-masazu-z-konopi-cannasex-150ml\/"},"modified":"2026-04-29T22:50:46","modified_gmt":"2026-04-29T20:50:46","slug":"palacio-cannasex-hanf-massageol-150ml","status":"publish","type":"product","link":"https:\/\/ubucha.pl\/de\/palacio-olejek-do-masazu-z-konopi-cannasex-150ml\/","title":{"rendered":"PALACIO Cannasex Hanf-Massage\u00f6l 150ml"},"content":{"rendered":"<h2>Palacio Cannasex - Hanf-Massage\u00f6l 150 ml<\/h2>\n<p>Entdecken Sie au\u00dfergew\u00f6hnliche Entspannung und tiefe Hautfeuchtigkeit mit dem Cannasex Massage\u00f6l von Palacio. Dieses einzigartige Produkt kombiniert die Kraft nat\u00fcrlicher \u00d6le, um die Haut zu pflegen, zu n\u00e4hren und zu regenerieren, und schenkt K\u00f6rper und Geist Gelassenheit. Suchen Sie nach einer M\u00f6glichkeit, sich selbst eine entspannende Massage zu g\u00f6nnen und gleichzeitig intensive Pflege zu leisten? Cannasex-\u00d6l ist die perfekte Wahl, um Sie in einen Zustand gl\u00fcckseliger Entspannung zu versetzen.<\/p>\n<h3>Eine nat\u00fcrliche, vegane Formel mit vielseitiger Wirkung<\/h3>\n<p>Cannasex Massage\u00f6l wurde f\u00fcr alle Hauttypen entwickelt, auch f\u00fcr empfindliche Haut. Die Formel des \u00d6ls basiert auf einer einzigartigen Kombination von nat\u00fcrlichen Inhaltsstoffen:<\/p>\n<ul>\n<li><strong>Hanf\u00f6l<\/strong> - wirkt als nat\u00fcrliches Emolliens, das die Hautbarriere wirksam unterst\u00fctzt und sie vor Feuchtigkeitsverlust sch\u00fctzt.<\/li>\n<li><strong>Mandel\u00f6l<\/strong> - Es ist bekannt f\u00fcr seine n\u00e4hrenden und feuchtigkeitsspendenden Eigenschaften und hilft der Haut, weich und geschmeidig zu bleiben.<\/li>\n<li><strong>Traubenkern\u00f6l<\/strong> - reich an Antioxidantien, die die Regeneration der Haut f\u00f6rdern und die Zeichen der Hautalterung verz\u00f6gern.<\/li>\n<li><strong>Oliven\u00f6l<\/strong> - Dar\u00fcber hinaus spendet sie Feuchtigkeit und n\u00e4hrt die Haut und verleiht ihr ein gesundes Strahlen.<\/li>\n<\/ul>\n<p>Dank dieser einzigartigen Mischung von Inhaltsstoffen entspannt das Cannasex-\u00d6l nicht nur perfekt w\u00e4hrend einer Massage, sondern spendet auch Feuchtigkeit, regeneriert und strafft die Haut und macht sie seidig glatt und gepflegt.<\/p>\n<h3>Warum Cannasex-Massage\u00f6l w\u00e4hlen?<\/h3>\n<p>Sie fragen sich vielleicht, welche Vorteile die regelm\u00e4\u00dfige Anwendung dieses \u00d6ls hat? Hier sind die wichtigsten Vorteile:<\/p>\n<ul>\n<li><strong>Entspannung und Entschleunigung<\/strong> - Die sanfte Formel des \u00d6ls f\u00f6rdert Ruhe und Entspannung nach einem anstrengenden Tag.<\/li>\n<li><strong>Unterst\u00fctzung f\u00fcr die Haut<\/strong> - Intensive Feuchtigkeitszufuhr und Regeneration f\u00fcr eine gesunde und geschmeidige Haut.<\/li>\n<li><strong>Dermatologisch getestetes Produkt<\/strong> - eine Garantie f\u00fcr die Sicherheit auch bei empfindlicher Haut.<\/li>\n<li><strong>Praktische Pumpenverpackung<\/strong> - einfache Anwendung und hygienische Dosierung des \u00d6ls.<\/li>\n<li><strong>Multifunktionalit\u00e4t<\/strong> - Perfekt f\u00fcr die t\u00e4gliche Anwendung nach dem Baden und auch als After-Sun-Pflege.<\/li>\n<\/ul>\n<h3>Anwendung - wie wird Cannasex-\u00d6l verwendet?<\/h3>\n<p>Das Cannasex-Massage\u00f6l ist einfach und angenehm in der Anwendung. Einfach eine kleine Menge des Produkts auf die Haut auftragen und sanft einmassieren, bis es vollst\u00e4ndig eingezogen ist.<\/p>\n<p>Ideal f\u00fcr die Ganzk\u00f6rpermassage - dank der sanften Formel und der feuchtigkeitsspendenden Eigenschaften besonders f\u00fcr die Massage im Intimbereich zu empfehlen. Sie k\u00f6nnen es auch t\u00e4glich nach dem Baden verwenden, um die Haut optimal zu pflegen und zu beruhigen.<\/p>\n<h3>Einzelheiten zum Produkt<\/h3>\n<table style=\"border-collapse: collapse; width: 100%; max-width: 600px;\" border=\"1\" cellspacing=\"0\" cellpadding=\"8\">\n<thead>\n<tr>\n<th>Merkmal<\/th>\n<th>Beschreibung<\/th>\n<\/tr>\n<\/thead>\n<tbody>\n<tr>\n<td>Marke<\/td>\n<td>Palacio<\/td>\n<\/tr>\n<tr>\n<td>Kapazit\u00e4t<\/td>\n<td>150 ml<\/td>\n<\/tr>\n<tr>\n<td>Formel<\/td>\n<td>Vegan, nat\u00fcrlich<\/td>\n<\/tr>\n<tr>\n<td>Aktive Bestandteile<\/td>\n<td>Hanf\u00f6l, Mandel\u00f6l, Traubenkern\u00f6l, Oliven\u00f6l<\/td>\n<\/tr>\n<tr>\n<td>Zweck<\/td>\n<td>F\u00fcr alle Hauttypen, auch f\u00fcr empfindliche Haut<\/td>\n<\/tr>\n<tr>\n<td>Dermatologische Tests<\/td>\n<td>Ja, bew\u00e4hrte Sicherheit<\/td>\n<\/tr>\n<tr>\n<td>Verpackung<\/td>\n<td>Flasche mit Pumpe<\/td>\n<\/tr>\n<\/tbody>\n<\/table>\n<h3>Inhaltsstoffe von Cannasex-Massage\u00f6l<\/h3>\n<p>Die gesamte Zusammensetzung von Cannasex-\u00d6l besteht aus sorgf\u00e4ltig ausgew\u00e4hlten nat\u00fcrlichen \u00d6len:<\/p>\n<ul>\n<li><em>Hanf\u00f6l<\/em> - reich an unges\u00e4ttigten Omega-3- und Omega-6-Fetts\u00e4uren sowie den Vitaminen A, E und B, die die Regeneration und den Schutz der Haut unterst\u00fctzen.<\/li>\n<li><em>Mandel\u00f6l<\/em> - ist f\u00fcr seine n\u00e4hrenden Eigenschaften bekannt und hat eine feuchtigkeitsspendende und weichmachende Wirkung.<\/li>\n<li><em>Traubenkern\u00f6l<\/em> - ein starkes Antioxidans, das hilft, freie Radikale zu bek\u00e4mpfen und die nat\u00fcrlichen Reparaturprozesse der Haut zu unterst\u00fctzen.<\/li>\n<li><em>Oliven\u00f6l<\/em> - spendet perfekt Feuchtigkeit, n\u00e4hrt und sch\u00fctzt vor negativen \u00e4u\u00dferen Einfl\u00fcssen.<\/li>\n<\/ul>\n<h3>Sicherheit und Lagerung<\/h3>\n<p>Cannasex-Massage\u00f6l ist ein Produkt, das nur zur \u00e4u\u00dferen Anwendung bestimmt ist. Um maximale Sicherheit bei der Anwendung zu gew\u00e4hrleisten, sollten Sie einige Regeln beachten:<\/p>\n<ul>\n<li>Vermeiden Sie den Kontakt mit Augen und Schleimh\u00e4uten. Sollte es in die Augen gelangen, sp\u00fclen Sie diese sofort mit viel Wasser aus.<\/li>\n<li>Nicht auf gereizter, besch\u00e4digter oder kranker Haut anwenden.<\/li>\n<li>Trocken und k\u00fchl, vor W\u00e4rmequellen und direkter Sonneneinstrahlung gesch\u00fctzt lagern.<\/li>\n<li>Au\u00dferhalb der Reichweite von Kindern aufbewahren.<\/li>\n<li>Vor der ersten Anwendung wird ein Sensibilisierungstest auf einer kleinen Hautpartie empfohlen.<\/li>\n<li>Wenn eine allergische Reaktion oder eine Reizung auftritt, brechen Sie die Einnahme ab und suchen Sie einen Arzt auf.<\/li>\n<\/ul>\n<h3>Nutzerbewertungen<\/h3>\n<p>Obwohl das Produkt noch keine Bewertung auf der Website hat, vertrauen Sie auf die nat\u00fcrliche Kraft der \u00d6le, die seit Jahrhunderten zur K\u00f6rperpflege verwendet werden. Benutzer sch\u00e4tzen besonders:<\/p>\n<ul>\n<li>Eine sanfte, aber wirksame \u00d6lformel.<\/li>\n<li>Einfache Anwendung dank einer praktischen Pumpe.<\/li>\n<li>Versorgt selbst trockene Haut sichtbar mit Feuchtigkeit und pflegt sie.<\/li>\n<li>Verbessert bei regelm\u00e4\u00dfiger Anwendung die Elastizit\u00e4t und Geschmeidigkeit der Haut.<\/li>\n<\/ul>\n<h3>Praktische Tipps und Anwendungsbeispiele<\/h3>\n<p>Cannasex-\u00d6l ist nicht nur ein Produkt f\u00fcr die Intimmassage - Sie werden seine vielseitigen Pflegeeigenschaften auch im Alltag nutzen:<\/p>\n<ul>\n<li>Nach dem Bad wird sie auf den ganzen K\u00f6rper aufgetragen, um die Haut mit Feuchtigkeit zu versorgen und zu regenerieren.<\/li>\n<li>Es eignet sich ideal als After-Sun-\u00d6l, das Reizungen lindert und die Regeneration der Haut unterst\u00fctzt.<\/li>\n<li>Sie k\u00f6nnen es bei entspannenden Massagen verwenden, um Ihre Muskeln zu entspannen und Ihren Geist zu beruhigen.<\/li>\n<\/ul>\n<p>Mit seinen sorgf\u00e4ltig ausgew\u00e4hlten nat\u00fcrlichen Inhaltsstoffen und seiner hautfreundlichen Rezeptur ist das Palacio Cannasex-Massage\u00f6l eine ausgezeichnete Wahl f\u00fcr alle, die eine nat\u00fcrliche Pflege und eine effektive Wirkung sch\u00e4tzen.<\/p>","protected":false},"excerpt":{"rendered":"<ul>\n<li>Cannasex Hanf-Massage\u00f6l \u2013 150 ml<\/li>\n<li>Hanf-, Mandel-, Traubenkern- und Oliven\u00f6l<\/li>\n<li>Vegane Formel \u2013 f\u00fcr alle Hauttypen<\/li>\n<li>Spendet Feuchtigkeit, n\u00e4hrt und unterst\u00fctzt die Hautelastizit\u00e4t<\/li>\n<li>Praktische Pumpenverpackung<\/li>\n<\/ul>","protected":false},"featured_media":9560,"comment_status":"open","ping_status":"closed","template":"","meta":{"_acf_changed":false,"_gspb_post_css":"","rank_math_title":"Palacio Cannasex \u2013 konopny olejek do masa\u017cu 150 ml | u Bucha","rank_math_description":"Konopny olejek do masa\u017cu Palacio Cannasex \u2013 150 ml. Olej konopny, migda\u0142owy, winogronowy i oliwa z oliwek. Wega\u0144ska formu\u0142a do ka\u017cdego rodzaju sk\u00f3ry.","rank_math_focus_keyword":"konopny olejek do masa\u017cu","rank_math_facebook_title":"Palacio Cannasex \u2013 konopny olejek do masa\u017cu 150 ml","rank_math_facebook_description":"Olej konopny, migda\u0142owy, winogronowy + oliwa z oliwek. 150 ml, wega\u0144ska formu\u0142a. Darmowa wysy\u0142ka od 49 z\u0142.","rank_math_twitter_title":"Palacio Cannasex 150 ml","rank_math_twitter_description":"Konopny olejek do masa\u017cu, wega\u0144ska formu\u0142a. 150 ml z pompk\u0105."},"product_brand":[148],"product_cat":[303],"product_tag":[],"woo-feed-brand":[],"class_list":{"0":"post-8570","1":"product","2":"type-product","3":"status-publish","4":"has-post-thumbnail","6":"product_brand-palacio","7":"product_cat-do-masazu","9":"first","10":"instock","11":"purchasable","12":"product-type-simple"},"ct_brands":[{"id":148,"name":"Palacio","slug":"palacio"}],"acf":[],"_links":{"self":[{"href":"https:\/\/ubucha.pl\/de\/wp-json\/wp\/v2\/product\/8570","targetHints":{"allow":["GET"]}}],"collection":[{"href":"https:\/\/ubucha.pl\/de\/wp-json\/wp\/v2\/product"}],"about":[{"href":"https:\/\/ubucha.pl\/de\/wp-json\/wp\/v2\/types\/product"}],"replies":[{"embeddable":true,"href":"https:\/\/ubucha.pl\/de\/wp-json\/wp\/v2\/comments?post=8570"}],"wp:featuredmedia":[{"embeddable":true,"href":"https:\/\/ubucha.pl\/de\/wp-json\/wp\/v2\/media\/9560"}],"wp:attachment":[{"href":"https:\/\/ubucha.pl\/de\/wp-json\/wp\/v2\/media?parent=8570"}],"wp:term":[{"taxonomy":"product_brand","embeddable":true,"href":"https:\/\/ubucha.pl\/de\/wp-json\/wp\/v2\/product_brand?post=8570"},{"taxonomy":"product_cat","embeddable":true,"href":"https:\/\/ubucha.pl\/de\/wp-json\/wp\/v2\/product_cat?post=8570"},{"taxonomy":"product_tag","embeddable":true,"href":"https:\/\/ubucha.pl\/de\/wp-json\/wp\/v2\/product_tag?post=8570"},{"taxonomy":"woo-feed-brand","embeddable":true,"href":"https:\/\/ubucha.pl\/de\/wp-json\/wp\/v2\/woo-feed-brand?post=8570"}],"curies":[{"name":"wp","href":"https:\/\/api.w.org\/{rel}","templated":true}]}}