{"id":8552,"date":"2025-10-01T11:14:27","date_gmt":"2025-10-01T09:14:27","guid":{"rendered":"https:\/\/ubucha.pl\/palacio-hemp-dent-pasta-do-zebow-z-konopi-75g\/"},"modified":"2026-04-29T22:50:04","modified_gmt":"2026-04-29T20:50:04","slug":"palacio-hanf-dent-zahnpasta-75g","status":"publish","type":"product","link":"https:\/\/ubucha.pl\/de\/palacio-hemp-dent-pasta-do-zebow-z-konopi-75g\/","title":{"rendered":"PALACIO HEMP &amp; DENT Zahnpasta mit Hanf 75g"},"content":{"rendered":"<h2>Hemp&amp;Dent Palacio Cannabis Zahnpasta 75 g - nat\u00fcrliche Zahnpflege mit der Kraft des Hanfs<\/h2>\n<p>Sind Sie auf der Suche nach einer Zahnpasta, die nicht nur Ihre Z\u00e4hne effektiv reinigt, sondern auch Ihr Zahnfleisch und Ihren Zahnschmelz pflegt? Hemp&amp;Dent Palacio Cannabis Zahnpasta ist das Produkt, das Ihre Bed\u00fcrfnisse erf\u00fcllt. Sie bietet eine nat\u00fcrliche Formel, die auf 97% nat\u00fcrlich gewonnenen Inhaltsstoffen und einzigartigem Hanf\u00f6l basiert. Wissen Sie, wie viele Vorteile eine mit Hanf\u00f6l angereicherte Zahnpasta im Alltag bringen kann? Finden Sie es noch heute heraus!<\/p>\n<h3>Die nat\u00fcrliche Kraft von Hanf\u00f6l und Wirkstoffen<\/h3>\n<p>Diese Hanfzahnpasta enth\u00e4lt 2% Hanf\u00f6l - ein Inhaltsstoff, der f\u00fcr seine pflegenden und st\u00e4rkenden Eigenschaften gesch\u00e4tzt wird. Hanf\u00f6l ist reich an Omega-3- und Omega-6-S\u00e4uren sowie an den Vitaminen A und B, die die Mundgesundheit unterst\u00fctzen, indem sie Reizungen lindern und helfen, das empfindliche Zahnfleischgewebe wieder aufzubauen.<\/p>\n<p>Dar\u00fcber hinaus finden Sie nat\u00fcrliche, den Zahnschmelz st\u00e4rkende Mineralien und sichere abrasive Inhaltsstoffe, die Plaque effektiv entfernen, ohne die Zahnstruktur anzugreifen. Die Zahnpasta enth\u00e4lt kein Fluorid und keine Peroxide und ist daher auch f\u00fcr Kinder ab 3 Jahren und alle, die eine nat\u00fcrliche Pflege ohne k\u00fcnstliche Zusatzstoffe sch\u00e4tzen, geeignet.<\/p>\n<h3>Die wichtigsten Vorteile der Hanf&amp;Dent Palacio Cannabis-Paste:<\/h3>\n<ul>\n<li>97% Inhaltsstoffe nat\u00fcrlichen Ursprungs - die pure Kraft der Natur in der t\u00e4glichen Zahnpflege<\/li>\n<li>2% Hanf\u00f6l - nat\u00fcrlicher Schutz und Regeneration des Zahnfleisches<\/li>\n<li>St\u00e4rkt den Zahnschmelz dank des Mineraliengehalts<\/li>\n<li>Entfernt Plaque sanft, aber effektiv<\/li>\n<li>Fluorid- und peroxidfrei - sicher f\u00fcr Kinder ab 3 Jahren<\/li>\n<li>Entz\u00fcndungshemmend und erfrischend dank Minze und Anis<\/li>\n<li>Frei von Parabenen und k\u00fcnstlichen Chemikalien<\/li>\n<\/ul>\n<h3>Inhaltsstoffe der Hanf&amp;Dent Palacio Cannabis-Zahnpasta<\/h3>\n<table style=\"border-collapse: collapse; width: 100%;\" border=\"1\" cellspacing=\"0\" cellpadding=\"5\">\n<thead>\n<tr>\n<th>Komponente<\/th>\n<th>Beschreibung und Merkmale<\/th>\n<\/tr>\n<\/thead>\n<tbody>\n<tr>\n<td>Hanf\u00f6l (2%)<\/td>\n<td>Es regeneriert und n\u00e4hrt das Zahnfleisch, wirkt entz\u00fcndungshemmend und st\u00e4rkt die nat\u00fcrliche Schutzbarriere des Mundes.<\/td>\n<\/tr>\n<tr>\n<td>Kalzium<\/td>\n<td>St\u00e4rkt den Zahnschmelz und beugt Karies und mechanischen Sch\u00e4den vor.<\/td>\n<\/tr>\n<tr>\n<td>Maisst\u00e4rke<\/td>\n<td>Ein nat\u00fcrlicher abrasiver Inhaltsstoff, der eine sanfte, aber effektive Reinigung der Z\u00e4hne erm\u00f6glicht.<\/td>\n<\/tr>\n<tr>\n<td>Pfefferminz\u00f6l<\/td>\n<td>Erfrischt den Atem und hat eine beruhigende Wirkung auf die Mundschleimh\u00e4ute.<\/td>\n<\/tr>\n<tr>\n<td>Anis\u00f6l<\/td>\n<td>F\u00f6rdert die Gesundheit des Zahnfleisches und verleiht ihm ein angenehmes, pflanzliches Aroma.<\/td>\n<\/tr>\n<tr>\n<td>Menthol<\/td>\n<td>Es hat eine k\u00fchlende Wirkung und erfrischt zus\u00e4tzlich den Atem.<\/td>\n<\/tr>\n<\/tbody>\n<\/table>\n<h3>Wie verwendet man die Hanf&amp;Dent Palacio Cannabis-Paste?<\/h3>\n<p>Die Anwendung der Palacio-Zahnpasta ist einfach und angenehm. Geben Sie eine kleine Menge der Paste auf Ihre Zahnb\u00fcrste und putzen Sie Ihre Z\u00e4hne gr\u00fcndlich mit sanft kreisenden Bewegungen. Es wird empfohlen, die Z\u00e4hne mindestens zweimal am Tag, morgens und abends, zu putzen. Die Zahnpasta ist f\u00fcr Kinder ab 3 Jahren geeignet - eine ausgezeichnete Wahl f\u00fcr die ganze Familie, die eine nat\u00fcrliche und wirksame Mundpflege w\u00fcnscht.<\/p>\n<h3>Sicherheit und Lagerung<\/h3>\n<p>Palacio Hemp&amp;Dent Zahnpasta wurde in \u00dcbereinstimmung mit den Anforderungen der EU-Verordnung (EG) Nr. 1223\/2009 \u00fcber kosmetische Mittel entwickelt und vermarktet. Das Produkt ist frei von Fluorid, Parabenen und anderen sch\u00e4dlichen Substanzen und daher auch f\u00fcr empfindliche Nutzer sicher.<\/p>\n<p>Lagern Sie die Paste an einem trockenen und k\u00fchlen Ort, fern von direktem Sonnenlicht und W\u00e4rmequellen. Au\u00dferhalb der Reichweite von Kindern aufbewahren. Beim Auftreten von Reizungen oder allergischen Reaktionen die Anwendung abbrechen und einen Arzt aufsuchen.<\/p>\n<h3>Nutzerbewertungen<\/h3>\n<p>Kunden, die die Hemp&amp;Dent Palacio Cannabis-Zahnpasta ausprobiert haben, loben ihre sanfte und dennoch effektive Wirkung und den angenehmen, nat\u00fcrlichen Minz- und Anisgeschmack. Sie betonen, dass die Zahnpasta ein lang anhaltendes Frischegef\u00fchl hinterl\u00e4sst und den Zustand des Zahnfleischs sp\u00fcrbar verbessert. Viele sch\u00e4tzen die nat\u00fcrliche Zusammensetzung und den Verzicht auf Fluorid, was sie zu einer idealen Wahl f\u00fcr die ganze Familie macht.<\/p>\n<h3>Zus\u00e4tzliche Informationen und Beispiele f\u00fcr die Verwendung<\/h3>\n<p>Hemp&amp;Dent Palacio Zahnpasta ist ideal f\u00fcr alle, die nat\u00fcrliche Produkte sch\u00e4tzen, die die Mundgesundheit ohne aggressive Chemikalien unterst\u00fctzen. Sie ist eine ausgezeichnete Wahl f\u00fcr Kinder und Erwachsene mit empfindlichem Zahnfleisch und f\u00fcr alle, die den Zahnschmelz auf nat\u00fcrliche Weise sch\u00fctzen und Karies vorbeugen wollen.<\/p>\n<p>Dank ihrer einzigartigen Formel mit Hanf\u00f6l reinigt die Paste nicht nur, sondern revitalisiert und pflegt auch das Zahnfleisch, was f\u00fcr die Erhaltung eines gesunden L\u00e4chelns \u00fcber Jahre hinweg \u00e4u\u00dferst wichtig ist.<\/p>\n<h3>Hinweise zur Lagerung und Verwendung<\/h3>\n<ul>\n<li>Bewahren Sie die Paste au\u00dferhalb der Reichweite von Kindern und bei Zimmertemperatur auf.<\/li>\n<li>Vermeiden Sie den Kontakt der Paste mit Ihren Augen. Wenn sie in die Augen gelangt, sp\u00fclen Sie sie sofort mit viel Wasser aus.<\/li>\n<li>Verwenden Sie die Paste nicht auf gereizten oder besch\u00e4digten Mundschleimh\u00e4uten.<\/li>\n<li>Es ist ratsam, vor der ersten Anwendung einen Sensibilisierungstest auf einer kleinen Hautpartie durchzuf\u00fchren.<\/li>\n<\/ul>\n<p>Entscheiden Sie sich f\u00fcr Hemp&amp;Dent Palacio Cannabis Zahnpasta und genie\u00dfen Sie jeden Tag ein nat\u00fcrliches, gesundes L\u00e4cheln!<\/p>","protected":false},"excerpt":{"rendered":"<ul>\n<li>971 \u00b5g\/l nat\u00fcrliche Inhaltsstoffe, 21 \u00b5g\/l Hanf\u00f6l<\/li>\n<li>St\u00e4rkt den Zahnschmelz, entfernt sanft Zahnbelag<\/li>\n<li>Frei von Fluorid, Parabenen und Peroxiden<\/li>\n<li>Nat\u00fcrliche Minz- und Anisaromen \u2013 f\u00fcr frischen Atem<\/li>\n<li>Geeignet f\u00fcr Kinder ab 3 Jahren und Erwachsene<\/li>\n<\/ul>","protected":false},"featured_media":9536,"comment_status":"open","ping_status":"closed","template":"","meta":{"_acf_changed":false,"_gspb_post_css":"","rank_math_title":"Pasta do z\u0119b\u00f3w konopna Palacio 75 g | u Bucha","rank_math_description":"Pasta do z\u0119b\u00f3w konopna Palacio Hemp&Dent 75 g \u2014 2% oleju z konopi, 97% naturalnych sk\u0142adnik\u00f3w, bez fluoru. Mi\u0119ta i any\u017c. Bezpieczna od 3 lat.","rank_math_focus_keyword":"pasta do z\u0119b\u00f3w konopna","rank_math_facebook_title":"Pasta do z\u0119b\u00f3w konopna Palacio Hemp&Dent 75 g","rank_math_facebook_description":"97% sk\u0142adnik\u00f3w naturalnych i 2% oleju konopnego. Bez fluoru, paraben\u00f3w i nadtlenk\u00f3w. Mi\u0119ta i any\u017c \u2014 od\u015bwie\u017caj\u0105 oddech. Bezpieczna od 3 lat.","rank_math_twitter_title":"Pasta konopna Palacio Hemp&Dent 75 g","rank_math_twitter_description":"2% oleju z konopi, 97% naturalnych sk\u0142adnik\u00f3w. Bez fluoru. Mi\u0119ta i any\u017c."},"product_brand":[148],"product_cat":[324],"product_tag":[],"woo-feed-brand":[],"class_list":{"0":"post-8552","1":"product","2":"type-product","3":"status-publish","4":"has-post-thumbnail","6":"product_brand-palacio","7":"product_cat-pasty","9":"first","10":"instock","11":"purchasable","12":"product-type-simple"},"ct_brands":[{"id":148,"name":"Palacio","slug":"palacio"}],"acf":[],"_links":{"self":[{"href":"https:\/\/ubucha.pl\/de\/wp-json\/wp\/v2\/product\/8552","targetHints":{"allow":["GET"]}}],"collection":[{"href":"https:\/\/ubucha.pl\/de\/wp-json\/wp\/v2\/product"}],"about":[{"href":"https:\/\/ubucha.pl\/de\/wp-json\/wp\/v2\/types\/product"}],"replies":[{"embeddable":true,"href":"https:\/\/ubucha.pl\/de\/wp-json\/wp\/v2\/comments?post=8552"}],"wp:featuredmedia":[{"embeddable":true,"href":"https:\/\/ubucha.pl\/de\/wp-json\/wp\/v2\/media\/9536"}],"wp:attachment":[{"href":"https:\/\/ubucha.pl\/de\/wp-json\/wp\/v2\/media?parent=8552"}],"wp:term":[{"taxonomy":"product_brand","embeddable":true,"href":"https:\/\/ubucha.pl\/de\/wp-json\/wp\/v2\/product_brand?post=8552"},{"taxonomy":"product_cat","embeddable":true,"href":"https:\/\/ubucha.pl\/de\/wp-json\/wp\/v2\/product_cat?post=8552"},{"taxonomy":"product_tag","embeddable":true,"href":"https:\/\/ubucha.pl\/de\/wp-json\/wp\/v2\/product_tag?post=8552"},{"taxonomy":"woo-feed-brand","embeddable":true,"href":"https:\/\/ubucha.pl\/de\/wp-json\/wp\/v2\/woo-feed-brand?post=8552"}],"curies":[{"name":"wp","href":"https:\/\/api.w.org\/{rel}","templated":true}]}}