{"id":8538,"date":"2025-10-01T11:15:14","date_gmt":"2025-10-01T09:15:14","guid":{"rendered":"https:\/\/ubucha.pl\/palacio-tiger-zel-do-masazu-z-konopi-380ml\/"},"modified":"2026-03-29T12:26:11","modified_gmt":"2026-03-29T10:26:11","slug":"palacio-tiger-hanf-massage-gel-380ml","status":"publish","type":"product","link":"https:\/\/ubucha.pl\/de\/palacio-tiger-zel-do-masazu-z-konopi-380ml\/","title":{"rendered":"PALACIO Tiger Hanf Massage Gel 380ml"},"content":{"rendered":"<h2>Palacio Cannabis Tiger Gel - Cremiges Massage-Gel 380 ml<\/h2>\n<p>Entdecken Sie das einzigartige cremige Massagegel <strong>Palacio Cannabis Tiger Gel<\/strong>, das die Tradition der asiatischen Medizin mit moderner Pflege verbindet. Dieses Produkt wurde f\u00fcr all jene entwickelt, die eine wirksame Linderung f\u00fcr strapazierte Muskeln und Gelenke und eine nat\u00fcrliche Regeneration nach dem Sport oder einem langen Tag suchen. Dank der hohen Konzentration an nat\u00fcrlichen Inhaltsstoffen (bis zu 94,3%) und der einzigartigen Zusammensetzung aus \u00e4therischen \u00d6len und Hanf\u00f6l ist Tiger Gel ein unverzichtbarer Bestandteil Ihrer t\u00e4glichen Pflege.<\/p>\n<h3>Warum Palacio Cannabis Tiger Gel w\u00e4hlen?<\/h3>\n<p>Leiden Sie unter Muskelverspannungen oder Gelenkbeschwerden? Dieses cremige Gel w\u00e4rmt, entspannt und regeneriert intensiv und bringt Linderung, wo Sie sie am meisten brauchen.<\/p>\n<ul>\n<li><strong>Nat\u00fcrliche Erw\u00e4rmung:<\/strong> Die Komposition aus Eukalyptus, Menthol, Kampfer, Pfefferminze, Zimtbl\u00e4ttern und anderen \u00d6len hilft, verspannte K\u00f6rperpartien schnell zu erw\u00e4rmen und zu entspannen.<\/li>\n<li><strong>Unterst\u00fctzung f\u00fcr Muskeln und Gelenke:<\/strong> Die Wirkstoffe helfen, rheumatische Schmerzen und posttraumatische Beschwerden zu lindern.<\/li>\n<li><strong>Aromatherapeutische Wirkung:<\/strong> Das Gel eignet sich auch hervorragend als Entspannungsmittel - auf die Brust aufgetragen, erleichtert es die Atmung und f\u00f6rdert einen besseren Schlaf.<\/li>\n<li><strong>Schnelle Absorption:<\/strong> Die leichte, cremig-gelige Textur erm\u00f6glicht ein effizientes und komfortables Auftragen, ohne zu kleben.<\/li>\n<li><strong>Sicherheit:<\/strong> Das Produkt ist dermatologisch getestet und enth\u00e4lt keine k\u00fcnstlichen Chemikalien oder Parabene.<\/li>\n<\/ul>\n<h3>Wirkstoffe - die Kraft der Natur in jeder Anwendung<\/h3>\n<p>Palacio Cannabis Tiger Gel enth\u00e4lt eine reichhaltige und sorgf\u00e4ltig ausgew\u00e4hlte Mischung von Inhaltsstoffen, die eine umfassende Wirkung auf Haut und Muskeln haben:<\/p>\n<table style=\"border-collapse: collapse; width: 100%;\" border=\"1\" cellspacing=\"0\" cellpadding=\"8\">\n<thead>\n<tr style=\"background-color: #f2f2f2;\">\n<th>Komponente<\/th>\n<th>Beschreibung des Vorgangs<\/th>\n<\/tr>\n<\/thead>\n<tbody>\n<tr>\n<td>Hanf\u00f6l<\/td>\n<td>Es ist reich an Omega-3- und Omega-6-S\u00e4uren sowie an den Vitaminen A und B und hat eine regenerierende, feuchtigkeitsspendende und entz\u00fcndungshemmende Wirkung.<\/td>\n<\/tr>\n<tr>\n<td>Glyzerin<\/td>\n<td>Versorgt die Haut intensiv mit Feuchtigkeit und verhindert Trockenheit und Schuppenbildung.<\/td>\n<\/tr>\n<tr>\n<td>Kampfer<\/td>\n<td>Es hat eine w\u00e4rmende Wirkung und lindert Muskel- und Gelenkschmerzen.<\/td>\n<\/tr>\n<tr>\n<td>Menthol<\/td>\n<td>Es hat eine erfrischende, k\u00fchlende und schmerzlindernde Wirkung und tr\u00e4gt zur Entspannung der Muskeln bei.<\/td>\n<\/tr>\n<tr>\n<td>Eukalyptus\u00f6l<\/td>\n<td>Es erleichtert die Atmung und hat eine antiseptische und entz\u00fcndungshemmende Wirkung.<\/td>\n<\/tr>\n<tr>\n<td>Chinesisches Zimtblatt\u00f6l<\/td>\n<td>Es regt die Durchblutung an, f\u00f6rdert die Erw\u00e4rmung und verbessert die Elastizit\u00e4t der Haut.<\/td>\n<\/tr>\n<tr>\n<td>Pfefferminz\u00f6l<\/td>\n<td>Es wirkt k\u00fchlend und hilft, die Muskeln zu entspannen.<\/td>\n<\/tr>\n<tr>\n<td>Nelkenblatt\u00f6l<\/td>\n<td>Es hat eine schmerzlindernde und antiseptische Wirkung.<\/td>\n<\/tr>\n<tr>\n<td>Cayeput\u00f6l<\/td>\n<td>Es regt den Kreislauf an, wirkt w\u00e4rmend und antiseptisch.<\/td>\n<\/tr>\n<\/tbody>\n<\/table>\n<h3>Wie verwendet man Palacio Cannabis Tiger Gel?<\/h3>\n<p>Die Anwendung des Gels ist \u00e4u\u00dferst einfach und bequem. Massieren Sie einfach eine kleine Menge des Produkts sanft in schmerzhafte oder verspannte K\u00f6rperregionen wie Muskeln oder Gelenke ein. Es kann je nach Bedarf wiederholt \u00fcber den Tag verteilt aufgetragen werden, um schnell Linderung zu verschaffen und den Bewegungskomfort zu verbessern. Das Produkt ist nicht f\u00fcr Kinder unter 3 Jahren geeignet und sollte nicht auf besch\u00e4digte oder gereizte Haut aufgetragen werden.<\/p>\n<h3>Sicherheit und Lagerung<\/h3>\n<p>Das Produkt ist nur zur \u00e4u\u00dferlichen Anwendung bestimmt. Vermeiden Sie den Kontakt mit Augen und Schleimh\u00e4uten - falls das Gel in die Augen gelangt, sp\u00fclen Sie es sofort mit reichlich Wasser aus. Lagern Sie das Gel an einem trockenen, k\u00fchlen Ort, fern von W\u00e4rmequellen und direkter Sonneneinstrahlung. Au\u00dferhalb der Reichweite von Kindern aufbewahren.<\/p>\n<h3>Nutzerbewertungen<\/h3>\n<p>Die Benutzer sch\u00e4tzen Palacio Cannabis Tiger Gel f\u00fcr seine Wirksamkeit bei der Linderung von Muskelkater nach dem Training und seine w\u00e4rmende Wirkung, die ihnen hilft, sich zu entspannen und schneller zu erholen. Viele heben auch das angenehme, nat\u00fcrliche Aroma und die schnelle Absorption des Produkts hervor, was es bequem f\u00fcr den t\u00e4glichen Gebrauch macht.<\/p>\n<h3>Beispiele f\u00fcr die Verwendung des Produkts<\/h3>\n<ul>\n<li>Erleichterung nach anstrengenden \u00dcbungen - Massage der Bein-, R\u00fccken- oder Armmuskulatur<\/li>\n<li>Unterst\u00fctzung f\u00fcr Menschen, die unter rheumatischen Schmerzen und Gelenkbelastungen leiden<\/li>\n<li>Entspannende Aromatherapie-Massage vor dem Schlafengehen - die Anwendung auf der Brust unterst\u00fctzt die Atmung<\/li>\n<li>T\u00e4gliche Pflege f\u00fcr regenerations- und feuchtigkeitsbed\u00fcrftige Haut dank Hanf\u00f6l<\/li>\n<\/ul>\n<h3>Zus\u00e4tzliche Anleitung<\/h3>\n<p>Wir empfehlen, vor der ersten Anwendung einen Sensibilisierungstest auf einer kleinen Hautpartie durchzuf\u00fchren, um die individuelle Vertr\u00e4glichkeit des Produkts festzustellen. Sollten Reizungen oder allergische Reaktionen auftreten, brechen Sie die Anwendung ab und konsultieren Sie Ihren Arzt.<\/p>\n<p>Bei regelm\u00e4\u00dfiger Anwendung des Gels k\u00f6nnen Sie die nat\u00fcrlichen Regenerationsprozesse Ihres K\u00f6rpers unterst\u00fctzen, den Bewegungskomfort verbessern und ein angenehmes W\u00e4rme- und Entspannungsgef\u00fchl genie\u00dfen.<\/p>\n<p><strong>Entscheiden Sie sich f\u00fcr Palacio Cannabis Tiger Gel - die nat\u00fcrliche Kraft von Hanf und \u00e4therischen \u00d6len f\u00fcr Ihre Gesundheit und Ihr Wohlbefinden!<\/strong><\/p>","protected":false},"excerpt":{"rendered":"<p>Palacio Cannabis Tiger Gel ist ein 380 ml cremiges Massagegel, das die Kraft nat\u00fcrlicher Inhaltsstoffe vereint - bis zu 94,3% sind pflanzlichen Ursprungs. Es enth\u00e4lt Hanf\u00f6l und wertvolle \u00e4therische \u00d6le wie Eukalyptus, Menthol und Kampfer, die intensiv erw\u00e4rmen, Muskel- und Gelenkschmerzen lindern und die Erholung nach dem Sport f\u00f6rdern.<\/p>\n<p>Das Gel zieht schnell ein, hinterl\u00e4sst keinen Fettfilm und seine aromatherapeutischen Eigenschaften tragen zur Entspannung von K\u00f6rper und Geist bei. Ideal zur Massage nach einem aktiven Tag oder als nat\u00fcrliche Hilfe bei rheumatischen Beschwerden. W\u00e4hlen Sie Palacio Cannabis Tiger Gel und erleben Sie noch heute Erleichterung und Frische!<\/p>","protected":false},"featured_media":9624,"comment_status":"open","ping_status":"closed","template":"","meta":{"_acf_changed":false,"_gspb_post_css":""},"product_brand":[148],"product_cat":[334],"product_tag":[],"woo-feed-brand":[],"class_list":{"0":"post-8538","1":"product","2":"type-product","3":"status-publish","4":"has-post-thumbnail","6":"product_brand-palacio","7":"product_cat-zele","9":"first","10":"instock","11":"purchasable","12":"product-type-simple"},"ct_brands":[{"id":148,"name":"Palacio","slug":"palacio"}],"acf":[],"_links":{"self":[{"href":"https:\/\/ubucha.pl\/de\/wp-json\/wp\/v2\/product\/8538","targetHints":{"allow":["GET"]}}],"collection":[{"href":"https:\/\/ubucha.pl\/de\/wp-json\/wp\/v2\/product"}],"about":[{"href":"https:\/\/ubucha.pl\/de\/wp-json\/wp\/v2\/types\/product"}],"replies":[{"embeddable":true,"href":"https:\/\/ubucha.pl\/de\/wp-json\/wp\/v2\/comments?post=8538"}],"wp:featuredmedia":[{"embeddable":true,"href":"https:\/\/ubucha.pl\/de\/wp-json\/wp\/v2\/media\/9624"}],"wp:attachment":[{"href":"https:\/\/ubucha.pl\/de\/wp-json\/wp\/v2\/media?parent=8538"}],"wp:term":[{"taxonomy":"product_brand","embeddable":true,"href":"https:\/\/ubucha.pl\/de\/wp-json\/wp\/v2\/product_brand?post=8538"},{"taxonomy":"product_cat","embeddable":true,"href":"https:\/\/ubucha.pl\/de\/wp-json\/wp\/v2\/product_cat?post=8538"},{"taxonomy":"product_tag","embeddable":true,"href":"https:\/\/ubucha.pl\/de\/wp-json\/wp\/v2\/product_tag?post=8538"},{"taxonomy":"woo-feed-brand","embeddable":true,"href":"https:\/\/ubucha.pl\/de\/wp-json\/wp\/v2\/woo-feed-brand?post=8538"}],"curies":[{"name":"wp","href":"https:\/\/api.w.org\/{rel}","templated":true}]}}