{"id":8416,"date":"2025-09-29T11:34:53","date_gmt":"2025-09-29T09:34:53","guid":{"rendered":"https:\/\/ubucha.pl\/thermolka-zel-rozgrzewajacy-nowa-wersja-250-ml\/"},"modified":"2026-04-28T15:02:06","modified_gmt":"2026-04-28T13:02:06","slug":"thermolka-warmendes-gel-neue-version-250-ml","status":"publish","type":"product","link":"https:\/\/ubucha.pl\/de\/thermolka-zel-rozgrzewajacy-nowa-wersja-250-ml\/","title":{"rendered":"Thermolka W\u00e4rmendes Gel (neue Version 250 ml)"},"content":{"rendered":"<h2>EXTRA 4MAX - Komplexes Set von w\u00e4rmenden Gels<\/h2>\n<p>Suchen Sie nach einer wirksamen L\u00f6sung f\u00fcr Muskelschmerzen und Verspannungen im Nacken, der Wirbels\u00e4ule, der Lendenwirbels\u00e4ule oder den F\u00fc\u00dfen? Das w\u00e4rmende Thermolka EXTRA 4MAX ist ein Set von w\u00e4rmenden Gels, das dank seiner verst\u00e4rkten Wirkung perfekt auf diese Bed\u00fcrfnisse eingeht. Zusammen mit Mentholka Extra geh\u00f6rt es zu den Bestsellern der Marke Cannaderm, die von den Kunden, die eine nat\u00fcrliche und wirksame topische Therapie suchen, sehr gesch\u00e4tzt wird.<\/p>\n<h3>Warum sollten Sie sich f\u00fcr Thermolka EXTRA 4MAX entscheiden?<\/h3>\n<p>Thermolka EXTRA 4MAX ist ein Produkt f\u00fcr aktive Menschen, die unter Muskel- und Gelenkbeschwerden leiden. Wussten Sie, dass die Anwendung eines w\u00e4rmenden Gels die Genesung erheblich beschleunigen, verspannte Muskeln lockern und das Gef\u00fchl von Steifheit lindern kann? Dieses Set enth\u00e4lt bis zu vier Anwendungen des Intensivgels f\u00fcr stundenlangen Komfort und Linderung.<\/p>\n<p>Die Rezeptur von Thermolka EXTRA ist mit Wirkstoffen angereichert, die die Durchblutung anregen, die nat\u00fcrlichen Regenerationsprozesse des Gewebes unterst\u00fctzen und ein angenehmes W\u00e4rmegef\u00fchl ohne Reizungen vermitteln. Sie ist eine ausgezeichnete Wahl f\u00fcr alle, die mit chronischen Muskelverspannungen, Schmerzsyndromen oder nach intensivem Sport zu k\u00e4mpfen haben.<\/p>\n<h3>Produktzusammensetzung - nat\u00fcrliche Unterst\u00fctzung f\u00fcr Ihre Muskeln und Gelenke<\/h3>\n<p>Thermolka EXTRA 4MAX enth\u00e4lt sorgf\u00e4ltig ausgew\u00e4hlte Inhaltsstoffe mit w\u00e4rmender und regenerierender Wirkung. Unter ihnen sind:<\/p>\n<ul>\n<li><strong>Hanf-Extrakt<\/strong> - wirkt entz\u00fcndungshemmend, schmerzlindernd und f\u00f6rdert die Regeneration von Haut und Gewebe.<\/li>\n<li><strong>Menthol<\/strong> - sorgt unmittelbar nach dem Auftragen f\u00fcr ein k\u00fchlendes Gef\u00fchl, das sich schnell in eine angenehme, w\u00e4rmende Wirkung verwandelt.<\/li>\n<li><strong>Capsaicin<\/strong> - ein nat\u00fcrlicher Inhaltsstoff der Paprika, der die Blutzirkulation anregt und die Wirkung der Hitze verst\u00e4rkt.<\/li>\n<li><strong>Eukalyptus\u00f6l<\/strong> - erfrischt, wirkt antiseptisch und f\u00f6rdert die Durchblutung der Anwendungsstellen.<\/li>\n<li><strong>Arnika-Extrakt<\/strong> - beschleunigt die Heilung von Mikroverletzungen und reduziert Schwellungen.<\/li>\n<\/ul>\n<p>Dank dieser komplexen Zusammensetzung hat Thermolka EXTRA eine mehrdimensionale Wirkung - es w\u00e4rmt gleichzeitig, lindert Schmerzen und f\u00f6rdert die nat\u00fcrliche Regeneration des Gewebes.<\/p>\n<h3>Wie wird das EXTRA 4MAX HEATING Thermol verwendet?<\/h3>\n<p>Die Anwendung des Produkts ist einfach und bequem. Einfach die entsprechende Menge des Gels auf die gew\u00fcnschte K\u00f6rperstelle (z. B. Nacken, Wirbels\u00e4ule, Lendenbereich oder F\u00fc\u00dfe) auftragen und sanft einmassieren, bis es vollst\u00e4ndig eingezogen ist. Das Produkt ist nur f\u00fcr die \u00e4u\u00dferliche Anwendung bestimmt.<\/p>\n<p>Die regelm\u00e4\u00dfige Anwendung von Thermolka EXTRA, insbesondere nach k\u00f6rperlicher Anstrengung oder bei den ersten Anzeichen von Muskelverspannungen, tr\u00e4gt dazu bei, das Wohlbefinden und die Beweglichkeit der Muskeln schneller wiederherzustellen.<\/p>\n<h3>Die wichtigsten Merkmale der EXTRA 4MAX HEATING Thermolock<\/h3>\n<table style=\"border-collapse: collapse; width: 100%; max-width: 600px;\" border=\"1\" cellspacing=\"0\" cellpadding=\"8\">\n<thead>\n<tr style=\"background-color: #f2f2f2;\">\n<th>Produktmerkmal<\/th>\n<th>Beschreibung<\/th>\n<\/tr>\n<\/thead>\n<tbody>\n<tr>\n<td>Produkttyp<\/td>\n<td>W\u00e4rmendes Gel f\u00fcr die \u00f6rtliche Anwendung<\/td>\n<\/tr>\n<tr>\n<td>Anmeldung<\/td>\n<td>Nacken, Wirbels\u00e4ule, Lendenwirbels\u00e4ule, F\u00fc\u00dfe<\/td>\n<\/tr>\n<tr>\n<td>Aktive Bestandteile<\/td>\n<td>Hanfsamen, Menthol, Capsaicin, Eukalyptus\u00f6l, Arnika<\/td>\n<\/tr>\n<tr>\n<td>Wirkung<\/td>\n<td>W\u00e4rmend, schmerzlindernd, entz\u00fcndungshemmend<\/td>\n<\/tr>\n<tr>\n<td>Formular<\/td>\n<td>Gel<\/td>\n<\/tr>\n<tr>\n<td>Gewicht \/ Volumen<\/td>\n<td>Satz mit 4 St\u00fcck<\/td>\n<\/tr>\n<tr>\n<td>Zweck<\/td>\n<td>F\u00fcr aktive Menschen, Sportler und Menschen mit Muskel-Gelenk-Beschwerden<\/td>\n<\/tr>\n<\/tbody>\n<\/table>\n<h3>Produktnutzung - wann und wie kann es Ihnen helfen?<\/h3>\n<p>Thermolka EXTRA 4MAX ist ein Produkt, das in vielen Situationen empfohlen wird:<\/p>\n<ul>\n<li>Nach intensivem Sporttraining - beschleunigt die Erholung der Muskeln und beseitigt das Gef\u00fchl der M\u00fcdigkeit.<\/li>\n<li>Bei chronischen Verspannungen der Nacken- und R\u00fcckenmuskulatur - wirkt entspannend und schmerzlindernd.<\/li>\n<li>Bei der posttraumatischen Rehabilitation - unterst\u00fctzt die nat\u00fcrlichen Prozesse der Gewebereparatur.<\/li>\n<li>F\u00fcr k\u00f6rperlich arbeitende Menschen - mindert die Auswirkungen von Muskelverspannungen.<\/li>\n<li>F\u00fcr kalte Tage, wenn Sie zus\u00e4tzliche W\u00e4rme und Wohlbefinden f\u00fcr Ihre F\u00fc\u00dfe oder Ihren R\u00fccken ben\u00f6tigen.<\/li>\n<\/ul>\n<h3>Zus\u00e4tzliche Informationen \u00fcber Sicherheit und Lagerung<\/h3>\n<p>Das Produkt ist nur zur \u00e4u\u00dferlichen Anwendung bestimmt. Vermeiden Sie den Kontakt mit Augen und Schleimh\u00e4uten. Nicht auf besch\u00e4digter oder gereizter Haut anwenden. Beim Auftreten einer allergischen Reaktion die Anwendung abbrechen und einen Arzt aufsuchen.<\/p>\n<p>Bewahren Sie Thermolka EXTRA 4MAX bei Raumtemperatur, an einem trockenen und schattigen Ort und au\u00dferhalb der Reichweite von Kindern auf.<\/p>\n<h3>Nutzerbewertungen - was sagen die Kunden?<\/h3>\n<p>\u201eThermolka EXTRA 4MAX ist mein unentbehrlicher Verb\u00fcndeter nach einem langen Tag mit k\u00f6rperlicher Arbeit. Es w\u00e4rmt schnell auf und entspannt verspannte Muskeln.\u201d - Katharina, 38<\/p>\n<p>\u201eIch benutze es regelm\u00e4\u00dfig nach dem Training und ich kann den Unterschied wirklich sp\u00fcren. Meine Muskelschmerzen verschwinden schneller und ich kann mich schneller erholen.\u201d - Michal, 27<\/p>\n<p>\u201eGro\u00dfartiges Produkt, das besser wirkt als andere auf dem Markt erh\u00e4ltliche Gele. Ich w\u00fcrde es jedem empfehlen, der schnelle Linderung von Muskelschmerzen braucht.\u201d - Anna, 45<\/p>\n<h3>Zusammenfassung<\/h3>\n<p>Das w\u00e4rmende Thermolka EXTRA 4MAX ist ein umfassendes Set von w\u00e4rmenden Gelen, die wirksam zur Linderung von Muskel- und Gelenkschmerzen beitragen, die Regeneration f\u00f6rdern und den Bewegungskomfort verbessern. Dank seiner nat\u00fcrlichen Inhaltsstoffe mit nachgewiesener Wirkung ist das Produkt eine ausgezeichnete Wahl f\u00fcr aktive Menschen, Sportler und alle, die ihre Muskeln und ihre Wirbels\u00e4ule auf sichere und effektive Weise pflegen wollen.<\/p>\n<p>Warten Sie nicht, greifen Sie zur Thermolka EXTRA 4MAX und sp\u00fcren Sie die wohltuende W\u00e4rme, die Ihren Komfort und Ihre Mobilit\u00e4t jeden Tag wiederherstellen wird!<\/p>","protected":false},"excerpt":{"rendered":"<p>Lernen Sie HEATING Thermolka EXTRA 4MAX kennen - ein Set von w\u00e4rmenden Gelen mit verst\u00e4rkter Wirkung, ideal f\u00fcr die Anwendung im Nacken-, Wirbels\u00e4ulen-, Lenden- und Fu\u00dfbereich. Ein Bestseller der Marke Cannaderm, der schnell und effektiv Muskelverspannungen l\u00f6st und die Durchblutung verbessert.<\/p>\n<p>Die auf nat\u00fcrlichen Inhaltsstoffen basierende Formel sorgt f\u00fcr ein lang anhaltendes W\u00e4rmegef\u00fchl, ideal nach dem Sport oder an kalten Tagen. Einfache Anwendung und schnelle Absorption machen Thermolka EXTRA 4MAX Ihr unverzichtbarer Verb\u00fcndeter in der t\u00e4glichen Muskel- und Gelenkpflege.<\/p>\n<p>Bestellen Sie noch heute und sp\u00fcren Sie die Erleichterung eines professionellen Warm-ups zu Hause!<\/p>","protected":false},"featured_media":9316,"comment_status":"open","ping_status":"closed","template":"","meta":{"_acf_changed":false,"_gspb_post_css":"","rank_math_title":"","rank_math_description":"","rank_math_focus_keyword":"","rank_math_facebook_title":"","rank_math_facebook_description":"","rank_math_twitter_title":"","rank_math_twitter_description":""},"product_brand":[128],"product_cat":[334],"product_tag":[],"woo-feed-brand":[],"class_list":{"0":"post-8416","1":"product","2":"type-product","3":"status-publish","4":"has-post-thumbnail","6":"product_brand-cannaderm","7":"product_cat-zele","9":"first","10":"instock","11":"purchasable","12":"product-type-simple"},"ct_brands":[{"id":128,"name":"Cannaderm","slug":"cannaderm"}],"acf":[],"_links":{"self":[{"href":"https:\/\/ubucha.pl\/de\/wp-json\/wp\/v2\/product\/8416","targetHints":{"allow":["GET"]}}],"collection":[{"href":"https:\/\/ubucha.pl\/de\/wp-json\/wp\/v2\/product"}],"about":[{"href":"https:\/\/ubucha.pl\/de\/wp-json\/wp\/v2\/types\/product"}],"replies":[{"embeddable":true,"href":"https:\/\/ubucha.pl\/de\/wp-json\/wp\/v2\/comments?post=8416"}],"wp:featuredmedia":[{"embeddable":true,"href":"https:\/\/ubucha.pl\/de\/wp-json\/wp\/v2\/media\/9316"}],"wp:attachment":[{"href":"https:\/\/ubucha.pl\/de\/wp-json\/wp\/v2\/media?parent=8416"}],"wp:term":[{"taxonomy":"product_brand","embeddable":true,"href":"https:\/\/ubucha.pl\/de\/wp-json\/wp\/v2\/product_brand?post=8416"},{"taxonomy":"product_cat","embeddable":true,"href":"https:\/\/ubucha.pl\/de\/wp-json\/wp\/v2\/product_cat?post=8416"},{"taxonomy":"product_tag","embeddable":true,"href":"https:\/\/ubucha.pl\/de\/wp-json\/wp\/v2\/product_tag?post=8416"},{"taxonomy":"woo-feed-brand","embeddable":true,"href":"https:\/\/ubucha.pl\/de\/wp-json\/wp\/v2\/woo-feed-brand?post=8416"}],"curies":[{"name":"wp","href":"https:\/\/api.w.org\/{rel}","templated":true}]}}