{"id":8414,"date":"2025-09-29T11:34:53","date_gmt":"2025-09-29T09:34:53","guid":{"rendered":"https:\/\/ubucha.pl\/mentholka-plastry\/"},"modified":"2026-04-28T15:02:10","modified_gmt":"2026-04-28T13:02:10","slug":"menthol-pflaster","status":"publish","type":"product","link":"https:\/\/ubucha.pl\/de\/mentholka-plastry\/","title":{"rendered":"Mentholka PLASTRY"},"content":{"rendered":"<h2>Mentholka K\u00fchlpflaster - wirksame Entlastung f\u00fcr Muskeln und Gelenke<\/h2>\n<p>Leiden Sie unter R\u00fcckenschmerzen, Nackensteifheit oder Muskel- und Sehnenzerrungen? Mentholka K\u00fchlpflaster sind die perfekte L\u00f6sung f\u00fcr Sie! Diese speziellen Pflaster wurden f\u00fcr Menschen entwickelt, die eine schnelle und wirksame Linderung von Muskel- und Gelenkschmerzen ben\u00f6tigen. Dank der bequemen Anwendung und der einfachen Entfernung ohne Hautreizungen ist die Verwendung der Pflaster \u00e4u\u00dferst komfortabel.<\/p>\n<h3>Warum Mentholka K\u00fchlpflaster w\u00e4hlen?<\/h3>\n<p>Mentholka-Pflaster haben eine k\u00fchlende und schmerzlindernde Wirkung und bringen sofortige Linderung, wo Sie sie am meisten brauchen. Sie sind perfekt f\u00fcr R\u00fcckenschmerzen, Muskel- und Sehnenzerrungen und Nackensteifigkeit. Was kann man sich mehr von einem Produkt f\u00fcr die t\u00e4gliche K\u00f6rperpflege und Erholung w\u00fcnschen? Ja, nat\u00fcrlich! Die Pflaster sind einfach anzuwenden - kleben Sie sie einfach auf die schmerzende Stelle und sp\u00fcren Sie die k\u00fchlende Wirkung und die Schmerzlinderung.<\/p>\n<h3>Inhaltsstoffe - die nat\u00fcrliche Kraft zum K\u00fchlen und Pflegen<\/h3>\n<p>Mentholka K\u00fchlpflaster enthalten sorgf\u00e4ltig ausgew\u00e4hlte Inhaltsstoffe, die Wirksamkeit und sichere Anwendung garantieren:<\/p>\n<ul>\n<li><strong>Gereinigtes Wasser<\/strong> - Produktbasis und sorgt f\u00fcr die richtige Konsistenz und den richtigen Komfort beim Auftragen.<\/li>\n<li><strong>Menthol<\/strong> - der nat\u00fcrliche Inhaltsstoff, der f\u00fcr das k\u00fchlende Gef\u00fchl verantwortlich ist, das zur Schmerzlinderung beitr\u00e4gt.<\/li>\n<li><strong>Pflanzenextrakte<\/strong> - f\u00f6rdern die Regeneration der Haut und haben eine entz\u00fcndungshemmende Wirkung.<\/li>\n<\/ul>\n<p>Dank dieser Kombination wirken die Pflaster effektiv und sind gleichzeitig sanft zur Haut, wie zahlreiche positive Nutzerbewertungen best\u00e4tigen.<\/p>\n<h3>Wie verwende ich Mentholka K\u00fchlpflaster?<\/h3>\n<p>Die Anwendung des Pflasters ist \u00e4u\u00dferst einfach und bequem. Hier sind die Schritte f\u00fcr maximale Wirksamkeit:<\/p>\n<ol>\n<li>Reinigen und trocknen Sie die Stelle, auf die Sie das Pflaster aufkleben wollen.<\/li>\n<li>Entfernen Sie die Schutzfolie von dem Pflaster.<\/li>\n<li>Legen Sie das Pflaster auf die schmerzende Stelle und dr\u00fccken Sie es leicht an, damit es gut haftet.<\/li>\n<li>Lassen Sie das Pflaster bis zu 8 Stunden auf der Haut, um den vollen K\u00fchleffekt zu sp\u00fcren.<\/li>\n<li>Entfernen Sie das Pflaster nach der Anwendung und vermeiden Sie dabei ein Ziehen an der Haut.<\/li>\n<\/ol>\n<p>Mentholka-Pflaster sind ideal f\u00fcr die Anwendung zu Hause und bei k\u00f6rperlicher Bet\u00e4tigung oder bei der Arbeit, wenn eine schnelle Schmerzlinderung erforderlich ist.<\/p>\n<h3>Produktspezifikationen<\/h3>\n<table border=\"1\" cellspacing=\"0\" cellpadding=\"8\">\n<thead>\n<tr>\n<th>Produktmerkmale<\/th>\n<th>Beschreibung<\/th>\n<\/tr>\n<\/thead>\n<tbody>\n<tr>\n<td>Zweck<\/td>\n<td>R\u00fcckenschmerzen, Muskelschmerzen, Gelenkschmerzen, Nackensteifigkeit, Muskel- und Sehnenzerrungen<\/td>\n<\/tr>\n<tr>\n<td>Inhaltsstoffe<\/td>\n<td>Gereinigtes Wasser, Menthol, Pflanzenextrakte<\/td>\n<\/tr>\n<tr>\n<td>Formular<\/td>\n<td>K\u00fchlende Pflaster<\/td>\n<\/tr>\n<tr>\n<td>Betriebszeit<\/td>\n<td>bis zu 8 Stunden<\/td>\n<\/tr>\n<tr>\n<td>Einfachheit der Anwendung<\/td>\n<td>Bequeme und schmerzfreie Anwendung und Entfernung<\/td>\n<\/tr>\n<\/tbody>\n<\/table>\n<h3>Benutzerbewertungen - was sagen sie \u00fcber Mentholka-Pflaster?<\/h3>\n<p>Anwender von Mentholka-K\u00fchlpflastern loben vor allem die Wirksamkeit bei der Schmerzlinderung und den Komfort. Viele betonen, dass sie dank der Pflaster schnell ihre Bewegungsfreiheit wiedererlangen und auch nach einem anstrengenden Tag normal funktionieren k\u00f6nnen. Die Pflaster werden auch wegen ihrer Sanftheit gegen\u00fcber der Haut gesch\u00e4tzt - sie verursachen auch nach l\u00e4ngerer Anwendung keine Reizungen.<\/p>\n<h3>Praktische Tipps f\u00fcr Lagerung und Sicherheit<\/h3>\n<p>Um eine lang anhaltende Wirksamkeit und Sicherheit zu gew\u00e4hrleisten, bewahren Sie Mentholka K\u00fchlpflaster an einem trockenen und k\u00fchlen Ort auf, fern von W\u00e4rmequellen und Feuchtigkeit. Dieses Produkt ist nur zur \u00e4u\u00dferlichen Anwendung bestimmt - nicht auf besch\u00e4digte oder gereizte Haut auftragen. Sollte eine allergische Reaktion auftreten, beenden Sie die Anwendung des Pflasters sofort und suchen Sie Ihren Arzt auf.<\/p>\n<h3>Zus\u00e4tzliche Anwendungen und Vorteile<\/h3>\n<p>Mentholka K\u00fchlpflaster eignen sich nicht nur bei Muskel- und Gelenkschmerzen, sondern auch bei verschiedenen k\u00f6rperlichen Aktivit\u00e4ten - nach dem Training, beim Wandern oder bei intensiver k\u00f6rperlicher Arbeit. Ihre k\u00fchlende Wirkung hilft m\u00fcden Muskeln, sich schneller zu erholen und beugt Steifheit vor. So genie\u00dfen Sie im Alltag mehr Bewegungsfreiheit und Komfort.<\/p>\n<p>Warten Sie nicht darauf, dass Ihnen der Schmerz in die Quere kommt - entscheiden Sie sich f\u00fcr Mentholka K\u00fchlpflaster und erleben Sie m\u00fchelose Linderung!<\/p>","protected":false},"excerpt":{"rendered":"<p>Mentholka K\u00fchlpflaster sind ideal f\u00fcr Menschen, die unter R\u00fccken-, Muskel- und Gelenkschmerzen sowie Nackenverspannungen leiden. Dank ihres Mentholgehalts sorgen sie f\u00fcr ein angenehmes K\u00fchlgef\u00fchl, das Beschwerden sofort lindert und Muskelverspannungen reduziert.<\/p>\n<p>Die bequeme Anwendung und das einfache Entfernen des Pflasters ohne Irritationen erm\u00f6glichen eine schnelle und bequeme Anwendung. Perfekt f\u00fcr Muskel- und Sehnenzerrungen - verschaffen Sie sich Linderung, wo Sie sie am meisten brauchen!<\/p>\n<p>Bestellen Sie noch heute Mentholka K\u00fchlpflaster und sp\u00fcren Sie den Unterschied. Schnelle Lieferung und kostenlose Proben bei jeder Bestellung!<\/p>","protected":false},"featured_media":9317,"comment_status":"open","ping_status":"closed","template":"","meta":{"_acf_changed":false,"_gspb_post_css":"","rank_math_title":"","rank_math_description":"","rank_math_focus_keyword":"","rank_math_facebook_title":"","rank_math_facebook_description":"","rank_math_twitter_title":"","rank_math_twitter_description":""},"product_brand":[128],"product_cat":[327],"product_tag":[],"woo-feed-brand":[],"class_list":{"0":"post-8414","1":"product","2":"type-product","3":"status-publish","4":"has-post-thumbnail","6":"product_brand-cannaderm","7":"product_cat-plastry","9":"first","10":"instock","11":"purchasable","12":"product-type-simple"},"ct_brands":[{"id":128,"name":"Cannaderm","slug":"cannaderm"}],"acf":[],"_links":{"self":[{"href":"https:\/\/ubucha.pl\/de\/wp-json\/wp\/v2\/product\/8414","targetHints":{"allow":["GET"]}}],"collection":[{"href":"https:\/\/ubucha.pl\/de\/wp-json\/wp\/v2\/product"}],"about":[{"href":"https:\/\/ubucha.pl\/de\/wp-json\/wp\/v2\/types\/product"}],"replies":[{"embeddable":true,"href":"https:\/\/ubucha.pl\/de\/wp-json\/wp\/v2\/comments?post=8414"}],"wp:featuredmedia":[{"embeddable":true,"href":"https:\/\/ubucha.pl\/de\/wp-json\/wp\/v2\/media\/9317"}],"wp:attachment":[{"href":"https:\/\/ubucha.pl\/de\/wp-json\/wp\/v2\/media?parent=8414"}],"wp:term":[{"taxonomy":"product_brand","embeddable":true,"href":"https:\/\/ubucha.pl\/de\/wp-json\/wp\/v2\/product_brand?post=8414"},{"taxonomy":"product_cat","embeddable":true,"href":"https:\/\/ubucha.pl\/de\/wp-json\/wp\/v2\/product_cat?post=8414"},{"taxonomy":"product_tag","embeddable":true,"href":"https:\/\/ubucha.pl\/de\/wp-json\/wp\/v2\/product_tag?post=8414"},{"taxonomy":"woo-feed-brand","embeddable":true,"href":"https:\/\/ubucha.pl\/de\/wp-json\/wp\/v2\/woo-feed-brand?post=8414"}],"curies":[{"name":"wp","href":"https:\/\/api.w.org\/{rel}","templated":true}]}}