{"id":8410,"date":"2025-09-29T11:34:53","date_gmt":"2025-09-29T09:34:53","guid":{"rendered":"https:\/\/ubucha.pl\/mentholka-zel-chlodzacy-nowa-wersja-250-ml\/"},"modified":"2026-04-28T15:02:13","modified_gmt":"2026-04-28T13:02:13","slug":"mentholka-kuhlgel-neue-version-250-ml","status":"publish","type":"product","link":"https:\/\/ubucha.pl\/de\/mentholka-zel-chlodzacy-nowa-wersja-250-ml\/","title":{"rendered":"Mentholka Cooling Gel (neue Version 250 ml)"},"content":{"rendered":"<h2>BESTSELLER Mentholka EXTRA 8Max - Intensives K\u00fchlgel f\u00fcr Muskeln und Gelenke<\/h2>\n<p>Haben Sie Verspannungen oder Schmerzen im Nacken, in der Wirbels\u00e4ule oder im Lendenbereich? Suchen Sie eine wirksame und nat\u00fcrliche Unterst\u00fctzung f\u00fcr m\u00fcde Muskeln? <strong>BESTSELLER Mentholka EXTRA 8Max<\/strong> ist ein Set aus 8 St\u00fcck K\u00fchlgel, das sofortige Erleichterung und ein angenehmes K\u00fchlungsgef\u00fchl dort bringt, wo Sie es am meisten brauchen.<\/p>\n<h3>Warum Mentholka EXTRA 8Max w\u00e4hlen?<\/h3>\n<p>Dieses spezielle Gel wurde f\u00fcr aktive Menschen entwickelt, die ihren K\u00f6rper schnell und effektiv pflegen wollen. Mentholka EXTRA 8Max ist ideal f\u00fcr die topische Anwendung, die:<\/p>\n<ul>\n<li>bringt ein lang anhaltendes Gef\u00fchl von K\u00fchle und Erleichterung<\/li>\n<li>unterst\u00fctzt die Muskelregeneration nach dem Training<\/li>\n<li>lindert Schmerzen im Zusammenhang mit Muskelverspannungen und Beschwerden der Wirbels\u00e4ule<\/li>\n<li>hat eine leichte, schnell einziehende Formel, die keinen \u00f6ligen Film auf der Haut hinterl\u00e4sst<\/li>\n<\/ul>\n<h3>Zusammensetzung und Eigenschaften von Mentholka EXTRA 8Max<\/h3>\n<p>Das Gel enth\u00e4lt sorgf\u00e4ltig ausgew\u00e4hlte Wirkstoffe, die synergetisch zusammenwirken, um eine optimale k\u00fchlende und entspannende Wirkung zu erzielen:<\/p>\n<table style=\"border-collapse: collapse; width: 100%;\" border=\"1\" cellspacing=\"0\" cellpadding=\"8\">\n<thead>\n<tr style=\"background-color: #f2f2f2;\">\n<th>Komponente<\/th>\n<th>Funktion und Nutzen<\/th>\n<\/tr>\n<\/thead>\n<tbody>\n<tr>\n<td>Menthol<\/td>\n<td>Der wichtigste k\u00fchlende Inhaltsstoff hat eine schmerzlindernde und entz\u00fcndungshemmende Wirkung und sorgt f\u00fcr ein sofortiges Gef\u00fchl der Frische.<\/td>\n<\/tr>\n<tr>\n<td>Pflanzenextrakte<\/td>\n<td>Sie verst\u00e4rken die entz\u00fcndungshemmende und regenerierende Wirkung und unterst\u00fctzen die nat\u00fcrlichen Regenerationsprozesse von Haut und Muskeln.<\/td>\n<\/tr>\n<tr>\n<td>Gel-Basis<\/td>\n<td>Es ist leicht aufzutragen, zieht schnell ein, hinterl\u00e4sst keine Flecken auf der Kleidung und bietet Komfort.<\/td>\n<\/tr>\n<\/tbody>\n<\/table>\n<h3>Wie verwendet man BESTSELLER Mentholka EXTRA 8Max?<\/h3>\n<p>Die Anwendung des Gels ist einfach und bequem - tragen Sie einfach eine kleine Menge des Produkts auf die gew\u00fcnschte Stelle auf, z. B. den Nacken, die Lenden- oder Wirbels\u00e4ulenregion, und massieren Sie es sanft ein, bis es vollst\u00e4ndig eingezogen ist. Sie k\u00f6nnen das Gel mehrmals t\u00e4glich anwenden, insbesondere nach intensiver Anstrengung oder in Momenten des Unbehagens.<\/p>\n<h3>Vorteile eines 8er-Sets - warum ist eine gr\u00f6\u00dfere Packung die bessere Wahl?<\/h3>\n<p>Wenn Sie sich f\u00fcr das Mentholka EXTRA 8Max Kit entscheiden, erhalten Sie bis zu 8 praktische Tuben, so dass Sie das Produkt immer zur Hand haben - zu Hause, bei der Arbeit oder im Fitnessstudio. Das spart nicht nur Geld, sondern garantiert Ihnen auch st\u00e4ndigen Zugang zu Linderung und Unterst\u00fctzung f\u00fcr Ihren K\u00f6rper.<\/p>\n<h3>Nutzerbewertungen<\/h3>\n<p>Die Kunden sch\u00e4tzen Mentholka EXTRA f\u00fcr seine schnelle und wirksame Linderung und die angenehme, k\u00fchlende Wirkung. Viele betonen, dass das Produkt es ihnen erleichtert, nach einem k\u00f6rperlich anstrengenden Tag wieder voll aktiv zu werden. Das Gel reizt die Haut nicht und ist sehr ergiebig, was seinen Wert unterstreicht.<\/p>\n<h3>Zus\u00e4tzliche Informationen und Anleitungen<\/h3>\n<ul>\n<li><strong>Lagerung:<\/strong> Das Produkt wird am besten bei Raumtemperatur und vor direkter Sonneneinstrahlung gesch\u00fctzt gelagert.<\/li>\n<li><strong>Sicherheit:<\/strong> Nur zur \u00e4u\u00dferlichen Anwendung auf der Haut bestimmt. Kontakt mit Augen und Schleimh\u00e4uten vermeiden. Nicht auf besch\u00e4digter oder gereizter Haut anwenden.<\/li>\n<li><strong>Beispiele f\u00fcr die Verwendung:<\/strong> Nach intensivem Training, bei sitzender T\u00e4tigkeit, bei R\u00fcckenschmerzen aufgrund von \u00dcberlastung, in Phasen der Muskelerm\u00fcdung.<\/li>\n<\/ul>\n<p><strong>BESTSELLER Mentholka EXTRA 8Max<\/strong> ist ein unverzichtbares Produkt f\u00fcr alle, die Komfort, nat\u00fcrliche Pflege und eine wirksame K\u00fchlung bei Muskelschmerzen und Verspannungen sch\u00e4tzen. Investieren Sie in Ihr Wohlbefinden und k\u00fcmmern Sie sich noch heute um Ihre Wirbels\u00e4ule und Muskeln!<\/p>","protected":false},"excerpt":{"rendered":"<p><strong>BESTSELLER Mentholka EXTRA 8Max<\/strong> ist ein Set aus 8 k\u00fchlenden Gelen, die f\u00fcr eine schnelle Linderung von Muskeln und Gelenken sorgen. Ideal f\u00fcr die Anwendung im Nacken, an der Wirbels\u00e4ule oder im Lendenbereich.<\/p>\n<p>Dank seiner intensiv k\u00fchlenden Wirkung hilft Mentholka EXTRA, Muskelverspannungen zu l\u00f6sen und verschafft Erleichterung nach Anstrengung oder einem langen Tag. Nat\u00fcrliche Inhaltsstoffe sorgen f\u00fcr eine effektive Wirkung ohne Reizungen.<\/p>\n<p>Bestellen Sie jetzt und profitieren Sie von der kostenlosen Lieferung ab einem Bestellwert von \u00a3135 und dem schnellen Versand innerhalb von 3 Werktagen. Bei jeder Bestellung erhalten Sie kostenlose Muster!<\/p>\n<p>Mentholka EXTRA - der zuverl\u00e4ssige Weg zu Komfort und Frische f\u00fcr jeden Tag!<\/p>","protected":false},"featured_media":9321,"comment_status":"open","ping_status":"closed","template":"","meta":{"_acf_changed":false,"_gspb_post_css":"","rank_math_title":"","rank_math_description":"","rank_math_focus_keyword":"","rank_math_facebook_title":"","rank_math_facebook_description":"","rank_math_twitter_title":"","rank_math_twitter_description":""},"product_brand":[128],"product_cat":[334],"product_tag":[],"woo-feed-brand":[],"class_list":{"0":"post-8410","1":"product","2":"type-product","3":"status-publish","4":"has-post-thumbnail","6":"product_brand-cannaderm","7":"product_cat-zele","9":"first","10":"instock","11":"purchasable","12":"product-type-simple"},"ct_brands":[{"id":128,"name":"Cannaderm","slug":"cannaderm"}],"acf":[],"_links":{"self":[{"href":"https:\/\/ubucha.pl\/de\/wp-json\/wp\/v2\/product\/8410","targetHints":{"allow":["GET"]}}],"collection":[{"href":"https:\/\/ubucha.pl\/de\/wp-json\/wp\/v2\/product"}],"about":[{"href":"https:\/\/ubucha.pl\/de\/wp-json\/wp\/v2\/types\/product"}],"replies":[{"embeddable":true,"href":"https:\/\/ubucha.pl\/de\/wp-json\/wp\/v2\/comments?post=8410"}],"wp:featuredmedia":[{"embeddable":true,"href":"https:\/\/ubucha.pl\/de\/wp-json\/wp\/v2\/media\/9321"}],"wp:attachment":[{"href":"https:\/\/ubucha.pl\/de\/wp-json\/wp\/v2\/media?parent=8410"}],"wp:term":[{"taxonomy":"product_brand","embeddable":true,"href":"https:\/\/ubucha.pl\/de\/wp-json\/wp\/v2\/product_brand?post=8410"},{"taxonomy":"product_cat","embeddable":true,"href":"https:\/\/ubucha.pl\/de\/wp-json\/wp\/v2\/product_cat?post=8410"},{"taxonomy":"product_tag","embeddable":true,"href":"https:\/\/ubucha.pl\/de\/wp-json\/wp\/v2\/product_tag?post=8410"},{"taxonomy":"woo-feed-brand","embeddable":true,"href":"https:\/\/ubucha.pl\/de\/wp-json\/wp\/v2\/woo-feed-brand?post=8410"}],"curies":[{"name":"wp","href":"https:\/\/api.w.org\/{rel}","templated":true}]}}