{"id":7936,"date":"2025-09-26T14:05:40","date_gmt":"2025-09-26T12:05:40","guid":{"rendered":"https:\/\/ubucha.pl\/medicprogress-hc-masc-konopna-100-ml-extra-chlodzaca-niebieska\/"},"modified":"2026-03-19T17:31:12","modified_gmt":"2026-03-19T16:31:12","slug":"medicprogress-hc-hanfmaske-100-ml-extra-kuhlend-blau","status":"publish","type":"product","link":"https:\/\/ubucha.pl\/de\/medicprogress-hc-masc-konopna-100-ml-extra-chlodzaca-niebieska\/","title":{"rendered":"Medicprogress Hanf-Salbe 100 ml Extra k\u00fchlend blau"},"content":{"rendered":"<h2>MedicProgress Hanf Extra K\u00fchlsalbe 100 ml - Wirksame Linderung f\u00fcr Muskeln und Gelenke<\/h2>\n<p>Leiden Sie unter Muskelerm\u00fcdung nach einem intensiven Training oder unter Gelenkschmerzen nach einem langen Tag? MedicProgress Hanf Extra K\u00fchlsalbe ist ein Produkt, das speziell entwickelt wurde, um Ihnen dank seiner intensiven K\u00fchlwirkung schnell und effektiv Linderung zu verschaffen. Schon nach dem ersten Auftragen sp\u00fcren Sie ein angenehmes Gef\u00fchl von Frische und Entspannung, das dazu beitr\u00e4gt, Schwellungen und Gelenksteifigkeit zu reduzieren. Diese Salbe ist nicht nur angenehm, sondern verbessert auch die Blutzirkulation, was den nat\u00fcrlichen Regenerationsprozess Ihres Bewegungsapparates unterst\u00fctzt.<\/p>\n<h3>Warum diese k\u00fchlende Salbe w\u00e4hlen?<\/h3>\n<p>Das Produkt kombiniert die Kraft nat\u00fcrlicher Wirkstoffe, die sowohl schmerzlindernd, entz\u00fcndungshemmend und regenerierend wirken. Mit 5% Hanf\u00f6l, Menthol, Kampfer, Eukalyptus und Pfefferminze bietet die Salbe umfassende Unterst\u00fctzung:<\/p>\n<ul>\n<li><strong>Hanf\u00f6l<\/strong> - reich an essentiellen Fetts\u00e4uren (EFA) und den Vitaminen A, B1, B2, B6, C und E, die eine entz\u00fcndungshemmende und beruhigende Wirkung auf die Haut und das Weichteilgewebe haben.<\/li>\n<li><strong>Menthol<\/strong> - wirkt k\u00fchlend, anti\u00f6demat\u00f6s und bet\u00e4ubend, was die Schmerzen schnell lindert und die Genesung f\u00f6rdert.<\/li>\n<li><strong>Kampfer<\/strong> - regt die Blutzirkulation an, k\u00fchlt leicht und hat eine entz\u00fcndungshemmende und desinfizierende Wirkung, die zur Bek\u00e4mpfung von Entz\u00fcndungen beitr\u00e4gt.<\/li>\n<li><strong>Eukalyptus<\/strong> - \u00c4therisches \u00d6l mit antibakteriellen und schmerzlindernden Eigenschaften, f\u00f6rdert die Regeneration gesch\u00e4digter Haut.<\/li>\n<li><strong>Pfefferminz<\/strong> - Es ist f\u00fcr seine abschwellenden und schmerzlindernden Eigenschaften bekannt und hilft, Muskelverspannungen zu bek\u00e4mpfen und das Gef\u00fchl von Unbehagen zu verringern.<\/li>\n<\/ul>\n<p>Dar\u00fcber hinaus ist das Produkt dermatologisch getestet, enth\u00e4lt keine k\u00fcnstlichen Duftstoffe und hat eine leichte Textur - es klebt nicht und hinterl\u00e4sst keine R\u00fcckst\u00e4nde auf der Kleidung.<\/p>\n<h3>Wichtigste Produktmerkmale<\/h3>\n<table style=\"border-collapse: collapse; width: 100%; max-width: 600px;\" border=\"1\" cellspacing=\"0\" cellpadding=\"8\">\n<thead>\n<tr style=\"background-color: #f0f0f0;\">\n<th>Merkmal<\/th>\n<th>Beschreibung<\/th>\n<\/tr>\n<\/thead>\n<tbody>\n<tr>\n<td>Band<\/td>\n<td>100 ml<\/td>\n<\/tr>\n<tr>\n<td>Gehalt an Hanf\u00f6l<\/td>\n<td>5%<\/td>\n<\/tr>\n<tr>\n<td>Wesentliche Bestandteile<\/td>\n<td>Hanf\u00f6l, Menthol, Kampfer, Eukalyptus, Pfefferminz<\/td>\n<\/tr>\n<tr>\n<td>Aktion<\/td>\n<td>K\u00fchlend, schmerzlindernd, entz\u00fcndungshemmend, antibakteriell<\/td>\n<\/tr>\n<tr>\n<td>Eigenschaften<\/td>\n<td>Verbessert die Blutzirkulation, reduziert Schwellungen und Gelenksteifigkeit<\/td>\n<\/tr>\n<tr>\n<td>Konsistenz<\/td>\n<td>Nicht fettend, nicht klebend<\/td>\n<\/tr>\n<tr>\n<td>Sicherheit<\/td>\n<td>Dermatologisch getestet, ohne k\u00fcnstliche Duftstoffe<\/td>\n<\/tr>\n<\/tbody>\n<\/table>\n<h3>Vollst\u00e4ndige Zusammensetzung (INCI)<\/h3>\n<p>Aqua, Alcohol denat, Cannabis Sativa (Hemp) Seed Oil, Polysorbate 80, Eucalyptus Globulus Leaf Oil, Mentha Piperita Oil, PEG-40 Hydrogenated Castor Oil, Carbomer, Phenoxyethanol, Ethylhexylglycerin, Triethanolamine, Campher, Menthol, Aroma, D-Limonene.<\/p>\n<h3>Wie verwendet man Hanf Extra K\u00fchlsalbe?<\/h3>\n<p>Die Anwendung ist \u00e4u\u00dferst einfach und bequem. Einfach eine der Gr\u00f6\u00dfe der wunden Stelle angepasste Menge Salbe auf die Haut auftragen und sanft einmassieren. Die Massage erh\u00f6ht nicht nur die Wirksamkeit der Wirkung, sondern hilft auch, verspannte Muskeln zu entspannen. Bei Bedarf kann die Anwendung mehrmals t\u00e4glich wiederholt werden, bis die gew\u00fcnschte Wirkung erreicht ist.<\/p>\n<p>Es wird empfohlen, vor der erstmaligen Anwendung des Produkts einen Allergietest durchzuf\u00fchren. Im Falle einer allergischen Reaktion oder \u00dcberempfindlichkeit gegen einen der Inhaltsstoffe sollte die Salbe abgesetzt werden.<\/p>\n<h3>Zus\u00e4tzliche Informationen und Anleitungen<\/h3>\n<p><strong>Beispiele f\u00fcr die Verwendung:<\/strong> Ideal f\u00fcr die Anwendung nach k\u00f6rperlicher Anstrengung, bei Muskelschmerzen, Gelenksteife oder rheumatischen Beschwerden. Es eignet sich auch f\u00fcr die t\u00e4gliche Pflege der Haut, die Beruhigung und Regeneration ben\u00f6tigt.<\/p>\n<p><strong>Eine F\u00fclle von Zutaten:<\/strong> Hanf\u00f6l versorgt die Haut mit wertvollen Fetts\u00e4uren und Vitaminen, die die nat\u00fcrliche Schutzbarriere unterst\u00fctzen und entz\u00fcndungshemmend wirken. \u00c4therische \u00d6le aus Eukalyptus, Pfefferminze und Kampfer verst\u00e4rken nicht nur den k\u00fchlenden Effekt, sondern wirken auch antibakteriell und erfrischend und machen das Produkt zu einem Allround-Pflegeprodukt.<\/p>\n<p><strong>Sicherheit und Qualit\u00e4t:<\/strong> Das Produkt wurde dermatologischen Tests unterzogen, die seine Unbedenklichkeit auch f\u00fcr empfindliche Haut best\u00e4tigen. Der Verzicht auf k\u00fcnstliche Aromen minimiert das Risiko von Reizungen und macht die Salbe auch f\u00fcr Menschen mit Hautallergien geeignet.<\/p>\n<p><strong>Benutzerbewertungen:<\/strong> Kunden loben die Salbe f\u00fcr ihre schnelle k\u00fchlende Wirkung und das lang anhaltende Gef\u00fchl der Schmerzlinderung. Viele sch\u00e4tzen auch die leichte Textur, die keine fettigen Spuren oder Flecken auf der Kleidung hinterl\u00e4sst. Die regelm\u00e4\u00dfige Anwendung hilft nicht nur bei der Schmerzlinderung, sondern auch bei der Verbesserung der t\u00e4glichen Mobilit\u00e4t.<\/p>\n<p><strong>Lagerung:<\/strong> Es wird empfohlen, die Salbe bei Raumtemperatur, an einem trockenen und k\u00fchlen Ort, fern von W\u00e4rmequellen und Sonnenlicht aufzubewahren, um ihre volle therapeutische Wirkung zu erhalten.<\/p>\n<p>MedicProgress Hanf Extra K\u00fchlsalbe ist ein unverzichtbares Produkt f\u00fcr alle, die eine nat\u00fcrliche und wirksame Methode suchen, um Muskel- und Gelenkschmerzen zu lindern. Dank der einzigartigen Formel mit Hanf\u00f6l und ausgew\u00e4hlten Wirkstoffen werden Sie schnell Linderung versp\u00fcren und Ihre Bewegungsfreiheit wiedererlangen.<\/p>","protected":false},"excerpt":{"rendered":"<p>MedicProgress Hanf Extra K\u00fchlsalbe 100 ml ist eine wirksame Linderung f\u00fcr m\u00fcde Muskeln und steife Gelenke. Dank 5% Hanf\u00f6l und nat\u00fcrlichen Inhaltsstoffen - Menthol, Kampfer, Eukalyptus und Minze - k\u00fchlt und \u201ebet\u00e4ubt\u201d sie intensiv die schmerzenden Stellen und reduziert Schwellungen und Steifheit.<\/p>\n<p>Die Formel verbessert schnell die Blutzirkulation und sorgt f\u00fcr ein lang anhaltendes Gef\u00fchl von Frische und Entspannung. Es ist nicht klebrig und hinterl\u00e4sst keine Flecken auf der Kleidung. Die nat\u00fcrliche Zusammensetzung ist dermatologisch getestet und frei von k\u00fcnstlichen Duftstoffen.<\/p>\n<p>Bestellen Sie jetzt und erleben Sie Linderung durch die Kraft der Natur - schneller Versand und kostenlose Lieferung ab 129 \u20ac!<\/p>","protected":false},"featured_media":8473,"comment_status":"open","ping_status":"closed","template":"","meta":{"_acf_changed":false,"_gspb_post_css":"","rank_math_title":"","rank_math_description":"","rank_math_focus_keyword":"","rank_math_facebook_title":"","rank_math_facebook_description":"","rank_math_twitter_title":"","rank_math_twitter_description":""},"product_brand":[125],"product_cat":[334],"product_tag":[],"woo-feed-brand":[],"class_list":{"0":"post-7936","1":"product","2":"type-product","3":"status-publish","4":"has-post-thumbnail","6":"product_brand-medicprogress","7":"product_cat-zele","9":"first","10":"outofstock","11":"purchasable","12":"product-type-simple"},"ct_brands":[{"id":125,"name":"MedicProgress","slug":"medicprogress"}],"acf":[],"_links":{"self":[{"href":"https:\/\/ubucha.pl\/de\/wp-json\/wp\/v2\/product\/7936","targetHints":{"allow":["GET"]}}],"collection":[{"href":"https:\/\/ubucha.pl\/de\/wp-json\/wp\/v2\/product"}],"about":[{"href":"https:\/\/ubucha.pl\/de\/wp-json\/wp\/v2\/types\/product"}],"replies":[{"embeddable":true,"href":"https:\/\/ubucha.pl\/de\/wp-json\/wp\/v2\/comments?post=7936"}],"wp:featuredmedia":[{"embeddable":true,"href":"https:\/\/ubucha.pl\/de\/wp-json\/wp\/v2\/media\/8473"}],"wp:attachment":[{"href":"https:\/\/ubucha.pl\/de\/wp-json\/wp\/v2\/media?parent=7936"}],"wp:term":[{"taxonomy":"product_brand","embeddable":true,"href":"https:\/\/ubucha.pl\/de\/wp-json\/wp\/v2\/product_brand?post=7936"},{"taxonomy":"product_cat","embeddable":true,"href":"https:\/\/ubucha.pl\/de\/wp-json\/wp\/v2\/product_cat?post=7936"},{"taxonomy":"product_tag","embeddable":true,"href":"https:\/\/ubucha.pl\/de\/wp-json\/wp\/v2\/product_tag?post=7936"},{"taxonomy":"woo-feed-brand","embeddable":true,"href":"https:\/\/ubucha.pl\/de\/wp-json\/wp\/v2\/woo-feed-brand?post=7936"}],"curies":[{"name":"wp","href":"https:\/\/api.w.org\/{rel}","templated":true}]}}