{"id":7916,"date":"2025-09-26T14:05:40","date_gmt":"2025-09-26T12:05:40","guid":{"rendered":"https:\/\/ubucha.pl\/laurocann-forte-masc-laurowo-konopna-z-cbd-250ml\/"},"modified":"2026-03-07T20:21:11","modified_gmt":"2026-03-07T19:21:11","slug":"laurocann-forte-hanf-lorbeermaske-mit-cbd-250ml","status":"publish","type":"product","link":"https:\/\/ubucha.pl\/de\/laurocann-forte-masc-laurowo-konopna-z-cbd-250ml\/","title":{"rendered":"LauroCann Forte-Salbe mit CBD 250ml"},"content":{"rendered":"<h2>LauroCann Forte 20% CBD-Salbe - Die st\u00e4rkste Creme gegen Schmerzen.<\/h2>\n<p>Sind Sie auf der Suche nach einer wirksamen Salbe, die Schmerzen schnell lindert und m\u00fcde Muskeln und Gelenke entlastet? <strong>LauroCann Forte<\/strong> ist eine einzigartige, potente Hanf-Lorbeer-Salbe, deren Potenz durch einen Gehalt von 20% an Hanf\u00f6l und 250 mg CBD in einer 250-ml-Packung best\u00e4tigt wird. Dies ist das neueste und leistungsst\u00e4rkste Produkt der renommierten tschechischen Marke Medicprogress, das f\u00fcr anspruchsvolle Anwender auf der Suche nach nat\u00fcrlicher und effektiver Schmerzlinderung entwickelt wurde.<\/p>\n<h3>Warum die LauroCann Forte-Salbe?<\/h3>\n<p>Die LauroCann Forte-Salbe ist eine au\u00dfergew\u00f6hnliche Kombination der wohltuenden Eigenschaften von Lorbeer\u00f6l mit starkem CBD-Hanfextrakt und sorgf\u00e4ltig ausgew\u00e4hlten \u00e4therischen \u00d6len und Wirkstoffen, die zusammen ein Produkt mit einem breiten Wirkungsspektrum ergeben:<\/p>\n<ul>\n<li><strong>Hohe schmerzlindernde Wirksamkeit<\/strong> dank seiner hohen Konzentration an CBD (20%), einer Substanz, die f\u00fcr ihre entz\u00fcndungshemmenden und reizlindernden Eigenschaften bekannt ist.<\/li>\n<li><strong>Nat\u00fcrliche pflanzliche Inhaltsstoffe<\/strong> - Lorbeer-, Nelken-, Rosmarin- und Wacholder\u00f6l haben eine schmerzlindernde, w\u00e4rmende und antiseptische Wirkung.<\/li>\n<li><strong>Schutz und Regeneration der Haut<\/strong> - Sheabutter und Lanolin versorgen die Haut intensiv mit Feuchtigkeit, n\u00e4hren sie und sch\u00fctzen sie vor dem Austrocknen.<\/li>\n<li><strong>Angenehme Textur<\/strong> erm\u00f6glicht ein einfaches Auftragen und schnelles Einziehen, ohne sich fettig anzuf\u00fchlen.<\/li>\n<li><strong>Vielseitiger Einsatz<\/strong> - Ideal f\u00fcr Massagen, zur Linderung von Muskel- und Gelenkschmerzen und zur Unterst\u00fctzung bei Verletzungen und Muskelverspannungen.<\/li>\n<\/ul>\n<h3>Wirkstoffe in der LauroCann Forte-Salbe - was ist in der Potenz enthalten?<\/h3>\n<p>Die Salbenformel basiert auf sorgf\u00e4ltig ausgew\u00e4hlten, nat\u00fcrlichen Inhaltsstoffen mit nachgewiesener Wirkung:<\/p>\n<table style=\"border-collapse: collapse; width: 100%; max-width: 600px;\" border=\"1\" cellspacing=\"0\" cellpadding=\"8\">\n<thead>\n<tr style=\"background-color: #f2f2f2;\">\n<th>Komponente<\/th>\n<th>Funktion und Nutzen<\/th>\n<\/tr>\n<\/thead>\n<tbody>\n<tr>\n<td>Aqua (Wasser)<\/td>\n<td>Emulsionsbasis, Tr\u00e4ger von Wirkstoffen<\/td>\n<\/tr>\n<tr>\n<td>Cannabis-Sativa-Samen\u00f6l<\/td>\n<td>Starke entz\u00fcndungshemmende, feuchtigkeitsspendende und sch\u00fctzende Wirkung auf die Haut<\/td>\n<\/tr>\n<tr>\n<td>Glycerinstearatcitrat, Cetearylalkohol, Glycerinstearat<\/td>\n<td>Emulgatoren f\u00fcr Konsistenz und einfache Anwendung<\/td>\n<\/tr>\n<tr>\n<td>Propylenglykol<\/td>\n<td>Feuchthaltemittel, erh\u00f6ht das Eindringen der Inhaltsstoffe in die Haut<\/td>\n<\/tr>\n<tr>\n<td>Phenoxyethanol<\/td>\n<td>Mildes Konservierungsmittel<\/td>\n<\/tr>\n<tr>\n<td>Butyrospermum Parkii Butter (Sheabutter)<\/td>\n<td>Intensive Hydratation, Regeneration und Schutz der Haut<\/td>\n<\/tr>\n<tr>\n<td>Laurus-Nobilis-Blatt\u00f6l<\/td>\n<td>Entz\u00fcndungshemmende und schmerzlindernde Wirkung, verbessert die Mikrozirkulation<\/td>\n<\/tr>\n<tr>\n<td>Juniperus Communis Holz\u00f6l<\/td>\n<td>Unterst\u00fctzt die Beseitigung von Muskelverspannungen und -schmerzen<\/td>\n<\/tr>\n<tr>\n<td>Cannabidiol (CBD)<\/td>\n<td>Aktiver Hanfbestandteil mit schmerzlindernden und regenerierenden Eigenschaften<\/td>\n<\/tr>\n<tr>\n<td>Eukalyptus-Globulus-Blatt\u00f6l<\/td>\n<td>Erfrischende und w\u00e4rmende Wirkung<\/td>\n<\/tr>\n<tr>\n<td>Eugenia Caryophyllus Leaf Oil (Nelken\u00f6l)<\/td>\n<td>Starke entz\u00fcndungshemmende und antiseptische Wirkung<\/td>\n<\/tr>\n<tr>\n<td>Tocopherol (Vitamin E)<\/td>\n<td>Hautsch\u00fctzendes Antioxidans<\/td>\n<\/tr>\n<tr>\n<td>Lanolin<\/td>\n<td>Emollient, f\u00f6rdert die Regeneration und Hydratation<\/td>\n<\/tr>\n<tr>\n<td>Terpentin<\/td>\n<td>hat eine w\u00e4rmende und schmerzlindernde Wirkung<\/td>\n<\/tr>\n<tr>\n<td>Rosmarinus Officinalis Leaf Extract (Rosmarinextrakt)<\/td>\n<td>Verbessert die Durchblutung und hat eine antiseptische Wirkung<\/td>\n<\/tr>\n<tr>\n<td>Helianthus Annuus Seed Oil (Sonnenblumen\u00f6l)<\/td>\n<td>N\u00e4hrt die Haut und macht sie geschmeidig<\/td>\n<\/tr>\n<tr>\n<td>Methylsalicylat<\/td>\n<td>Inhaltsstoff mit entz\u00fcndungshemmender und w\u00e4rmender Wirkung<\/td>\n<\/tr>\n<\/tbody>\n<\/table>\n<h3>Wie verwende ich LauroCann Forte-Salbe, um die besten Ergebnisse zu erzielen?<\/h3>\n<p>Die Anwendung ist sehr einfach und bequem. Tragen Sie einfach eine angemessene Menge der Salbe auf die trockene und saubere Haut an der Schmerz- oder Spannungsstelle auf. Massieren Sie das Produkt sanft ein, bis es vollst\u00e4ndig eingezogen ist. So k\u00f6nnen die Wirkstoffe schnell und tief in das Gewebe eindringen und f\u00fcr Linderung und Beruhigung sorgen.<\/p>\n<p>Die regelm\u00e4\u00dfige Anwendung der Salbe kann die Regeneration von schmerzenden Muskeln und Gelenken unterst\u00fctzen, Steifheitsgef\u00fchle verringern und den Bewegungskomfort verbessern.<\/p>\n<h3>Sicherheit und Lagerung<\/h3>\n<ul>\n<li>Das Produkt ist f\u00fcr die \u00e4u\u00dfere Anwendung bestimmt - nicht innerlich anwenden.<\/li>\n<li>Au\u00dferhalb der Reichweite von Kindern aufbewahren.<\/li>\n<li>Trocken und k\u00fchl, fern von W\u00e4rme- und Lichtquellen lagern.<\/li>\n<\/ul>\n<h3>Nutzerbewertungen<\/h3>\n<p>Anwender loben die LauroCann Forte-Salbe f\u00fcr ihre schnelle schmerzlindernde Wirkung und die angenehme, nicht fettende Konsistenz. Viele bemerken eine deutliche Verbesserung der Muskelschmerzen nach dem Training und eine Linderung von Gelenkschmerzen. Das Produkt gilt als eine der wirksamsten und am besten wirkenden Hanfcremes auf dem Markt.<\/p>\n<h3>Zus\u00e4tzliche Informationen und Anleitungen<\/h3>\n<p>Die LauroCann Forte-Salbe ist nicht nur f\u00fcr Sportler, sondern auch f\u00fcr k\u00f6rperlich aktive Menschen und solche, die mit chronischen Muskel- und Gelenkschmerzen zu k\u00e4mpfen haben, eine ideale Wahl. Sie eignet sich perfekt als Unterst\u00fctzung bei einer therapeutischen oder entspannenden Massage.<\/p>\n<p>Dank des Lorbeer\u00f6ls und anderer \u00e4therischer \u00d6le hat die Salbe einen unverwechselbaren, angenehmen Duft, der die Sinne zus\u00e4tzlich beruhigt.<\/p>\n<p>Das Produkt wird in der Tschechischen Republik von Medicprogress hergestellt und von <em>hanfne24.de<\/em>, Dies garantiert hohe Qualit\u00e4t und sichere Anwendung.<\/p>\n<p><strong>Entscheiden Sie sich f\u00fcr LauroCann Forte 20% CBD - die nat\u00fcrliche Kraft von Hanf- und Lorbeer\u00f6l verkapselt in einer Creme. Finden Sie heraus, wie schnell Sie Erleichterung sp\u00fcren und Ihren Lebenskomfort verbessern k\u00f6nnen!<\/strong><\/p>","protected":false},"excerpt":{"rendered":"<p>Entdecken Sie die Kraft der Natur mit LauroCann Forte 20% CBD-Salbe - die wirksamste Lorbeer- und Cannabiscreme auf dem Markt! Dank ihrer einzigartigen Formel, die 250 mg CBD, Lorbeer\u00f6l, Nelken\u00f6l, Rosmarin\u00f6l und Sheabutter kombiniert, lindert die Salbe effektiv Schmerzen und f\u00f6rdert die Regeneration der Haut.<\/p>\n<p>Dieses Produkt wurde mit den hochwertigsten Inhaltsstoffen formuliert und ist ideal f\u00fcr die Anwendung an trockenen Stellen, die Beruhigung und Entspannung ben\u00f6tigen. Die gro\u00dfe 250-ml-Packung bietet eine lang anhaltende Wirkung und eine bequeme Anwendung.<\/p>\n<p>Einfach sanft einmassieren, um schnelle Linderung und Komfort zu sp\u00fcren. Entscheiden Sie sich f\u00fcr die bew\u00e4hrte Qualit\u00e4t des renommierten Herstellers Medicprogress und k\u00fcmmern Sie sich noch heute um Ihren K\u00f6rper!<\/p>","protected":false},"featured_media":8525,"comment_status":"open","ping_status":"closed","template":"","meta":{"_acf_changed":false,"_gspb_post_css":"","rank_math_title":"","rank_math_description":"","rank_math_focus_keyword":"","rank_math_facebook_title":"","rank_math_facebook_description":"","rank_math_twitter_title":"","rank_math_twitter_description":""},"product_brand":[125],"product_cat":[318],"product_tag":[],"woo-feed-brand":[],"class_list":{"0":"post-7916","1":"product","2":"type-product","3":"status-publish","4":"has-post-thumbnail","6":"product_brand-medicprogress","7":"product_cat-masci","9":"first","10":"outofstock","11":"purchasable","12":"product-type-simple"},"ct_brands":[{"id":125,"name":"MedicProgress","slug":"medicprogress"}],"acf":[],"_links":{"self":[{"href":"https:\/\/ubucha.pl\/de\/wp-json\/wp\/v2\/product\/7916","targetHints":{"allow":["GET"]}}],"collection":[{"href":"https:\/\/ubucha.pl\/de\/wp-json\/wp\/v2\/product"}],"about":[{"href":"https:\/\/ubucha.pl\/de\/wp-json\/wp\/v2\/types\/product"}],"replies":[{"embeddable":true,"href":"https:\/\/ubucha.pl\/de\/wp-json\/wp\/v2\/comments?post=7916"}],"wp:featuredmedia":[{"embeddable":true,"href":"https:\/\/ubucha.pl\/de\/wp-json\/wp\/v2\/media\/8525"}],"wp:attachment":[{"href":"https:\/\/ubucha.pl\/de\/wp-json\/wp\/v2\/media?parent=7916"}],"wp:term":[{"taxonomy":"product_brand","embeddable":true,"href":"https:\/\/ubucha.pl\/de\/wp-json\/wp\/v2\/product_brand?post=7916"},{"taxonomy":"product_cat","embeddable":true,"href":"https:\/\/ubucha.pl\/de\/wp-json\/wp\/v2\/product_cat?post=7916"},{"taxonomy":"product_tag","embeddable":true,"href":"https:\/\/ubucha.pl\/de\/wp-json\/wp\/v2\/product_tag?post=7916"},{"taxonomy":"woo-feed-brand","embeddable":true,"href":"https:\/\/ubucha.pl\/de\/wp-json\/wp\/v2\/woo-feed-brand?post=7916"}],"curies":[{"name":"wp","href":"https:\/\/api.w.org\/{rel}","templated":true}]}}