{"id":7914,"date":"2025-09-26T14:05:40","date_gmt":"2025-09-26T12:05:40","guid":{"rendered":"https:\/\/ubucha.pl\/laurocann-forte-hot-masc-rozgrzewajaca-cbd-175ml\/"},"modified":"2026-04-04T15:26:18","modified_gmt":"2026-04-04T13:26:18","slug":"laurocann-forte-hot-cbd-warmende-maske-175ml","status":"publish","type":"product","link":"https:\/\/ubucha.pl\/de\/laurocann-forte-hot-masc-rozgrzewajaca-cbd-175ml\/","title":{"rendered":"Laurocann Forte Hot CBD w\u00e4rmende Salbe 175ml"},"content":{"rendered":"<h2>Laurocann Forte HOT 175ml - W\u00e4rmende Hanfsalbe<\/h2>\n<p>Sind Sie auf der Suche nach einem wirksamen Produkt, das m\u00fcde Muskeln und Gelenke nach intensivem Sport oder an kalten, unfreundlichen Tagen lindert? <strong>Laurocann Forte HOT<\/strong> ist eine ausgezeichnete Wahl! Diese einzigartige w\u00e4rmende Salbe kombiniert nat\u00fcrliche Hanfbestandteile und leistungsstarke w\u00e4rmende Substanzen, um Ihnen Linderung, Entspannung und verbesserten Bewegungskomfort zu bieten.<\/p>\n<h3>Warum ist Laurocann Forte HOT das Produkt, das Sie brauchen?<\/h3>\n<p>Die Salbe ist mit Wirkstoffen wie Capsaicin, Nelken\u00f6l und Rosmarin angereichert, die f\u00fcr die allm\u00e4hliche und tiefe Erw\u00e4rmung der behandelten K\u00f6rperteile verantwortlich sind. Dadurch verbessert sie wirksam die Durchblutung, entspannt steife Muskeln und lindert das K\u00e4ltegef\u00fchl, was besonders bei kalten Extremit\u00e4ten hilfreich ist.<\/p>\n<p>Nicht nur Sportler, sondern auch Menschen mit einer sitzenden Lebensweise oder Menschen, die niedrigen Temperaturen ausgesetzt sind, werden die Wirkung dieser Salbe zu sch\u00e4tzen wissen, die die Regeneration des K\u00f6rpers wirksam f\u00f6rdert und ein angenehmes W\u00e4rmegef\u00fchl vermittelt.<\/p>\n<h3>Wichtige Inhaltsstoffe und ihre Wirkungen<\/h3>\n<table style=\"border-collapse: collapse; width: 100%;\" border=\"1\" cellspacing=\"0\" cellpadding=\"8\">\n<thead>\n<tr style=\"background-color: #f2f2f2;\">\n<th>Komponente<\/th>\n<th>Funktion und Nutzen<\/th>\n<\/tr>\n<\/thead>\n<tbody>\n<tr>\n<td>Hanf\u00f6l<\/td>\n<td>Sie n\u00e4hrt und regeneriert die Haut und unterst\u00fctzt ihren nat\u00fcrlichen Schutz und ihre Elastizit\u00e4t.<\/td>\n<\/tr>\n<tr>\n<td>Hanf-Extrakt<\/td>\n<td>Es hat eine beruhigende Wirkung auf Muskeln und Gelenke, l\u00f6st Verspannungen und beschleunigt die Regeneration.<\/td>\n<\/tr>\n<tr>\n<td>Lorbeer\u00f6l<\/td>\n<td>Unterst\u00fctzt die w\u00e4rmenden und entspannenden Eigenschaften der Salbe und erh\u00f6ht den Komfort bei der Anwendung.<\/td>\n<\/tr>\n<tr>\n<td>Nelken\u00f6l<\/td>\n<td>Es verbessert die Durchblutung, wirkt w\u00e4rmend und schmerzlindernd auf m\u00fcde K\u00f6rperteile.<\/td>\n<\/tr>\n<tr>\n<td>Sheabutter<\/td>\n<td>Sie spendet Feuchtigkeit und pflegt die Haut, so dass sie nach der Anwendung weich und geschmeidig ist.<\/td>\n<\/tr>\n<tr>\n<td>Gew\u00f6hnlicher Wacholder<\/td>\n<td>Es unterst\u00fctzt die Regeneration der Haut, lindert Muskelerm\u00fcdung und wirkt entz\u00fcndungshemmend.<\/td>\n<\/tr>\n<tr>\n<td>Rosemary<\/td>\n<td>Regt die Durchblutung an und verst\u00e4rkt die w\u00e4rmende Wirkung, was zu einer schnelleren Erholung beitr\u00e4gt.<\/td>\n<\/tr>\n<tr>\n<td>Capsaicin<\/td>\n<td>Erw\u00e4rmt die Haut intensiv und bringt sofortige Erleichterung f\u00fcr verspannte Muskeln.<\/td>\n<\/tr>\n<tr>\n<td>Eukalyptus\u00f6l<\/td>\n<td>Es erfrischt, wirkt entspannend und unterst\u00fctzt das Gef\u00fchl der Entspannung nach der Anwendung.<\/td>\n<\/tr>\n<\/tbody>\n<\/table>\n<h3>Wie wird Laurocann Forte HOT-Salbe angewendet?<\/h3>\n<p>Die Anwendung ist einfach und bequem. Tragen Sie eine angemessene Menge der Salbe auf die gereinigte Haut der ausgew\u00e4hlten K\u00f6rperpartie auf und massieren Sie sie sanft ein, bis sie vollst\u00e4ndig eingezogen ist. Das Produkt wird am besten nach dem Sport oder immer dann verwendet, wenn Sie das Bed\u00fcrfnis haben, Ihre Muskeln oder Gelenke aufzuw\u00e4rmen und zu beruhigen. Sie k\u00f6nnen es im Laufe des Tages wiederholt anwenden und dabei auf die Reaktion Ihrer Haut achten.<\/p>\n<h3>Sicherheit und Lagerung<\/h3>\n<ul>\n<li>Das Produkt ist nur zur \u00e4u\u00dferlichen Anwendung bestimmt - nicht innerlich anwenden.<\/li>\n<li>Au\u00dferhalb der Reichweite von Kindern aufbewahren.<\/li>\n<li>Trocken, k\u00fchl und vor direkter Sonneneinstrahlung gesch\u00fctzt lagern.<\/li>\n<\/ul>\n<h3>Kunden-Feedback<\/h3>\n<p>Die Anwender von Laurocann Forte HOT loben die Wirksamkeit und das angenehme, allm\u00e4hliche W\u00e4rmegef\u00fchl. Viele betonen, dass die Salbe hervorragend geeignet ist, um Muskelschmerzen nach dem Training zu lindern und das Gef\u00fchl von kalten Extremit\u00e4ten zu bek\u00e4mpfen, was den Komfort im Alltag verbessert. Sie wird auch wegen ihrer nat\u00fcrlichen Zusammensetzung und ihrer intensiven w\u00e4rmenden Wirkung gesch\u00e4tzt, ohne die Haut zu reizen.<\/p>\n<h3>Zus\u00e4tzliche Informationen und Anwendungsbeispiele<\/h3>\n<p>Laurocann Forte HOT Salbe eignet sich f\u00fcr eine Vielzahl von Situationen - von der Erholung nach dem Sporttraining \u00fcber die Linderung von R\u00fccken-, Nacken- oder Gelenkschmerzen bis hin zur angenehmen Erw\u00e4rmung von H\u00e4nden und F\u00fc\u00dfen an kalten Tagen. Sie ist auch ein hervorragendes Produkt f\u00fcr k\u00f6rperlich aktive Menschen, die ihre Muskeln und ihre Haut nach einem anstrengenden Tag pflegen wollen.<\/p>\n<p>Dank ihrer einzigartigen Zusammensetzung aus nat\u00fcrlichen Wirkstoffen w\u00e4rmt die Salbe nicht nur, sondern pflegt auch die Haut und beugt Trockenheitsgef\u00fchlen und Reizungen vor. Eine regelm\u00e4\u00dfige Anwendung kann die Regeneration f\u00f6rdern und ein lang anhaltendes Gef\u00fchl der Erleichterung bringen.<\/p>\n<h3>Zusammenfassung<\/h3>\n<p><strong>Laurocann Forte HOT 175ml<\/strong> ist eine innovative w\u00e4rmende Salbe, die die Kraft von Hanf und nat\u00fcrlichen \u00e4therischen \u00d6len kombiniert, um Muskeln und Gelenke effektiv zu unterst\u00fctzen. Wenn Sie auf der Suche nach einem Produkt sind, das intensiv w\u00e4rmt, beruhigt und die Genesung unterst\u00fctzt - w\u00e4hlen Sie Laurocann Forte HOT und sp\u00fcren Sie den Unterschied schon nach der ersten Anwendung!<\/p>","protected":false},"excerpt":{"rendered":"<p>Laurocann Forte HOT ist eine w\u00e4rmende Hanfsalbe (175 ml), die dank einer einzigartigen Formel mit Capsaicin, Nelken\u00f6l und Rosmarin m\u00fcde Muskeln und Gelenke lindert.<\/p>\n<p>Das Produkt w\u00e4rmt intensiv, verbessert die Durchblutung und entspannt verspannte K\u00f6rperpartien, ideal nach dem Sport und an kalten Tagen. Der Gehalt an Hanf\u00f6l, Sheabutter und Hanfextrakt n\u00e4hrt und regeneriert die Haut effektiv und sorgt f\u00fcr ihr Wohlbefinden.<\/p>\n<p>Laurocann Forte HOT ist die perfekte Wahl f\u00fcr aktive Menschen und solche, die eine nat\u00fcrliche Linderung und Entspannung suchen. Entscheiden Sie sich f\u00fcr die bew\u00e4hrte Qualit\u00e4t von HB Cosmetics und sp\u00fcren Sie den Unterschied schon nach der ersten Anwendung!<\/p>","protected":false},"featured_media":9704,"comment_status":"open","ping_status":"closed","template":"","meta":{"_acf_changed":false,"_gspb_post_css":"","rank_math_title":"","rank_math_description":"","rank_math_focus_keyword":"","rank_math_facebook_title":"","rank_math_facebook_description":"","rank_math_twitter_title":"","rank_math_twitter_description":""},"product_brand":[125],"product_cat":[334],"product_tag":[],"woo-feed-brand":[],"class_list":{"0":"post-7914","1":"product","2":"type-product","3":"status-publish","4":"has-post-thumbnail","6":"product_brand-medicprogress","7":"product_cat-zele","9":"first","10":"outofstock","11":"purchasable","12":"product-type-simple"},"ct_brands":[{"id":125,"name":"MedicProgress","slug":"medicprogress"}],"acf":[],"_links":{"self":[{"href":"https:\/\/ubucha.pl\/de\/wp-json\/wp\/v2\/product\/7914","targetHints":{"allow":["GET"]}}],"collection":[{"href":"https:\/\/ubucha.pl\/de\/wp-json\/wp\/v2\/product"}],"about":[{"href":"https:\/\/ubucha.pl\/de\/wp-json\/wp\/v2\/types\/product"}],"replies":[{"embeddable":true,"href":"https:\/\/ubucha.pl\/de\/wp-json\/wp\/v2\/comments?post=7914"}],"wp:featuredmedia":[{"embeddable":true,"href":"https:\/\/ubucha.pl\/de\/wp-json\/wp\/v2\/media\/9704"}],"wp:attachment":[{"href":"https:\/\/ubucha.pl\/de\/wp-json\/wp\/v2\/media?parent=7914"}],"wp:term":[{"taxonomy":"product_brand","embeddable":true,"href":"https:\/\/ubucha.pl\/de\/wp-json\/wp\/v2\/product_brand?post=7914"},{"taxonomy":"product_cat","embeddable":true,"href":"https:\/\/ubucha.pl\/de\/wp-json\/wp\/v2\/product_cat?post=7914"},{"taxonomy":"product_tag","embeddable":true,"href":"https:\/\/ubucha.pl\/de\/wp-json\/wp\/v2\/product_tag?post=7914"},{"taxonomy":"woo-feed-brand","embeddable":true,"href":"https:\/\/ubucha.pl\/de\/wp-json\/wp\/v2\/woo-feed-brand?post=7914"}],"curies":[{"name":"wp","href":"https:\/\/api.w.org\/{rel}","templated":true}]}}