{"id":7912,"date":"2025-09-26T14:05:40","date_gmt":"2025-09-26T12:05:40","guid":{"rendered":"https:\/\/ubucha.pl\/laurocann-forte-masc-laurowo-konopna-z-cbd-175ml\/"},"modified":"2026-04-28T15:02:21","modified_gmt":"2026-04-28T13:02:21","slug":"laurocann-forte-hanf-lorbeermaske-mit-cbd-175ml","status":"publish","type":"product","link":"https:\/\/ubucha.pl\/de\/laurocann-forte-masc-laurowo-konopna-z-cbd-175ml\/","title":{"rendered":"LauroCann Forte Salbe mit CBD 175ml"},"content":{"rendered":"<h2>LauroCann Forte Salbe 20% mit CBD - Die st\u00e4rkste schmerzlindernde Creme.<\/h2>\n<p>Sind Sie auf der Suche nach wirksamer Schmerzlinderung und Hautregeneration? <strong>Laurocann Forte-Salbe<\/strong> ist eine einzigartige Zusammensetzung mit starker Wirkung, die die nat\u00fcrlichen Eigenschaften des Lorbeer\u00f6ls mit dem Reichtum der Hanfbestandteile verbindet. Dank seines Gehalts von so viel wie <strong>20% Hanf\u00f6l<\/strong> und <strong>250 mg CBD<\/strong> in einer 250-ml-Packung ist dies eine der wirksamsten Kosmetika zur Schmerzlinderung, die auf dem Markt erh\u00e4ltlich sind.<\/p>\n<h3>Warum die LauroCann Forte-Salbe?<\/h3>\n<p>Diese Spezialsalbe ist eine Revolution in der Schmerzpflege und -therapie - sie kombiniert die Kraft nat\u00fcrlicher \u00e4therischer \u00d6le mit den entz\u00fcndungshemmenden und regenerierenden Eigenschaften von CBD und Hanf\u00f6l. Was hebt sie von anderen Produkten ab?<\/p>\n<ul>\n<li><strong>Einzigartige Formel mit Lorbeer und Hanf<\/strong> - Eine einzigartige Kombination aus Lorbeer\u00f6l und Hanf\u00f6l mit einer hohen Konzentration an CBD.<\/li>\n<li><strong>\u00c4u\u00dferst wirksam<\/strong> - Das Produkt basiert auf einer Formel der renommierten tschechischen Firma Medicprogress, die h\u00f6chste Qualit\u00e4t garantiert.<\/li>\n<li><strong>Nat\u00fcrliche Wirkstoffe<\/strong> - Eine reichhaltige Mischung aus \u00e4therischen \u00d6len und Sheabutter sorgt f\u00fcr intensive Pflege und Komfort f\u00fcr die Haut.<\/li>\n<li><strong>Einfachheit der Anwendung<\/strong> - Die Salbe zieht schnell ein, hinterl\u00e4sst keinen \u00f6ligen Film, ideal f\u00fcr den t\u00e4glichen Gebrauch.<\/li>\n<\/ul>\n<h3>Wichtige Inhaltsstoffe und ihre Eigenschaften<\/h3>\n<p>Wissen Sie genau, was in der LauroCann Forte-Salbe enthalten ist und wie die einzelnen Inhaltsstoffe auf Ihrer Haut wirken? Hier finden Sie die vollst\u00e4ndige Zusammensetzung des Produkts zusammen mit einer Beschreibung der Vorteile:<\/p>\n<table style=\"border-collapse: collapse; width: 100%;\" border=\"1\" cellspacing=\"0\" cellpadding=\"8\">\n<thead>\n<tr style=\"background-color: #f2f2f2;\">\n<th>Komponente<\/th>\n<th>Beschreibung und Nutzen f\u00fcr die Haut<\/th>\n<\/tr>\n<\/thead>\n<tbody>\n<tr>\n<td>Aqua (Wasser)<\/td>\n<td>Die Basis der Creme, sie spendet Feuchtigkeit.<\/td>\n<\/tr>\n<tr>\n<td>Cannabis-Sativa-Samen\u00f6l<\/td>\n<td>Es ist reich an unges\u00e4ttigten Omega-3- und Omega-6-Fetts\u00e4uren und hat eine regenerierende und feuchtigkeitsspendende Wirkung.<\/td>\n<\/tr>\n<tr>\n<td>Glycerinstearatcitrat, Cetearylalkohol, Glycerinstearat<\/td>\n<td>Emulgatoren und Texturstabilisatoren, die f\u00fcr Geschmeidigkeit und die richtige Textur sorgen.<\/td>\n<\/tr>\n<tr>\n<td>Propylenglykol<\/td>\n<td>Verbessert die Aufnahme der Wirkstoffe.<\/td>\n<\/tr>\n<tr>\n<td>Phenoxyethanol<\/td>\n<td>Nat\u00fcrliches Konservierungsmittel, h\u00e4lt das Produkt frisch.<\/td>\n<\/tr>\n<tr>\n<td>Butyrospermum Parkii Butter (Sheabutter)<\/td>\n<td>N\u00e4hrt und regeneriert die Haut intensiv und bildet eine Schutzbarriere.<\/td>\n<\/tr>\n<tr>\n<td>Laurus-Nobilis-Blatt\u00f6l<\/td>\n<td>Starke schmerzstillende und entz\u00fcndungshemmende Wirkung, aromatherapeutische Eigenschaften.<\/td>\n<\/tr>\n<tr>\n<td>Glucerin<\/td>\n<td>Nat\u00fcrlicher Feuchtigkeitsspender, gl\u00e4ttet die Haut.<\/td>\n<\/tr>\n<tr>\n<td>Juniperus Communis Holz\u00f6l<\/td>\n<td>Es lindert Reizungen und hilft, die Haut zu reinigen.<\/td>\n<\/tr>\n<tr>\n<td>Cannabidiol (CBD)<\/td>\n<td>Ber\u00fchmt f\u00fcr seine schmerzlindernden, entz\u00fcndungshemmenden und die Hautregeneration f\u00f6rdernden Eigenschaften.<\/td>\n<\/tr>\n<tr>\n<td>Eukalyptus-Globulus-Blatt\u00f6l<\/td>\n<td>Es hat eine k\u00fchlende und erfrischende Wirkung und hilft, Muskelverspannungen zu l\u00f6sen.<\/td>\n<\/tr>\n<tr>\n<td>Eugenia Caryophyllus Leaf Oil (Nelken\u00f6l)<\/td>\n<td>Es ist ein starkes Antiseptikum und unterst\u00fctzt die Bek\u00e4mpfung von Schmerzen und Entz\u00fcndungen.<\/td>\n<\/tr>\n<tr>\n<td>Tocopherol (Vitamin E)<\/td>\n<td>Es ist ein starkes Antioxidans, das die Haut vor freien Radikalen sch\u00fctzt.<\/td>\n<\/tr>\n<tr>\n<td>Lanolin<\/td>\n<td>Es ist ein nat\u00fcrlicher Weichmacher und spendet lang anhaltende Feuchtigkeit und Schutz.<\/td>\n<\/tr>\n<tr>\n<td>Terpentin<\/td>\n<td>Es f\u00f6rdert die Durchblutung und w\u00e4rmt, wodurch die schmerzlindernde Wirkung verst\u00e4rkt wird.<\/td>\n<\/tr>\n<tr>\n<td>Rosmarinus Officinalis Leaf Extract (Rosmarinextrakt)<\/td>\n<td>Es verbessert die Mikrozirkulation und hat eine entz\u00fcndungshemmende Wirkung.<\/td>\n<\/tr>\n<tr>\n<td>Helianthus Annuus Seed Oil (Sonnenblumen\u00f6l)<\/td>\n<td>Reich an Vitamin E, spendet es der Haut Feuchtigkeit und n\u00e4hrt sie.<\/td>\n<\/tr>\n<tr>\n<td>Methylsalicylat<\/td>\n<td>Es hat eine schmerzlindernde und entz\u00fcndungshemmende Wirkung und lindert Muskelschmerzen.<\/td>\n<\/tr>\n<tr>\n<td>Triethanolamin, Xanthangummi, Ethylhexylglycerin, Eugenol, Limonen, Linalool<\/td>\n<td>Inhaltsstoffe zur Unterst\u00fctzung der Produktkonsistenz, der Konservierung und des Duftes.<\/td>\n<\/tr>\n<\/tbody>\n<\/table>\n<h3>Wie wird LauroCann Forte-Salbe angewendet?<\/h3>\n<p>Es ist ganz einfach! Tragen Sie eine kleine Menge der Salbe auf die trockene, saubere Haut auf und massieren Sie sie sanft ein, bis sie vollst\u00e4ndig eingezogen ist. Das Produkt kann \u00f6rtlich auf schmerzende Muskeln, Gelenke oder regenerationsbed\u00fcrftige Haut aufgetragen werden.<\/p>\n<p>Dank ihrer wirksamen, aber nat\u00fcrlichen Rezeptur ist die Salbe f\u00fcr den t\u00e4glichen Gebrauch geeignet und kann sowohl von k\u00f6rperlich aktiven Menschen als auch von solchen, die Linderung bei chronischen Schmerzen ben\u00f6tigen, verwendet werden.<\/p>\n<h3>Sicherheit und Lagerung<\/h3>\n<ul>\n<li><strong>Spezialisiertes kosmetisches Mittel<\/strong>, sollte nicht intern verwendet werden.<\/li>\n<li>Trocken, k\u00fchl und f\u00fcr Kinder unzug\u00e4nglich aufbewahren.<\/li>\n<li>Vermeiden Sie den Kontakt mit Augen und Schleimh\u00e4uten.<\/li>\n<\/ul>\n<h3>Nutzerbewertungen<\/h3>\n<p>Kunden loben die LauroCann Forte-Salbe f\u00fcr ihre schnelle schmerzlindernde Wirkung und ihre angenehme Konsistenz, die keinen Fettfilm hinterl\u00e4sst. Viele betonen, dass es sich um eines der wenigen Naturprodukte handelt, die wirklich Linderung bei Muskel- und Gelenkschmerzen verschaffen.<\/p>\n<p>\u201eDie Salbe wirkt erstaunlich gut! Sie lindert die Schmerzen nach dem Training schnell und hilft, sich zu erholen.\u201d - Anna K.<\/p>\n<p>\u201eTolles Produkt, besonders f\u00fcr Menschen mit rheumatischen Problemen. W\u00fcrde es jedem empfehlen, der eine nat\u00fcrliche Alternative zu chemischen Mitteln sucht.\u201d - Marek W.<\/p>\n<h3>Zus\u00e4tzliche Informationen und Antr\u00e4ge<\/h3>\n<p>Neben der traditionellen Anwendung bei Muskel- und Gelenkschmerzen ist die LauroCann Forte-Salbe ideal zur Unterst\u00fctzung m\u00fcder und trockener Haut. Ihre einzigartige Formel mit Sheabutter und Lanolin spendet intensiv Feuchtigkeit und f\u00f6rdert die Regeneration der Epidermis.<\/p>\n<p>Sie k\u00f6nnen es nach dem Sport, bei Massagen oder an Stellen verwenden, die durch anhaltende Anspannung erm\u00fcdet sind. Die nat\u00fcrlichen \u00e4therischen \u00d6le haben auch eine aromatherapeutische Wirkung und helfen Ihnen, sich zu entspannen und zu erholen.<\/p>\n<p><strong>Lagerung:<\/strong> Damit die Salbe ihre volle Wirkung beh\u00e4lt, bewahren Sie sie bei Raumtemperatur an einem trockenen und schattigen Ort auf. Vermeiden Sie \u00dcberhitzung und Einfrieren.<\/p>\n<h3>Zusammenfassung<\/h3>\n<p><strong>LauroCann Forte 20% mit CBD<\/strong> ist ein Produkt f\u00fcr Menschen, die Wert auf nat\u00fcrliche und wirksame L\u00f6sungen zur Schmerzlinderung und Pflege legen. Die einzigartige Kombination aus Lorbeer\u00f6l, Hanf\u00f6l und anderen Wirkstoffen bewirkt, dass die Salbe schnell und effektiv wirkt, Linderung verschafft und die Regeneration der Haut f\u00f6rdert.<\/p>\n<p>Wenn Sie eine hochwertige, bew\u00e4hrte Salbe mit starker Wirkung w\u00fcnschen, w\u00e4hlen Sie LauroCann Forte - die st\u00e4rkste Hanfsalbe mit CBD und Lorbeer\u00f6l auf dem Markt!<\/p>","protected":false},"excerpt":{"rendered":"<p>Entdecken Sie LauroCann Forte - die st\u00e4rkste Hanfsalbe mit 20% CBD und Lorbeer\u00f6l! Es ist eine einzigartige Formel, die bis zu 250 mg CBD, Lorbeer\u00f6l, Nelken\u00f6l, Rosmarin\u00f6l und Sheabutter kombiniert, um Schmerzen effektiv zu lindern und die Hautregeneration zu f\u00f6rdern.<\/p>\n<p>Dank der hochwertigen Inhaltsstoffe und der speziellen Formulierung wirkt die Salbe schnell und tiefgreifend und lindert die Beschwerden des Alltags. Das Produkt ist einfach in der Anwendung - einfach auf die trockene Haut auftragen und sanft einmassieren.<\/p>\n<p>Setzen Sie auf die Kraft der Natur und pflegen Sie Ihren K\u00f6rper mit LauroCann Forte - ideal f\u00fcr alle, die eine starke, nat\u00fcrliche Schmerzlinderung suchen. Bestellen Sie noch heute und sp\u00fcren Sie den Unterschied!<\/p>","protected":false},"featured_media":8527,"comment_status":"open","ping_status":"closed","template":"","meta":{"_acf_changed":false,"_gspb_post_css":"","rank_math_title":"","rank_math_description":"","rank_math_focus_keyword":"","rank_math_facebook_title":"","rank_math_facebook_description":"","rank_math_twitter_title":"","rank_math_twitter_description":""},"product_brand":[125],"product_cat":[318],"product_tag":[],"woo-feed-brand":[],"class_list":{"0":"post-7912","1":"product","2":"type-product","3":"status-publish","4":"has-post-thumbnail","6":"product_brand-medicprogress","7":"product_cat-masci","9":"first","10":"instock","11":"purchasable","12":"product-type-simple"},"ct_brands":[{"id":125,"name":"MedicProgress","slug":"medicprogress"}],"acf":[],"_links":{"self":[{"href":"https:\/\/ubucha.pl\/de\/wp-json\/wp\/v2\/product\/7912","targetHints":{"allow":["GET"]}}],"collection":[{"href":"https:\/\/ubucha.pl\/de\/wp-json\/wp\/v2\/product"}],"about":[{"href":"https:\/\/ubucha.pl\/de\/wp-json\/wp\/v2\/types\/product"}],"replies":[{"embeddable":true,"href":"https:\/\/ubucha.pl\/de\/wp-json\/wp\/v2\/comments?post=7912"}],"wp:featuredmedia":[{"embeddable":true,"href":"https:\/\/ubucha.pl\/de\/wp-json\/wp\/v2\/media\/8527"}],"wp:attachment":[{"href":"https:\/\/ubucha.pl\/de\/wp-json\/wp\/v2\/media?parent=7912"}],"wp:term":[{"taxonomy":"product_brand","embeddable":true,"href":"https:\/\/ubucha.pl\/de\/wp-json\/wp\/v2\/product_brand?post=7912"},{"taxonomy":"product_cat","embeddable":true,"href":"https:\/\/ubucha.pl\/de\/wp-json\/wp\/v2\/product_cat?post=7912"},{"taxonomy":"product_tag","embeddable":true,"href":"https:\/\/ubucha.pl\/de\/wp-json\/wp\/v2\/product_tag?post=7912"},{"taxonomy":"woo-feed-brand","embeddable":true,"href":"https:\/\/ubucha.pl\/de\/wp-json\/wp\/v2\/woo-feed-brand?post=7912"}],"curies":[{"name":"wp","href":"https:\/\/api.w.org\/{rel}","templated":true}]}}