{"id":7906,"date":"2025-09-26T14:03:30","date_gmt":"2025-09-26T12:03:30","guid":{"rendered":"https:\/\/ubucha.pl\/chill-up-zelki-konopne-jagoda-skandynawska-active-terpens-100g\/"},"modified":"2025-10-15T11:06:14","modified_gmt":"2025-10-15T09:06:14","slug":"chill-up-zelki-hanf-skandinavische-beeren-aktiv-terpene-100g","status":"publish","type":"product","link":"https:\/\/ubucha.pl\/de\/chill-up-zelki-konopne-jagoda-skandynawska-active-terpens-100g\/","title":{"rendered":"CHILL UP! Skandinavische Hanfgummis ACTIVE TERPENS 100g"},"content":{"rendered":"<p><strong>\u2705 Zusammensetzung:&nbsp;<\/strong>Zucker, Fruchts\u00e4fte (Zitrone, Apfel, Ananas), Verdickungsmittel (Gelatine), S\u00e4ureregulator (Zitronens\u00e4ure, Apfels\u00e4ure), Vitamin C (Ascorbins\u00e4ure), \u00d6lauszug aus Faserhanf, Chinesischer Gr\u00fcntee-Extrakt Camellia Sinensis (standardisiert auf den Gehalt an L-Theanin 0,2%), Aromen, Farbstoff (Brillantblau), \u00dcberzugsmittel (Bienenwachs, Carnaubawachs).<\/p>\n\n\n\n<p><strong>\u2705Wirkstoffe in 1 Gelee:&nbsp;<\/strong>28 mg nat\u00fcrliche Flavonoide und Terpene,<\/p>\n\n\n\n<p><strong>\u2705Anwendung:<\/strong>&nbsp;Die empfohlene Einnahmedosis betr\u00e4gt 1 Gel. Nicht empfohlen f\u00fcr die Verwendung w\u00e4hrend der Schwangerschaft oder Stillzeit. \u00dcberschreiten Sie nicht die empfohlene Tagesdosis. Das Produkt darf nicht als Ersatz f\u00fcr eine abwechslungsreiche Ern\u00e4hrung verwendet werden.<\/p>\n\n\n\n<p><strong>\u2705Paketinhalt:&nbsp;<\/strong>ca. 35 Gelees, jedes Gelee enth\u00e4lt ein Breitspektrum-Hanfextrakt.<\/p>\n\n\n\n<p><strong>\u2705Lagerung<\/strong>: bei 15 bis 25\u00b0C, an einem trockenen, dunklen Ort, au\u00dferhalb der Reichweite von Kindern.<\/p>\n\n\n\n<p><strong>\u2705 Naturprodukt:<\/strong>&nbsp;In 100% eine legale und nat\u00fcrliche Formulierung mit der synergistischen Wirkung von Pflanzenextrakten.<\/p>\n\n\n\n<p><strong>Nettogewicht<\/strong>: 100 g.<\/p>\n\n\n\n<p><strong>Warnung:&nbsp;<\/strong>Das Produkt ist nur f\u00fcr Erwachsene bestimmt. Die Anwendung bei Kindern, Schwangeren und in der Stillzeit wird nicht empfohlen. Au\u00dferhalb der Reichweite von Kleinkindern aufbewahren. Das Produkt ist nicht f\u00fcr Autofahrer bestimmt.<\/p>\n\n\n\n<p>\u2728 Z\u00f6gern Sie nicht - bestellen Sie noch heute und genie\u00dfen Sie diese s\u00fc\u00dfe \u00dcberraschung! \u2728<\/p>\n\n\n\n<p><strong>CHILL UP!&nbsp;<\/strong>&nbsp;ist ein Nahrungserg\u00e4nzungsmittel in Form von Gelen, das Flavonoide, Terpene und Phyton\u00e4hrstoffextrakte mit genetischen&nbsp;<strong>SATIVA<\/strong>, Sie wirken au\u00dfergew\u00f6hnlich entspannend und entstressend und heben den Geist deutlich an. Dar\u00fcber hinaus wirken sie anregend, stimulieren die Aktivit\u00e4t und f\u00f6rdern die geistige Klarheit.<strong>&nbsp;Perfekt f\u00fcr ein gutes Gef\u00fchl!<\/strong><\/p>\n\n\n\n<p>\u26a0\ufe0f Warnung:<\/p>\n\n\n\n<p>Das Produkt ist nur f\u00fcr Erwachsene bestimmt. Das Produkt ist nicht f\u00fcr Fahrer bestimmt. Die Verwendung bei Kindern, schwangeren oder stillenden Frauen wird nicht empfohlen. Au\u00dferhalb der Reichweite von Kleinkindern aufbewahren.<\/p>\n\n\n\n<p>\u2757 Maximal 1 Gel pro Tag<\/p>","protected":false},"excerpt":{"rendered":"<p><b>CHILL UP!\u00a0<\/b>\u00a0ist ein Nahrungserg\u00e4nzungsmittel in Form von Gelen, das Flavonoide, Terpene und Phyton\u00e4hrstoffextrakte mit genetischen<b>\u00a0SATIVA<\/b>, und bietet eine au\u00dfergew\u00f6hnliche Entspannung und Entstressung sowie eine deutliche Belebung des Geistes. Au\u00dferdem\u00a0<b>AKTIVE SATIVA-TERPENE<\/b>\u00a0haben eine anregende Wirkung, stimulieren die Aktivit\u00e4t und f\u00f6rdern die geistige Klarheit. Perfekt, um sich gut zu f\u00fchlen!<\/p>\n<ul>\n<li>Geschmack -\u00a0<b>Skandinavische Beeren<\/b><\/li>\n<li>Gewicht der Packung\u00a0<b>100 g netto<\/b><\/li>\n<li>Menge pro Packung<b>\u00a0- ca. 35 St\u00fcck.<\/b><\/li>\n<li>Marke -\u00a0<b>Chill UP!<\/b><\/li>\n<\/ul>\n<p><b>\u2705 Breites Wirkungsspektrum des Extrakts<\/b><\/p>\n<p><b>\u2705 100% Polnische Faserhanfpflanzen (Cannabis Sativa L.)<\/b><\/p>\n<p><b>Lemon Haze-Sorte, Zitronen-Terpen-Profil, s\u00fc\u00df, entspannend, inspirierend<\/b><\/p>","protected":false},"featured_media":0,"comment_status":"open","ping_status":"open","template":"","meta":{"_acf_changed":false,"_gspb_post_css":"","rank_math_title":"","rank_math_description":"","rank_math_focus_keyword":"","rank_math_facebook_title":"","rank_math_facebook_description":"","rank_math_twitter_title":"","rank_math_twitter_description":""},"product_brand":[],"product_cat":[104],"product_tag":[],"woo-feed-brand":[],"class_list":{"0":"post-7906","1":"product","2":"type-product","3":"status-publish","5":"product_cat-zelki","7":"first","8":"outofstock","9":"purchasable","10":"product-type-simple"},"ct_brands":[],"acf":[],"_links":{"self":[{"href":"https:\/\/ubucha.pl\/de\/wp-json\/wp\/v2\/product\/7906","targetHints":{"allow":["GET"]}}],"collection":[{"href":"https:\/\/ubucha.pl\/de\/wp-json\/wp\/v2\/product"}],"about":[{"href":"https:\/\/ubucha.pl\/de\/wp-json\/wp\/v2\/types\/product"}],"replies":[{"embeddable":true,"href":"https:\/\/ubucha.pl\/de\/wp-json\/wp\/v2\/comments?post=7906"}],"wp:attachment":[{"href":"https:\/\/ubucha.pl\/de\/wp-json\/wp\/v2\/media?parent=7906"}],"wp:term":[{"taxonomy":"product_brand","embeddable":true,"href":"https:\/\/ubucha.pl\/de\/wp-json\/wp\/v2\/product_brand?post=7906"},{"taxonomy":"product_cat","embeddable":true,"href":"https:\/\/ubucha.pl\/de\/wp-json\/wp\/v2\/product_cat?post=7906"},{"taxonomy":"product_tag","embeddable":true,"href":"https:\/\/ubucha.pl\/de\/wp-json\/wp\/v2\/product_tag?post=7906"},{"taxonomy":"woo-feed-brand","embeddable":true,"href":"https:\/\/ubucha.pl\/de\/wp-json\/wp\/v2\/woo-feed-brand?post=7906"}],"curies":[{"name":"wp","href":"https:\/\/api.w.org\/{rel}","templated":true}]}}