{"id":7800,"date":"2025-09-26T14:02:52","date_gmt":"2025-09-26T12:02:52","guid":{"rendered":"https:\/\/ubucha.pl\/senny-relaks-mieszanka\/"},"modified":"2026-01-02T21:45:27","modified_gmt":"2026-01-02T20:45:27","slug":"schlafrige-entspannungsmischung","status":"publish","type":"product","link":"https:\/\/ubucha.pl\/de\/senny-relaks-mieszanka\/","title":{"rendered":"Schl\u00e4frige Entspannung - der Mix"},"content":{"rendered":"<p>Die Sleepy Relaxation-Mischung hilft, Schmerzen und Beschwerden zu lindern. Sie beruhigt, entspannt, baut Stress ab und sorgt f\u00fcr gute Laune. Eine knackige Mischung mit einer blumigen Note beschleunigt die Beruhigung des Nervensystems und beruhigt Sie. Sie erf\u00fcllt den Innenraum auf angenehme Weise mit einem sch\u00f6nen Duft.\u00a0<\/p>\r\n\r\n\r\n\r\n<p>\u00a0blumige Erfrischung, subtile S\u00fc\u00dfe, ein Hauch von W\u00fcrze<\/p>\r\n\r\n\r\n\r\n<p>Der maximale Geschmack bleibt bis zu sechs Monate nach dem \u00d6ffnen erhalten; um die Produktqualit\u00e4t zu erhalten, empfehlen wir, den Mischbeutel sorgf\u00e4ltig zu verschlie\u00dfen.<\/p>\r\n\r\n\r\n\r\n<p>&nbsp;<\/p>","protected":false},"excerpt":{"rendered":"<p>entspannend, wohlschmeckend, erfrischend, insbesondere: Lavendel, Echinacea, M\u00e4des\u00fc\u00df, Salbei, Kamille, Minze, Rosmarin 20g-Packung<\/p>","protected":false},"featured_media":5549,"comment_status":"open","ping_status":"closed","template":"","meta":{"_acf_changed":false,"_gspb_post_css":"","rank_math_title":"","rank_math_description":"","rank_math_focus_keyword":"","rank_math_facebook_title":"","rank_math_facebook_description":"","rank_math_twitter_title":"","rank_math_twitter_description":""},"product_brand":[],"product_cat":[120],"product_tag":[],"woo-feed-brand":[],"class_list":{"0":"post-7800","1":"product","2":"type-product","3":"status-publish","4":"has-post-thumbnail","6":"product_cat-ziola","8":"first","9":"outofstock","10":"sale","11":"purchasable","12":"product-type-simple"},"ct_brands":[],"acf":[],"_links":{"self":[{"href":"https:\/\/ubucha.pl\/de\/wp-json\/wp\/v2\/product\/7800","targetHints":{"allow":["GET"]}}],"collection":[{"href":"https:\/\/ubucha.pl\/de\/wp-json\/wp\/v2\/product"}],"about":[{"href":"https:\/\/ubucha.pl\/de\/wp-json\/wp\/v2\/types\/product"}],"replies":[{"embeddable":true,"href":"https:\/\/ubucha.pl\/de\/wp-json\/wp\/v2\/comments?post=7800"}],"wp:featuredmedia":[{"embeddable":true,"href":"https:\/\/ubucha.pl\/de\/wp-json\/wp\/v2\/media\/5549"}],"wp:attachment":[{"href":"https:\/\/ubucha.pl\/de\/wp-json\/wp\/v2\/media?parent=7800"}],"wp:term":[{"taxonomy":"product_brand","embeddable":true,"href":"https:\/\/ubucha.pl\/de\/wp-json\/wp\/v2\/product_brand?post=7800"},{"taxonomy":"product_cat","embeddable":true,"href":"https:\/\/ubucha.pl\/de\/wp-json\/wp\/v2\/product_cat?post=7800"},{"taxonomy":"product_tag","embeddable":true,"href":"https:\/\/ubucha.pl\/de\/wp-json\/wp\/v2\/product_tag?post=7800"},{"taxonomy":"woo-feed-brand","embeddable":true,"href":"https:\/\/ubucha.pl\/de\/wp-json\/wp\/v2\/woo-feed-brand?post=7800"}],"curies":[{"name":"wp","href":"https:\/\/api.w.org\/{rel}","templated":true}]}}