{"id":7798,"date":"2025-09-26T14:02:52","date_gmt":"2025-09-26T12:02:52","guid":{"rendered":"https:\/\/ubucha.pl\/blogie-uniesienie-mieszanka\/"},"modified":"2026-05-03T02:59:13","modified_gmt":"2026-05-03T00:59:13","slug":"blogie-rapture-mix","status":"publish","type":"product","link":"https:\/\/ubucha.pl\/de\/blogie-uniesienie-mieszanka\/","title":{"rendered":"Gl\u00fcckselige Entr\u00fcckung - die Mischung"},"content":{"rendered":"<p>Eine sch\u00f6ne Mischung mit einem angenehmen Aroma und einem erfrischend w\u00fcrzigen, rauchigen Geschmack. Sie entspannt, befl\u00fcgelt die Kreativit\u00e4t, regt die Sinne an und sorgt f\u00fcr angenehme Tr\u00e4ume. Die Rose kann als Aphrodisiakum wirken.<\/p>\n\n\n\n<p>Blissful rapture verst\u00e4rkt die Wirkung von THC und wirkt gleichzeitig als Schutzschild.<\/p>\n\n\n\n<p>  erfrischend, w\u00fcrzig, leicht s\u00fc\u00df<\/p>\n\n\n\n<p> &nbsp;maximaler Geschmack bleibt bis zu sechs Monate nach dem \u00d6ffnen erhalten; um die Produktqualit\u00e4t zu erhalten, empfehlen wir, den Beutel mit der Mischung sorgf\u00e4ltig zu verschlie\u00dfen<\/p>","protected":false},"excerpt":{"rendered":"<p> \u00a0Traumverst\u00e4rker, Stimmungsaufheller, eine Prise Aphrodisiakum, genauer gesagt: Damiana, Eukalyptus, Beifu\u00df, K\u00f6nigskerze, Rose und Johanniskraut in einer Packung enth\u00e4lt 20g der Mischung<\/p>","protected":false},"featured_media":5546,"comment_status":"open","ping_status":"open","template":"","meta":{"_acf_changed":false,"_gspb_post_css":"","rank_math_title":"","rank_math_description":"","rank_math_focus_keyword":"","rank_math_facebook_title":"","rank_math_facebook_description":"","rank_math_twitter_title":"","rank_math_twitter_description":""},"product_brand":[],"product_cat":[120],"product_tag":[],"woo-feed-brand":[],"class_list":{"0":"post-7798","1":"product","2":"type-product","3":"status-publish","4":"has-post-thumbnail","6":"product_cat-ziola","8":"first","9":"outofstock","10":"purchasable","11":"product-type-simple"},"ct_brands":[],"acf":[],"_links":{"self":[{"href":"https:\/\/ubucha.pl\/de\/wp-json\/wp\/v2\/product\/7798","targetHints":{"allow":["GET"]}}],"collection":[{"href":"https:\/\/ubucha.pl\/de\/wp-json\/wp\/v2\/product"}],"about":[{"href":"https:\/\/ubucha.pl\/de\/wp-json\/wp\/v2\/types\/product"}],"replies":[{"embeddable":true,"href":"https:\/\/ubucha.pl\/de\/wp-json\/wp\/v2\/comments?post=7798"}],"wp:featuredmedia":[{"embeddable":true,"href":"https:\/\/ubucha.pl\/de\/wp-json\/wp\/v2\/media\/5546"}],"wp:attachment":[{"href":"https:\/\/ubucha.pl\/de\/wp-json\/wp\/v2\/media?parent=7798"}],"wp:term":[{"taxonomy":"product_brand","embeddable":true,"href":"https:\/\/ubucha.pl\/de\/wp-json\/wp\/v2\/product_brand?post=7798"},{"taxonomy":"product_cat","embeddable":true,"href":"https:\/\/ubucha.pl\/de\/wp-json\/wp\/v2\/product_cat?post=7798"},{"taxonomy":"product_tag","embeddable":true,"href":"https:\/\/ubucha.pl\/de\/wp-json\/wp\/v2\/product_tag?post=7798"},{"taxonomy":"woo-feed-brand","embeddable":true,"href":"https:\/\/ubucha.pl\/de\/wp-json\/wp\/v2\/woo-feed-brand?post=7798"}],"curies":[{"name":"wp","href":"https:\/\/api.w.org\/{rel}","templated":true}]}}