{"id":7775,"date":"2025-09-26T14:02:35","date_gmt":"2025-09-26T12:02:35","guid":{"rendered":"https:\/\/ubucha.pl\/cosma-cannabis-przespana-noc-natural-herbs-30-ml\/"},"modified":"2025-12-09T17:11:18","modified_gmt":"2025-12-09T16:11:18","slug":"cosma-cannabis-sleepy-night-naturliche-krauter-30-ml","status":"publish","type":"product","link":"https:\/\/ubucha.pl\/de\/cosma-cannabis-przespana-noc-natural-herbs-30-ml\/","title":{"rendered":"Cosma Cannabis Sleepy Night Naturkr\u00e4uter 30 ml"},"content":{"rendered":"<h1 class=\"wp-block-heading\">Cosma Sleepy Night 30ml - Ihr magisches Tor zum tiefen Schlaf!  \u2728<\/h1>\n\n\n\n<p>Entdecken Sie <strong>Cosma Sleepy Night 30ml<\/strong> - Ein bahnbrechendes Hanf\u00f6l, das Sie in eine Welt des tiefen, erholsamen Schlafs entf\u00fchrt wie nie zuvor! <\/p>\n\n\n\n<h2 class=\"wp-block-heading\">Was ist ein Cosma Sleepover? - Ihr Geheimnis f\u00fcr perfekten Schlaf!<\/h2>\n\n\n\n<p>Wirkt beruhigend und angstl\u00f6send, reduziert \u00c4ngste - sp\u00fcren Sie Erleichterung in Ihrem Herzen und Ihrem Geist! F\u00f6rdert die Entspannung, verbessert das geistige Wohlbefinden, beruhigt und tr\u00e4gt zum Abbau von Spannungen und \u00c4ngsten bei - g\u00f6nnen Sie sich die wohlverdiente Ruhe! Es wirkt auch gut bei Ersch\u00f6pfung, \u00dcberreizung und Schlaflosigkeit - wachen Sie jeden Tag ausgeruht auf! <\/p>\n\n\n\n<p><strong>Gr\u00fcnes Hanfsamen\u00f6l mit Omega-3- und Omega-6-Fetts\u00e4uren, Baldrianwurzel-Extrakt, Melissenkraut-Extrakt, Hanf-Phyton\u00e4hrstoffe, Rosmarin-Kraut-Extrakt<\/strong> - ist die kraftvolle Formel der Natur, die Ihre N\u00e4chte ver\u00e4ndern wird!<\/p>\n\n\n\n<h2 class=\"wp-block-heading\">Warum ist Cosma Sleepless Night Ihr Schl\u00fcssel zum Schlaftr\u00e4umen?<\/h2>\n\n\n\n<ul class=\"wp-block-list\">\n<li><strong>Zeigt eine beruhigende und angstl\u00f6sende Wirkung und senkt das Angstniveau<\/strong> - Befreien Sie sich von Ihren \u00c4ngsten und genie\u00dfen Sie Ihren Seelenfrieden!<\/li>\n\n\n\n<li><strong>F\u00f6rdert die Entspannung, verbessert das geistige Wohlbefinden, beruhigt und tr\u00e4gt zum Abbau von Spannungen und \u00c4ngsten bei<\/strong> - Es bringt Harmonie in jeden Atemzug!<\/li>\n\n\n\n<li><strong>Es wirkt auch gut bei Ersch\u00f6pfung, \u00dcbererregung und Schlaflosigkeit<\/strong> - Es regeneriert Sie wie eine magische Naturgewalt!<\/li>\n<\/ul>\n\n\n\n<h2 class=\"wp-block-heading\">How to Use - Ihr Deep Rest Ritual in drei Schritten!<\/h2>\n\n\n\n<ul class=\"wp-block-list\">\n<li><strong>Vor Gebrauch kr\u00e4ftig sch\u00fctteln<\/strong> - Aktivieren Sie die magische Kraft der nat\u00fcrlichen Inhaltsstoffe!<\/li>\n\n\n\n<li><strong>Oral sublingual einnehmen, 1-6 Dosen 30 Minuten vor dem Schlafengehen<\/strong> - Machen Sie sich bereit f\u00fcr eine Nacht voller Entspannung!<\/li>\n\n\n\n<li><strong>Nach 1 Minute, Wasser trinken<\/strong> - Vollende das Ritual und versinke in einen tiefen Schlaf!<\/li>\n<\/ul>\n\n\n\n<h2 class=\"wp-block-heading\">Sicherheit und Qualit\u00e4t - Ihr Seelenfrieden in jedem Tropfen!<\/h2>\n\n\n\n<p>Produktsicherheit ist f\u00fcr uns ein elementares Thema. Alle von uns angebotenen Rezepturen werden in unabh\u00e4ngigen Labors getestet, so dass wir sicher sein k\u00f6nnen, dass sie frei von Verunreinigungen und mikrobiologisch unbedenklich sind - eine sichere Wahl, die Sie getrost in Ihre n\u00e4chtliche Routine einbauen k\u00f6nnen!<\/p>\n\n\n\n<h2 class=\"wp-block-heading\">Wichtige Informationen - Lassen Sie uns gemeinsam f\u00fcr Ihren Schlaf sorgen!<\/h2>\n\n\n\n<ul class=\"wp-block-list\">\n<li><strong>Zweck<\/strong>: Nahrungserg\u00e4nzungsmittel, das nicht als Ersatz f\u00fcr eine abwechslungsreiche Ern\u00e4hrung verwendet werden soll.<\/li>\n\n\n\n<li><strong>Warnungen<\/strong>Die Tagesdosis darf nicht \u00fcberschritten werden. Das Pr\u00e4parat ist nicht f\u00fcr Kinder unter 18 Jahren, schwangere und stillende Frauen bestimmt. Nicht anwenden bei \u00dcberempfindlichkeit gegen einen der Bestandteile des Pr\u00e4parates.<\/li>\n\n\n\n<li><strong>Lagerung<\/strong>: Bei Raumtemperatur und au\u00dferhalb der Reichweite von kleinen Kindern aufbewahren. Es wird empfohlen, sie vor Feuchtigkeit und Licht zu sch\u00fctzen. Einmal ge\u00f6ffnet, innerhalb von 60 Tagen verbrauchen.<\/li>\n\n\n\n<li><strong>Konsultation<\/strong>Die M\u00f6glichkeit der Anwendung bei Menschen, die Medikamente einnehmen oder krank sind, sollte mit einem Arzt besprochen werden.<\/li>\n<\/ul>\n\n\n\n<h2 class=\"wp-block-heading\">Erreichen Sie den perfekten Schlaf mit Cosma Durchschlafen!<\/h2>\n\n\n\n<p>W\u00e4hlen Sie <strong>Cosma Sleepy Night 30ml<\/strong> und \u00f6ffnen Sie noch heute die T\u00fcr zu einer Welt der erholsamen N\u00e4chte! <\/p>","protected":false},"excerpt":{"rendered":"<p class=\"product__text inline-richtext caption-with-letter-spacing\">Naturkr\u00e4uter<\/p>\n<div class=\"product__title\">\n<h1>Schlaflose Nacht<\/h1>\n<\/div>\n<p class=\"product__text inline-richtext\"><strong>\u00d6l zur Entspannung und f\u00fcr eine ruhige Nacht<\/strong><\/p>\n<div class=\"product__description rte quick-add-hidden\">\n<ul>\n<li>hat eine beruhigende und angstl\u00f6sende Wirkung und senkt das Angstniveau<\/li>\n<li>Sie f\u00f6rdert die Entspannung, verbessert das geistige Wohlbefinden, beruhigt und tr\u00e4gt zum Abbau von Spannungen und \u00c4ngsten bei.<\/li>\n<li>Es wirkt auch gut bei Ersch\u00f6pfung, \u00dcbererregung und Schlaflosigkeit<\/li>\n<\/ul>\n<\/div>","protected":false},"featured_media":5512,"comment_status":"open","ping_status":"open","template":"","meta":{"_acf_changed":false,"_gspb_post_css":"","rank_math_title":"","rank_math_description":"","rank_math_focus_keyword":"","rank_math_facebook_title":"","rank_math_facebook_description":"","rank_math_twitter_title":"","rank_math_twitter_description":""},"product_brand":[416],"product_cat":[126],"product_tag":[],"woo-feed-brand":[],"class_list":{"0":"post-7775","1":"product","2":"type-product","3":"status-publish","4":"has-post-thumbnail","6":"product_brand-cosma-cannabis","7":"product_cat-olejki","9":"first","10":"outofstock","11":"purchasable","12":"product-type-simple"},"ct_brands":[{"id":416,"name":"Cosma Cannabis","slug":"cosma-cannabis"}],"acf":[],"_links":{"self":[{"href":"https:\/\/ubucha.pl\/de\/wp-json\/wp\/v2\/product\/7775","targetHints":{"allow":["GET"]}}],"collection":[{"href":"https:\/\/ubucha.pl\/de\/wp-json\/wp\/v2\/product"}],"about":[{"href":"https:\/\/ubucha.pl\/de\/wp-json\/wp\/v2\/types\/product"}],"replies":[{"embeddable":true,"href":"https:\/\/ubucha.pl\/de\/wp-json\/wp\/v2\/comments?post=7775"}],"wp:featuredmedia":[{"embeddable":true,"href":"https:\/\/ubucha.pl\/de\/wp-json\/wp\/v2\/media\/5512"}],"wp:attachment":[{"href":"https:\/\/ubucha.pl\/de\/wp-json\/wp\/v2\/media?parent=7775"}],"wp:term":[{"taxonomy":"product_brand","embeddable":true,"href":"https:\/\/ubucha.pl\/de\/wp-json\/wp\/v2\/product_brand?post=7775"},{"taxonomy":"product_cat","embeddable":true,"href":"https:\/\/ubucha.pl\/de\/wp-json\/wp\/v2\/product_cat?post=7775"},{"taxonomy":"product_tag","embeddable":true,"href":"https:\/\/ubucha.pl\/de\/wp-json\/wp\/v2\/product_tag?post=7775"},{"taxonomy":"woo-feed-brand","embeddable":true,"href":"https:\/\/ubucha.pl\/de\/wp-json\/wp\/v2\/woo-feed-brand?post=7775"}],"curies":[{"name":"wp","href":"https:\/\/api.w.org\/{rel}","templated":true}]}}