{"id":7767,"date":"2025-09-26T14:02:35","date_gmt":"2025-09-26T12:02:35","guid":{"rendered":"https:\/\/ubucha.pl\/cosma-cannabis-dobry-nastroj-natural-herbs-30-ml\/"},"modified":"2026-04-06T21:31:15","modified_gmt":"2026-04-06T19:31:15","slug":"cosma-cannabis-gute-laune-naturliche-krauter-30-ml","status":"publish","type":"product","link":"https:\/\/ubucha.pl\/de\/cosma-cannabis-dobry-nastroj-natural-herbs-30-ml\/","title":{"rendered":"Cosma Cannabis Gute Laune Naturkr\u00e4uter 30 ml"},"content":{"rendered":"<h1 class=\"wp-block-heading\">Cosma Good Mood 30ml - Ihr Schl\u00fcssel zum Gl\u00fccklichsein und zur Energie!  \u2728<\/h1>\n\n\n\n<p>Entdecken Sie <strong>Cosma Gute Laune 30ml<\/strong> - Ein bahnbrechendes Hanf\u00f6l, das Ihre Tage erhellt und sie mit positiver Energie f\u00fcllt! Beginnen Sie Ihre Reise zu mehr Wohlbefinden mit dieser einzigartigen Erg\u00e4nzung. Bestellen Sie jetzt und sp\u00fcren Sie die Magie der Natur!<\/p>\n\n\n\n<h2 class=\"wp-block-heading\">Was ist Cosma Gute Laune? - Ihr Geheimnis der Freude!<\/h2>\n\n\n\n<p>Das Nahrungserg\u00e4nzungsmittel Cosma Good Mood wurde f\u00fcr Menschen entwickelt, die Unterst\u00fctzung bei der Bew\u00e4ltigung ihres Alltags und der Verbesserung ihrer Stimmung ben\u00f6tigen. <\/p>\n\n\n\n<p>Das Produkt wird empfohlen f\u00fcr Menschen die sich m\u00fcde und ersch\u00f6pft f\u00fchlen - und die einen Schub an Vitalit\u00e4t verdient haben! die ihre Stimmung verbessern wollen - und jeden Tag Freude empfinden! Es hat eine einfache, aber kraftvolle Zusammensetzung, die Wunder f\u00fcr Ihren Geist und K\u00f6rper wirkt. <\/p>\n\n\n\n<p><strong>Gr\u00fcnes Hanfsamen\u00f6l mit Omega-3- und Omega-6-Fetts\u00e4uren, Brennnesselkraut-Extrakt, Johanniskraut-Extrakt, Matzenwurzel-Extrakt, Hanf-Phytonutrient, Rosmarin-Kraut-Extrakt<\/strong> - ist eine nat\u00fcrliche Formel, die Ihr Leben ver\u00e4ndern wird!<\/p>\n\n\n\n<h2 class=\"wp-block-heading\">Warum ist Cosma Good Mood Ihr Verb\u00fcndeter im Kampf um das Wohlbefinden?<\/h2>\n\n\n\n<ul class=\"wp-block-list\">\n<li><strong>F\u00f6rdert die nat\u00fcrliche Stimulation und Erregung<\/strong> - Das gibt Ihnen die Energie zum Handeln!<\/li>\n\n\n\n<li><strong>Hilft, das Wohlbefinden zu verbessern<\/strong> - Es erhellt Ihre Tage wie ein Sonnenstrahl!<\/li>\n\n\n\n<li><strong>Es zeichnet sich durch einen hohen Gehalt an Eisen, organischen S\u00e4uren und Vitaminen aus.<\/strong> - St\u00e4rkt Ihren K\u00f6rper von innen heraus!<\/li>\n\n\n\n<li><strong>Zeigt beruhigende, angstl\u00f6sende und angstmindernde Wirkungen<\/strong> - Beseitigt Stress und \u00c4ngste!<\/li>\n\n\n\n<li><strong>Unterst\u00fctzt die Ausdauer und die k\u00f6rperliche Leistungsf\u00e4higkeit<\/strong> - Ideal f\u00fcr Aktive!<\/li>\n<\/ul>\n\n\n\n<h2 class=\"wp-block-heading\">How to Use - Ihr Ritual f\u00fcr positive Energie in drei Schritten!<\/h2>\n\n\n\n<ul class=\"wp-block-list\">\n<li><strong>Vor Gebrauch kr\u00e4ftig sch\u00fctteln<\/strong> - Aktivieren Sie die magische Kraft der nat\u00fcrlichen Inhaltsstoffe!<\/li>\n\n\n\n<li><strong>T\u00e4glich 1-6 Dosen oral unter der Zunge einnehmen<\/strong> - Vorzugsweise zu jeder Zeit, um die Stimmung zu unterst\u00fctzen.<\/li>\n\n\n\n<li><strong>Nach 1 Minute, Wasser trinken<\/strong> - F\u00fchren Sie das Ritual durch und genie\u00dfen Sie die Energie!<\/li>\n<\/ul>\n\n\n\n<h2 class=\"wp-block-heading\">Sicherheit und Qualit\u00e4t - Ihr Seelenfrieden in jedem Tropfen!<\/h2>\n\n\n\n<p>Produktsicherheit ist f\u00fcr uns ein elementares Thema. Alle von uns angebotenen Rezepturen werden in unabh\u00e4ngigen Labors getestet, so dass wir sicher sein k\u00f6nnen, dass sie frei von Verunreinigungen und mikrobiologisch sicher sind. Dies ist Ihre sichere Wahl, die Sie mit vollem Vertrauen in Ihre t\u00e4gliche Routine einbauen k\u00f6nnen!<\/p>\n\n\n\n<h2 class=\"wp-block-heading\">Wichtige Informationen - Lassen Sie uns gemeinsam f\u00fcr sich sorgen!<\/h2>\n\n\n\n<ul class=\"wp-block-list\">\n<li><strong>Zweck<\/strong>: Nahrungserg\u00e4nzungsmittel, das nicht als Ersatz f\u00fcr eine abwechslungsreiche Ern\u00e4hrung verwendet werden soll.<\/li>\n\n\n\n<li><strong>Warnungen<\/strong>Die Tagesdosis darf nicht \u00fcberschritten werden. Das Pr\u00e4parat ist nicht f\u00fcr Kinder unter 18 Jahren, schwangere und stillende Frauen bestimmt. Nicht anwenden bei \u00dcberempfindlichkeit gegen einen der Bestandteile des Pr\u00e4parates. Aufgrund des Johanniskrautextrakts wird eine Sonnenexposition w\u00e4hrend der Behandlung nicht empfohlen. Personen, die chronische Medikamente einnehmen oder krank sind, sollten vor der Einnahme einen Arzt konsultieren.<\/li>\n\n\n\n<li><strong>Lagerung<\/strong>: Bei Raumtemperatur und au\u00dferhalb der Reichweite von kleinen Kindern aufbewahren. Es wird empfohlen, sie vor Feuchtigkeit und Licht zu sch\u00fctzen. Einmal ge\u00f6ffnet, innerhalb von 60 Tagen verbrauchen.<\/li>\n<\/ul>\n\n\n\n<h2 class=\"wp-block-heading\">Entdecken Sie die Freude an jedem Tag mit Cosma Good Mood!<\/h2>\n\n\n\n<p>W\u00e4hlen Sie <strong>Cosma Gute Laune 30ml<\/strong> und erhellen Sie Ihr Leben noch heute mit nat\u00fcrlicher Energie!<\/p>","protected":false},"excerpt":{"rendered":"<p class=\"product__text inline-richtext caption-with-letter-spacing\">Naturkr\u00e4uter<\/p>\n<div class=\"product__title\">\n<h1>Gute Laune<\/h1>\n<\/div>\n<p class=\"product__text inline-richtext\"><strong>Ein \u00d6l, das Wohlbefinden und Stimulation f\u00f6rdert<\/strong><\/p>\n<div class=\"product__description rte quick-add-hidden\">\n<ul>\n<li>Es zeichnet sich durch seinen hohen Gehalt an Wirkstoffen aus, darunter Eisen, organische S\u00e4uren und Vitamine.<\/li>\n<li>Zeigt beruhigende, angstl\u00f6sende und angsthemmende Wirkungen.&amp;<\/li>\n<li>F\u00f6rdert die Ausdauer und die k\u00f6rperliche Leistungsf\u00e4higkeit.<\/li>\n<\/ul>\n<\/div>","protected":false},"featured_media":5501,"comment_status":"open","ping_status":"open","template":"","meta":{"_acf_changed":false,"_gspb_post_css":""},"product_brand":[416],"product_cat":[126],"product_tag":[],"woo-feed-brand":[],"class_list":{"0":"post-7767","1":"product","2":"type-product","3":"status-publish","4":"has-post-thumbnail","6":"product_brand-cosma-cannabis","7":"product_cat-olejki","9":"first","10":"instock","11":"purchasable","12":"product-type-simple"},"ct_brands":[{"id":416,"name":"Cosma Cannabis","slug":"cosma-cannabis"}],"acf":[],"_links":{"self":[{"href":"https:\/\/ubucha.pl\/de\/wp-json\/wp\/v2\/product\/7767","targetHints":{"allow":["GET"]}}],"collection":[{"href":"https:\/\/ubucha.pl\/de\/wp-json\/wp\/v2\/product"}],"about":[{"href":"https:\/\/ubucha.pl\/de\/wp-json\/wp\/v2\/types\/product"}],"replies":[{"embeddable":true,"href":"https:\/\/ubucha.pl\/de\/wp-json\/wp\/v2\/comments?post=7767"}],"wp:featuredmedia":[{"embeddable":true,"href":"https:\/\/ubucha.pl\/de\/wp-json\/wp\/v2\/media\/5501"}],"wp:attachment":[{"href":"https:\/\/ubucha.pl\/de\/wp-json\/wp\/v2\/media?parent=7767"}],"wp:term":[{"taxonomy":"product_brand","embeddable":true,"href":"https:\/\/ubucha.pl\/de\/wp-json\/wp\/v2\/product_brand?post=7767"},{"taxonomy":"product_cat","embeddable":true,"href":"https:\/\/ubucha.pl\/de\/wp-json\/wp\/v2\/product_cat?post=7767"},{"taxonomy":"product_tag","embeddable":true,"href":"https:\/\/ubucha.pl\/de\/wp-json\/wp\/v2\/product_tag?post=7767"},{"taxonomy":"woo-feed-brand","embeddable":true,"href":"https:\/\/ubucha.pl\/de\/wp-json\/wp\/v2\/woo-feed-brand?post=7767"}],"curies":[{"name":"wp","href":"https:\/\/api.w.org\/{rel}","templated":true}]}}