{"id":7653,"date":"2025-09-26T14:01:54","date_gmt":"2025-09-26T12:01:54","guid":{"rendered":"https:\/\/ubucha.pl\/guma-do-zucia-euphoria-cannabis-z-olejem-z-nasion-konopi\/"},"modified":"2025-12-11T22:36:20","modified_gmt":"2025-12-11T21:36:20","slug":"euphoria-cannabiskaugummi-mit-hanfsamenol","status":"publish","type":"product","link":"https:\/\/ubucha.pl\/de\/guma-do-zucia-euphoria-cannabis-z-olejem-z-nasion-konopi\/","title":{"rendered":"Euphoria Cannabis-Kaugummi mit Hanfsamen\u00f6l"},"content":{"rendered":"<p>Genie\u00dfen Sie den Geschmack der Natur mit <strong>Euphoria Hanf-Kaugummi<\/strong>, angereichert mit Bio-Hanfsamen\u00f6l (Cannabis Sativa L.) und authentischem Hanfaroma. Die perfekte Art zu entspannen - immer zur Hand!<\/p>\n\n\n\n<h2 class=\"wp-block-heading\">Warum Euphoria Hanfkautschuk?<\/h2>\n\n\n\n<ul class=\"wp-block-list\">\n<li><strong>Natur pur<\/strong> - Zuckerfreie Formel mit nat\u00fcrlichen S\u00fc\u00dfungsmitteln und Bio-Hanf\u00f6l.<\/li>\n\n\n\n<li><strong>Au\u00dfergew\u00f6hnlicher Geschmack<\/strong> - Ein k\u00f6stliches, authentisches Cannabis-Aroma, das erfreut.<\/li>\n\n\n\n<li><strong>Bequemlichkeit f\u00fcr unterwegs<\/strong> - Die kleine Packung (9 St\u00fcck) passt in jede Tasche.<\/li>\n\n\n\n<li><strong>Beste Qualit\u00e4t<\/strong> - Nur die besten Zutaten f\u00fcr Ihr Wohlbefinden.<\/li>\n<\/ul>\n\n\n\n<h2 class=\"wp-block-heading\">Die Natur schmecken, wo immer Sie sind<\/h2>\n\n\n\n<p>Euphoria Hanf-Kaugummi ist der tragbare Weg zum Entspannen und Genie\u00dfen. Kauen Sie, genie\u00dfen Sie den nat\u00fcrlichen Geschmack und genie\u00dfen Sie den Moment - unterwegs, bei der Arbeit oder beim Entspannen.<\/p>\n\n\n\n<h2 class=\"wp-block-heading\">W\u00e4hlen Sie Nat\u00fcrliche Hanf-Entspannung!<\/h2>\n\n\n\n<p>Versuchen Sie <strong>Euphorie Hanf Kaugummi<\/strong> und entdecken Sie, wie der nat\u00fcrliche Geschmack von Hanf Sie jeden Tag begleiten kann - ohne Zucker oder k\u00fcnstliche Zusatzstoffe. Nehmen Sie ihn mit und sp\u00fcren Sie den Unterschied!<\/p>","protected":false},"excerpt":{"rendered":"<p>Genie\u00dfen Sie den Geschmack der Natur mit <strong>Euphoria Hanf-Kaugummi<\/strong>, angereichert mit Bio-Hanfsamen\u00f6l (Cannabis Sativa L.) und authentischem Hanfaroma. Die perfekte Art zu entspannen - immer zur Hand!<\/p>","protected":false},"featured_media":5303,"comment_status":"open","ping_status":"open","template":"","meta":{"_acf_changed":false,"_gspb_post_css":""},"product_brand":[133],"product_cat":[307],"product_tag":[],"woo-feed-brand":[],"class_list":{"0":"post-7653","1":"product","2":"type-product","3":"status-publish","4":"has-post-thumbnail","6":"product_brand-euphoria","7":"product_cat-gumy","9":"first","10":"outofstock","11":"purchasable","12":"product-type-simple"},"ct_brands":[{"id":133,"name":"Euphorie","slug":"euphorie"}],"acf":[],"_links":{"self":[{"href":"https:\/\/ubucha.pl\/de\/wp-json\/wp\/v2\/product\/7653","targetHints":{"allow":["GET"]}}],"collection":[{"href":"https:\/\/ubucha.pl\/de\/wp-json\/wp\/v2\/product"}],"about":[{"href":"https:\/\/ubucha.pl\/de\/wp-json\/wp\/v2\/types\/product"}],"replies":[{"embeddable":true,"href":"https:\/\/ubucha.pl\/de\/wp-json\/wp\/v2\/comments?post=7653"}],"wp:featuredmedia":[{"embeddable":true,"href":"https:\/\/ubucha.pl\/de\/wp-json\/wp\/v2\/media\/5303"}],"wp:attachment":[{"href":"https:\/\/ubucha.pl\/de\/wp-json\/wp\/v2\/media?parent=7653"}],"wp:term":[{"taxonomy":"product_brand","embeddable":true,"href":"https:\/\/ubucha.pl\/de\/wp-json\/wp\/v2\/product_brand?post=7653"},{"taxonomy":"product_cat","embeddable":true,"href":"https:\/\/ubucha.pl\/de\/wp-json\/wp\/v2\/product_cat?post=7653"},{"taxonomy":"product_tag","embeddable":true,"href":"https:\/\/ubucha.pl\/de\/wp-json\/wp\/v2\/product_tag?post=7653"},{"taxonomy":"woo-feed-brand","embeddable":true,"href":"https:\/\/ubucha.pl\/de\/wp-json\/wp\/v2\/woo-feed-brand?post=7653"}],"curies":[{"name":"wp","href":"https:\/\/api.w.org\/{rel}","templated":true}]}}