{"id":7637,"date":"2025-09-26T14:01:54","date_gmt":"2025-09-26T12:01:54","guid":{"rendered":"https:\/\/ubucha.pl\/ziolowe-woreczki-energetyczne-herbalmind-poziomkowa-polana-saszetki-kofeina\/"},"modified":"2025-10-20T13:11:46","modified_gmt":"2025-10-20T11:11:46","slug":"herbalmind-krauter-energiepackungen-walderdbeer-lichtung-koffein-sachets","status":"publish","type":"product","link":"https:\/\/ubucha.pl\/de\/ziolowe-woreczki-energetyczne-herbalmind-poziomkowa-polana-saszetki-kofeina\/","title":{"rendered":"HerbalMind Kr\u00e4uter-Energie-Beutel POZIOMKOWA POLANA Beutel Koffein"},"content":{"rendered":"<h1 class=\"wp-block-heading\">HerbalMind Strawberry Glade: S\u00fc\u00dfe Energie aus der Natur!<\/h1>\n\n\n\n<h2 class=\"wp-block-heading\">Erleben Sie den Geschmack Ihrer Kindheit und verleihen Sie Ihrem Tag Fl\u00fcgel!<\/h2>\n\n\n\n<p>Pflanzliche Energiebeutel <strong>HerbalMind Strawberry Glade<\/strong> ist eine Revolution in Sachen nat\u00fcrlicher Stimulation \u2013 ohne Kaffee, ohne Zucker, ohne k\u00fcnstliche Zusatzstoffe! Jeder Beutel enth\u00e4lt <strong>60 mg Koffein<\/strong> und eine einzigartige Kr\u00e4utermischung aus Ginseng, Rosenwurz und Berberitze, die Vitalit\u00e4t, Konzentration und Stressresistenz f\u00f6rdert. Dies ist die perfekte Alternative zu Energy-Drinks \u2013 ideal f\u00fcr alle, die jederzeit \u00fcber ausreichend Energie verf\u00fcgen m\u00f6chten.<\/p>\n\n\n\n<h2 class=\"wp-block-heading\">Warum HerbalMind Strawberry Glade?<\/h2>\n\n\n\n<p>  <strong>Die Kraft der Kr\u00e4uter in jedem Beutel<\/strong><br>HerbalMind ist mehr als nur Koffein \u2013 es ist eine Synergie von Kr\u00e4utern mit wissenschaftlich nachgewiesenen Wirkungen. <strong>Koreanischer Ginseng<\/strong> i <strong>sibirisch<\/strong> verleiht Vitalit\u00e4t, <strong>Rosenwurz<\/strong> verbessert die Konzentration, <strong>Berberitze<\/strong> St\u00e4rkt das Immunsystem. Energie direkt aus der Natur!<\/p>\n\n\n\n<p>\u26a1 <strong>60 mg Koffein pro Beutel<\/strong><br>Das entspricht einer Tasse Kaffee, nur in ges\u00fcnderer Form. Das Koffein wird nach und nach freigesetzt und sorgt so f\u00fcr \u2026 <strong>langfristige Unruhe<\/strong> keine pl\u00f6tzlichen Energieeinbr\u00fcche.<\/p>\n\n\n\n<p>  <strong>20 Beutel in einer eleganten Dose<\/strong><br>Man kann es <strong>20 Energieportionen<\/strong>, Das entspricht etwa 20 Tassen Kaffee oder 15 Dosen Energy-Drink. Eine sparsame L\u00f6sung f\u00fcr den ganzen Monat!<\/p>\n\n\n\n<p>  <strong>Null Kalorien, null Zucker<\/strong><br>Den s\u00fc\u00dfen Geschmack von Walderdbeeren verdanken wir <strong>Stevia<\/strong>, ein nat\u00fcrliches S\u00fc\u00dfungsmittel. Perfekt f\u00fcr alle, die Wert auf ihre Gesundheit und Figur legen.<\/p>\n\n\n\n<p>  <strong>Immer bei dir<\/strong><br>Die kompakte Dose passt in jede Tasche, Handtasche oder jeden Rucksack. Greifen Sie zu HerbalMind \u2013 ob bei der Arbeit, im Fitnessstudio, auf Reisen oder beim Lernen.<\/p>\n\n\n\n<p>  <strong>Diskreter Komfort<\/strong><br>Keine Energie, aber keine Zeit f\u00fcr Kaffee? Das Sachet von HerbalMind ist eine schnelle und diskrete L\u00f6sung \u2013 einfach unter die Oberlippe legen und loslegen!<\/p>\n\n\n\n<p>  <strong>100% nat\u00fcrliche Zusammensetzung<\/strong><br>Keine k\u00fcnstlichen Zusatzstoffe! Die Beutel enthalten gemahlene Kr\u00e4uter, Extrakte, Koffein und nat\u00fcrliche Aromen, und der Beutel ist aus umweltfreundlichem Material hergestellt. <strong>Zellulose<\/strong>.<\/p>\n\n\n\n<p>  <strong>F\u00fcr aktive Menschen und Tr\u00e4umer<\/strong><br>Perfekt f\u00fcr Sportler, Autofahrer, Studenten, B\u00fcroangestellte und alle, die sich nach den unbeschwerten Momenten ihrer Kindheit sehnen und den ganzen Tag \u00fcber Energie haben m\u00f6chten.<\/p>\n\n\n\n<h2 class=\"wp-block-heading\">Geschmack von Strawberry Glade: S\u00fc\u00dfe Erinnerungen aus der Natur<\/h2>\n\n\n\n<p><strong>Begeben Sie sich auf eine sommerliche Lichtung voller Erdbeeren!<\/strong><br>HerbalMind Strawberry Glade ist eine einzigartige Aromenmischung, die Erinnerungen an unbeschwerte Tage auf dem Land weckt. Stellen Sie sich einen Spaziergang durch einen Kiefernwald vor, wo die Sonnenstrahlen rote Erdbeeren zum Leuchten bringen und ihr s\u00fc\u00dfer Duft sich mit dem Aroma von Wildkr\u00e4utern und Nadelwald vermischt. Jeder Beutel ist eine Reise zur\u00fcck in die Kindheit. <strong>s\u00fc\u00dfe Erdbeeren<\/strong> kombinieren mit erfrischend <strong>Menthol<\/strong> und subtile Kr\u00e4uternoten, die eine harmonische, nostalgische Komposition schaffen.<\/p>\n\n\n\n<ul class=\"wp-block-list\">\n<li><strong>Dominanter Geschmack<\/strong>S\u00fc\u00dfe Erdbeere  <\/li>\n\n\n\n<li><strong>Zus\u00e4tzliche Anmerkungen<\/strong>Menthol, Wildkr\u00e4uter und Waldnoten  <\/li>\n\n\n\n<li><strong>Wirkung<\/strong>Freude und Energie, die an Sommertage erinnern.<\/li>\n<\/ul>\n\n\n\n<h2 class=\"wp-block-heading\">Wie verwendet man HerbalMind?<\/h2>\n\n\n\n<ol class=\"wp-block-list\">\n<li><strong>Legen Sie das Sachet unter Ihre Oberlippe.<\/strong><br>Schlicht, diskret und ohne unn\u00f6tige Accessoires \u2013 perfekt f\u00fcr jede Situation.<\/li>\n\n\n\n<li><strong>Sp\u00fcre die Energie.<\/strong><br>Die Wirkstoffe werden langsam freigesetzt und geben <strong>stabiler Energieschub<\/strong> f\u00fcr 1-2 Stunden.<\/li>\n\n\n\n<li><strong>Werfen Sie den Beutel weg.<\/strong><br>Biologisch abbaubare Zellulose bedeutet, dass Ihnen der Planet am Herzen liegt!<\/li>\n<\/ol>\n\n\n\n<p><strong>Betriebszeit<\/strong>Ein Beutel reicht f\u00fcr <strong>1-2 Stunden<\/strong>, abh\u00e4ngig von der individuellen Reaktion des K\u00f6rpers.<\/p>\n\n\n\n<h2 class=\"wp-block-heading\">Zutaten: Natur in jedem Beutel<\/h2>\n\n\n\n<p>HerbalMind Strawberry Glade ist eine sorgf\u00e4ltig zusammengestellte Mischung aus nat\u00fcrlichen Inhaltsstoffen, die K\u00f6rper und Geist unterst\u00fctzen:<\/p>\n\n\n\n<ul class=\"wp-block-list\">\n<li><strong>Berberitzenfrucht<\/strong>St\u00e4rkt das Immunsystem und besitzt entz\u00fcndungshemmende Eigenschaften.<\/li>\n\n\n\n<li><strong>Sibirische Ginsengwurzel<\/strong>Steigert die Vitalit\u00e4t und die Widerstandsf\u00e4higkeit gegen Stress.<\/li>\n\n\n\n<li><strong>wasserfreies Koffein (60 mg\/Beutel)<\/strong>: Sofortiger Energieschub.<\/li>\n\n\n\n<li><strong>Acmella oleracea Kraut<\/strong>: Verbessert den Geschmack und besitzt antioxidative Eigenschaften.<\/li>\n\n\n\n<li><strong>Hefeflocken<\/strong>Quelle von B-Vitaminen f\u00fcr eine bessere Konzentration.<\/li>\n\n\n\n<li><strong>Koreanischer Ginseng-Extrakt (25 mg\/Beutel, 10% Ginsenoside)<\/strong>Verbessert Ged\u00e4chtnis und Ausdauer.<\/li>\n\n\n\n<li><strong>Vitamin C<\/strong>Unterst\u00fctzt das Immunsystem.<\/li>\n\n\n\n<li><strong>Pflanzliches Glyzerin<\/strong>: Nat\u00fcrlicher Aromatr\u00e4ger.<\/li>\n\n\n\n<li><strong>Saflor- und Kornblumenbl\u00fcte<\/strong>Sie verleihen dem Ganzen blumige Noten und haben eine beruhigende Wirkung.<\/li>\n\n\n\n<li><strong>Backpulver<\/strong>: Reguliert den pH-Wert f\u00fcr eine angenehme Anwendung.<\/li>\n\n\n\n<li><strong>Rhodiola rosea-Extrakt (15 mg\/Beutel, 5%-Salidrosid)<\/strong>: Verringert M\u00fcdigkeit und verbessert die Konzentration.<\/li>\n\n\n\n<li><strong>Menthol<\/strong>Sorgt f\u00fcr einen erfrischenden, k\u00fchlenden Effekt.<\/li>\n\n\n\n<li><strong>Cayennepfeffer<\/strong>: Subtile Sch\u00e4rfe, die den Stoffwechsel unterst\u00fctzt.<\/li>\n\n\n\n<li><strong>\u00c4therische \u00d6le<\/strong>: Mandarine (<em>Citrus nobilis<\/em>) und Rosmarin (<em>Rosmarinus officinalis<\/em>) f\u00fcr ein einzigartiges Aroma.<\/li>\n\n\n\n<li><strong>Nat\u00fcrliches Aroma<\/strong>Betont den s\u00fc\u00dfen Charakter von Erdbeeren.<\/li>\n<\/ul>\n\n\n\n<p><strong>S\u00fc\u00dfstoff<\/strong>Stevia-Extrakt (95% Steviolglykoside) \u2013 nat\u00fcrliche S\u00fc\u00dfe ohne Kalorien.<\/p>\n\n\n\n<h2 class=\"wp-block-heading\">F\u00fcr wen ist HerbalMind geeignet?<\/h2>\n\n\n\n<p>HerbalMind Strawberry Glade ist die perfekte Wahl f\u00fcr:<\/p>\n\n\n\n<ul class=\"wp-block-list\">\n<li><strong>Athleten<\/strong>Energie vor dem Training oder w\u00e4hrend des Wettkampfs.<\/li>\n\n\n\n<li><strong>Fahrer<\/strong>: Diskrete Stimulation auf langen Reisen.<\/li>\n\n\n\n<li><strong>Studenten<\/strong>Unterst\u00fctzung w\u00e4hrend des Studiums und der Pr\u00fcfungen.<\/li>\n\n\n\n<li><strong>Mitarbeiter<\/strong>Ein schneller Energieschub im B\u00fcro oder auf der Baustelle.<\/li>\n\n\n\n<li><strong>Tr\u00e4umer<\/strong>F\u00fcr all jene, die den Geschmack der Kindheit und nat\u00fcrliche L\u00f6sungen vermissen.<\/li>\n<\/ul>\n\n\n\n<h2 class=\"wp-block-heading\">Warnhinweise und Gegenanzeigen<\/h2>\n\n\n\n<p>\u26a0\ufe0f <strong>Hoher Koffeingehalt (60 mg\/Beutel)<\/strong><br>Die empfohlene Tagesdosis an Koffein (400 mg f\u00fcr Erwachsene) darf nicht \u00fcberschritten werden.<\/p>\n\n\n\n<p><strong>Nicht empfohlen f\u00fcr die Verwendung durch:<\/strong><\/p>\n\n\n\n<ul class=\"wp-block-list\">\n<li>Minderj\u00e4hrige<\/li>\n\n\n\n<li>Schwangere oder stillende Frauen<\/li>\n\n\n\n<li>Menschen mit Herzkrankheiten, Bluthochdruck oder Diabetes<\/li>\n\n\n\n<li>Personen, die gegen einen der Inhaltsstoffe allergisch sind<\/li>\n<\/ul>\n\n\n\n<p><strong>Anmerkungen:<\/strong><\/p>\n\n\n\n<ul class=\"wp-block-list\">\n<li>Nat\u00fcrliche \u00e4therische \u00d6le k\u00f6nnen bei empfindlichen Personen Reizungen hervorrufen.<\/li>\n\n\n\n<li>Bei unerw\u00fcnschten Reaktionen die Anwendung abbrechen und einen Arzt konsultieren.<\/li>\n\n\n\n<li>Au\u00dferhalb der Reichweite von Kindern aufbewahren.<\/li>\n<\/ul>\n\n\n\n<ol class=\"wp-block-list\">\n<li><strong>Was sind HerbalMind-Beutel?<\/strong><br>Hierbei handelt es sich um Kr\u00e4uter-Energiebeutel mit 60 mg Koffein und einer Mischung aus Kr\u00e4utern wie Ginseng und Rosenwurz, die nat\u00fcrliche Energie liefern.<\/li>\n\n\n\n<li><strong>Wie schmeckt Strawberry Glade?<\/strong><br>Es ist ein s\u00fc\u00dfer Duft nach Walderdbeeren mit Noten von Menthol, Kr\u00e4utern und Waldaromen, inspiriert von einer sommerlichen Lichtung.<\/li>\n\n\n\n<li><strong>Wie verwendet man HerbalMind-Beutel?<\/strong><br>Platzieren Sie den Beutel unter Ihrer Oberlippe, die Inhaltsstoffe werden dann nach und nach freigesetzt und liefern 1-2 Stunden lang Energie.<\/li>\n\n\n\n<li><strong>Enth\u00e4lt HerbalMind Zucker?<\/strong><br>Nein, die Beutel sind zuckerfrei und mit nat\u00fcrlichem Stevia ges\u00fc\u00dft, wodurch sie kalorienfrei sind.<\/li>\n\n\n\n<li><strong>Ist HerbalMind sicher?<\/strong><br>Ja, bei bestimmungsgem\u00e4\u00dfem Gebrauch. Nicht geeignet f\u00fcr Kinder, Schwangere oder Personen mit Herzerkrankungen oder Allergien gegen einen der Inhaltsstoffe.<\/li>\n\n\n\n<li><strong>Wie viele Beutel kann ich pro Tag verwenden?<\/strong><br>Maximal 6 Beutel pro Tag (360 mg Koffein), um die sichere Dosis von 400 mg nicht zu \u00fcberschreiten.<\/li>\n<\/ol>\n\n\n\n<h2 class=\"wp-block-heading\">Erwecken Sie Ihre Erinnerungen mit HerbalMind Strawberry Glade!<\/h2>\n\n\n\n<p><strong>HerbalMind Strawberry Glade<\/strong> Es ist mehr als nur ein Energy-Drink \u2013 es ist eine Reise zur\u00fcck in unbeschwerte Kindheitstage, voller Erdbeergeschmack und Waldduft. Ersetzen Sie Kaffee und Energy-Drinks durch eine nat\u00fcrliche Alternative, die die Kraft von Kr\u00e4utern, Koffein und einen s\u00fc\u00dfen Geschmack vereint. Ob bei der Arbeit, beim Training, auf Reisen oder beim Lernen \u2013 HerbalMind schenkt Ihnen Energie und Lebensfreude. <strong>Probieren Sie es noch heute und entdecken Sie den Geschmack von Glade in jedem Beutel!<\/strong><\/p>","protected":false},"excerpt":{"rendered":"<p>Pflanzliche Energiebeutel <strong>HerbalMind Strawberry Glade<\/strong> ist eine Revolution in Sachen nat\u00fcrlicher Stimulation \u2013 ohne Kaffee, ohne Zucker, ohne k\u00fcnstliche Zusatzstoffe!<\/p>\n<p>Jeder Beutel enth\u00e4lt <strong>60 mg Koffein<\/strong> und eine einzigartige Mischung aus Kr\u00e4utern wie Ginseng, Rosenwurz und Berberitze, die Vitalit\u00e4t, Konzentration und Stressresistenz unterst\u00fctzen.<\/p>\n<p>Es ist die perfekte Alternative zu Energy-Drinks, entwickelt f\u00fcr alle, die immer Energie zur Hand haben wollen.<\/p>","protected":false},"featured_media":5282,"comment_status":"open","ping_status":"open","template":"","meta":{"_acf_changed":false,"_gspb_post_css":"","rank_math_title":"","rank_math_description":"","rank_math_focus_keyword":"","rank_math_facebook_title":"","rank_math_facebook_description":"","rank_math_twitter_title":"","rank_math_twitter_description":""},"product_brand":[],"product_cat":[339],"product_tag":[],"woo-feed-brand":[],"class_list":{"0":"post-7637","1":"product","2":"type-product","3":"status-publish","4":"has-post-thumbnail","6":"product_cat-woreczki","8":"first","9":"outofstock","10":"purchasable","11":"product-type-simple"},"ct_brands":[],"acf":[],"_links":{"self":[{"href":"https:\/\/ubucha.pl\/de\/wp-json\/wp\/v2\/product\/7637","targetHints":{"allow":["GET"]}}],"collection":[{"href":"https:\/\/ubucha.pl\/de\/wp-json\/wp\/v2\/product"}],"about":[{"href":"https:\/\/ubucha.pl\/de\/wp-json\/wp\/v2\/types\/product"}],"replies":[{"embeddable":true,"href":"https:\/\/ubucha.pl\/de\/wp-json\/wp\/v2\/comments?post=7637"}],"wp:featuredmedia":[{"embeddable":true,"href":"https:\/\/ubucha.pl\/de\/wp-json\/wp\/v2\/media\/5282"}],"wp:attachment":[{"href":"https:\/\/ubucha.pl\/de\/wp-json\/wp\/v2\/media?parent=7637"}],"wp:term":[{"taxonomy":"product_brand","embeddable":true,"href":"https:\/\/ubucha.pl\/de\/wp-json\/wp\/v2\/product_brand?post=7637"},{"taxonomy":"product_cat","embeddable":true,"href":"https:\/\/ubucha.pl\/de\/wp-json\/wp\/v2\/product_cat?post=7637"},{"taxonomy":"product_tag","embeddable":true,"href":"https:\/\/ubucha.pl\/de\/wp-json\/wp\/v2\/product_tag?post=7637"},{"taxonomy":"woo-feed-brand","embeddable":true,"href":"https:\/\/ubucha.pl\/de\/wp-json\/wp\/v2\/woo-feed-brand?post=7637"}],"curies":[{"name":"wp","href":"https:\/\/api.w.org\/{rel}","templated":true}]}}