{"id":7576,"date":"2025-09-26T14:01:10","date_gmt":"2025-09-26T12:01:10","guid":{"rendered":"https:\/\/ubucha.pl\/zelki-konopne-green-out-winisie-zelki-winiego\/"},"modified":"2026-04-16T11:30:40","modified_gmt":"2026-04-16T09:30:40","slug":"grun-aus-hanf-zelies-winisie-zelies-winisie-zelies","status":"publish","type":"product","link":"https:\/\/ubucha.pl\/de\/zelki-konopne-green-out-winisie-zelki-winiego\/","title":{"rendered":"Green Out\u00ae Hanf-Gelees Winisie-Gelees"},"content":{"rendered":"<h2>Green Out\u00ae Winisie Hanfgels - die nat\u00fcrliche Kraft des Hanfs in fruchtiger Form<\/h2>\n<p>Sind Sie auf der Suche nach einem Produkt, das Benutzerfreundlichkeit, Schmackhaftigkeit und das gesamte Spektrum der n\u00fctzlichen Inhaltsstoffe des Hanfs vereint? Green Out\u00ae Winisie Hanfgels sind Hanf\u00f6l h\u00f6chster Qualit\u00e4t, das in einer k\u00f6stlichen, fruchtigen Geleeform verkapselt ist. Jede Packung enth\u00e4lt mindestens 30 Gele, was 30 Tagesportionen entspricht, von denen jede bis zu 8 mg Phytosubstanzen und eine F\u00fclle von nat\u00fcrlichen Cannabinoiden, Flavonoiden und Terpenen liefert.<\/p>\n<p>Wussten Sie, dass die Einnahme von Cannabis\u00f6l die Entspannung f\u00f6rdern, die Stimmung verbessern und zur Linderung von Alltagsbeschwerden beitragen kann? Dank seiner einzigartigen, synergetischen Vollspektrumformel liefert Green Out\u00ae Winisie nicht nur CBD, sondern auch andere wertvolle Cannabinoide wie CBDA, CBDV, CBN, CBC, CBG, CBGA sowie aromatische Terpene und Flavonoide, die zusammenwirken, um ihre positiven Eigenschaften zu verst\u00e4rken.<\/p>\n<h3>Hauptmerkmale der Green Out\u00ae Winisie-Gelees<\/h3>\n<table style=\"border-collapse: collapse; width: 100%; max-width: 600px;\" border=\"1\" cellspacing=\"0\" cellpadding=\"8\">\n<thead>\n<tr style=\"background-color: #f2f2f2;\">\n<th>Merkmal<\/th>\n<th>Einzelheiten<\/th>\n<\/tr>\n<\/thead>\n<tbody>\n<tr>\n<td>Gehalt an Phytostoffen pro Portion<\/td>\n<td>8 mg<\/td>\n<\/tr>\n<tr>\n<td>Anzahl der Portionen pro Packung<\/td>\n<td>Mindestens 30<\/td>\n<\/tr>\n<tr>\n<td>Formular<\/td>\n<td>Fruchtgummi<\/td>\n<\/tr>\n<tr>\n<td>Gewicht der Packung<\/td>\n<td>130 g<\/td>\n<\/tr>\n<tr>\n<td>Aktive Bestandteile<\/td>\n<td>CBD, CBDA, CBDV, CBN, CBC, CBG, CBGA, Terpene, Flavonoide<\/td>\n<\/tr>\n<tr>\n<td>Art des \u00d6ls<\/td>\n<td>Hanfsamen\u00f6l (8%)<\/td>\n<\/tr>\n<tr>\n<td>Zweck<\/td>\n<td>Nahrungserg\u00e4nzungsmittel zur F\u00f6rderung von Entspannung und Entlastung<\/td>\n<\/tr>\n<tr>\n<td>Rechtm\u00e4\u00dfigkeit<\/td>\n<td>Produkt in 100% nat\u00fcrlich und legal<\/td>\n<\/tr>\n<\/tbody>\n<\/table>\n<h3>Zusammensetzung von Green Out\u00ae Winisie-Gelee-Bohnen<\/h3>\n<p>Nat\u00fcrlichkeit ist der Schl\u00fcssel! Die Gelees enthalten sorgf\u00e4ltig ausgew\u00e4hlte Zutaten von h\u00f6chster Qualit\u00e4t:<\/p>\n<ul>\n<li>Zucker<\/li>\n<li>Gelatine<\/li>\n<li>Hanfsamen\u00f6l (8%) - Quelle von Phytosubstanzen und Cannabinoiden<\/li>\n<li>Fruchts\u00e4fte: Erdbeere, Pfirsich, Zitrone - f\u00fcr nat\u00fcrlichen Geschmack und Aroma<\/li>\n<li>S\u00e4ureregulator: Ascorbins\u00e4ure (0,4%)<\/li>\n<li>L-Theanin (0,4%) - eine Aminos\u00e4ure, die Entspannung und Konzentration f\u00f6rdert<\/li>\n<li>Nat\u00fcrliche Aromastoffe<\/li>\n<li>Nat\u00fcrliche Farbstoffe: Anthocyane, Chlorophyll<\/li>\n<li>Glasurmittel: Bienenwachs - f\u00fcr eine appetitliche, gl\u00e4nzende Oberfl\u00e4che<\/li>\n<\/ul>\n<h3>Wie verwendet man Green Out\u00ae Winisie Hanfgelee?<\/h3>\n<p>Um das Potenzial des Gelees voll auszusch\u00f6pfen, empfehlen wir, eine Portion pro Tag zu verzehren, was etwa 4 Gramm des Produkts oder einem Gelee entspricht. Es ist am besten, es vor oder w\u00e4hrend einer Mahlzeit zu verzehren, wodurch die Aufnahme der wertvollen Substanzen erleichtert wird. Die empfohlene Tagesdosis sollte nicht \u00fcberschritten werden. Nach dem \u00d6ffnen an einem trockenen, schattigen Ort aufbewahren und innerhalb von 30 Tagen verbrauchen.<\/p>\n<h3>Warum sollten Sie sich f\u00fcr Green Out\u00ae Winisie-Gelee-Bohnen entscheiden?<\/h3>\n<p>Green Out\u00ae ist die Nummer 1 in Polen und Europa f\u00fcr Hanfshots und vollmundige Produkte. Winisie Gele sind eine hervorragende Alternative f\u00fcr Menschen, die eine nat\u00fcrliche Unterst\u00fctzung f\u00fcr Gesundheit und Entspannung sch\u00e4tzen, aber den traditionellen Geschmack von \u00d6len nicht m\u00f6gen. Ihr fruchtiger Geschmack und ihre praktische Form machen die Einnahme zu einem Vergn\u00fcgen.<\/p>\n<p>Das Produkt ist 100% nat\u00fcrlich, legal und sicher f\u00fcr Erwachsene, die die Vorteile von Cannabis ohne die psychoaktiven Wirkungen, dank seiner kontrollierten THC-Gehalt genie\u00dfen wollen.<\/p>\n<h3>Nutzerbewertungen<\/h3>\n<p><em>Kenner<\/em> bewertete das Produkt mit 4\/5 und hob den hervorragenden Geschmack der Gelees hervor: \u201eDie Gelees schmecken erstklassig, aber die Wirkung selbst empfinde ich als etwas milder als bei anderen Varianten, was nicht hei\u00dfen soll, dass sie nicht funktionieren.\u201d<\/p>\n<h3>Zus\u00e4tzliche Informationen und Gebrauchsanweisungen<\/h3>\n<ul>\n<li><strong>Anwendung:<\/strong> Die Gele sind ideal als t\u00e4gliches Erg\u00e4nzungsmittel, um die Entspannung zu unterst\u00fctzen, Spannungen abzubauen, die Schlafqualit\u00e4t zu verbessern und allgemein das Gleichgewicht des K\u00f6rpers zu unterst\u00fctzen.<\/li>\n<li><strong>Sicherheit:<\/strong> Das Produkt ist nur f\u00fcr Erwachsene bestimmt. Nicht als Ersatz f\u00fcr eine abwechslungsreiche Ern\u00e4hrung verwenden. Au\u00dferhalb der Reichweite von Kindern aufbewahren.<\/li>\n<li><strong>Lagerung:<\/strong> Nach dem \u00d6ffnen an einem trockenen, k\u00fchlen und schattigen Ort aufbewahren, um seine Eigenschaften und seine Frische zu bewahren.<\/li>\n<li><strong>Verfallsdatum:<\/strong> Mindestens 12 Monate ab Herstellungsdatum.<\/li>\n<\/ul>\n<p>Bestellen Sie noch heute Green Out\u00ae Winisie Hanfgelee und erleben Sie nat\u00fcrliche Entspannung mit einem hochwertigen Hanfpr\u00e4parat, das perfekt zu Ihrem aktiven und gesunden Lebensstil passt!<\/p>","protected":false},"excerpt":{"rendered":"<p>Entdecken Sie die nat\u00fcrliche Kraft der Green Out Winisie CBD Jelly Beans - ein volles Spektrum von 120 mg Phytosubstanzen in jeder Packung! Es sind k\u00f6stliche, fruchtige Gelees mit hochwertigem Hanf\u00f6l, reich an Cannabinoiden, Terpenen und Flavonoiden, die Entspannung und Wohlbefinden f\u00f6rdern.<\/p>\n<p>Jede Portion bietet 8 mg nat\u00fcrliche Wirkstoffe, eine leicht einzunehmende Form und eine legale und sichere Anwendung. In der Packung sind bis zu 30 Gele enthalten - ideal f\u00fcr die t\u00e4gliche Einnahme. Ein Produkt nur f\u00fcr Erwachsene, ohne k\u00fcnstliche Zusatzstoffe, s\u00fc\u00df und wirksam.<\/p>","protected":false},"featured_media":9711,"comment_status":"open","ping_status":"closed","template":"","meta":{"_acf_changed":false,"_gspb_post_css":"","rank_math_title":"","rank_math_description":"","rank_math_focus_keyword":"","rank_math_facebook_title":"","rank_math_facebook_description":"","rank_math_twitter_title":"","rank_math_twitter_description":""},"product_brand":[93],"product_cat":[105],"product_tag":[],"woo-feed-brand":[],"class_list":{"0":"post-7576","1":"product","2":"type-product","3":"status-publish","4":"has-post-thumbnail","6":"product_brand-dutch-therapy","7":"product_cat-zelki-green-out","9":"first","10":"outofstock","11":"sale","12":"purchasable","13":"product-type-simple"},"ct_brands":[{"id":93,"name":"Holl\u00e4ndische Therapie","slug":"hollandische-therapie"}],"acf":[],"_links":{"self":[{"href":"https:\/\/ubucha.pl\/de\/wp-json\/wp\/v2\/product\/7576","targetHints":{"allow":["GET"]}}],"collection":[{"href":"https:\/\/ubucha.pl\/de\/wp-json\/wp\/v2\/product"}],"about":[{"href":"https:\/\/ubucha.pl\/de\/wp-json\/wp\/v2\/types\/product"}],"replies":[{"embeddable":true,"href":"https:\/\/ubucha.pl\/de\/wp-json\/wp\/v2\/comments?post=7576"}],"wp:featuredmedia":[{"embeddable":true,"href":"https:\/\/ubucha.pl\/de\/wp-json\/wp\/v2\/media\/9711"}],"wp:attachment":[{"href":"https:\/\/ubucha.pl\/de\/wp-json\/wp\/v2\/media?parent=7576"}],"wp:term":[{"taxonomy":"product_brand","embeddable":true,"href":"https:\/\/ubucha.pl\/de\/wp-json\/wp\/v2\/product_brand?post=7576"},{"taxonomy":"product_cat","embeddable":true,"href":"https:\/\/ubucha.pl\/de\/wp-json\/wp\/v2\/product_cat?post=7576"},{"taxonomy":"product_tag","embeddable":true,"href":"https:\/\/ubucha.pl\/de\/wp-json\/wp\/v2\/product_tag?post=7576"},{"taxonomy":"woo-feed-brand","embeddable":true,"href":"https:\/\/ubucha.pl\/de\/wp-json\/wp\/v2\/woo-feed-brand?post=7576"}],"curies":[{"name":"wp","href":"https:\/\/api.w.org\/{rel}","templated":true}]}}