{"id":7523,"date":"2025-09-26T14:00:45","date_gmt":"2025-09-26T12:00:45","guid":{"rendered":"https:\/\/ubucha.pl\/herbata-konopna-cbd-premium-chwila-spokoju-100-naturalna-mieszanka-relaksacyjna-dla-lepszego-samopoczucia\/"},"modified":"2026-04-01T10:13:37","modified_gmt":"2026-04-01T08:13:37","slug":"cbd-premium-hanf-tee-moment-of-peace-100-naturliche-entspannungsmischung-fur-besseres-wohlbefinden","status":"publish","type":"product","link":"https:\/\/ubucha.pl\/de\/herbata-konopna-cbd-premium-chwila-spokoju-100-naturalna-mieszanka-relaksacyjna-dla-lepszego-samopoczucia\/","title":{"rendered":"CBD Premium Hanf Tee Momente der Ruhe - 100% eine nat\u00fcrliche Entspannungsmischung f\u00fcr besseres Wohlbefinden."},"content":{"rendered":"<h1 class=\"wp-block-heading\">CBD Hanftee - Momente der Ruhe - 50 Gramm<\/h1>\n\n\n\n<p><strong>Die Fotos geben das tats\u00e4chliche Aussehen des Produkts wieder.<\/strong><\/p>\n\n\n\n<p>Hanf-Tee&nbsp;<strong>mit dem Zusatz von<\/strong>&nbsp;Andere Kr\u00e4uter wie Kamille, Lavendel, Melisse und Jasmin kombinieren die gesundheitlichen Vorteile der im getrockneten Hanf enthaltenen Cannabinoide mit den positiven Wirkungen der&nbsp;<strong>Eigenschaften<\/strong>&nbsp;diese Kr\u00e4uter.<\/p>\n\n\n\n<ul class=\"wp-block-list\">\n<li><strong>Beruhigend<\/strong>\u00a0und Entspannung<\/li>\n\n\n\n<li><strong>Milderung\u00a0<\/strong>Stress<\/li>\n\n\n\n<li>Zartes, pflanzliches Aroma<\/li>\n\n\n\n<li><strong>Verbesserung der Schlafqualit\u00e4t<\/strong><\/li>\n\n\n\n<li>Unterst\u00fctzung f\u00fcr das Verdauungssystem<\/li>\n<\/ul>\n\n\n\n<h5 class=\"wp-block-heading\">Wesentliche Merkmale<\/h5>\n\n\n\n<p>Hanf-Tee&nbsp;<strong>mit einer Kr\u00e4utermischung&nbsp;<\/strong>ist ein einzigartiges Getr\u00e4nk, das die entspannenden Eigenschaften von CBD mit einer nat\u00fcrlichen Harmonie von Inhaltsstoffen wie Kamille, Lavendel, Zitronenmelisse und Jasmin kombiniert. Entwickelt, um zu entspannen und die Gesundheit zu unterst\u00fctzen,&nbsp;<strong>ideal geeignet f\u00fcr<\/strong>&nbsp;sowohl nach einem langen Tag als auch in Momenten der Besinnung und Entspannung. Jede Zutat wurde sorgf\u00e4ltig ausgew\u00e4hlt&nbsp;<strong>Angepasst<\/strong>, um synergetisch zu wirken und eine umfassende Unterst\u00fctzung f\u00fcr das Nerven-, Verdauungs- und Immunsystem zu bieten.<\/p>\n\n\n\n<p><strong>Zartes&nbsp;<\/strong>Das Aroma von Jasmin, die beruhigenden Eigenschaften von Kamille und Zitronenmelisse und der subtile Duft von Lavendel sorgen f\u00fcr ein einzigartiges Geschmacks- und Aromatherapie-Erlebnis.<strong>&nbsp;Dank des Inhalts<\/strong>&nbsp;getrockneter Hanftee unterst\u00fctzt den K\u00f6rper bei Verspannungen und Stress, verbessert die Schlafqualit\u00e4t und f\u00f6rdert die Regeneration. Er ist die ideale Wahl f\u00fcr alle, die nach nat\u00fcrlichen Wegen suchen, um&nbsp;<strong>stummschalten&nbsp;<\/strong>und Verbesserung des Wohlbefindens.<\/p>\n\n\n\n<p><strong>Methode der Zubereitung:<\/strong>\u00a0Geben Sie einen Teel\u00f6ffel der getrockneten Zutaten (ca. 2 g) in eine Tasse. Mit 80-90\u00b0C hei\u00dfem Wasser aufgie\u00dfen, um alle Inhaltsstoffe und Aromen zu extrahieren, ohne sie zu zerst\u00f6ren. Lassen Sie die getrockneten Zutaten etwa 5 Minuten ziehen, damit die wertvollen Inhaltsstoffe freigesetzt werden k\u00f6nnen. F\u00fcgen Sie wahlweise Honig oder Zucker hinzu, je nach Geschmacksrichtung. R\u00fchren Sie gr\u00fcndlich um und genie\u00dfen Sie den einzigartigen Geschmack und das Aroma.<\/p>\n\n\n\n<h5 class=\"wp-block-heading\">Lagerung und Produktion<\/h5>\n\n\n\n<p>Wir glauben und sorgen daf\u00fcr, dass&nbsp;<strong>in jeder Phase das Produkt<\/strong>&nbsp;wurde so behandelt, als ob es von uns oder unseren Lieben benutzt werden sollte (was es auch ist). Dieses Engagement hat zu Produkten von h\u00f6chster Qualit\u00e4t gef\u00fchrt.<\/p>\n\n\n\n<p>Die Produkte sind&nbsp;<strong>gespeichert&nbsp;<\/strong>in hermetisch verschlossenen, lichtdichten Beh\u00e4ltern mit einem Feuchtigkeitsregler. Dar\u00fcber hinaus darf die Temperatur in den Lagerr\u00e4umen folgende Werte nicht \u00fcberschreiten&nbsp;<strong>18 Grad Celsius<\/strong>. Wir sind der Meinung, dass jedes dieser Details wichtig ist und sich letztendlich auf das Produkt und seine Qualit\u00e4t auswirkt.<\/p>\n\n\n\n<p>Unsere Produkte werden angebaut<strong>&nbsp;nur mit nat\u00fcrlichen Mitteln,&nbsp;<\/strong>So k\u00f6nnen Sie sicher sein, dass das, was in ihnen enthalten ist, aus der Natur stammt.<\/p>","protected":false},"excerpt":{"rendered":"<p><!-- wp:paragraph --><\/p>\n<p><strong>Die Fotos geben das tats\u00e4chliche Aussehen des Produkts wieder.<\/strong><\/p>\n<p><!-- \/wp:paragraph --> <!-- wp:paragraph --><\/p>\n<p>Hanf-Tee\u00a0<strong>mit dem Zusatz von<\/strong>\u00a0Andere Kr\u00e4uter wie Kamille, Lavendel, Melisse und Jasmin kombinieren die gesundheitlichen Vorteile der im getrockneten Hanf enthaltenen Cannabinoide mit den positiven Wirkungen der\u00a0<strong>Eigenschaften<\/strong>\u00a0diese Kr\u00e4uter.<\/p>\n<p><!-- \/wp:paragraph --> <!-- wp:list --><\/p>\n<ul class=\"wp-block-list\"><!-- wp:list-item --><\/p>\n<li><strong>Beruhigend<\/strong>\u00a0und Entspannung<\/li>\n<p><!-- \/wp:list-item --> <!-- wp:list-item --><\/p>\n<li><strong>Milderung\u00a0<\/strong>Stress<\/li>\n<p><!-- \/wp:list-item --> <!-- wp:list-item --><\/p>\n<li>Zartes, pflanzliches Aroma<\/li>\n<p><!-- \/wp:list-item --> <!-- wp:list-item --><\/p>\n<li><strong>Verbesserung der Schlafqualit\u00e4t<\/strong><\/li>\n<p><!-- \/wp:list-item --> <!-- wp:list-item --><\/p>\n<li>Unterst\u00fctzung f\u00fcr das Verdauungssystem<\/li>\n<p><!-- \/wp:list-item --><\/ul>\n<p><!-- \/wp:list --><\/p>","protected":false},"featured_media":5078,"comment_status":"open","ping_status":"open","template":"","meta":{"_acf_changed":false,"_gspb_post_css":"","rank_math_title":"","rank_math_description":"","rank_math_focus_keyword":"","rank_math_facebook_title":"","rank_math_facebook_description":"","rank_math_twitter_title":"","rank_math_twitter_description":""},"product_brand":[],"product_cat":[308],"product_tag":[],"woo-feed-brand":[],"class_list":{"0":"post-7523","1":"product","2":"type-product","3":"status-publish","4":"has-post-thumbnail","6":"product_cat-herbaty","8":"first","9":"outofstock","10":"purchasable","11":"product-type-simple"},"ct_brands":[],"acf":[],"_links":{"self":[{"href":"https:\/\/ubucha.pl\/de\/wp-json\/wp\/v2\/product\/7523","targetHints":{"allow":["GET"]}}],"collection":[{"href":"https:\/\/ubucha.pl\/de\/wp-json\/wp\/v2\/product"}],"about":[{"href":"https:\/\/ubucha.pl\/de\/wp-json\/wp\/v2\/types\/product"}],"replies":[{"embeddable":true,"href":"https:\/\/ubucha.pl\/de\/wp-json\/wp\/v2\/comments?post=7523"}],"wp:featuredmedia":[{"embeddable":true,"href":"https:\/\/ubucha.pl\/de\/wp-json\/wp\/v2\/media\/5078"}],"wp:attachment":[{"href":"https:\/\/ubucha.pl\/de\/wp-json\/wp\/v2\/media?parent=7523"}],"wp:term":[{"taxonomy":"product_brand","embeddable":true,"href":"https:\/\/ubucha.pl\/de\/wp-json\/wp\/v2\/product_brand?post=7523"},{"taxonomy":"product_cat","embeddable":true,"href":"https:\/\/ubucha.pl\/de\/wp-json\/wp\/v2\/product_cat?post=7523"},{"taxonomy":"product_tag","embeddable":true,"href":"https:\/\/ubucha.pl\/de\/wp-json\/wp\/v2\/product_tag?post=7523"},{"taxonomy":"woo-feed-brand","embeddable":true,"href":"https:\/\/ubucha.pl\/de\/wp-json\/wp\/v2\/woo-feed-brand?post=7523"}],"curies":[{"name":"wp","href":"https:\/\/api.w.org\/{rel}","templated":true}]}}