{"id":7444,"date":"2025-09-26T13:59:44","date_gmt":"2025-09-26T11:59:44","guid":{"rendered":"https:\/\/ubucha.pl\/tremella-tremella-fuciformis-101-ekstrakt-60-kapsulek-solve-labs\/"},"modified":"2025-10-20T13:01:28","modified_gmt":"2025-10-20T11:01:28","slug":"tremella-tremella-fuciformis-101-extrakt-60-kapseln-solve-labs","status":"publish","type":"product","link":"https:\/\/ubucha.pl\/de\/tremella-tremella-fuciformis-101-ekstrakt-60-kapsulek-solve-labs\/","title":{"rendered":"Tremella (Tremella fuciformis) 10:1 Extrakt 60 Kapseln SOLVE LABS"},"content":{"rendered":"<p>Tremella scrapie (Tremella fuciformis), auch als \u201eSchneepilz\u201d oder \u201eSch\u00f6nheitspilz\u201d bekannt, ist ein essbarer und funktioneller Pilz mit gallertartigen Fruchtk\u00f6rpern, die Korallen \u00e4hneln und eine schneewei\u00dfe Farbe haben. Dieser Edelpilz ist f\u00fcr seine au\u00dfergew\u00f6hnlichen Hautpflegeeigenschaften bekannt, insbesondere in der japanischen und chinesischen Kosmetik.<\/p>\n\n\n\n<h2 class=\"wp-block-heading\"><strong>Sch\u00f6nheit der Pilze<\/strong><\/h2>\n\n\n\n<p>Aufgrund ihrer antioxidativen und feuchtigkeitsspendenden Eigenschaften ist die Tremella zu einer Sensation unter den hautverbessernden Produkten geworden. Die Verwendung von Tremella als Tonikum f\u00fcr gesunde und geschmeidige Haut l\u00e4sst sich bis in die chinesische Tang-Dynastie zur\u00fcckverfolgen.<\/p>\n\n\n\n<p>Das liegt daran, dass Tremella \u00e4hnlich wie Hyalurons\u00e4ure die einzigartige Eigenschaft besitzt, Wasser in der Haut zu binden. Tremella unterscheidet sich von der Hyalurons\u00e4ure durch sein Molekulargewicht, was nach Ansicht von Experten zu einem leichteren Eindringen in die Haut und einer noch besseren Hydratation f\u00fchrt. Diese faszinierende Eigenschaft ist es, die den Tremella-Pilz in der Kosmetikindustrie so hoch angesehen macht.<\/p>\n\n\n\n<figure class=\"wp-block-image\"><img decoding=\"async\" title=\"Tremella (Tremella fuciformis) 10:1 Extrakt 60 Kapseln SOLVE LABS - Kapseln\" src=\"https:\/\/www.solvelabs.eu\/img\/cms\/Tremalla%2010:1\/tremella-1.jpg\" alt=\"Tremella (Tremella fuciformis) 10:1 Extrakt 60 Kapseln SOLVE LABS - Kapseln\" \/><\/figure>\n\n\n\n<figure class=\"wp-block-image\"><img decoding=\"async\" title=\"Tremella (Tremella fuciformis) 10:1 Extrakt 60 Kapseln SOLVE LABS - Kapseln\" src=\"https:\/\/www.solvelabs.eu\/img\/cms\/Tremalla%2010:1\/tremella_3.jpg\" alt=\"Tremella (Tremella fuciformis) 10:1 Extrakt 60 Kapseln SOLVE LABS - Kapseln\" \/><\/figure>\n\n\n\n<h2 class=\"wp-block-heading\"><strong>Schneepilz<\/strong><\/h2>\n\n\n\n<p>Die Fruchtk\u00f6rper dieses Pilzes enthalten ein einzigartiges Polysaccharid, das Galaktomannan, das die Wasserbindung und die hyalurons\u00e4ure\u00e4hnliche Wirkung beeinflussen kann.<a href=\"https:\/\/hurt.solvelabs.eu\/sklep\/89-tremella-kapsulki.html#p2\" rel=\"nofollow noopener\" target=\"_blank\"><sup>1<\/sup><\/a>&nbsp;Interessanterweise hatten die Chinesen diese Wirkung von Tremella aufgrund ihrer schwammigen Struktur schon vor Jahrhunderten erkannt.<\/p>\n\n\n\n<p>Die bereits erw\u00e4hnte Hyalurons\u00e4ure kommt nat\u00fcrlicherweise in unserem K\u00f6rper vor, leider nimmt ihre Produktion, ebenso wie die von Kollagen und Elastin, im Laufe der Jahre ab. Aus diesem Grund kann Tremella eine sinnvolle Erg\u00e4nzung sein. L\u00e4nger anhaltende Hydratation, Gl\u00e4ttung und St\u00e4rkung der Hautbarriere.<\/p>\n\n\n\n<h2 class=\"wp-block-heading\">Warum unser Reishi-Extrakt?<\/h2>\n\n\n\n<ul class=\"wp-block-list\">\n<li><strong>Auszug 10:1 -<\/strong>\u00a0konzentrierte Form des Extrakts, um die Bioverf\u00fcgbarkeit des Rohstoffs zu gew\u00e4hrleisten<\/li>\n\n\n\n<li><strong>Nat\u00fcrlich -<\/strong>\u00a0Keine unn\u00f6tigen Zusatzstoffe oder F\u00fcllstoffe<\/li>\n\n\n\n<li><strong>Gem\u00fcsekapseln -<\/strong>\u00a0geeignet f\u00fcr Veganer und Vegetarier<\/li>\n\n\n\n<li><strong>Nur Fruchtk\u00f6rper von Pilzen -\u00a0<\/strong>kein mit dem Getreide vermischtes Myzel<\/li>\n\n\n\n<li><strong>Kultiviert durch Fl\u00fcssigg\u00e4rung -<\/strong>\u00a0kontrollierte Methode zur Sicherstellung einer maximalen Konzentration der Wirkstoffe<\/li>\n<\/ul>\n\n\n\n<h2 class=\"wp-block-heading\">Wie verwendet man Tremella?<\/h2>\n\n\n\n<p>Empfohlene Tagesdosis: 1.000 mg (2 Kapseln), mit Wasser eingenommen.<\/p>\n\n\n\n<p>Die empfohlene Tagesdosis darf nicht \u00fcberschritten werden.<\/p>\n\n\n\n<p>Das Nahrungserg\u00e4nzungsmittel darf nicht als Ersatz f\u00fcr eine abwechslungsreiche Ern\u00e4hrung verwendet werden. Eine gesunde Lebensweise und eine ausgewogene Ern\u00e4hrung sind f\u00fcr eine gute Gesundheit unerl\u00e4sslich.nicht f\u00fcr schwangere oder stillende Frauen empfohlen. Au\u00dferhalb der Reichweite von kleinen Kindern, an einem trockenen und k\u00fchlen Ort aufbewahren.<\/p>","protected":false},"excerpt":{"rendered":"<ul>\n<li>Auszug 10:1<\/li>\n<li>Kultiviert durch Fl\u00fcssigg\u00e4rung<\/li>\n<li>60 pflanzliche Kapseln<\/li>\n<li>Pilzfruchtk\u00f6rper ohne unn\u00f6tige Zusatzstoffe und F\u00fcllstoffe<\/li>\n<li>Geeignet f\u00fcr Veganer und Vegetarier<\/li>\n<\/ul>","protected":false},"featured_media":4943,"comment_status":"open","ping_status":"open","template":"","meta":{"_acf_changed":false,"_gspb_post_css":"","rank_math_title":"","rank_math_description":"","rank_math_focus_keyword":"","rank_math_facebook_title":"","rank_math_facebook_description":"","rank_math_twitter_title":"","rank_math_twitter_description":""},"product_brand":[123],"product_cat":[311],"product_tag":[],"woo-feed-brand":[],"class_list":{"0":"post-7444","1":"product","2":"type-product","3":"status-publish","4":"has-post-thumbnail","6":"product_brand-solve-labs","7":"product_cat-kapsulki","9":"first","10":"outofstock","11":"purchasable","12":"product-type-simple"},"ct_brands":[{"id":123,"name":"Labore aufl\u00f6sen","slug":"labors-losen"}],"acf":[],"_links":{"self":[{"href":"https:\/\/ubucha.pl\/de\/wp-json\/wp\/v2\/product\/7444","targetHints":{"allow":["GET"]}}],"collection":[{"href":"https:\/\/ubucha.pl\/de\/wp-json\/wp\/v2\/product"}],"about":[{"href":"https:\/\/ubucha.pl\/de\/wp-json\/wp\/v2\/types\/product"}],"replies":[{"embeddable":true,"href":"https:\/\/ubucha.pl\/de\/wp-json\/wp\/v2\/comments?post=7444"}],"wp:featuredmedia":[{"embeddable":true,"href":"https:\/\/ubucha.pl\/de\/wp-json\/wp\/v2\/media\/4943"}],"wp:attachment":[{"href":"https:\/\/ubucha.pl\/de\/wp-json\/wp\/v2\/media?parent=7444"}],"wp:term":[{"taxonomy":"product_brand","embeddable":true,"href":"https:\/\/ubucha.pl\/de\/wp-json\/wp\/v2\/product_brand?post=7444"},{"taxonomy":"product_cat","embeddable":true,"href":"https:\/\/ubucha.pl\/de\/wp-json\/wp\/v2\/product_cat?post=7444"},{"taxonomy":"product_tag","embeddable":true,"href":"https:\/\/ubucha.pl\/de\/wp-json\/wp\/v2\/product_tag?post=7444"},{"taxonomy":"woo-feed-brand","embeddable":true,"href":"https:\/\/ubucha.pl\/de\/wp-json\/wp\/v2\/woo-feed-brand?post=7444"}],"curies":[{"name":"wp","href":"https:\/\/api.w.org\/{rel}","templated":true}]}}