{"id":7440,"date":"2025-09-26T13:59:44","date_gmt":"2025-09-26T11:59:44","guid":{"rendered":"https:\/\/ubucha.pl\/tremella-tremella-fuciformis-101-mushroom-powder-30g-solve-labs\/"},"modified":"2025-10-20T14:36:08","modified_gmt":"2025-10-20T12:36:08","slug":"tremella-tremella-fuciformis-101-pilzpulver-30g-solve-labs","status":"publish","type":"product","link":"https:\/\/ubucha.pl\/de\/tremella-tremella-fuciformis-101-mushroom-powder-30g-solve-labs\/","title":{"rendered":"Tremella (Tremella fuciformis) 10:1 Pilz-Pulver 30g SOLVE LABS"},"content":{"rendered":"\n<h2 class=\"wp-block-heading\"><strong>Tremella \u2014 trz\u0119sak morszczynowaty<\/strong><\/h2>\n\n\n\n<p>Tremella fuciformis to grzyb jadalny oraz funkcjonalny o \u017celatynowych owocnikach, kt\u00f3re wygl\u0105dem przypominaj\u0105 \u015bnie\u017cnobia\u0142y koralowiec. Mo\u017cesz zna\u0107 go r\u00f3wnie\u017c jako &#8222;beauty mushroom&#8221; lub &#8222;snow fungus&#8221;. Wyj\u0105tkowe w\u0142a\u015bciwo\u015bci piel\u0119gnacyjne to najwi\u0119ksza zaleta tego szlachetnego grzyba, kt\u00f3r\u0105 doceniono szczeg\u00f3lnie w japo\u0144skiej i chi\u0144skiej tradycji kosmetycznej.<\/p>\n\n\n\n<h2 class=\"wp-block-heading\"><strong><br>Grzyb pi\u0119kna w zasi\u0119gu r\u0119ki<\/strong><\/h2>\n\n\n\n<p>Tremella sta\u0142a si\u0119 sensacj\u0105 w\u015br\u00f3d produkt\u00f3w wp\u0142ywaj\u0105cych na popraw\u0119 jako\u015bci sk\u00f3ry.&nbsp;<strong>Zdoby\u0142a ogromne uznanie w bran\u017cy kosmetycznej dzi\u0119ki wybitnym w\u0142a\u015bciwo\u015bciom nawadniaj\u0105cym i przeciwutleniaj\u0105cym.<\/strong>&nbsp;Praktyka stosowania Tremelli jako toniku dla utrzymania elastyczno\u015bci i zdrowego wygl\u0105du sk\u00f3ry si\u0119ga czas\u00f3w chi\u0144skiej dynastii Tang (lata 618-907).<\/p>\n\n\n\n<p><strong>Co sprawia, \u017ce Tremella jest tak wyj\u0105tkowa?<\/strong>&nbsp;Ten grzyb,&nbsp;<strong>podobnie jak kwas hialuronowy, wykazuje unikaln\u0105 w\u0142a\u015bciwo\u015b\u0107 do wi\u0105zania wody w sk\u00f3rze.<\/strong>&nbsp;To, co odr\u00f3\u017cnia sk\u0142adniki czynne Tremelli od kwasu hialuronowego to mniejsza masa cz\u0105steczkowa. Wed\u0142ug ekspert\u00f3w przek\u0142ada si\u0119 to na \u0142atwiejsz\u0105 penetracj\u0119 sk\u00f3ry i jej jeszcze lepsze nawil\u017cenie. Bran\u017ca kosmetyczna doceni\u0142a t\u0119 fascynuj\u0105c\u0105 w\u0142a\u015bciwo\u015b\u0107, a Tremella dla zdrowia sk\u00f3ry stosowana jest zar\u00f3wno w formie doustnych suplement\u00f3w diety, jak i jako sk\u0142adnik kosmetyk\u00f3w do sk\u00f3ry klasy premium.<\/p>\n\n\n\n<figure class=\"wp-block-image\"><img decoding=\"async\" title=\"Tremella (Tremella fuciformis) 10:1 Mushroom Powder 30g SOLVE LABS - Adaptogeny\" src=\"https:\/\/www.solvelabs.eu\/img\/cms\/Tremalla%2010:1\/tremella-1compress.jpg\" alt=\"Tremella (Tremella fuciformis) 10:1 Mushroom Powder 30g SOLVE LABS - Adaptogeny\" \/><\/figure>\n\n\n\n<figure class=\"wp-block-image\"><img decoding=\"async\" title=\"Tremella (Tremella fuciformis) 10:1 Mushroom Powder 30g SOLVE LABS - Adaptogeny\" src=\"https:\/\/www.solvelabs.eu\/img\/cms\/Tremalla%2010:1\/tremella-2compress.jpg\" alt=\"Tremella (Tremella fuciformis) 10:1 Mushroom Powder 30g SOLVE LABS - Adaptogeny\" \/><\/figure>\n\n\n\n<h2 class=\"wp-block-heading\"><strong>Poznaj Snow fungus<\/strong><\/h2>\n\n\n\n<p>Owocniki grzyba Tremella zawieraj\u0105 galaktomannan \u2013 wyj\u0105tkowy polisacharyd, kt\u00f3ry mo\u017ce wp\u0142ywa\u0107 na wi\u0105zanie wody i ma dzia\u0142anie zbli\u017cone do kwasu hialuronowego[1]. Chi\u0144czycy od wiek\u00f3w zdawali sobie spraw\u0119 z takich w\u0142a\u015bciwo\u015bci grzyba Tremella, cho\u0107 wtedy uwa\u017cano, \u017ce wp\u0142ywa na nie po prostu g\u0105bkowata struktura owocnik\u00f3w tego grzyba.<\/p>\n\n\n\n<p>Wspomniany kwas hialuronowy wyst\u0119puje naturalnie w naszym organizmie. Z wiekiem jego produkcja zwalnia, tak samo, jak w przypadku elastyny i kolagenu. Sk\u00f3ra jednak nadal wymaga nawil\u017cania, by zachowa\u0107 zdrowy wygl\u0105d i spe\u0142nia\u0107 swoje funkcje.<br><br>Tremella jest wartym uwagi narz\u0119dziem do wspomagania powy\u017cszego procesu i \u015bwietn\u0105 alternatyw\u0105 dla kwasu hialuronowego. D\u0142u\u017cej utrzymuj\u0105ce si\u0119 nawodnienie, wyg\u0142adzenie oraz wzmocnienie bariery to efekty, kt\u00f3rych potrzebuje twoja sk\u00f3ra.<\/p>\n\n\n\n<h2 class=\"wp-block-heading\">Dlaczego nasz ekstrakt tremella?<\/h2>\n\n\n\n<ul class=\"wp-block-list\">\n<li><strong>Ekstrakt 10:1 &#8211;<\/strong>\u00a0skoncentrowana forma o doskona\u0142ej biodost\u0119pno\u015bci<\/li>\n\n\n\n<li><strong>Naturalny &#8211;<\/strong>\u00a0brak zb\u0119dnych dodatk\u00f3w oraz wype\u0142niaczy<\/li>\n\n\n\n<li><strong>Wy\u0142\u0105cznie owocniki &#8211;<\/strong>\u00a0bez domieszek pod\u0142o\u017ca, jak to ma miejsce w ekstraktach z grzybni<\/li>\n\n\n\n<li><strong>Opakowanie &#8211;<\/strong>\u00a0wygodne opakowania papierowe lub elegancki s\u0142oik, kt\u00f3re mo\u017cesz wsz\u0119dzie ze sob\u0105 zabra\u0107<\/li>\n<\/ul>\n\n\n\n<h2 class=\"wp-block-heading\">Jak stosowa\u0107 ekstrakt grzyba Tremella?<\/h2>\n\n\n\n<p>Zalecana dzienna porcja do spo\u017cycia: 500 mg (1 miarka) trzy razy dziennie. Suplement diety najlepiej wymiesza\u0107 z kaw\u0105, herbat\u0105, koktajlem itp. Spo\u017cywa\u0107 bezpo\u015brednio po przygotowaniu.<\/p>\n\n\n\n<p>Nie nale\u017cy przekracza\u0107 zalecanej porcji do spo\u017cycia w ci\u0105gu dnia (3 miarki)<\/p>\n\n\n\n<p><strong>Mo\u017cesz zmiesza\u0107 z:<\/strong><\/p>\n\n\n\n<ul class=\"wp-block-list\">\n<li>kakao<\/li>\n\n\n\n<li>kaw\u0105<\/li>\n\n\n\n<li>herbat\u0105<\/li>\n\n\n\n<li>koktajlem lub szejkiem<\/li>\n<\/ul>\n\n\n\n<p>Suplement diety nie mo\u017ce by\u0107 stosowany jako substytut zr\u00f3\u017cnicowanej diety. Prowadzenie zdrowego trybu \u017cycia i stosowanie zr\u00f3wnowa\u017conej diety s\u0105 niezb\u0119dne dla zachowania dobrego stanu zdrowia.<\/p>\n\n\n\n<p>Nie zaleca si\u0119 stosowania przez kobiety w ci\u0105\u017cy i karmi\u0105ce piersi\u0105. Przechowywa\u0107 w spos\u00f3b niedost\u0119pny dla ma\u0142ych dzieci, w suchym i ch\u0142odnym miejscu.<\/p>\n","protected":false},"excerpt":{"rendered":"<ul>\n<li>Auszug 10:1<\/li>\n<li>Ideal f\u00fcr die Zubereitung von Pilzkaffee oder -tee<\/li>\n<li>Ver\u00e4ndert nicht den Geschmack von Kaffee oder anderen Getr\u00e4nken<\/li>\n<li>Keine unn\u00f6tigen Zusatzstoffe oder F\u00fcllstoffe<\/li>\n<li>Geeignet f\u00fcr Veganer und Vegetarier<\/li>\n<\/ul>","protected":false},"featured_media":9744,"comment_status":"open","ping_status":"open","template":"","meta":{"_acf_changed":false,"_gspb_post_css":"","rank_math_title":"","rank_math_description":"","rank_math_focus_keyword":"","rank_math_facebook_title":"","rank_math_facebook_description":"","rank_math_twitter_title":"","rank_math_twitter_description":""},"product_brand":[123],"product_cat":[122],"product_tag":[],"woo-feed-brand":[],"class_list":{"0":"post-7440","1":"product","2":"type-product","3":"status-publish","4":"has-post-thumbnail","6":"product_brand-solve-labs","7":"product_cat-adaptogeny","9":"first","10":"outofstock","11":"purchasable","12":"product-type-simple"},"ct_brands":[{"id":123,"name":"Labore aufl\u00f6sen","slug":"labors-losen"}],"acf":[],"_links":{"self":[{"href":"https:\/\/ubucha.pl\/de\/wp-json\/wp\/v2\/product\/7440","targetHints":{"allow":["GET"]}}],"collection":[{"href":"https:\/\/ubucha.pl\/de\/wp-json\/wp\/v2\/product"}],"about":[{"href":"https:\/\/ubucha.pl\/de\/wp-json\/wp\/v2\/types\/product"}],"replies":[{"embeddable":true,"href":"https:\/\/ubucha.pl\/de\/wp-json\/wp\/v2\/comments?post=7440"}],"wp:featuredmedia":[{"embeddable":true,"href":"https:\/\/ubucha.pl\/de\/wp-json\/wp\/v2\/media\/9744"}],"wp:attachment":[{"href":"https:\/\/ubucha.pl\/de\/wp-json\/wp\/v2\/media?parent=7440"}],"wp:term":[{"taxonomy":"product_brand","embeddable":true,"href":"https:\/\/ubucha.pl\/de\/wp-json\/wp\/v2\/product_brand?post=7440"},{"taxonomy":"product_cat","embeddable":true,"href":"https:\/\/ubucha.pl\/de\/wp-json\/wp\/v2\/product_cat?post=7440"},{"taxonomy":"product_tag","embeddable":true,"href":"https:\/\/ubucha.pl\/de\/wp-json\/wp\/v2\/product_tag?post=7440"},{"taxonomy":"woo-feed-brand","embeddable":true,"href":"https:\/\/ubucha.pl\/de\/wp-json\/wp\/v2\/woo-feed-brand?post=7440"}],"curies":[{"name":"wp","href":"https:\/\/api.w.org\/{rel}","templated":true}]}}