{"id":7420,"date":"2025-09-26T13:59:18","date_gmt":"2025-09-26T11:59:18","guid":{"rendered":"https:\/\/ubucha.pl\/matcha-elixir-12-szt-saszetki-solve-labs\/"},"modified":"2025-10-20T14:36:33","modified_gmt":"2025-10-20T12:36:33","slug":"matcha-elixir-12-beutel-zur-losung-von-laboraufgaben","status":"publish","type":"product","link":"https:\/\/ubucha.pl\/de\/matcha-elixir-12-szt-saszetki-solve-labs\/","title":{"rendered":"MATCHA ELIXIR 12 Beutel SOLVE LABS"},"content":{"rendered":"<p>Matcha mit Pilzen ist ein hervorragender Kaffeeersatz. Wenn Sie den Geschmack von Kaffee nicht m\u00f6gen oder Ihren Kaffeekonsum reduzieren m\u00f6chten, ist Matcha mit Pilzen genau das Richtige f\u00fcr Sie.<\/p>\n\n\n\n<p>Es reduziert M\u00fcdigkeit und spendet einen leichten, angenehmen Energieschub ohne l\u00e4stiges Nervosit\u00e4tsgef\u00fchl. Zudem ist es reich an Antioxidantien. Die cremige Konsistenz und das Aroma von Muskatnuss und Ingwer verw\u00f6hnen die Sinne.<\/p>\n\n\n\n<h2 class=\"wp-block-heading\"><strong>Energie aus der Natur \u2013 Pilz-Matcha<\/strong><\/h2>\n\n\n\n<p>Haben Sie zu tun, aber keine Energie? Wir haben die L\u00f6sung! Mushroom Matcha ist ein Getr\u00e4nk aus hochwertigem japanischem Matcha-Tee, angereichert mit L\u00f6wenm\u00e4hnenextrakt und peruanischer Maca-Wurzel, was die geistige und k\u00f6rperliche Leistungsf\u00e4higkeit zus\u00e4tzlich unterst\u00fctzt.<\/p>\n\n\n\n<p>Das Ganze ergibt ein revitalisierendes Elixier f\u00fcr tatkr\u00e4ftige Menschen, die ihre k\u00f6rperlichen und geistigen F\u00e4higkeiten auf ein H\u00f6chstma\u00df steigern wollen.<\/p>\n\n\n\n<figure class=\"wp-block-image\"><img decoding=\"async\" title=\"MATCHA ELIXIR 12 S\u00e4ckchen SOLVE LABS - Tees\" src=\"https:\/\/www.solvelabs.eu\/img\/cms\/Matcha%20i%20kakao%20elixirs\/mushroommatcha3compress.jpg\" alt=\"MATCHA ELIXIR 12 S\u00e4ckchen SOLVE LABS - Tees\" \/><\/figure>\n\n\n\n<figure class=\"wp-block-image\"><img decoding=\"async\" title=\"MATCHA ELIXIR 12 S\u00e4ckchen SOLVE LABS - Tees\" src=\"https:\/\/www.solvelabs.eu\/img\/cms\/Matcha%20i%20kakao%20elixirs\/mushroommatcha1compress.jpg\" alt=\"MATCHA ELIXIR 12 S\u00e4ckchen SOLVE LABS - Tees\" \/><\/figure>\n\n\n\n<h2 class=\"wp-block-heading\"><strong>Wer gr\u00fcnen Tee mag, wird Matcha lieben.<\/strong><\/h2>\n\n\n\n<p>Dieses Produkt verwendet Bio-Matcha-Tee aus der japanischen Region Kagoshima. Es handelt sich um Matcha h\u00f6chster Qualit\u00e4t aus der ersten Ernte. Er ist reich an Chlorophyll und Aminos\u00e4uren und zeichnet sich durch geringe Bitterkeit und exzellenten Geschmack aus.<\/p>\n\n\n\n<p>Matcha enth\u00e4lt von Natur aus mehr Koffein und L-Theanin als herk\u00f6mmlicher Gr\u00fcntee. Experten halten die synergistische Wirkung dieser beiden Substanzen f\u00fcr bemerkenswert, und sie erfreuen sich zunehmender Beliebtheit bei Menschen mit hoher geistiger Aktivit\u00e4t.<br><br>In Kombination mit funktionellen Zusatzstoffen ist diese Mischung ein umweltfreundlicher Treibstoff f\u00fcr Ihren K\u00f6rper.&nbsp;<\/p>\n\n\n\n<h2 class=\"wp-block-heading\">F\u00fcr wen ist Mushroom Matcha geeignet?<\/h2>\n\n\n\n<p>F\u00fcr alle, die mehr erreichen wollen. Ideal f\u00fcr Menschen mit einem aktiven Lebensstil, da es hilft, das Energieniveau zu steigern und optimale Produktivit\u00e4t zu erzielen.<\/p>\n\n\n\n<p>Es ist ein hervorragender Kaffeeersatz f\u00fcr alle, die ihren Konsum reduzieren oder neue Geschmackserlebnisse suchen. Es ist eine unsch\u00e4tzbare Unterst\u00fctzung f\u00fcr diejenigen, die mit stressigen Lebensphasen zu k\u00e4mpfen haben, beispielsweise w\u00e4hrend einer Universit\u00e4tspr\u00fcfung oder bei der Arbeit an einem wichtigen Projekt.<\/p>\n\n\n\n<p>Die praktischen Portionsbeutel sind ideal f\u00fcr unterwegs. Sie haben sie immer dabei; ein Beutel passt sogar in Ihre Geldb\u00f6rse. Mit einem Matcha-Beutel mit Pilzgeschmack m\u00fcssen Sie sich keine Sorgen um pl\u00f6tzliche Energietiefs machen, egal was passiert.<\/p>\n\n\n\n<h2 class=\"wp-block-heading\">Wann anwenden?<\/h2>\n\n\n\n<ul class=\"wp-block-list\">\n<li>Wenn Sie Ihre Energie steigern und Ihre optimale Produktivit\u00e4t den ganzen Tag \u00fcber wiederherstellen m\u00f6chten.<\/li>\n\n\n\n<li>Wenn Sie Ihren Arbeitsfluss beim Schreiben, Lernen oder kreativen Arbeiten verbessern m\u00f6chten.<\/li>\n\n\n\n<li>Wenn Sie sich pl\u00f6tzlich energielos und m\u00fcde f\u00fchlen.<\/li>\n\n\n\n<li>Vor k\u00f6rperlicher Aktivit\u00e4t, z. B. Training im Fitnessstudio oder Joggen.<\/li>\n\n\n\n<li>Wann immer Sie m\u00f6chten, wenn Sie den intensiven Geschmack von Matcha lieben<\/li>\n<\/ul>\n\n\n\n<h2 class=\"wp-block-heading\">Wie verwendet man Matcha aus Pilzen?<\/h2>\n\n\n\n<p><strong>Empfohlene Tagesdosis:<\/strong>&nbsp;T\u00e4glich einen Beutel in hei\u00dfem Wasser oder einem pflanzlichen Getr\u00e4nk aufl\u00f6sen.<\/p>\n\n\n\n<p>Die empfohlene Tagesdosis darf nicht \u00fcberschritten werden.<\/p>\n\n\n\n<p>Nahrungserg\u00e4nzungsmittel sind kein Ersatz f\u00fcr eine abwechslungsreiche und ausgewogene Ern\u00e4hrung. Ein gesunder Lebensstil und eine ausgewogene Ern\u00e4hrung sind wichtig f\u00fcr die Gesundheit. Nicht empfohlen f\u00fcr Schwangere und Stillende. Au\u00dferhalb der Reichweite von kleinen Kindern an einem k\u00fchlen, trockenen Ort aufbewahren. Nicht verwenden bei \u00dcberempfindlichkeit gegen einen der Inhaltsstoffe.<\/p>\n\n\n\n<h2 class=\"wp-block-heading\">Kreiere dein eigenes Elixier<\/h2>\n\n\n\n<p>Denken Sie gerne unkonventionell? Kein Problem! Es lohnt sich, mit Mushroom Matcha zu experimentieren und ihn auf vielf\u00e4ltige Weise zu genie\u00dfen.<\/p>\n\n\n\n<ul class=\"wp-block-list\">\n<li>Mit Wasser, Milch (Kuhmilch oder pflanzlicher Milch) oder einem Frucht-Smoothie mischen. Hafermilch ist unser Favorit!<\/li>\n\n\n\n<li>Probieren Sie es warm oder kalt. Beide Varianten haben ihre Anh\u00e4nger.<\/li>\n\n\n\n<li>F\u00fcgen Sie gesunde Fette hinzu, um Energie zu liefern und Ihre Ern\u00e4hrung mit Fetts\u00e4uren und fehlenden Makron\u00e4hrstoffen zu erg\u00e4nzen.<\/li>\n\n\n\n<li>Kreieren Sie Ihr eigenes, gesundheitsf\u00f6rderndes Elixier, indem Sie weitere Heilpilze hinzuf\u00fcgen. Probieren Sie Cordyceps, Reishi oder Chaga. Jeder dieser Pilze harmoniert perfekt mit den Zutaten von Mushroom Matcha.<\/li>\n<\/ul>\n\n\n\n<figure class=\"wp-block-image\"><img decoding=\"async\" title=\"MATCHA ELIXIR 12 S\u00e4ckchen SOLVE LABS - Tees\" src=\"https:\/\/www.solvelabs.eu\/img\/cms\/Matcha%20i%20kakao%20elixirs\/mushroommatcha2compress.jpg\" alt=\"MATCHA ELIXIR 12 S\u00e4ckchen SOLVE LABS - Tees\" \/><\/figure>\n\n\n\n<h2 class=\"wp-block-heading\">Zutaten:<\/h2>\n\n\n\n<p>Kokosnussfruchtfleischextrakt (46%), Bio-Matcha (22%), L\u00f6wenm\u00e4hnenfruchtk\u00f6rperextrakt 10:1, S\u00fc\u00dfungsmittel: Erythrit, Peruanischer Pfefferwurzelextrakt (Maca) 4:1, Ingwer, Muskatnuss, S\u00fc\u00dfungsmittel: Steviolglycoside.<\/p>","protected":false},"excerpt":{"rendered":"<ul>\n<li>Bio-Zeremonien-Matcha aus Japan<\/li>\n<li>500 mg L\u00f6wenm\u00e4hnen-Fruchtk\u00f6rperextrakt pro Beutel<\/li>\n<li>Die Packung enth\u00e4lt 12 praktische Beutel.<\/li>\n<li>Geeignet f\u00fcr Veganer und Vegetarier<\/li>\n<li>Ohne Zuckerzusatz<\/li>\n<li>Keto-freundlich<\/li>\n<\/ul>","protected":false},"featured_media":9748,"comment_status":"open","ping_status":"open","template":"","meta":{"_acf_changed":false,"_gspb_post_css":"","rank_math_title":"","rank_math_description":"","rank_math_focus_keyword":"","rank_math_facebook_title":"","rank_math_facebook_description":"","rank_math_twitter_title":"","rank_math_twitter_description":""},"product_brand":[123],"product_cat":[308],"product_tag":[],"woo-feed-brand":[],"class_list":{"0":"post-7420","1":"product","2":"type-product","3":"status-publish","4":"has-post-thumbnail","6":"product_brand-solve-labs","7":"product_cat-herbaty","9":"first","10":"outofstock","11":"purchasable","12":"product-type-simple"},"ct_brands":[{"id":123,"name":"Labore aufl\u00f6sen","slug":"labors-losen"}],"acf":[],"_links":{"self":[{"href":"https:\/\/ubucha.pl\/de\/wp-json\/wp\/v2\/product\/7420","targetHints":{"allow":["GET"]}}],"collection":[{"href":"https:\/\/ubucha.pl\/de\/wp-json\/wp\/v2\/product"}],"about":[{"href":"https:\/\/ubucha.pl\/de\/wp-json\/wp\/v2\/types\/product"}],"replies":[{"embeddable":true,"href":"https:\/\/ubucha.pl\/de\/wp-json\/wp\/v2\/comments?post=7420"}],"wp:featuredmedia":[{"embeddable":true,"href":"https:\/\/ubucha.pl\/de\/wp-json\/wp\/v2\/media\/9748"}],"wp:attachment":[{"href":"https:\/\/ubucha.pl\/de\/wp-json\/wp\/v2\/media?parent=7420"}],"wp:term":[{"taxonomy":"product_brand","embeddable":true,"href":"https:\/\/ubucha.pl\/de\/wp-json\/wp\/v2\/product_brand?post=7420"},{"taxonomy":"product_cat","embeddable":true,"href":"https:\/\/ubucha.pl\/de\/wp-json\/wp\/v2\/product_cat?post=7420"},{"taxonomy":"product_tag","embeddable":true,"href":"https:\/\/ubucha.pl\/de\/wp-json\/wp\/v2\/product_tag?post=7420"},{"taxonomy":"woo-feed-brand","embeddable":true,"href":"https:\/\/ubucha.pl\/de\/wp-json\/wp\/v2\/woo-feed-brand?post=7420"}],"curies":[{"name":"wp","href":"https:\/\/api.w.org\/{rel}","templated":true}]}}