{"id":7416,"date":"2025-09-26T13:59:18","date_gmt":"2025-09-26T11:59:18","guid":{"rendered":"https:\/\/ubucha.pl\/lions-mane-soplowka-jezowata-101-mushroom-powder-50g-solve-labs\/"},"modified":"2025-10-20T13:00:23","modified_gmt":"2025-10-20T11:00:23","slug":"lowenmahne-soplowka-jezowata-101-pilzpulver-50g-solve-labs","status":"publish","type":"product","link":"https:\/\/ubucha.pl\/de\/lions-mane-soplowka-jezowata-101-mushroom-powder-50g-solve-labs\/","title":{"rendered":"L\u00f6wenm\u00e4hne (Coneflower) 10:1 Pilzpulver 50g SOLVE LABS"},"content":{"rendered":"<h3 class=\"wp-block-heading\"><strong>L\u00f6wenm\u00e4hne (Hericium erinaceus)<\/strong><\/h3>\n\n\n\n<p><strong>L\u00f6wenm\u00e4hnenpilz<\/strong>&nbsp;Der Hericium-Pilz wird in der fern\u00f6stlichen K\u00fcche seit Jahrhunderten verwendet. Buddhistische M\u00f6nche bereiten seit Jahrhunderten vor der Meditation einen Aufguss aus Hericium-Pilzen zu. Er ist ein wahrer Star unter den Speisepilzen.<\/p>\n\n\n\n<h2 class=\"wp-block-heading\">Pilzkaffee \u2013 L\u00f6wenm\u00e4hnenpilz<\/h2>\n\n\n\n<p>Pilze im Morgenkaffee sind ein hervorragender Start in den Tag. Pilzkaffee ist ideal f\u00fcr alle, die mehr wollen. Kaffee mit Pilzen wirkt wie mentaler Treibstoff.<\/p>\n\n\n\n<p>Lion&#039;s Mane hat ein angenehmes, feines Aroma, das den Kaffeegeschmack nicht \u00fcberdeckt. Einfach einen L\u00f6ffel hinzuf\u00fcgen, umr\u00fchren und genie\u00dfen!<\/p>\n\n\n\n<figure class=\"wp-block-image\"><img decoding=\"async\" title=\"L\u00f6wenm\u00e4hne (Coneflower) 10:1 Pilzpulver 50g SOLVE LABS - Adaptogene\" src=\"https:\/\/www.solvelabs.eu\/img\/cms\/Lions%20mane%2010:1\/baner-nr-1-strona-nowy%20compress.jpg\" alt=\"L\u00f6wenm\u00e4hne (Coneflower) 10:1 Pilzpulver 50g SOLVE LABS - Adaptogene\" \/><\/figure>\n\n\n\n<figure class=\"wp-block-image\"><img decoding=\"async\" title=\"L\u00f6wenm\u00e4hne (Coneflower) 10:1 Pilzpulver 50g SOLVE LABS - Adaptogene\" src=\"https:\/\/www.solvelabs.eu\/img\/cms\/Lions%20mane%2010:1\/baner-nr-2-strona-nowy%20compress.jpg\" alt=\"L\u00f6wenm\u00e4hne (Coneflower) 10:1 Pilzpulver 50g SOLVE LABS - Adaptogene\" \/><\/figure>\n\n\n\n<h2 class=\"wp-block-heading\">Ihr t\u00e4gliches Ritual<\/h2>\n\n\n\n<p>Pilzkaffee ist mehr als nur ein exotisches Getr\u00e4nk. Er ist ein t\u00e4gliches Ritual. Sobald Sie Pilzkaffee probiert und den Unterschied gesp\u00fcrt haben, wird er Teil Ihrer Morgenroutine werden.<\/p>\n\n\n\n<p>Der L\u00f6wenm\u00e4hnenpilz eignet sich besonders f\u00fcr Menschen, die im Alltag nat\u00fcrliche Anregung und Motivation ben\u00f6tigen. Er wird von Sportlern, geistig arbeitenden Menschen und allen, die Wert auf ihre Gesundheit und ihr seelisches Wohlbefinden legen, verwendet.<\/p>\n\n\n\n<h2 class=\"wp-block-heading\">Warum unser L\u00f6wenm\u00e4hnenextrakt?<\/h2>\n\n\n\n<ul class=\"wp-block-list\">\n<li><strong>Auszug 10:1 -<\/strong>\u00a0konzentrierte Form<\/li>\n\n\n\n<li><strong>Nat\u00fcrlich -<\/strong>\u00a0Keine unn\u00f6tigen Zusatzstoffe oder F\u00fcllstoffe<\/li>\n\n\n\n<li><strong>L\u00f6slichkeit -<\/strong>\u00a0zu feinem Staub gemahlen, damit es sich perfekt aufl\u00f6st<\/li>\n\n\n\n<li><strong>Verpackung -<\/strong>\u00a0eine praktische Papierverpackung oder ein elegantes Glas, das Sie \u00fcberallhin mitnehmen k\u00f6nnen<\/li>\n<\/ul>\n\n\n\n<h2 class=\"wp-block-heading\">Wie verwendet man eine L\u00f6wenm\u00e4hne?<\/h2>\n\n\n\n<p>Empfohlene Tagesdosis: 500 mg (1 Messl\u00f6ffel) dreimal t\u00e4glich. Das Nahrungserg\u00e4nzungsmittel wird am besten mit Kaffee, Tee, Smoothies usw. gemischt. Sofort nach der Zubereitung verzehren.<\/p>\n\n\n\n<p>Die empfohlene Tagesdosis (3 Messl\u00f6ffel) nicht \u00fcberschreiten<\/p>\n\n\n\n<p><strong>Sie k\u00f6nnen mit mischen:<\/strong><\/p>\n\n\n\n<ul class=\"wp-block-list\">\n<li>Kakao<\/li>\n\n\n\n<li>Kaffee<\/li>\n\n\n\n<li>Tee<\/li>\n\n\n\n<li>mit einem Cocktail oder Shake<\/li>\n<\/ul>\n\n\n\n<figure class=\"wp-block-embed is-type-rich is-provider-obs-uga-osadzania wp-block-embed-obs-uga-osadzania wp-embed-aspect-16-9 wp-has-aspect-ratio\"><div class=\"wp-block-embed__wrapper\">\n<iframe loading=\"lazy\" title=\"Pilzkaffee \u2013 Morgenritual \u2013 SOLVE LABS\" width=\"1290\" height=\"726\" src=\"https:\/\/www.youtube.com\/embed\/qmkM01353BY?feature=oembed\" frameborder=\"0\" allow=\"accelerometer; autoplay; clipboard-write; encrypted-media; gyroscope; picture-in-picture; web-share\" referrerpolicy=\"strict-origin-when-cross-origin\" allowfullscreen><\/iframe>\n<\/div><\/figure>\n\n\n\n<p>Das Nahrungserg\u00e4nzungsmittel darf nicht als Ersatz f\u00fcr eine abwechslungsreiche Ern\u00e4hrung verwendet werden. Eine gesunde Lebensweise und eine ausgewogene Ern\u00e4hrung sind f\u00fcr eine gute Gesundheit unerl\u00e4sslich.<\/p>\n\n\n\n<p>Nicht empfohlen f\u00fcr schwangere oder stillende Frauen. Au\u00dferhalb der Reichweite von kleinen Kindern, an einem trockenen und k\u00fchlen Ort aufbewahren.<\/p>\n\n\n\n<figure class=\"wp-block-image\"><img decoding=\"async\" title=\"L\u00f6wenm\u00e4hne (Coneflower) 10:1 Pilzpulver 50g SOLVE LABS - Adaptogene\" src=\"https:\/\/www.solvelabs.eu\/img\/cms\/Lions%20mane%2010:1\/baner-nr-3-strona-nowy_1.jpg\" alt=\"L\u00f6wenm\u00e4hne (Coneflower) 10:1 Pilzpulver 50g SOLVE LABS - Adaptogene\" \/><\/figure>","protected":false},"excerpt":{"rendered":"<ul>\n<li>Auszug 10:1<\/li>\n<li>Ideal f\u00fcr die Zubereitung von Pilzkaffee oder -tee<\/li>\n<li>Ver\u00e4ndert nicht den Geschmack von Kaffee oder anderen Getr\u00e4nken<\/li>\n<li>Keine unn\u00f6tigen Zusatzstoffe oder F\u00fcllstoffe<\/li>\n<li>Geeignet f\u00fcr Veganer und Vegetarier<\/li>\n<\/ul>","protected":false},"featured_media":4901,"comment_status":"open","ping_status":"open","template":"","meta":{"_acf_changed":false,"_gspb_post_css":"","rank_math_title":"","rank_math_description":"","rank_math_focus_keyword":"","rank_math_facebook_title":"","rank_math_facebook_description":"","rank_math_twitter_title":"","rank_math_twitter_description":""},"product_brand":[123],"product_cat":[122],"product_tag":[],"woo-feed-brand":[],"class_list":{"0":"post-7416","1":"product","2":"type-product","3":"status-publish","4":"has-post-thumbnail","6":"product_brand-solve-labs","7":"product_cat-adaptogeny","9":"first","10":"outofstock","11":"purchasable","12":"product-type-simple"},"ct_brands":[{"id":123,"name":"Labore aufl\u00f6sen","slug":"labors-losen"}],"acf":[],"_links":{"self":[{"href":"https:\/\/ubucha.pl\/de\/wp-json\/wp\/v2\/product\/7416","targetHints":{"allow":["GET"]}}],"collection":[{"href":"https:\/\/ubucha.pl\/de\/wp-json\/wp\/v2\/product"}],"about":[{"href":"https:\/\/ubucha.pl\/de\/wp-json\/wp\/v2\/types\/product"}],"replies":[{"embeddable":true,"href":"https:\/\/ubucha.pl\/de\/wp-json\/wp\/v2\/comments?post=7416"}],"wp:featuredmedia":[{"embeddable":true,"href":"https:\/\/ubucha.pl\/de\/wp-json\/wp\/v2\/media\/4901"}],"wp:attachment":[{"href":"https:\/\/ubucha.pl\/de\/wp-json\/wp\/v2\/media?parent=7416"}],"wp:term":[{"taxonomy":"product_brand","embeddable":true,"href":"https:\/\/ubucha.pl\/de\/wp-json\/wp\/v2\/product_brand?post=7416"},{"taxonomy":"product_cat","embeddable":true,"href":"https:\/\/ubucha.pl\/de\/wp-json\/wp\/v2\/product_cat?post=7416"},{"taxonomy":"product_tag","embeddable":true,"href":"https:\/\/ubucha.pl\/de\/wp-json\/wp\/v2\/product_tag?post=7416"},{"taxonomy":"woo-feed-brand","embeddable":true,"href":"https:\/\/ubucha.pl\/de\/wp-json\/wp\/v2\/woo-feed-brand?post=7416"}],"curies":[{"name":"wp","href":"https:\/\/api.w.org\/{rel}","templated":true}]}}