{"id":7322,"date":"2025-09-26T13:58:53","date_gmt":"2025-09-26T11:58:53","guid":{"rendered":"https:\/\/ubucha.pl\/olejek-konopny-green-out-pure-xl-20ml-critical-jack-sleep\/"},"modified":"2026-04-17T22:06:10","modified_gmt":"2026-04-17T20:06:10","slug":"hanfol-grun-aus-rein-xl-20ml-kritischen-buchse-schlaf","status":"publish","type":"product","link":"https:\/\/ubucha.pl\/de\/olejek-konopny-green-out-pure-xl-20ml-critical-jack-sleep\/","title":{"rendered":"Green Out\u00ae Pure XL Hanf\u00f6l, 20ml - Critical Jack - SLEEP"},"content":{"rendered":"<h2 class=\"wp-block-heading\">Green Out\u00ae Rein, 10ml<\/h2>\n\n\n\n<p>Reinstes Cannabis\u00f6l, angereichert mit dem Terpenprofil von entspannenden Sorten wie Super Lemon Haze, Amnesia Haze, OG Kush Critical Jack, Pineapple Express oder Sour Diesel.<\/p>\n\n\n\n<p>Das Vorkommen von Mischungen von Terpenen wie Linalool, Caryophyllen, Myrcen, Beta-Carophyllen, Humulen, Geranyl oder anderen verbessert die Eigenschaften sowie die Synergie zwischen den einzelnen Bestandteilen des \u00d6ls erheblich.<\/p>\n\n\n\n<p>Green Out Pure ist eine Reihe der reinsten Hanf\u00f6le ohne k\u00fcnstliche Zusatzstoffe, Konservierungsmittel, Farbstoffe oder Zucker. Es ist reines \u00d6l in 100%, reine Natur in 100%.<\/p>\n\n\n\n<p>Die Flasche enth\u00e4lt 10 ml \u00d6l, das etwa 100 mg Phytosubstanzen und viele andere nat\u00fcrliche Phytocannabinoide, Flavonoide und Terpene enth\u00e4lt.<\/p>\n\n\n\n<p>Es handelt sich bei 100% um ein nat\u00fcrliches, legales Produkt, das einzige mit solchen synergetischen Wirkungen. Es wird dazu beitragen, Sie mit einem Zustand der Entspannung und Linderung von bestehenden Beschwerden zu bieten.<\/p>\n\n\n\n<p><strong>Sorten O.G. Kush und Critical Jack oder Sour Diesel<\/strong>, reich an einer Mischung von Terpenen wie z.B.:<strong>&nbsp;Linalool, Cariophyllen und Myrcen sowie Humulen<\/strong>&nbsp;die am h\u00e4ufigsten in den Indica-Sorten vorkommen, haben eine entspannende und beruhigende Wirkung, die die Synergie zwischen den einzelnen Bestandteilen weiter verbessert.<\/p>\n\n\n\n<p><strong>Sorten Lemon Haze, Amnesia Haze, Pineapple Express<\/strong>&nbsp;reich an einer Mischung von Terpenen wie z.B.:&nbsp;<strong>Beta-Caryophyllen, Humulen, Limonen und Myrcen<\/strong>die am h\u00e4ufigsten in Sativa-\/Haze-Sorten vorkommen, haben eine anregende und stimulierende Wirkung, die die Synergie zwischen den einzelnen Komponenten weiter verbessert.<\/p>\n\n\n\n<p>Die empfohlene Tagesdosis von Green Out Pure betr\u00e4gt: 0,2 ml.<\/p>\n\n\n\n<p><strong>Art der Anwendung:<\/strong>&nbsp;Geben Sie 0,2 ml (4 Tropfen) des \u00d6ls zu einer Mahlzeit auf die Zunge und schlucken Sie es. Die Tagesdosis nicht \u00fcberschreiten. Nach dem \u00d6ffnen im K\u00fchlschrank aufbewahren und innerhalb von maximal 30 Tagen verbrauchen. Das Produkt soll nicht als Ersatz f\u00fcr eine abwechslungsreiche Ern\u00e4hrung verwendet werden. Eine abwechslungsreiche Ern\u00e4hrung und eine gesunde Lebensweise werden empfohlen. Vor Gebrauch sch\u00fctteln. An einem trockenen und dunklen Ort aufbewahren Das Produkt ist f\u00fcr Erwachsene bestimmt.<\/p>\n\n\n\n<p><strong>ANMERKUNGEN:<\/strong>&nbsp;Das Produkt ist f\u00fcr Erwachsene bestimmt.<\/p>\n\n\n\n<p>Haltbarkeitsdatum: mindestens 12 Monate<\/p>\n\n\n\n<p><strong>Zutaten:<\/strong>&nbsp;Hanf\u00f6l&nbsp;<strong>N\u00e4hrwert pro 100 ml:<\/strong>&nbsp;Energiewert: 3440 kJ\/830 kcal Fett: 92 g davon ges\u00e4ttigte Fetts\u00e4uren: 9,2 g Kohlenhydrate: 0 g, davon Zucker: 0 g Eiwei\u00df: 0 g Salz: 0 g<\/p>","protected":false},"excerpt":{"rendered":"<p>Durch die Isolierung und Verwendung verschiedener Terpenprofile beliebter Cannabissorten wird die Wirkung von Green Out\u00ae Pure genau auf die Bed\u00fcrfnisse des Konsumenten abgestimmt. W\u00e4hlen Sie aus Sorten mit einem leicht energetisierenden\/anregenden Profil wie Super Lemon Haze, Amnesia Haze oder Pineapple Express. Diese Sorten sind ideal f\u00fcr k\u00f6rperliche Aktivit\u00e4t, Sport oder Arbeit - und zwei Sorten mit einem stark entspannenden Profil, ideal f\u00fcr die Einnahme vor dem Schlafengehen oder vor Ihrer Lieblingsserie - das sind O.G. Kush und Critical Jack.<\/p>\n<p><em>Das Produkt enth\u00e4lt das gesamte Spektrum der Cannabinoide\u00a0<strong>Spuren<\/strong>\u00a0wie CBDA, CBDV, CBN, THC, THCA, CBC, CBG, CBGA, sowie Terpene und Flavonoide.<\/em><\/p>\n<p><strong>Menge der Pflanzenstoffe pro Portion:\u00a0<\/strong>2 mg \/ 0,2ml<br \/>\n<strong>Anzahl der Portionen:\u00a0<\/strong>50<strong><br \/>\nGesamtgehalt an Phytosubstanzen:\u00a0<\/strong>100mg<br \/>\n<strong>Charakter:\u00a0<\/strong>Vollspektrales \u00d6l mit nat\u00fcrlichen Terpenen<br \/>\n<strong>Anwendung:<\/strong>\u00a0Energie - perfekt f\u00fcr k\u00f6rperliche Aktivit\u00e4t, Arbeit. Schlaf - ideal f\u00fcr den Schlaf<\/p>","protected":false},"featured_media":4766,"comment_status":"open","ping_status":"open","template":"","meta":{"_acf_changed":false,"_gspb_post_css":""},"product_brand":[93],"product_cat":[95],"product_tag":[],"woo-feed-brand":[],"class_list":{"0":"post-7322","1":"product","2":"type-product","3":"status-publish","4":"has-post-thumbnail","6":"product_brand-dutch-therapy","7":"product_cat-green-out","9":"first","10":"instock","11":"sale","12":"purchasable","13":"product-type-simple"},"ct_brands":[{"id":93,"name":"Holl\u00e4ndische Therapie","slug":"hollandische-therapie"}],"acf":[],"_links":{"self":[{"href":"https:\/\/ubucha.pl\/de\/wp-json\/wp\/v2\/product\/7322","targetHints":{"allow":["GET"]}}],"collection":[{"href":"https:\/\/ubucha.pl\/de\/wp-json\/wp\/v2\/product"}],"about":[{"href":"https:\/\/ubucha.pl\/de\/wp-json\/wp\/v2\/types\/product"}],"replies":[{"embeddable":true,"href":"https:\/\/ubucha.pl\/de\/wp-json\/wp\/v2\/comments?post=7322"}],"wp:featuredmedia":[{"embeddable":true,"href":"https:\/\/ubucha.pl\/de\/wp-json\/wp\/v2\/media\/4766"}],"wp:attachment":[{"href":"https:\/\/ubucha.pl\/de\/wp-json\/wp\/v2\/media?parent=7322"}],"wp:term":[{"taxonomy":"product_brand","embeddable":true,"href":"https:\/\/ubucha.pl\/de\/wp-json\/wp\/v2\/product_brand?post=7322"},{"taxonomy":"product_cat","embeddable":true,"href":"https:\/\/ubucha.pl\/de\/wp-json\/wp\/v2\/product_cat?post=7322"},{"taxonomy":"product_tag","embeddable":true,"href":"https:\/\/ubucha.pl\/de\/wp-json\/wp\/v2\/product_tag?post=7322"},{"taxonomy":"woo-feed-brand","embeddable":true,"href":"https:\/\/ubucha.pl\/de\/wp-json\/wp\/v2\/woo-feed-brand?post=7322"}],"curies":[{"name":"wp","href":"https:\/\/api.w.org\/{rel}","templated":true}]}}