{"id":7300,"date":"2025-09-26T13:58:38","date_gmt":"2025-09-26T11:58:38","guid":{"rendered":"https:\/\/ubucha.pl\/kapsulki-konopne-green-out-green-caps-terpeny\/"},"modified":"2026-04-23T13:35:17","modified_gmt":"2026-04-23T11:35:17","slug":"hanf-grun-aus-grunen-kappen-terpene","status":"publish","type":"product","link":"https:\/\/ubucha.pl\/de\/kapsulki-konopne-green-out-green-caps-terpeny\/","title":{"rendered":"Green Out\u00ae Hanfkapseln + Terpene"},"content":{"rendered":"<h2>Green Out\u00ae Green Caps + Extra Hybrid Terpene Hanfkapseln - nat\u00fcrliche Kraft und Komfort in einer Kapsel<\/h2>\n<p>Sind Sie auf der Suche nach einem hochwertigen Hanfpr\u00e4parat, das Ihnen das gesamte Spektrum an Phytosubstanzen, nat\u00fcrlichen Phytocannabinoiden, Flavonoiden und Terpenen bietet? Hier ist <strong>Green Out\u00ae Hanfkapseln + Terpene<\/strong> - ein innovatives Produkt, das die Kraft der Natur mit dem Komfort der Anwendung verbindet. Es handelt sich um ein 100% nat\u00fcrliches, legales Nahrungserg\u00e4nzungsmittel, das dank seiner einzigartigen Formel Entspannung und Wohlbefinden f\u00f6rdert und zur Linderung verschiedener Beschwerden beitr\u00e4gt.<\/p>\n<h3>Was macht Green Out\u00ae Green Caps mit zus\u00e4tzlichen Terpenen anders?<\/h3>\n<p>Green Out\u00ae Green Caps ist unser Premium-Hanf\u00f6l in praktischer Kapselform - ideal f\u00fcr den t\u00e4glichen Gebrauch. In der Packung finden Sie 20 Kapseln, die 20 Tagesportionen entsprechen, und jede Portion ist reich an bis zu <strong>1000 mg Phytosubstanzen<\/strong>. Au\u00dferdem wurde das Produkt angereichert mit <em>Hybrid-Terpene<\/em>, die auf nat\u00fcrliche Weise mit Cannabinoiden interagieren und deren positive Effekte verst\u00e4rken und eine ausgepr\u00e4gtere Wirkung erzeugen.<\/p>\n<p>Das Produkt enth\u00e4lt das gesamte Spektrum an Cannabinoiden, einschlie\u00dflich, aber nicht beschr\u00e4nkt auf:<\/p>\n<ul>\n<li>CBDA (Cannabidiol-S\u00e4ure)<\/li>\n<li>CBDV (Cannabidivarina)<\/li>\n<li>CBN (Cannabinol)<\/li>\n<li>CBC (Cannabichromen)<\/li>\n<li>CBG (Cannabigerol)<\/li>\n<li>CBGA (Cannabigerols\u00e4ure)<\/li>\n<\/ul>\n<p>sowie zahlreiche Terpene und Flavonoide, die nat\u00fcrlich in Hanfsamen vorkommen.<\/p>\n<h3>Was sind die Vorteile der Verwendung von Green Out\u00ae Green Caps?<\/h3>\n<p>Sie fragen sich, warum Sie dieses Produkt in Ihre t\u00e4gliche Routine aufnehmen sollten? Hier sind die wichtigsten Vorteile:<\/p>\n<ul>\n<li><strong>Einfache und bequeme Nutzung<\/strong> - Die Kapseln sind diskret und geschmacksneutral, was die regelm\u00e4\u00dfige Einnahme erleichtert.<\/li>\n<li><strong>Starke und synergistische Wirkung<\/strong> dank eines vollst\u00e4ndigen Spektrums von Cannabinoiden und Terpenen, die sich gegenseitig erg\u00e4nzen.<\/li>\n<li><strong>Unterst\u00fctzung der nat\u00fcrlichen Entspannung<\/strong> und helfen, Spannungen, Stress und Beschwerden abzubauen.<\/li>\n<li><strong>Produkt in 100% nat\u00fcrlich und legal<\/strong>, ohne k\u00fcnstliche Zusatzstoffe.<\/li>\n<li><strong>Umfassende Formel<\/strong> - Neben Hanf\u00f6l enth\u00e4lt es auch L-Theanin, das Entspannung und Gelassenheit f\u00f6rdert.<\/li>\n<\/ul>\n<h3>Zusammensetzung von Green Out\u00ae Hanfkapseln + Terpene<\/h3>\n<table border=\"1\" cellspacing=\"0\" cellpadding=\"8\">\n<thead>\n<tr>\n<th>Komponente<\/th>\n<th>Beschreibung<\/th>\n<\/tr>\n<\/thead>\n<tbody>\n<tr>\n<td>Hanf\u00f6l<\/td>\n<td>Volles Spektrum an Cannabinoiden, Terpenen und Flavonoiden aus Hanfsamen<\/td>\n<\/tr>\n<tr>\n<td>L-Theanin<\/td>\n<td>Nat\u00fcrliche Aminos\u00e4ure zur Unterst\u00fctzung von Entspannung und Stressabbau<\/td>\n<\/tr>\n<tr>\n<td>Gelatine<\/td>\n<td>Kapselkomponente f\u00fcr leichtes Schlucken<\/td>\n<\/tr>\n<\/tbody>\n<\/table>\n<h3>Wie verwendet man Green Out\u00ae Green Caps?<\/h3>\n<p>Die empfohlene Tagesdosis betr\u00e4gt <strong>1 Kapsel<\/strong>. Es wird am besten vor oder w\u00e4hrend einer Mahlzeit eingenommen, was die Aufnahme der Wirkstoffe f\u00f6rdert. \u00dcberschreiten Sie nicht die empfohlene Dosierung. Bewahren Sie die ge\u00f6ffneten Kapseln an einem trockenen und dunklen Ort auf und verwenden Sie sie innerhalb von maximal 30 Tagen.<\/p>\n<p><strong>Das ist wichtig:<\/strong> Das Produkt ist nur f\u00fcr Erwachsene bestimmt und darf nicht als Ersatz f\u00fcr eine abwechslungsreiche Ern\u00e4hrung verwendet werden. Es ist immer ratsam, die Nahrungserg\u00e4nzung mit einem gesunden Lebensstil und einer ausgewogenen Ern\u00e4hrung zu kombinieren.<\/p>\n<h3>Nutzerbewertungen - was sagen die Verbraucher?<\/h3>\n<p>Green Out\u00ae Green Caps genie\u00dfen eine hohe Bewertung von 5\/5 auf der Grundlage von 9 Bewertungen. Die Nutzer heben die starke entspannende Wirkung und die einfache Dosierung hervor. Viele merken an, dass die Wirkung bis zu 5 Stunden verz\u00f6gert eintreten kann, aber lang anhaltend und effektiv ist. Sie empfehlen, die Dosierung sorgf\u00e4ltig zu w\u00e4hlen - einige schlagen vor, dass eine Kapsel ausreichend ist, besonders f\u00fcr diejenigen mit einem geringeren K\u00f6rpergewicht, und gr\u00f6\u00dfere Dosen werden f\u00fcr erfahrenere Benutzer empfohlen.<\/p>\n<p><em>Beispiele f\u00fcr R\u00fcckmeldungen:<\/em><\/p>\n<ul>\n<li><strong>Christopher:<\/strong> \u201eDie Wirkung ist ziemlich cool, aber eine schw\u00e4chere Version w\u00e4re n\u00fctzlich, denn diese hier ist selbst in der empfohlenen Dosis sehr stark.\u201d<\/li>\n<li><strong>Matthew Tokarski:<\/strong> \u201eTolles Produkt, bequeme Dosierung, gro\u00dfe Wirkung. Sehr zu empfehlen, vor allem f\u00fcr einen abendlichen Chillout.\u201d<\/li>\n<li><strong>Paul:<\/strong> \u201eF\u00fcr mich ist eine Kapsel mehr als genug. Das Produkt tropft nicht, es hat eine einzigartige Wirkung.\u201d<\/li>\n<\/ul>\n<h3>Zus\u00e4tzliche Informationen und Produktberatung<\/h3>\n<p><strong>Beispiele f\u00fcr die Verwendung:<\/strong> Die Kapseln sind ideal als Unterst\u00fctzung nach einem anstrengenden Tag, in Stressmomenten und als Teil einer abendlichen Entspannungsroutine. Empfohlen sowohl f\u00fcr erfahrene Menschen als auch f\u00fcr diejenigen, die mit Cannabis\u00f6len in einer praktischen Form beginnen wollen.<\/p>\n<p><strong>Sicherheit:<\/strong> Das Produkt ist legal, nat\u00fcrlich und sicher bei bestimmungsgem\u00e4\u00dfem Gebrauch. \u00dcberschreiten Sie nicht die t\u00e4gliche Dosis und verwenden Sie es nicht, wenn Sie allergisch auf die Inhaltsstoffe der Kapsel sind.<\/p>\n<p><strong>Lagerung:<\/strong> Lagern Sie die Kapseln nach dem \u00d6ffnen an einem trockenen, k\u00fchlen und dunklen Ort und verbrauchen Sie sie innerhalb von 30 Tagen, um maximale Frische und Wirksamkeit zu erhalten.<\/p>\n<p><strong>Verfallsdatum:<\/strong> Mindestens 12 Monate ab Herstellungsdatum.<\/p>\n<p>W\u00e4hlen Sie <strong>Hanfkapseln Green Out\u00ae Green Caps + Extra Hybrid Terpene<\/strong>, wenn Sie nat\u00fcrliche, wirksame und bequeme Cannabispr\u00e4parate sch\u00e4tzen, die Ihr Wohlbefinden und Ihre Gesundheit jeden Tag unterst\u00fctzen!<\/p>","protected":false},"excerpt":{"rendered":"<p>CBD Green Out Green Caps sind das hochwertigste Hanf\u00f6l in einer praktischen Kapselform. Jede Portion liefert bis zu 1.000 mg Phytosubstanzen und nat\u00fcrliche Cannabinoide und Terpene, die eine wirksame Unterst\u00fctzung f\u00fcr Entspannung und Wohlbefinden bieten.<\/p>\n<p>Das Produkt enth\u00e4lt das gesamte Spektrum an Wirkstoffen, darunter CBDA, CBDV, CBN, CBC, CBG, CBGA und einzigartige Hybrid-Terpene, die die synergistische Wirkung verst\u00e4rken. Ideal f\u00fcr alle, die nat\u00fcrliche L\u00f6sungen und eine bequeme Dosierung sch\u00e4tzen - nur eine Kapsel pro Tag.<\/p>\n<p>Bestellen Sie jetzt und profitieren Sie von einer schnellen Lieferung! Green Out Green Caps ist die perfekte Wahl zur Unterst\u00fctzung des t\u00e4glichen Gleichgewichts und Komforts, speziell entwickelt f\u00fcr anspruchsvolle Anwender.<\/p>","protected":false},"featured_media":4735,"comment_status":"open","ping_status":"closed","template":"","meta":{"_acf_changed":false,"_gspb_post_css":""},"product_brand":[93],"product_cat":[95],"product_tag":[],"woo-feed-brand":[],"class_list":{"0":"post-7300","1":"product","2":"type-product","3":"status-publish","4":"has-post-thumbnail","6":"product_brand-dutch-therapy","7":"product_cat-green-out","9":"first","10":"instock","11":"sale","12":"purchasable","13":"product-type-simple"},"ct_brands":[{"id":93,"name":"Holl\u00e4ndische Therapie","slug":"hollandische-therapie"}],"acf":[],"_links":{"self":[{"href":"https:\/\/ubucha.pl\/de\/wp-json\/wp\/v2\/product\/7300","targetHints":{"allow":["GET"]}}],"collection":[{"href":"https:\/\/ubucha.pl\/de\/wp-json\/wp\/v2\/product"}],"about":[{"href":"https:\/\/ubucha.pl\/de\/wp-json\/wp\/v2\/types\/product"}],"replies":[{"embeddable":true,"href":"https:\/\/ubucha.pl\/de\/wp-json\/wp\/v2\/comments?post=7300"}],"wp:featuredmedia":[{"embeddable":true,"href":"https:\/\/ubucha.pl\/de\/wp-json\/wp\/v2\/media\/4735"}],"wp:attachment":[{"href":"https:\/\/ubucha.pl\/de\/wp-json\/wp\/v2\/media?parent=7300"}],"wp:term":[{"taxonomy":"product_brand","embeddable":true,"href":"https:\/\/ubucha.pl\/de\/wp-json\/wp\/v2\/product_brand?post=7300"},{"taxonomy":"product_cat","embeddable":true,"href":"https:\/\/ubucha.pl\/de\/wp-json\/wp\/v2\/product_cat?post=7300"},{"taxonomy":"product_tag","embeddable":true,"href":"https:\/\/ubucha.pl\/de\/wp-json\/wp\/v2\/product_tag?post=7300"},{"taxonomy":"woo-feed-brand","embeddable":true,"href":"https:\/\/ubucha.pl\/de\/wp-json\/wp\/v2\/woo-feed-brand?post=7300"}],"curies":[{"name":"wp","href":"https:\/\/api.w.org\/{rel}","templated":true}]}}