{"id":7298,"date":"2025-09-26T13:58:38","date_gmt":"2025-09-26T11:58:38","guid":{"rendered":"https:\/\/ubucha.pl\/zelki-konopne-green-out-cali-jellies-hawaiian-haze\/"},"modified":"2026-03-02T09:18:06","modified_gmt":"2026-03-02T08:18:06","slug":"green-out-cali-jellys-hawaiian-haze-hanf-jellys","status":"publish","type":"product","link":"https:\/\/ubucha.pl\/de\/zelki-konopne-green-out-cali-jellies-hawaiian-haze\/","title":{"rendered":"Green Out\u00ae Cali Gelees, Hawaiian Haze"},"content":{"rendered":"<h2 class=\"wp-block-heading\">Green Out\u00ae Cali Jellies, Hawaiian Haze Terpene<\/h2>\r\n\r\n\r\n\r\n<p>Das Green Out Cali\u2122-Sortiment, zu dem auch die Cali Jellies geh\u00f6ren, ist eine einzigartige Serie von Green Out-Produkten, die sich durch die Verwendung echter Terpene aus speziellen Cannabissorten aus aller Welt auszeichnet. Das Wichtigste dabei ist, dass die verwendeten Terpene extrahiert werden\u00a0<strong>direkt<\/strong>\u00a0aus echtem Cannabis u.a. in Kalifornien, Marokko oder Libanon gewonnen und in Form eines v\u00f6llig legalen Terpenextrakts nach Polen transportiert. Zurzeit ist Green Out\u00ae Cali Series das einzige Produkt in Polen und Europa, bei dem der Terpenextrakt in dieser Form und mit solchen Parametern und dieser Qualit\u00e4t verwendet wird.<\/p>\r\n\r\n\r\n\r\n<p>Hawaiian Haze ist eine Sativa-Sorte mit typischen Sativa-Effekten. Sie ist eine Mischung aus Hawaiian und Haze. Der blumige Duft und der tropische Fruchtgeschmack von Hawaiian Haze lassen dich vielleicht von einem Urlaub auf einer tropischen Insel tr\u00e4umen.<\/p>\r\n\r\n\r\n\r\n<p>Green Out\u00ae Gele sind unser hochwertigstes Cannabis\u00f6l in einer \u00e4u\u00dferst schmackhaften und bequem zu konsumierenden Form! Eine Packung unserer fruchtigen Gele ist ein Minimum von 25 t\u00e4glichen Portionen, die jeweils 10 mg Phytosubstanzen und eine Vielzahl von anderen nat\u00fcrlichen Phytocannabinoiden, Flavonoiden und Terpenen enthalten. Es ist 100% nat\u00fcrlich, legal und das einzige Produkt mit derartigen Synergieeffekten. Die Einnahme von Hanf\u00f6l tr\u00e4gt zu einem Zustand der Entspannung und der Linderung von bestehenden Beschwerden bei. Hergestellt aus unserem Hanf\u00f6l h\u00f6chster Qualit\u00e4t.<\/p>\r\n\r\n\r\n\r\n<p>Die empfohlene Tagesdosis betr\u00e4gt 6 Gramm (ca. 2 Gele). 1 Portion enth\u00e4lt 10 mg Phytosubstanzen und nat\u00fcrliche Phytocannabinoide, Flavonoide und Terpene aus Hanfsamen. Die Packung enth\u00e4lt 25 Portionen.<\/p>\r\n\r\n\r\n\r\n<p><strong>Art der Anwendung:<\/strong>\u00a0Verzehren Sie ein Gelee vor oder w\u00e4hrend einer Mahlzeit. \u00dcberschreiten Sie die t\u00e4gliche Portion nicht. Nach dem \u00d6ffnen an einem trockenen Ort aufbewahren und innerhalb von maximal 30 Tagen verbrauchen. Das Produkt darf nicht als Ersatz f\u00fcr eine abwechslungsreiche Ern\u00e4hrung verwendet werden. Eine abwechslungsreiche Ern\u00e4hrung und eine gesunde Lebensweise werden empfohlen. An einem trockenen und dunklen Ort aufbewahren.<\/p>\r\n\r\n\r\n\r\n<p><strong>Die Anzahl der Gele pro Packung betr\u00e4gt mindestens 50. Das Gewicht jeder Packung betr\u00e4gt 140 Gramm.<\/strong><\/p>\r\n\r\n\r\n\r\n<p><strong>ANMERKUNGEN:<\/strong>\u00a0Das Produkt ist f\u00fcr Erwachsene bestimmt.<br \/>Haltbarkeitsdatum: mindestens 12 Monate<\/p>\r\n\r\n\r\n\r\n<p><strong>Zutaten:<\/strong>\u00a0Zucker, Glukosesirup, Verdickungsmittel (Gelatine), Hanf\u00f6l, Terpene, S\u00e4ureregulator (Zitronens\u00e4ure), Aromen, Farbstoffe (Brillantblau, Karmin, Kurkumin), Kaliumsorbat.\u00a0<strong>N\u00e4hrwert pro 100 g:<\/strong>\u00a0Energiewert: 805 kJ\/311 kcal Fett: 11,5 g davon ges\u00e4ttigte Fetts\u00e4uren: 8,2 g Kohlenhydrate: 69,5 g, davon Zucker: 55,5 g Eiwei\u00df: 1,8 g Salz: 0,2 g<\/p>","protected":false},"excerpt":{"rendered":"<p>Cali Series\u2122 ist eine einzigartige Serie von Green Out-Produkten, die sich durch die Verwendung echter Terpene aus speziellen Cannabissorten aus aller Welt auszeichnet. Die verwendeten Terpene werden extrahiert\u00a0<strong>direkt<\/strong>\u00a0Green Out\u00ae Cali Jellies, Hawaiian Haze, werden aus echtem Cannabis unter anderem in Kalifornien, Marokko und dem Libanon hergestellt und sind unser hochwertigstes Hanf\u00f6l in einer unglaublich leckeren und praktischen Form! Eine Packung unserer fruchtigen Gelees enth\u00e4lt 25 Tagesportionen.\u00a0<strong>10 mg<\/strong>\u00a0Phytosubstanzen und viele andere nat\u00fcrliche Phytocannabinoide, Flavonoide und Terpene. <em>Das Produkt enth\u00e4lt das gesamte Spektrum der Cannabinoide\u00a0<strong>Spuren<\/strong>\u00a0wie CBDA, CBDV, CBN, THC, THCA, CBC, CBG, CBGA, sowie Terpene und Flavonoide.<\/em> <strong>Menge der Pflanzenstoffe pro Portion: \u00a0<\/strong>10 mg <strong>Anzahl der Portionen:\u00a0<\/strong>25 <strong>Charakter:<\/strong>\u00a0Vollspektrum-\u00d6lgels <strong>Profil der Terpene:<\/strong>\u00a0RCT (Real Cannabis Terpenes): Hawaiian Haze<\/p>","protected":false},"featured_media":51749,"comment_status":"open","ping_status":"closed","template":"","meta":{"_acf_changed":false,"_gspb_post_css":"","rank_math_title":"","rank_math_description":"","rank_math_focus_keyword":"","rank_math_facebook_title":"","rank_math_facebook_description":"","rank_math_twitter_title":"","rank_math_twitter_description":""},"product_brand":[93],"product_cat":[105],"product_tag":[],"woo-feed-brand":[],"class_list":{"0":"post-7298","1":"product","2":"type-product","3":"status-publish","4":"has-post-thumbnail","6":"product_brand-dutch-therapy","7":"product_cat-zelki-green-out","9":"first","10":"outofstock","11":"purchasable","12":"product-type-simple"},"ct_brands":[{"id":93,"name":"Holl\u00e4ndische Therapie","slug":"hollandische-therapie"}],"acf":[],"_links":{"self":[{"href":"https:\/\/ubucha.pl\/de\/wp-json\/wp\/v2\/product\/7298","targetHints":{"allow":["GET"]}}],"collection":[{"href":"https:\/\/ubucha.pl\/de\/wp-json\/wp\/v2\/product"}],"about":[{"href":"https:\/\/ubucha.pl\/de\/wp-json\/wp\/v2\/types\/product"}],"replies":[{"embeddable":true,"href":"https:\/\/ubucha.pl\/de\/wp-json\/wp\/v2\/comments?post=7298"}],"wp:featuredmedia":[{"embeddable":true,"href":"https:\/\/ubucha.pl\/de\/wp-json\/wp\/v2\/media\/51749"}],"wp:attachment":[{"href":"https:\/\/ubucha.pl\/de\/wp-json\/wp\/v2\/media?parent=7298"}],"wp:term":[{"taxonomy":"product_brand","embeddable":true,"href":"https:\/\/ubucha.pl\/de\/wp-json\/wp\/v2\/product_brand?post=7298"},{"taxonomy":"product_cat","embeddable":true,"href":"https:\/\/ubucha.pl\/de\/wp-json\/wp\/v2\/product_cat?post=7298"},{"taxonomy":"product_tag","embeddable":true,"href":"https:\/\/ubucha.pl\/de\/wp-json\/wp\/v2\/product_tag?post=7298"},{"taxonomy":"woo-feed-brand","embeddable":true,"href":"https:\/\/ubucha.pl\/de\/wp-json\/wp\/v2\/woo-feed-brand?post=7298"}],"curies":[{"name":"wp","href":"https:\/\/api.w.org\/{rel}","templated":true}]}}