{"id":7292,"date":"2025-09-26T13:58:38","date_gmt":"2025-09-26T11:58:38","guid":{"rendered":"https:\/\/ubucha.pl\/cannova-natural-cbg-oil-1000-mg-10-10ml\/"},"modified":"2026-04-22T12:11:36","modified_gmt":"2026-04-22T10:11:36","slug":"cannova-naturliches-cbg-ol-1000-mg-10-10ml","status":"publish","type":"product","link":"https:\/\/ubucha.pl\/de\/cannova-natural-cbg-oil-1000-mg-10-10ml\/","title":{"rendered":"CANNOVA Nat\u00fcrliches CBG-\u00d6l 1000 mg - 10% - 10ml"},"content":{"rendered":"<h1 class=\"wp-block-heading\">CANNOVA Natural CBG \u00d6l 10% Hanf\u00f6l Medium 10ml<\/h1>\n\n\n\n<p>Cannovas nat\u00fcrliches CBG 10%-\u00d6l aus Breitspektrum-Hanfsamen. Es hat ein Cannabinoidprofil, das dem der Pflanze am \u00e4hnlichsten ist - es enth\u00e4lt also eine hohe N\u00e4hrstoffdichte, hat eine starke Wirkung und wird besser absorbiert. CBG 10% Hanf\u00f6l ist eine konzentrierte Quelle von Vitaminen, Mineralien, Aminos\u00e4uren, essentiellen Fetts\u00e4uren, Ballaststoffen, Pflanzen- und Kr\u00e4uterextrakten und Phyton\u00e4hrstoffen. Die dunklere Farbe und die dickere Konsistenz des Cannova-\u00d6ls weisen auf einen h\u00f6heren Gehalt an sekund\u00e4ren Pflanzenstoffen, Terpenen und Flavonoiden hin. Die hohe Produktqualit\u00e4t wird durch alle Phasen des Prozesses bestimmt - Auswahl hochwertiger Sorten, kontrollierter, zertifizierter Anbau, Extraktion und Verpackung.<\/p>\n\n\n\n<p><strong>Das CBG-\u00d6l 10% von Cannova stammt von Polens einziger Hanfplantage, die von der Europ\u00e4ischen Arzneimittelagentur GACP zertifiziert wurde.&nbsp;<\/strong><\/p>\n\n\n\n<h2 class=\"wp-block-heading\">Hanf CBG \u00d6l 10% Medium Cannova - Eigenschaften:<\/h2>\n\n\n\n<ul class=\"wp-block-list\">\n<li>Hanf\u00f6l stammt nur aus zertifiziertem (HACCP, GACP, GlobalGAP) Hanfpflanzenanbau<\/li>\n\n\n\n<li>Es wurde einer Alkohol-Kryoextraktion unterzogen, die eine m\u00f6glichst vollst\u00e4ndige Erfassung der im Pflanzenmaterial enthaltenen wasserl\u00f6slichen und wasserunl\u00f6slichen Cannabinoide gew\u00e4hrleistet<\/li>\n\n\n\n<li>Sie enthalten kein Tetrahydrocannabinol (THC), was bedeutet, dass sie keine psychoaktive Wirkung haben<\/li>\n\n\n\n<li>Sie enthalten weder CBD\/CBG-Isolate noch k\u00fcnstliche Farb- oder Konservierungsstoffe.<\/li>\n\n\n\n<li>Es enth\u00e4lt fast alle in Cannabis vorkommenden Verbindungen, darunter Cannabinoide, Flavonoide und Terpene.<\/li>\n\n\n\n<li>Enth\u00e4lt eine hohe Dichte an N\u00e4hrstoffen, die eine starke Wirkung haben und besser absorbiert werden<\/li>\n\n\n\n<li>Es enth\u00e4lt das gesamte Spektrum an Cannabinoiden wie CBDA, CBDV, CBN, CBC, CBG, CBGA.<\/li>\n<\/ul>\n\n\n\n<h2 class=\"wp-block-heading\">CBG 10% Cannova-Hanf\u00f6l-Erg\u00e4nzung - Aktion:<\/h2>\n\n\n\n<ul class=\"wp-block-list\">\n<li>verbessert die Stimmung,<\/li>\n\n\n\n<li>erh\u00f6ht die Immunit\u00e4t<\/li>\n\n\n\n<li>tr\u00e4gt zur Schmerzlinderung bei<\/li>\n\n\n\n<li>verbessert den Tagesrhythmus, indem es u. a. die Schlafqualit\u00e4t verbessert,<\/li>\n\n\n\n<li>im \u00d6l enthaltene Wirkstoffe\u00a0<strong>die Konzentration verbessern<\/strong>\u00a0i\u00a0<strong>das Ged\u00e4chtnis verbessern<\/strong>,<\/li>\n\n\n\n<li>bietet Unterst\u00fctzung bei Hautproblemen<\/li>\n\n\n\n<li>hat eine entz\u00fcndungshemmende Wirkung<\/li>\n\n\n\n<li>reduziert das Risiko von Herz-Kreislauf-Erkrankungen und verbessert das Lipidprofil<\/li>\n<\/ul>\n\n\n\n<h2 class=\"wp-block-heading\">Hanf\u00f6l hilft, die Symptome vieler Beschwerden und Erkrankungen zu lindern, z. B:<\/h2>\n\n\n\n<p>Epilepsie, Asthma, Allergien, posttraumatischer Stress, Diabetes, Appetitst\u00f6rungen, Alzheimer und Parkinson, Aggressionsattacken, psychische Erkrankungen, Autoimmunerkrankungen, Multiple Sklerose, \u00dcbelkeit und Erbrechen, Konzentrationsst\u00f6rungen, Schlaflosigkeit, St\u00f6rungen des Bewegungsapparats.<\/p>\n\n\n\n<h2 class=\"wp-block-heading\">Hanfsamen\u00f6l ist eine F\u00fclle von Inhaltsstoffen:<\/h2>\n\n\n\n<p>enth\u00e4lt Omega-3- und Omega-6-Vitamine: A, C, E, K und die der B-Gruppe. Au\u00dferdem: Mineralien: Magnesium, Kalzium, Zink, Schwefel, Kalium, Eisen, Antioxidantien, Aminos\u00e4uren, Phytosterole sowie Stoffe mit entz\u00fcndungshemmenden, antioxidativen und regenerativen Eigenschaften.<\/p>\n\n\n\n<h2 class=\"wp-block-heading\">Warum CBG Oil 10% Medium Cannova Hanf\u00f6l w\u00e4hlen?<\/h2>\n\n\n\n<p><strong>Es ist ein Produkt<\/strong>&nbsp;<strong>Zertifiziert, sicher und von hoher Qualit\u00e4t, nach BIO-Standard angebaut, zertifiziert:<\/strong><\/p>\n\n\n\n<ul class=\"wp-block-list\">\n<li><strong>Global\u00a0<\/strong><strong>GAP -\u00a0<\/strong>ein freiwilliges System zur Gew\u00e4hrleistung der Lebensmittelsicherheit in der landwirtschaftlichen Prim\u00e4rproduktion, herausgegeben von SGS Polska Sp. z o.o. - deckt die gesamte Produktionskette ab - von der Aussaat oder dem Einpflanzen der Pflanzen in den Boden \u00fcber den Anbau und die Ernte bis hin zum Umgang mit dem Endprodukt - einschlie\u00dflich Lagerung, Verpackung und Aufmachung zur Gew\u00e4hrleistung der Lebensmittelsicherheit. Die Norm zielt darauf ab, die Risiken der Vermarktung kontaminierter Lebensmittel zu minimieren und die Gesundheit der Verbraucher zu sch\u00fctzen.<\/li>\n\n\n\n<li><strong>HACCP.\u00a0<\/strong>Gef\u00e4hrdungsanalyse und System kritischer Kontrollpunkte<strong>,\u00a0<\/strong>ausgestellt von SGS Polska Sp. z o.o. - Die Garantie, dass die von Hemp Plant gelieferten Hanfprodukte in<br>Der gesamte Produktions- und Vertriebsprozess wird genau \u00fcberwacht, um Gefahren f\u00fcr die Lebensmittelsicherheit und das Risiko ihres Auftretens auszuschlie\u00dfen.<br>seiner gesundheitlichen Qualit\u00e4t.<\/li>\n\n\n\n<li><strong>GACP -\u00a0<\/strong>Gute Anbau- und Erntepraxis (GACP), entwickelt von der Europ\u00e4ischen Arzneimittel-Agentur - Eine Garantie daf\u00fcr, dass Hanfpflanzen nach den h\u00f6chsten Sicherheits- und Qualit\u00e4tsstandards angebaut werden, indem Praktiken f\u00fcr den landwirtschaftlichen Teil der pflanzlichen Heilpflanze angewandt werden. Die GACP ist Teil des pharmazeutischen Qualit\u00e4tssystems (PQS) oder der guten Herstellungspraxis (GMP).<\/li>\n<\/ul>\n\n\n\n<p>Diese Zertifizierungen bedeuten, dass die Produkte frei von Schwermetallen, Pestiziden und anderen chemischen Substanzen sind, die in Blumen von anderen EU-Lieferanten enthalten sein k\u00f6nnen.<br><strong>Au\u00dferdem handelt es sich um ein polnisches Produkt, das in Polen auf einer Hanfplantage angebaut wird, die einen medizinischen Standard und somit einen stabilen Gehalt an Cannabinoiden aufweist.&nbsp;<\/strong>Jedes Gew\u00e4chshaus hat einen eigenen Hausmeister, der die Qualit\u00e4t und Sicherheit des gesamten Anbauprozesses gew\u00e4hrleistet (1 Hausmeister pro 5.000 Pflanzen).<\/p>\n\n\n\n<h2 class=\"wp-block-heading\">Zutaten:<\/h2>\n\n\n\n<p>Hanfsamen\u00f6l mit nat\u00fcrlich vorkommenden Phyton\u00e4hrstoffen.<\/p>\n\n\n\n<h2 class=\"wp-block-heading\">Wie zu verwenden:<\/h2>\n\n\n\n<p>Es wird empfohlen, 3 Mal t\u00e4glich 4 Tropfen CBG 10% \u00d6l einzunehmen - morgens, nachmittags und abends. \u00dcberschreiten Sie nicht die empfohlene Menge pro Tag.<\/p>\n\n\n\n<p><strong>Hanf CBG-\u00d6l 10% Medium 1000mg<\/strong><\/p>\n\n\n\n<p><strong>1 Tropfen enth\u00e4lt 3,34 mg CBG<\/strong><\/p>","protected":false},"excerpt":{"rendered":"<p>CBG Hanf\u00f6l 10% ist ein Nahrungserg\u00e4nzungsmittel, das das gesamte Spektrum der Cannabinoide enth\u00e4lt. Es enth\u00e4lt eine hohe N\u00e4hrstoffdichte, zeigt starke Wirkungen und wird besser absorbiert.<\/p>","protected":false},"featured_media":4723,"comment_status":"open","ping_status":"open","template":"","meta":{"_acf_changed":false,"_gspb_post_css":"","rank_math_title":"","rank_math_description":"","rank_math_focus_keyword":"","rank_math_facebook_title":"","rank_math_facebook_description":"","rank_math_twitter_title":"","rank_math_twitter_description":""},"product_brand":[497],"product_cat":[126],"product_tag":[],"woo-feed-brand":[],"class_list":{"0":"post-7292","1":"product","2":"type-product","3":"status-publish","4":"has-post-thumbnail","6":"product_brand-cannova","7":"product_cat-olejki","9":"first","10":"instock","11":"purchasable","12":"product-type-simple"},"ct_brands":[{"id":497,"name":"Cannova","slug":"cannova"}],"acf":[],"_links":{"self":[{"href":"https:\/\/ubucha.pl\/de\/wp-json\/wp\/v2\/product\/7292","targetHints":{"allow":["GET"]}}],"collection":[{"href":"https:\/\/ubucha.pl\/de\/wp-json\/wp\/v2\/product"}],"about":[{"href":"https:\/\/ubucha.pl\/de\/wp-json\/wp\/v2\/types\/product"}],"replies":[{"embeddable":true,"href":"https:\/\/ubucha.pl\/de\/wp-json\/wp\/v2\/comments?post=7292"}],"wp:featuredmedia":[{"embeddable":true,"href":"https:\/\/ubucha.pl\/de\/wp-json\/wp\/v2\/media\/4723"}],"wp:attachment":[{"href":"https:\/\/ubucha.pl\/de\/wp-json\/wp\/v2\/media?parent=7292"}],"wp:term":[{"taxonomy":"product_brand","embeddable":true,"href":"https:\/\/ubucha.pl\/de\/wp-json\/wp\/v2\/product_brand?post=7292"},{"taxonomy":"product_cat","embeddable":true,"href":"https:\/\/ubucha.pl\/de\/wp-json\/wp\/v2\/product_cat?post=7292"},{"taxonomy":"product_tag","embeddable":true,"href":"https:\/\/ubucha.pl\/de\/wp-json\/wp\/v2\/product_tag?post=7292"},{"taxonomy":"woo-feed-brand","embeddable":true,"href":"https:\/\/ubucha.pl\/de\/wp-json\/wp\/v2\/woo-feed-brand?post=7292"}],"curies":[{"name":"wp","href":"https:\/\/api.w.org\/{rel}","templated":true}]}}