{"id":7222,"date":"2025-09-26T13:58:20","date_gmt":"2025-09-26T11:58:20","guid":{"rendered":"https:\/\/ubucha.pl\/best-buds-zushi-metalowa-tacka-do-skrecania-mala-14x18cm\/"},"modified":"2025-10-21T13:28:12","modified_gmt":"2025-10-21T11:28:12","slug":"best-buds-zushi-metall-drehbrett-klein-14-x-18-cm","status":"publish","type":"product","link":"https:\/\/ubucha.pl\/de\/best-buds-zushi-metalowa-tacka-do-skrecania-mala-14x18cm\/","title":{"rendered":"Best Buds Zushi Metall Twist Tablett klein 14x18cm"},"content":{"rendered":"<p>Das gro\u00dfe Metalltablett bietet viel Platz zum Drehen und ist sehr praktisch.<\/p>\n<p>Das breite Format bietet eine stabile Basis, die verhindert, dass getrocknete Lebensmittel auf dem Boden versch\u00fcttet werden, und ist dennoch handlich genug, um \u00fcberallhin mitgenommen zu werden. Die polierte Stahloberfl\u00e4che ist leicht zu reinigen und sorgt f\u00fcr Ordnung, w\u00e4hrend Sie arbeiten.<\/p>\n<p>Das Metalltablett hat eine besonders glatte Oberfl\u00e4che und erh\u00f6hte, gew\u00f6lbte R\u00e4nder, die ein Versch\u00fctten von Trockenfutter verhindern.<\/p>","protected":false},"excerpt":{"rendered":"<p>Das Best Buds Rolling Tray besteht aus hochwertigem Aluminium und wurde mit Blick auf Langlebigkeit entwickelt.<\/p>","protected":false},"featured_media":4618,"comment_status":"open","ping_status":"open","template":"","meta":{"_acf_changed":false,"_gspb_post_css":""},"product_brand":[],"product_cat":[140],"product_tag":[],"woo-feed-brand":[],"class_list":{"0":"post-7222","1":"product","2":"type-product","3":"status-publish","4":"has-post-thumbnail","6":"product_cat-tacki","8":"first","9":"outofstock","10":"sale","11":"purchasable","12":"product-type-simple"},"ct_brands":[],"acf":[],"_links":{"self":[{"href":"https:\/\/ubucha.pl\/de\/wp-json\/wp\/v2\/product\/7222","targetHints":{"allow":["GET"]}}],"collection":[{"href":"https:\/\/ubucha.pl\/de\/wp-json\/wp\/v2\/product"}],"about":[{"href":"https:\/\/ubucha.pl\/de\/wp-json\/wp\/v2\/types\/product"}],"replies":[{"embeddable":true,"href":"https:\/\/ubucha.pl\/de\/wp-json\/wp\/v2\/comments?post=7222"}],"wp:featuredmedia":[{"embeddable":true,"href":"https:\/\/ubucha.pl\/de\/wp-json\/wp\/v2\/media\/4618"}],"wp:attachment":[{"href":"https:\/\/ubucha.pl\/de\/wp-json\/wp\/v2\/media?parent=7222"}],"wp:term":[{"taxonomy":"product_brand","embeddable":true,"href":"https:\/\/ubucha.pl\/de\/wp-json\/wp\/v2\/product_brand?post=7222"},{"taxonomy":"product_cat","embeddable":true,"href":"https:\/\/ubucha.pl\/de\/wp-json\/wp\/v2\/product_cat?post=7222"},{"taxonomy":"product_tag","embeddable":true,"href":"https:\/\/ubucha.pl\/de\/wp-json\/wp\/v2\/product_tag?post=7222"},{"taxonomy":"woo-feed-brand","embeddable":true,"href":"https:\/\/ubucha.pl\/de\/wp-json\/wp\/v2\/woo-feed-brand?post=7222"}],"curies":[{"name":"wp","href":"https:\/\/api.w.org\/{rel}","templated":true}]}}