{"id":7198,"date":"2025-09-26T13:58:04","date_gmt":"2025-09-26T11:58:04","guid":{"rendered":"https:\/\/ubucha.pl\/zapalniczka-zarowa-prof-wiatroodporna-niebieski-plomien-meksykanskie-czaszki\/"},"modified":"2026-03-17T08:35:41","modified_gmt":"2026-03-17T07:35:41","slug":"feuerzeug-prof-winddicht-blaue-flamme-mexikanische-totenkopfe","status":"publish","type":"product","link":"https:\/\/ubucha.pl\/de\/zapalniczka-zarowa-prof-wiatroodporna-niebieski-plomien-meksykanskie-czaszki\/","title":{"rendered":"Feuerzeuge Prof Windproof Blaue Flamme - Mexikanische Totenk\u00f6pfe"},"content":{"rendered":"<p>Prof Mexican Skulls Windproof Feuerzeuge mit blauer Flamme haben viele einzigartige Eigenschaften. Wo soll man anfangen? Der erste ist das einzigartige Design. Prof Mexican Skulls Feuerzeuge sind kreativ und modisch gestaltet, bieten eine Vielzahl von Stilen und Verpackungen, was bedeutet, eine gro\u00dfe Auswahl f\u00fcr Sie.<\/p>\n<p>Dank ihrer schnellen und sparsamen Z\u00fcndung z\u00fcnden diese Produkte sofort. Au\u00dferdem verf\u00fcgen sie \u00fcber eine spezielle Funktion, die verhindert, dass nach dem Anz\u00fcnden Restgas aus dem Gasrohr austritt, was Gasverschwendung verhindert und eine lange Nutzungsdauer gew\u00e4hrleistet.<\/p>\n<p>Feuerzeuge mit hohem Sicherheitsstandard<\/p>\n<p>Die Prof Mexican Skulls Feuerzeuge wurden sorgf\u00e4ltig aus den hochwertigsten Materialien hergestellt, um maximale Sicherheit und Benutzerzufriedenheit zu gew\u00e4hrleisten. Sie werden mit reinem Isobutan betrieben, das sauberer und sicherer brennt als das regul\u00e4re Butan, das in anderen Standardfeuerzeugen enthalten ist.<\/p>\n<p>Kaufen Sie Prof Mexican Skulls Windproof Feuerzeuge mit blauer Flamme noch heute und genie\u00dfen Sie \ud83d\ude42<\/p>","protected":false},"excerpt":{"rendered":"<p>Diese Feuerzeuge sind mit einem einzigartigen Jet-Flame-Mechanismus ausgestattet und erzeugen eine blaue Flamme von bis zu 1500\u00b0F. Diese Flamme ist bei allen Wetterbedingungen und in jedem Winkel stabil. Au\u00dferdem erzeugen sie w\u00e4hrend des Gebrauchs weder Rauch noch Geruch und eignen sich daher sowohl f\u00fcr den Innen- als auch f\u00fcr den Au\u00dfeneinsatz.<\/p>","protected":false},"featured_media":4579,"comment_status":"open","ping_status":"open","template":"","meta":{"_acf_changed":false,"_gspb_post_css":"","rank_math_title":"","rank_math_description":"","rank_math_focus_keyword":"","rank_math_facebook_title":"","rank_math_facebook_description":"","rank_math_twitter_title":"","rank_math_twitter_description":""},"product_brand":[],"product_cat":[136],"product_tag":[],"woo-feed-brand":[],"class_list":{"0":"post-7198","1":"product","2":"type-product","3":"status-publish","4":"has-post-thumbnail","6":"product_cat-akcesoria","8":"first","9":"outofstock","10":"purchasable","11":"product-type-simple"},"ct_brands":[],"acf":[],"_links":{"self":[{"href":"https:\/\/ubucha.pl\/de\/wp-json\/wp\/v2\/product\/7198","targetHints":{"allow":["GET"]}}],"collection":[{"href":"https:\/\/ubucha.pl\/de\/wp-json\/wp\/v2\/product"}],"about":[{"href":"https:\/\/ubucha.pl\/de\/wp-json\/wp\/v2\/types\/product"}],"replies":[{"embeddable":true,"href":"https:\/\/ubucha.pl\/de\/wp-json\/wp\/v2\/comments?post=7198"}],"wp:featuredmedia":[{"embeddable":true,"href":"https:\/\/ubucha.pl\/de\/wp-json\/wp\/v2\/media\/4579"}],"wp:attachment":[{"href":"https:\/\/ubucha.pl\/de\/wp-json\/wp\/v2\/media?parent=7198"}],"wp:term":[{"taxonomy":"product_brand","embeddable":true,"href":"https:\/\/ubucha.pl\/de\/wp-json\/wp\/v2\/product_brand?post=7198"},{"taxonomy":"product_cat","embeddable":true,"href":"https:\/\/ubucha.pl\/de\/wp-json\/wp\/v2\/product_cat?post=7198"},{"taxonomy":"product_tag","embeddable":true,"href":"https:\/\/ubucha.pl\/de\/wp-json\/wp\/v2\/product_tag?post=7198"},{"taxonomy":"woo-feed-brand","embeddable":true,"href":"https:\/\/ubucha.pl\/de\/wp-json\/wp\/v2\/woo-feed-brand?post=7198"}],"curies":[{"name":"wp","href":"https:\/\/api.w.org\/{rel}","templated":true}]}}