{"id":7196,"date":"2025-09-26T13:58:04","date_gmt":"2025-09-26T11:58:04","guid":{"rendered":"https:\/\/ubucha.pl\/owijki-konopne-kingpin-hemp-wrap-laid-back\/"},"modified":"2026-04-22T08:38:20","modified_gmt":"2026-04-22T06:38:20","slug":"konigszapfen-hanf-wickeln-laid-back","status":"publish","type":"product","link":"https:\/\/ubucha.pl\/de\/owijki-konopne-kingpin-hemp-wrap-laid-back\/","title":{"rendered":"Kingpin Hanf Wrap Laid Back"},"content":{"rendered":"<p>Kingpin Hemp Wraps Laid Back sind Blunts, die das Gef\u00fchl vermitteln, einen traditionellen Tabak-Blunt zu rauchen. Der einzige Unterschied zwischen einem echten Tabak-Blunt und Kingpin Blunts ist, dass sie mit 100% Hanf hergestellt werden. Kingpin Hemp Wraps Laid Back haben einen echten Hanfgeschmack und sind zu 4 St\u00fcck in einer leicht zu verschlie\u00dfenden Packung verpackt. Verschlie\u00dfen Sie die Packung immer gut, damit die Wraps nicht austrocknen!<\/p>","protected":false},"excerpt":{"rendered":"<p>Kingpin Hemp Wraps Laid Back sind Blunts, die das Gef\u00fchl vermitteln, einen traditionellen Tabak-Blunt zu rauchen. Der einzige Unterschied zwischen einem echten Tabak-Blunt und Kingpin Blunts ist, dass sie mit 100% Hanf hergestellt werden. Kingpin Hemp Wraps Laid Back haben einen echten Hanfgeschmack und sind zu 4 St\u00fcck in einer leicht zu verschlie\u00dfenden Packung verpackt. Verschlie\u00dfen Sie die Packung immer gut, damit die Wraps nicht austrocknen!<\/p>","protected":false},"featured_media":4576,"comment_status":"open","ping_status":"open","template":"","meta":{"_acf_changed":false,"_gspb_post_css":""},"product_brand":[],"product_cat":[141],"product_tag":[],"woo-feed-brand":[],"class_list":{"0":"post-7196","1":"product","2":"type-product","3":"status-publish","4":"has-post-thumbnail","6":"product_cat-bibulki","8":"first","9":"outofstock","10":"purchasable","11":"product-type-simple"},"ct_brands":[],"acf":[],"_links":{"self":[{"href":"https:\/\/ubucha.pl\/de\/wp-json\/wp\/v2\/product\/7196","targetHints":{"allow":["GET"]}}],"collection":[{"href":"https:\/\/ubucha.pl\/de\/wp-json\/wp\/v2\/product"}],"about":[{"href":"https:\/\/ubucha.pl\/de\/wp-json\/wp\/v2\/types\/product"}],"replies":[{"embeddable":true,"href":"https:\/\/ubucha.pl\/de\/wp-json\/wp\/v2\/comments?post=7196"}],"wp:featuredmedia":[{"embeddable":true,"href":"https:\/\/ubucha.pl\/de\/wp-json\/wp\/v2\/media\/4576"}],"wp:attachment":[{"href":"https:\/\/ubucha.pl\/de\/wp-json\/wp\/v2\/media?parent=7196"}],"wp:term":[{"taxonomy":"product_brand","embeddable":true,"href":"https:\/\/ubucha.pl\/de\/wp-json\/wp\/v2\/product_brand?post=7196"},{"taxonomy":"product_cat","embeddable":true,"href":"https:\/\/ubucha.pl\/de\/wp-json\/wp\/v2\/product_cat?post=7196"},{"taxonomy":"product_tag","embeddable":true,"href":"https:\/\/ubucha.pl\/de\/wp-json\/wp\/v2\/product_tag?post=7196"},{"taxonomy":"woo-feed-brand","embeddable":true,"href":"https:\/\/ubucha.pl\/de\/wp-json\/wp\/v2\/woo-feed-brand?post=7196"}],"curies":[{"name":"wp","href":"https:\/\/api.w.org\/{rel}","templated":true}]}}