{"id":7164,"date":"2025-09-26T13:57:48","date_gmt":"2025-09-26T11:57:48","guid":{"rendered":"https:\/\/ubucha.pl\/best-buds-lemon-haze-przenosna-tacka-do-skrecania\/"},"modified":"2026-03-17T08:36:00","modified_gmt":"2026-03-17T07:36:00","slug":"beste-knospen-zitrone-dunst-tragbare-drehteller","status":"publish","type":"product","link":"https:\/\/ubucha.pl\/de\/best-buds-lemon-haze-przenosna-tacka-do-skrecania\/","title":{"rendered":"Beste Knospen Zitrone Haze Portable Twist Tablett"},"content":{"rendered":"<p>Ein leichtes, handliches Etui f\u00fcr Raucherzubeh\u00f6r. Die W-Pocket bietet nicht nur Platz f\u00fcr alles, was Sie f\u00fcr die Zubereitung von Joints und Zigaretten ben\u00f6tigen, sondern verwandelt sich auch in eine Rollfl\u00e4che f\u00fcr Zigaretten oder Joints, wenn der Rei\u00dfverschluss vollst\u00e4ndig ge\u00f6ffnet ist. Das Innere ist wasserdicht.<\/p>","protected":false},"excerpt":{"rendered":"<p>Ein praktischer Taschenbeutel zur Aufbewahrung von Tabak oder kleinem Zubeh\u00f6r. Nach dem \u00d6ffnen des Rei\u00dfverschlusses kann er flach aufgefaltet und zur Zubereitung von Zigaretten verwendet werden.<\/p>","protected":false},"featured_media":4516,"comment_status":"open","ping_status":"open","template":"","meta":{"_acf_changed":false,"_gspb_post_css":"","rank_math_title":"","rank_math_description":"","rank_math_focus_keyword":"","rank_math_facebook_title":"","rank_math_facebook_description":"","rank_math_twitter_title":"","rank_math_twitter_description":""},"product_brand":[],"product_cat":[140],"product_tag":[],"woo-feed-brand":[],"class_list":{"0":"post-7164","1":"product","2":"type-product","3":"status-publish","4":"has-post-thumbnail","6":"product_cat-tacki","8":"first","9":"outofstock","10":"sale","11":"purchasable","12":"product-type-simple"},"ct_brands":[],"acf":[],"_links":{"self":[{"href":"https:\/\/ubucha.pl\/de\/wp-json\/wp\/v2\/product\/7164","targetHints":{"allow":["GET"]}}],"collection":[{"href":"https:\/\/ubucha.pl\/de\/wp-json\/wp\/v2\/product"}],"about":[{"href":"https:\/\/ubucha.pl\/de\/wp-json\/wp\/v2\/types\/product"}],"replies":[{"embeddable":true,"href":"https:\/\/ubucha.pl\/de\/wp-json\/wp\/v2\/comments?post=7164"}],"wp:featuredmedia":[{"embeddable":true,"href":"https:\/\/ubucha.pl\/de\/wp-json\/wp\/v2\/media\/4516"}],"wp:attachment":[{"href":"https:\/\/ubucha.pl\/de\/wp-json\/wp\/v2\/media?parent=7164"}],"wp:term":[{"taxonomy":"product_brand","embeddable":true,"href":"https:\/\/ubucha.pl\/de\/wp-json\/wp\/v2\/product_brand?post=7164"},{"taxonomy":"product_cat","embeddable":true,"href":"https:\/\/ubucha.pl\/de\/wp-json\/wp\/v2\/product_cat?post=7164"},{"taxonomy":"product_tag","embeddable":true,"href":"https:\/\/ubucha.pl\/de\/wp-json\/wp\/v2\/product_tag?post=7164"},{"taxonomy":"woo-feed-brand","embeddable":true,"href":"https:\/\/ubucha.pl\/de\/wp-json\/wp\/v2\/woo-feed-brand?post=7164"}],"curies":[{"name":"wp","href":"https:\/\/api.w.org\/{rel}","templated":true}]}}