{"id":7150,"date":"2025-09-26T13:57:48","date_gmt":"2025-09-26T11:57:48","guid":{"rendered":"https:\/\/ubucha.pl\/shot-konopny-the-green-out-sweet-peach-dutch-therapy\/"},"modified":"2026-04-21T13:00:26","modified_gmt":"2026-04-21T11:00:26","slug":"hanf-schuss-das-grun-aus-susen-pfirsich-hollandische-therapie","status":"publish","type":"product","link":"https:\/\/ubucha.pl\/de\/shot-konopny-the-green-out-sweet-peach-dutch-therapy\/","title":{"rendered":"Hanf-Shot von The Green Out\u00ae, S\u00fc\u00dfer Pfirsich Dutch Therapy"},"content":{"rendered":"<h2>Der Green Out\u00ae Sweet Peach Hanfshot - die Essenz der nat\u00fcrlichen Entspannung<\/h2>\n<p>Erkunden Sie <strong>The Green Out\u00ae S\u00fc\u00dfer Pfirsich<\/strong> - Der raffinierteste Hanfshot im Sortiment von Dutch Therapy, der in Polen und Europa zur Nr. 1 geworden ist! Es handelt sich um ein einzigartiges, nat\u00fcrliches Hanf-Supplement mit einem intensiven, fruchtig-s\u00fc\u00dfen Pfirsichgeschmack, das eine F\u00fclle von Phytocannabinoiden und ein einzigartiges Terpenprofil kombiniert, um eine schnelle und breite Wirkung zu garantieren.<\/p>\n<p>Warum gerade dieser Hanfshot? Weil es nicht nur klassische Cannabinoide enth\u00e4lt, sondern auch wertvolle Spurenstoffe wie CBG und CBN, die zusammen eine synergetische Formel zur Unterst\u00fctzung der t\u00e4glichen Entspannung, des Wohlbefindens und der Linderung einer Vielzahl von Beschwerden bilden. Das Produkt ist 100% nat\u00fcrlich und v\u00f6llig legal, auf der Grundlage von Hanf\u00f6l h\u00f6chster Qualit\u00e4t, was seine Wirksamkeit und Sicherheit der Anwendung best\u00e4tigt.<\/p>\n<h3>Hauptmerkmale von The Green Out\u00ae Sweet Peach<\/h3>\n<table style=\"border-collapse: collapse;width: 100%;max-width: 600px\" border=\"1\" cellspacing=\"0\" cellpadding=\"8\">\n<thead>\n<tr style=\"background-color: #f2f2f2\">\n<th>Merkmal<\/th>\n<th>Beschreibung<\/th>\n<\/tr>\n<\/thead>\n<tbody>\n<tr>\n<td>Typ<\/td>\n<td>Sativa \/ Hybrid<\/td>\n<\/tr>\n<tr>\n<td>Gehalt an Phytostoffen pro Portion<\/td>\n<td>8 mg<\/td>\n<\/tr>\n<tr>\n<td>Anzahl der Portionen pro Packung<\/td>\n<td>40<\/td>\n<\/tr>\n<tr>\n<td>Gesamtgehalt an Phytosubstanzen<\/td>\n<td>300 mg<\/td>\n<\/tr>\n<tr>\n<td>Kapazit\u00e4t<\/td>\n<td>100 ml<\/td>\n<\/tr>\n<tr>\n<td>Geschmack<\/td>\n<td>Nat\u00fcrlicher, s\u00fc\u00dfer Pfirsichgeschmack ohne Bitterkeit<\/td>\n<\/tr>\n<tr>\n<td>Anmeldung<\/td>\n<td>T\u00e4gliche Pr\u00e4vention und Unterst\u00fctzung des Wohlbefindens<\/td>\n<\/tr>\n<\/tbody>\n<\/table>\n<h3>Eine reichhaltige Zusammensetzung - die nat\u00fcrliche Kraft des Hanfs<\/h3>\n<p>Das Produkt Green Out\u00ae Sweet Peach enth\u00e4lt nicht nur CBD-Cannabinoide, sondern auch wertvolle niedrige Konzentrationen von CBG und CBN, die zusammen das gesamte Spektrum der Hanf-Phytosubstanzen bilden. Au\u00dferdem finden sich in der Rezeptur nat\u00fcrliche Flavonoide und Terpene, die f\u00fcr das charakteristische Aroma verantwortlich sind und die positiven Effekte des Supplements verst\u00e4rken.<\/p>\n<p>Mit einem so komplexen und ausgewogenen Inhaltsstoffprofil unterst\u00fctzt jeder Schuss die Gesundheit und hilft bei der t\u00e4glichen Entspannung, dem Abbau von Spannungen, der Linderung kleinerer Beschwerden und der Unterst\u00fctzung des Gleichgewichts des K\u00f6rpers.<\/p>\n<h3>Wie verwendet man The Green Out\u00ae Sweet Peach?<\/h3>\n<p>Es ist ganz einfach! Wir empfehlen die Einnahme einer Portion (10 ml) pro Tag - Sie k\u00f6nnen es allein oder zu Ihrer Lieblingsmahlzeit trinken. Das Produkt wirkt schnell - Sie werden die ersten Effekte in etwa 30 Minuten sp\u00fcren und ihr volles Spektrum h\u00e4lt f\u00fcr mehrere Stunden an und bietet Komfort und Entspannung f\u00fcr eine lange Zeit.<\/p>\n<p>Machen Sie sich Sorgen \u00fcber Bitterkeit oder einen k\u00fcnstlichen Geschmack? Green Out\u00ae Sweet Peach hat einen milden, nat\u00fcrlichen, s\u00fc\u00dfen Pfirsichgeschmack, der Sie sicher ansprechen wird und den t\u00e4glichen Gebrauch angenehmer macht.<\/p>\n<h3>Nutzerbewertungen - was sagen zufriedene Kunden?<\/h3>\n<ul>\n<li><em>\u201eEin Geschmack der Kindheit, ich liebe Pfirsiche!\u201d<\/em> - junger wi\u015bniewski<\/li>\n<li><em>\u201eDie Aktion ist gro\u00dfartig und der Geschmack ist wirklich gut\u201d.\u201d<\/em> - Ryszardteszanski<\/li>\n<li><em>\u201eNach einer halben Stunde Einnahme konnte ich bereits die Wirkung sp\u00fcren, die mehrere Stunden anhielt. Ein Produkt, das definitiv jeden Cent wert ist!\u201d<\/em> - mrdrzewno<\/li>\n<li><em>\u201eDas Produkt hilft bei Krankheiten, verschafft Erleichterung und hebt die Stimmung, ohne sich langweilig zu f\u00fchlen.\u201d<\/em> - Tony 1492<\/li>\n<\/ul>\n<h3>Zus\u00e4tzliche Informationen und Anleitungen<\/h3>\n<p><strong>Lagerung:<\/strong> Wir empfehlen, den Hanfshot an einem k\u00fchlen, trockenen Ort und vor direkter Sonneneinstrahlung gesch\u00fctzt aufzubewahren, um die maximale Frische und Wirkungsf\u00fclle zu erhalten.<\/p>\n<p><strong>Sicherheit:<\/strong> Green Out\u00ae Sweet Peach ist ein legales und sicheres Produkt, das jedoch nicht f\u00fcr Personen unter 18 Jahren, schwangere oder stillende Frauen geeignet ist. Das Produkt enth\u00e4lt nicht die psychoaktive Substanz THC, was es zu einer sicheren Erg\u00e4nzung f\u00fcr jeden macht, der nat\u00fcrliche Hilfe sucht.<\/p>\n<p><strong>Anwendungsbeispiele:<\/strong> Ideal f\u00fcr alle, die eine t\u00e4gliche Unterst\u00fctzung im Kampf gegen Stress suchen, die ihre Schlafqualit\u00e4t verbessern wollen oder sich einfach um ihr geistiges und k\u00f6rperliches Gleichgewicht mit nat\u00fcrlichen Hanfsubstanzen k\u00fcmmern wollen.<\/p>\n<p>Zusammengefasst, <strong>Hanf Shot The Green Out\u00ae S\u00fc\u00dfer Pfirsich<\/strong> ist ein Produkt, das Wirksamkeit, Nat\u00fcrlichkeit und au\u00dfergew\u00f6hnlichen Geschmack vereint und Ihnen eine t\u00e4gliche Dosis an Entspannung und Gesundheitsf\u00f6rderung bietet. Es wird Sie sp\u00fcren lassen, wie gut die Natur wirken kann - schnell, effektiv und ohne Kompromisse.<\/p>","protected":false},"excerpt":{"rendered":"<p>Entdecken Sie The Green Out\u00ae Sweet Peach - ein Cannabis-Shot mit einem einzigartigen, fruchtigen Pfirsichgeschmack, der f\u00fcr tiefe Entspannung und Linderung von Alltagsbeschwerden sorgt. Die mit nat\u00fcrlichen Phytocannabinoiden (CBG, CBN), Flavonoiden und einem ausgewogenen Terpenprofil angereicherte Formel garantiert eine schnelle und breite Wirkung.<\/p>\n<p>Dieses 100% nat\u00fcrliche, legale Nahrungserg\u00e4nzungsmittel ist eine echte Synergie von Inhaltsstoffen, die Ihr Wohlbefinden unterst\u00fctzt und Ihnen hilft, die Harmonie von K\u00f6rper und Geist zu erreichen. Ideal f\u00fcr die t\u00e4gliche Pr\u00e4vention - keine Bitterkeit, nat\u00fcrlicher Geschmack.<\/p>","protected":false},"featured_media":4492,"comment_status":"open","ping_status":"closed","template":"","meta":{"_acf_changed":false,"_gspb_post_css":""},"product_brand":[93],"product_cat":[95],"product_tag":[],"woo-feed-brand":[],"class_list":{"0":"post-7150","1":"product","2":"type-product","3":"status-publish","4":"has-post-thumbnail","6":"product_brand-dutch-therapy","7":"product_cat-green-out","9":"first","10":"instock","11":"sale","12":"purchasable","13":"product-type-simple"},"ct_brands":[{"id":93,"name":"Holl\u00e4ndische Therapie","slug":"hollandische-therapie"}],"acf":[],"_links":{"self":[{"href":"https:\/\/ubucha.pl\/de\/wp-json\/wp\/v2\/product\/7150","targetHints":{"allow":["GET"]}}],"collection":[{"href":"https:\/\/ubucha.pl\/de\/wp-json\/wp\/v2\/product"}],"about":[{"href":"https:\/\/ubucha.pl\/de\/wp-json\/wp\/v2\/types\/product"}],"replies":[{"embeddable":true,"href":"https:\/\/ubucha.pl\/de\/wp-json\/wp\/v2\/comments?post=7150"}],"wp:featuredmedia":[{"embeddable":true,"href":"https:\/\/ubucha.pl\/de\/wp-json\/wp\/v2\/media\/4492"}],"wp:attachment":[{"href":"https:\/\/ubucha.pl\/de\/wp-json\/wp\/v2\/media?parent=7150"}],"wp:term":[{"taxonomy":"product_brand","embeddable":true,"href":"https:\/\/ubucha.pl\/de\/wp-json\/wp\/v2\/product_brand?post=7150"},{"taxonomy":"product_cat","embeddable":true,"href":"https:\/\/ubucha.pl\/de\/wp-json\/wp\/v2\/product_cat?post=7150"},{"taxonomy":"product_tag","embeddable":true,"href":"https:\/\/ubucha.pl\/de\/wp-json\/wp\/v2\/product_tag?post=7150"},{"taxonomy":"woo-feed-brand","embeddable":true,"href":"https:\/\/ubucha.pl\/de\/wp-json\/wp\/v2\/woo-feed-brand?post=7150"}],"curies":[{"name":"wp","href":"https:\/\/api.w.org\/{rel}","templated":true}]}}