{"id":7148,"date":"2025-09-26T13:57:48","date_gmt":"2025-09-26T11:57:48","guid":{"rendered":"https:\/\/ubucha.pl\/szal-mial-cbd-cbg-10g-babcia-marysia-mix-trym\/"},"modified":"2026-03-09T21:46:00","modified_gmt":"2026-03-09T20:46:00","slug":"schal-mial-cbd-cbg-10g-granny-marys-mix-trim","status":"publish","type":"product","link":"https:\/\/ubucha.pl\/de\/szal-mial-cbd-cbg-10g-babcia-marysia-mix-trym\/","title":{"rendered":"HAPPY CBD + CBG 10G Granny Marysia MIX Trim"},"content":{"rendered":"<h2>Frenzy Mix CBD\/CBG - faserige Hanfbl\u00fcten 10 g Granny Marysia<\/h2>\n<p>Entdecken Sie die nat\u00fcrliche Kraft des Hanfs mit dem Produkt <strong>Frenzy Mix CBD\/CBG<\/strong> Von dem renommierten polnischen Hersteller Babcia Marysia. Es handelt sich um eine einzigartige, zerkleinerte, getrocknete Faserhanfbl\u00fcte, die einen hohen Gehalt an den Cannabinoiden CBD und CBG kombiniert und so eine umfassende Unterst\u00fctzung f\u00fcr Ihren K\u00f6rper bietet. Warum sollten Sie zu dieser Mischung greifen? Das haben wir bereits erkl\u00e4rt!<\/p>\n<h3>Was macht den CBD\/CBG-Mix-Wahn aus?<\/h3>\n<p>Das Produkt stammt aus zertifiziertem polnischem Anbau, der nach den h\u00f6chsten Qualit\u00e4tsstandards durchgef\u00fchrt wird - es erf\u00fcllt die Standards von <em>Globale GAP, HACCP<\/em> und <em>GACP<\/em>. Es ist eine Garantie daf\u00fcr, dass jedes Gramm des getrockneten Produkts sorgf\u00e4ltig geerntet und von Hand getrocknet wurde, um die vollen nat\u00fcrlichen Eigenschaften der Pflanze zu erhalten.<\/p>\n<p>Frenzy Mix Mild ist 100% legal getrocknet, mit Verbrauchssteuerzeichen versehen und enth\u00e4lt weniger als 0,3% THC, was die Sicherheit und die Einhaltung der geltenden Gesetzgebung garantiert. Der CBD- und CBG-Gehalt erreicht bis zu 10% und bietet eine ausgewogene Wirkung - sowohl entspannend als auch anregend.<\/p>\n<h3>Warum sollte man sich f\u00fcr Granny Mary's D\u00fcrre entscheiden?<\/h3>\n<ul>\n<li><strong>Nat\u00fcrliche Beruhigung und Stressabbau:<\/strong> CBD im Trockenen hilft, die Nerven zu beruhigen, die Stimmung zu verbessern und die Konzentration zu steigern.<\/li>\n<li><strong>Verbesserung der Schlafqualit\u00e4t:<\/strong> Dank seiner beruhigenden Eigenschaften erleichtert CBD das Einschlafen und unterst\u00fctzt die Erholung des K\u00f6rpers w\u00e4hrend der Nachtruhe.<\/li>\n<li><strong>F\u00f6rderung von Gesundheit und Vitalit\u00e4t:<\/strong> CBG ist bekannt f\u00fcr seine entz\u00fcndungshemmende Wirkung und die Unterst\u00fctzung der kognitiven F\u00e4higkeiten, was diese Mischung zu einer idealen Wahl f\u00fcr alle macht, die ein Gleichgewicht zwischen Entspannung und Energie suchen.<\/li>\n<li><strong>Polnische Produktion:<\/strong> Sie unterst\u00fctzen lokale Landwirte und profitieren von einem in Polen angebauten Spitzenprodukt.<\/li>\n<\/ul>\n<h3>Produktspezifikationen<\/h3>\n<table style=\"border-collapse: collapse; width: 100%; max-width: 600px;\" border=\"1\" cellspacing=\"0\" cellpadding=\"8\">\n<thead>\n<tr style=\"background-color: #f2f2f2;\">\n<th>Merkmal<\/th>\n<th>Beschreibung<\/th>\n<\/tr>\n<\/thead>\n<tbody>\n<tr>\n<td>Produkt<\/td>\n<td>Zerkleinerte faserige Hanfbl\u00fcten<\/td>\n<\/tr>\n<tr>\n<td>Gehalt an Cannabinoiden<\/td>\n<td>CBD\/CBG bis 10%<\/td>\n<\/tr>\n<tr>\n<td>THC-Gehalt<\/td>\n<td>Weniger als 0,3%<\/td>\n<\/tr>\n<tr>\n<td>Gewicht der Packung<\/td>\n<td>10 g<\/td>\n<\/tr>\n<tr>\n<td>Hersteller<\/td>\n<td>Oma Marysia (Hanfpflanze)<\/td>\n<\/tr>\n<tr>\n<td>Rechtm\u00e4\u00dfigkeit<\/td>\n<td>Produkt in 100% legal, mit Verbrauchssteuer<\/td>\n<\/tr>\n<\/tbody>\n<\/table>\n<h3>Zusammensetzung des Produkts<\/h3>\n<p>Das Dry ist eine Mischung aus naturbelassenen Faserhanfbl\u00fcten, die eine F\u00fclle nat\u00fcrlicher Cannabinoide - vor allem CBD und CBG - sowie wertvolle Terpene enth\u00e4lt, die f\u00fcr das charakteristische Aroma und weitere therapeutische Eigenschaften verantwortlich sind. Sie werden keine Zusatzstoffe oder k\u00fcnstliche Substanzen in der Zusammensetzung finden - es handelt sich um reines, handverlesenes Trockengut aus biologischem Anbau.<\/p>\n<h3>Wie kann man den CBD\/CBG-Wahn nutzen?<\/h3>\n<p>Dieses getrocknete Cannabis ist in erster Linie zum Rauchen oder Verdampfen bestimmt. Geben Sie einfach eine geeignete Menge des getrockneten Cannabis in einen Verdampfer oder eine traditionelle Pfeife, um sein nat\u00fcrliches Aroma und seine wohltuende Wirkung zu genie\u00dfen.<\/p>\n<p><strong>Anwendungshinweise:<\/strong><\/p>\n<ul>\n<li>Zum Verdampfen: Zerkleinern Sie die trockenen Pflanzen, f\u00fcllen Sie die Kammer des Verdampfers und erhitzen Sie sie auf 160-180\u00b0C, um eine optimale Extraktion von CBD und CBG zu erreichen.<\/li>\n<li>Zum Rauchen: Verwenden Sie einen Blotter oder eine Pfeife, wobei Sie aus Gr\u00fcnden des Komforts und der Sicherheit m\u00e4\u00dfig dosieren sollten.<\/li>\n<\/ul>\n<h3>Sicherheit und Lagerung<\/h3>\n<p>Das Produkt entspricht den Produktsicherheitsvorschriften der Europ\u00e4ischen Union. Es wird nur f\u00fcr die Verwendung durch Erwachsene (18+) empfohlen. Nicht w\u00e4hrend der Schwangerschaft und Stillzeit verwenden. Vermeiden Sie den Kontakt mit Augen und Schleimh\u00e4uten. Bei Reizungen die Anwendung einstellen und einen Arzt aufsuchen.<\/p>\n<p><strong>Lagerung:<\/strong> Lagern Sie den Trockner in der dicht verschlossenen Originalverpackung an einem trockenen und k\u00fchlen Ort, gesch\u00fctzt vor Sonnenlicht und W\u00e4rmequellen. Au\u00dferhalb der Reichweite von Kindern und Tieren aufbewahren.<\/p>\n<h3>Nutzerbewertungen<\/h3>\n<p>Die Kunden sch\u00e4tzen vor allem die nat\u00fcrliche Herkunft des getrockneten Produkts und seine vielseitige Wirkung. Nach regelm\u00e4\u00dfiger Einnahme von Frenzy Mix CBD\/CBG stellen die Nutzer eine Verbesserung der Schlafqualit\u00e4t, Stressabbau und erh\u00f6hte Konzentration fest. Sie betonen auch oft das unverwechselbare, angenehme Aroma und die Bequemlichkeit der Verwendung in einem Verdampfer.<\/p>\n<h3>Zus\u00e4tzliche Informationen und Beispiele f\u00fcr die Verwendung<\/h3>\n<p>Hanf Frenzy Mix CBD\/CBG ist eine ausgezeichnete Wahl f\u00fcr diejenigen, die nach einer nat\u00fcrlichen M\u00f6glichkeit suchen, sich zu beruhigen und ihre Stimmung zu verbessern. Es eignet sich sowohl f\u00fcr die abendliche Entspannung als auch f\u00fcr den Tag, wenn Sie Unterst\u00fctzung f\u00fcr die Konzentration und den Abbau von Spannungen ben\u00f6tigen.<\/p>\n<p>Sie k\u00f6nnen es auch als Raumaroma oder als Teil einer Sammlung verwenden - das getrocknete Produkt hat ein sch\u00f6nes, nat\u00fcrliches Aussehen und einen intensiven Cannabisduft.<\/p>\n<p>Warten Sie nicht - greifen Sie zu <strong>Frenzy Mix CBD\/CBG faserige Hanfbl\u00fcten 10 g Granny Marysia<\/strong> und erleben Sie die Harmonie und das Wohlbefinden, das die Natur bietet!<\/p>","protected":false},"excerpt":{"rendered":"<p>Frenzy Mix CBD\/CBG ist die hochwertigste, von Hand geerntete Faserhanfbl\u00fcte des polnischen Herstellers Babcia Marysia. Sie enth\u00e4lt bis zu 10% CBD und CBG, mit einem minimalen THC-Gehalt von weniger als 0,3%, was eine v\u00f6llig legale und sichere Nutzung garantiert.<\/p>\n<p>Ein Produkt, das sich ideal zum Rauchen oder Verdampfen eignet und auf nat\u00fcrliche Weise die Entspannung f\u00f6rdert, die Schlafqualit\u00e4t verbessert und die Konzentration steigert. Das getrocknete Produkt stammt aus zertifiziertem polnischen Anbau, der die strengen Qualit\u00e4tsstandards von Global GAP, HACCP und GACP erf\u00fcllt.<\/p>\n<p>Entscheiden Sie sich f\u00fcr den CBD\/CBG Mix Frenzy und genie\u00dfen Sie nat\u00fcrliche Entspannung und verbessertes Wohlbefinden. Bestellen Sie jetzt 10g in einer praktischen Packung und genie\u00dfen Sie die kostenlose Lieferung bei Bestellungen \u00fcber 300\u20ac!<\/p>","protected":false},"featured_media":9633,"comment_status":"open","ping_status":"closed","template":"","meta":{"_acf_changed":false,"_gspb_post_css":"","rank_math_title":"","rank_math_description":"","rank_math_focus_keyword":"","rank_math_facebook_title":"","rank_math_facebook_description":"","rank_math_twitter_title":"","rank_math_twitter_description":""},"product_brand":[129],"product_cat":[110],"product_tag":[],"woo-feed-brand":[],"class_list":{"0":"post-7148","1":"product","2":"type-product","3":"status-publish","4":"has-post-thumbnail","6":"product_brand-babcia-marysia","7":"product_cat-susz","9":"first","10":"outofstock","11":"purchasable","12":"product-type-simple"},"ct_brands":[{"id":129,"name":"Gro\u00dfmutter Marysia","slug":"grosmutter-marysia"}],"acf":[],"_links":{"self":[{"href":"https:\/\/ubucha.pl\/de\/wp-json\/wp\/v2\/product\/7148","targetHints":{"allow":["GET"]}}],"collection":[{"href":"https:\/\/ubucha.pl\/de\/wp-json\/wp\/v2\/product"}],"about":[{"href":"https:\/\/ubucha.pl\/de\/wp-json\/wp\/v2\/types\/product"}],"replies":[{"embeddable":true,"href":"https:\/\/ubucha.pl\/de\/wp-json\/wp\/v2\/comments?post=7148"}],"wp:featuredmedia":[{"embeddable":true,"href":"https:\/\/ubucha.pl\/de\/wp-json\/wp\/v2\/media\/9633"}],"wp:attachment":[{"href":"https:\/\/ubucha.pl\/de\/wp-json\/wp\/v2\/media?parent=7148"}],"wp:term":[{"taxonomy":"product_brand","embeddable":true,"href":"https:\/\/ubucha.pl\/de\/wp-json\/wp\/v2\/product_brand?post=7148"},{"taxonomy":"product_cat","embeddable":true,"href":"https:\/\/ubucha.pl\/de\/wp-json\/wp\/v2\/product_cat?post=7148"},{"taxonomy":"product_tag","embeddable":true,"href":"https:\/\/ubucha.pl\/de\/wp-json\/wp\/v2\/product_tag?post=7148"},{"taxonomy":"woo-feed-brand","embeddable":true,"href":"https:\/\/ubucha.pl\/de\/wp-json\/wp\/v2\/woo-feed-brand?post=7148"}],"curies":[{"name":"wp","href":"https:\/\/api.w.org\/{rel}","templated":true}]}}