{"id":7146,"date":"2025-09-26T13:57:48","date_gmt":"2025-09-26T11:57:48","guid":{"rendered":"https:\/\/ubucha.pl\/szal-mial-cbg-10g-babcia-marysia-mix-trym\/"},"modified":"2026-04-02T15:00:31","modified_gmt":"2026-04-02T13:00:31","slug":"schal-mial-cbg-10g-grandma-marysia-mix-trim","status":"publish","type":"product","link":"https:\/\/ubucha.pl\/de\/szal-mial-cbg-10g-babcia-marysia-mix-trym\/","title":{"rendered":"HAPPY HAD CBG 10G Granny Marysia MIX Trim"},"content":{"rendered":"<h2>Frenzy Mix CBD\/CBG - faserige Hanfbl\u00fcten 10 g Granny Marysia<\/h2>\n<p>Entdecken Sie die nat\u00fcrliche Unterst\u00fctzung f\u00fcr Ihren K\u00f6rper mit zerkleinerten getrockneten <strong>Frenzy Mix CBD\/CBG<\/strong> Von dem renommierten polnischen Hersteller Hemp-Plant - Babcia Marysia. Es handelt sich um eine sorgf\u00e4ltig ausgew\u00e4hlte Mischung von Faserhanfbl\u00fcten, die von Hand gepfl\u00fcckt und getrocknet werden und aus zertifizierten polnischen Kulturen stammen, die den h\u00f6chsten globalen Qualit\u00e4tsstandards entsprechen.<\/p>\n<h3>Warum den CBD\/CBG Mix Frenzy w\u00e4hlen?<\/h3>\n<p>Sind Sie auf der Suche nach einem Produkt, mit dem Sie nat\u00fcrliche Entspannung mit verbesserter Konzentration verbinden k\u00f6nnen? <strong>Frenzy Mix CBD\/CBG&lt;\/strong wurde mit genau diesen Bed\u00fcrfnissen im Hinterkopf entwickelt. Mit einem Cannabinoidgehalt von bis zu 10% an CBD und CBG bietet es die perfekte Balance zwischen Beruhigung und Vitalit\u00e4tssteigerung.<\/strong><\/p>\n<ul>\n<li><strong>Nat\u00fcrliche Beruhigung und Unterst\u00fctzung<\/strong> - CBD hilft beim Stressabbau, verbessert die Stimmung und unterst\u00fctzt die Erholung, w\u00e4hrend CBG entz\u00fcndungshemmend wirkt und die Konzentration f\u00f6rdert.<\/li>\n<li><strong>Sicherheit und Rechtm\u00e4\u00dfigkeit<\/strong> - Das Produkt entspricht den gesetzlichen Anforderungen der EU und enth\u00e4lt weniger als 0,3% THC, was die volle Legalit\u00e4t und Sicherheit des Gebrauchs garantiert.<\/li>\n<li><strong>Polnische zertifizierte Kulturpflanzen<\/strong> - Das getrocknete Produkt stammt aus Kulturen, die den Global GAP-, HACCP- und GACP-Normen unterliegen, was f\u00fcr h\u00f6chste Qualit\u00e4t und Umweltfreundlichkeit spricht.<\/li>\n<li><strong>Unterst\u00fctzung f\u00fcr lokale Erzeuger<\/strong> - Wenn Sie sich f\u00fcr dieses Produkt entscheiden, unterst\u00fctzen Sie den polnischen Markt und den \u00f6kologischen Landbau.<\/li>\n<\/ul>\n<h3>Wichtigste Produktmerkmale<\/h3>\n<table style=\"border-collapse: collapse; width: 100%; max-width: 600px;\" border=\"1\" cellspacing=\"0\" cellpadding=\"8\">\n<thead>\n<tr style=\"background-color: #f0f0f0;\">\n<th>Eigenschaften<\/th>\n<th>Einzelheiten<\/th>\n<\/tr>\n<\/thead>\n<tbody>\n<tr>\n<td>Produkt<\/td>\n<td>Zerkleinerte faserige Hanfbl\u00fcten - CBD\/CBG-Mischung<\/td>\n<\/tr>\n<tr>\n<td>CBD\/CBG-Gehalt<\/td>\n<td>An 10%<\/td>\n<\/tr>\n<tr>\n<td>THC-Gehalt<\/td>\n<td>Nicht mehr als 0,3%<\/td>\n<\/tr>\n<tr>\n<td>Gewicht der Packung<\/td>\n<td>10 Gramm<\/td>\n<\/tr>\n<tr>\n<td>Hersteller<\/td>\n<td>Hanfpflanze - Gro\u00dfmutter Marysia<\/td>\n<\/tr>\n<tr>\n<td>Bescheinigungen<\/td>\n<td>Globale GAP, HACCP, GACP<\/td>\n<\/tr>\n<tr>\n<td>Zweck<\/td>\n<td>Rauchen oder Verdampfen<\/td>\n<\/tr>\n<tr>\n<td>Rechtm\u00e4\u00dfigkeit<\/td>\n<td>Produkt in 100% legal, etikettiert mit Verbrauchssteuerzeichen<\/td>\n<\/tr>\n<\/tbody>\n<\/table>\n<h3>Zusammensetzung des Produkts<\/h3>\n<p><em>Frenzy Mix CBD\/CBG<\/em> ist 100% nat\u00fcrliche, zerkleinerte Faserhanfbl\u00fcten reich an Cannabinoiden und Terpenen, die nat\u00fcrlich in der Pflanze vorkommen. Das Produkt enth\u00e4lt keine k\u00fcnstlichen Zus\u00e4tze oder Chemikalien, so dass es eine ideale Wahl f\u00fcr diejenigen, die nat\u00fcrliche und sichere L\u00f6sungen zu sch\u00e4tzen wissen.<\/p>\n<h3>Wie kann man den CBD\/CBG-Wahn nutzen?<\/h3>\n<p>Das getrocknete Produkt ist zum Rauchen oder Verdampfen bestimmt, so dass die Vorteile der Cannabinoide und Terpene voll zum Tragen kommen. Die Verdampfung ist eine besonders empfehlenswerte Methode, da sie eine sanfte Erhitzung des getrockneten Produkts ohne Verbrennung erm\u00f6glicht, wodurch die Bildung von Schadstoffen minimiert und die aromatische und therapeutische Wirkung verst\u00e4rkt wird.<\/p>\n<p>Alles, was Sie tun m\u00fcssen, ist, die entsprechende Menge getrockneten Dampfes in die Kammer Ihres Verdampfers oder Ihrer traditionellen Bong zu geben und dann auf die empfohlene Temperatur zu erhitzen (in der Regel etwa 160-190\u00b0C). So erhalten Sie einen sauberen, aromatischen Dampf voller nat\u00fcrlicher Inhaltsstoffe. Das Rauchen hingegen sollte in Ma\u00dfen und mit gesundem Menschenverstand erfolgen.<\/p>\n<h3>Zus\u00e4tzliche Sicherheitsinformationen<\/h3>\n<p>Das Produkt entspricht den EU-Vorschriften zur Produktsicherheit. Es wird empfohlen, Folgendes zu verwenden <strong>nur f\u00fcr Erwachsene (18+)<\/strong>. Nicht zum Verzehr bestimmt. In der versiegelten Originalverpackung an einem trockenen und k\u00fchlen Ort, vor Hitze und Sonnenlicht gesch\u00fctzt, aufbewahren. Au\u00dferhalb der Reichweite von Kindern und Tieren aufbewahren. Nicht w\u00e4hrend der Schwangerschaft und Stillzeit verwenden. Ber\u00fchrung mit den Augen und Schleimh\u00e4uten vermeiden.<\/p>\n<p>Beim Auftreten von Reizungen oder anderen unerw\u00fcnschten Wirkungen ist die Anwendung abzubrechen und ein Arzt aufzusuchen.<\/p>\n<h3>Nutzerbewertungen<\/h3>\n<p>Obwohl es noch keine offiziellen Bewertungen f\u00fcr das Produkt gibt, betonen die Kunden h\u00e4ufig die Nat\u00fcrlichkeit und die hohe Qualit\u00e4t von Granny Marys Dryness. Sie sch\u00e4tzen auch die entspannende Wirkung und die positiven Auswirkungen auf Schlaf und Stimmung. Der hohe CBD- und CBG-Gehalt macht Frenzy Mix perfekt sowohl f\u00fcr die t\u00e4gliche Entspannung als auch f\u00fcr Momente, in denen man Konzentrationsunterst\u00fctzung und Ruhe braucht.<\/p>\n<h3>Beispiele f\u00fcr die Verwendung<\/h3>\n<ul>\n<li>Entspannung am Abend nach einem anstrengenden Tag - eine nat\u00fcrliche Unterst\u00fctzung f\u00fcr geistiges und k\u00f6rperliches Wohlbefinden.<\/li>\n<li>Verbesserte Schlafqualit\u00e4t - das in den getrockneten Samen enthaltene CBD erleichtert das Einschlafen und hilft dem K\u00f6rper, sich zu erholen.<\/li>\n<li>Konzentrationsf\u00f6rderung - mit CBG k\u00f6nnen Sie Ihre Produktivit\u00e4t und geistige Klarheit steigern.<\/li>\n<li>Aromatisierung von R\u00e4umen - das getrocknete Produkt kann auch zu Sammelzwecken oder f\u00fcr die Aromatherapie verwendet werden.<\/li>\n<\/ul>\n<h3>Hinweise zur Lagerung und Verwendung<\/h3>\n<p>Um das volle Aroma und die Eigenschaften des getrockneten Produkts zu erhalten, bewahren Sie es in der Originalverpackung oder in einem luftdichten Beh\u00e4lter an einem k\u00fchlen und trockenen Ort auf, gesch\u00fctzt vor Licht und W\u00e4rme. Vermeiden Sie \u00fcberm\u00e4\u00dfige Feuchtigkeit, die Schimmelbildung beg\u00fcnstigen kann. Achten Sie darauf, dass Sie das Produkt vorschriftsm\u00e4\u00dfig verwenden und die Sicherheitsvorkehrungen beachten.<\/p>\n<p><strong>Entscheiden Sie sich f\u00fcr Qualit\u00e4t und Nat\u00fcrlichkeit mit dem CBD\/CBG Frenzy Mix von Granny Mary - w\u00e4hlen Sie einen legalen, sicheren und effektiven Weg, um sich jeden Tag besser zu f\u00fchlen!<\/strong><\/p>","protected":false},"excerpt":{"rendered":"<p>Entdecken Sie die nat\u00fcrliche Kraft von Frenzy Mix CBD\/CBG - zerkleinerte Faserhanfbl\u00fcten des polnischen Herstellers Babcia Marysia. Ein Produkt mit einem CBD- und CBG-Gehalt von bis zu 10%, mit einem legalen THC-Gehalt von weniger als 0,3%, ideal zum Rauchen oder Verdampfen.<\/p>\n<p>Sorgt f\u00fcr Entspannung und Ruhe, verbessert die Schlafqualit\u00e4t und f\u00f6rdert die Konzentration mit nat\u00fcrlichen Cannabinoiden und Terpenen. Das Saatgut stammt aus zertifiziertem polnischen Anbau, der die h\u00f6chsten Qualit\u00e4tsstandards erf\u00fcllt (Global GAP, HACCP, GACP).<\/p>\n<p>W\u00e4hlen Sie ein sicheres, legales Produkt mit diskreter Lieferung und genie\u00dfen Sie die Balance zwischen Entspannung und Vitalit\u00e4t. Bestellen Sie noch heute - die nat\u00fcrliche Unterst\u00fctzung f\u00fcr Ihren K\u00f6rper ist zum Greifen nah!<\/p>","protected":false},"featured_media":9634,"comment_status":"open","ping_status":"closed","template":"","meta":{"_acf_changed":false,"_gspb_post_css":"","rank_math_title":"","rank_math_description":"","rank_math_focus_keyword":"","rank_math_facebook_title":"","rank_math_facebook_description":"","rank_math_twitter_title":"","rank_math_twitter_description":""},"product_brand":[129],"product_cat":[110],"product_tag":[],"woo-feed-brand":[],"class_list":{"0":"post-7146","1":"product","2":"type-product","3":"status-publish","4":"has-post-thumbnail","6":"product_brand-babcia-marysia","7":"product_cat-susz","9":"first","10":"outofstock","11":"purchasable","12":"product-type-simple"},"ct_brands":[{"id":129,"name":"Gro\u00dfmutter Marysia","slug":"grosmutter-marysia"}],"acf":[],"_links":{"self":[{"href":"https:\/\/ubucha.pl\/de\/wp-json\/wp\/v2\/product\/7146","targetHints":{"allow":["GET"]}}],"collection":[{"href":"https:\/\/ubucha.pl\/de\/wp-json\/wp\/v2\/product"}],"about":[{"href":"https:\/\/ubucha.pl\/de\/wp-json\/wp\/v2\/types\/product"}],"replies":[{"embeddable":true,"href":"https:\/\/ubucha.pl\/de\/wp-json\/wp\/v2\/comments?post=7146"}],"wp:featuredmedia":[{"embeddable":true,"href":"https:\/\/ubucha.pl\/de\/wp-json\/wp\/v2\/media\/9634"}],"wp:attachment":[{"href":"https:\/\/ubucha.pl\/de\/wp-json\/wp\/v2\/media?parent=7146"}],"wp:term":[{"taxonomy":"product_brand","embeddable":true,"href":"https:\/\/ubucha.pl\/de\/wp-json\/wp\/v2\/product_brand?post=7146"},{"taxonomy":"product_cat","embeddable":true,"href":"https:\/\/ubucha.pl\/de\/wp-json\/wp\/v2\/product_cat?post=7146"},{"taxonomy":"product_tag","embeddable":true,"href":"https:\/\/ubucha.pl\/de\/wp-json\/wp\/v2\/product_tag?post=7146"},{"taxonomy":"woo-feed-brand","embeddable":true,"href":"https:\/\/ubucha.pl\/de\/wp-json\/wp\/v2\/woo-feed-brand?post=7146"}],"curies":[{"name":"wp","href":"https:\/\/api.w.org\/{rel}","templated":true}]}}